{"id":39556,"date":"2023-03-26T16:51:50","date_gmt":"2023-03-26T15:51:50","guid":{"rendered":"https:\/\/www.orto-bar.com\/?post_type=product&#038;p=39556"},"modified":"2023-04-21T19:45:42","modified_gmt":"2023-04-21T18:45:42","slug":"zadnji-na-spisku","status":"publish","type":"product","link":"https:\/\/www.orto-bar.com\/en\/dogodki\/arhiv\/zadnji-na-spisku\/","title":{"rendered":"Zadnji na spisku"},"content":{"rendered":"<p>&nbsp;<\/p>\n<p><strong>ZADNJI NA SPISKU<\/strong><\/p>\n<p>&nbsp;<\/p>\n<p>Mi\u0161o Drobe\u017e \u2013 kitara, vokal<\/p>\n<p>Miha Friedrich \u2013 bobni, vokal<\/p>\n<p>Matej Tekav\u010di\u010d \u2013 bas, vokal<\/p>\n<p>&nbsp;<\/p>\n<p>Koncert ob izidu prvega albuma zasedbe!<\/p>\n<p>V dobi pandemi\u010dnega dolg\u010dasa trio starih glasbenih znancev \u2013 instrumentalistov stopi pred mikrofone in svoje sleherni\u0161tvo izlije na papir. Nastane gibanica spevnega rocka, ki di\u0161i po glasbi iz njihove mladosti.<\/p>\n<p>Njihov energi\u010den nastop temelji na rock glasbeni tradiciji z mo\u010dno poudarjenimi instrumentalnimi aran\u017emaji in ve\u010dglasnimi vokalnimi napevi. Stremijo k bistvu glasbenega izraza \u2013 pesmi. Njihovo sporo\u010dilo je neposredno, njihova glasbena podaja pa energi\u010dna in namenjena poslu\u0161alcem vseh generacij.<\/p>\n<p>\u010clani skupine imajo za seboj \u017ee 20-letno zgodovino delovanja na slovenski glasbeni sceni. Del avtorskega materiala zasedbe lahko sli\u0161ite na njihovem <a href=\"https:\/\/www.youtube.com\/@zadnjinaspisku\">YouTube kanalu<\/a>. V Ortu prestavljajo nov album s 15 pesmimi.<\/p>\n<p>&nbsp;<\/p>\n<p>Ne mor\u0161 ceu lajf delat isto, pol pa pr\u010dakvat &#8230; SPREMEMBE!<\/p>\n<p>&nbsp;<\/p>\n<p><strong>Vstopnina 5 \u20ac<\/strong><\/p>\n<p>&nbsp;<\/p>","protected":false},"excerpt":{"rendered":"<p>&nbsp; ZADNJI NA SPISKU &nbsp; Mi\u0161o Drobe\u017e \u2013 kitara, vokal Miha Friedrich \u2013 bobni, vokal Matej Tekav\u010di\u010d \u2013 bas, vokal &nbsp; Koncert ob izidu prvega albuma zasedbe! V dobi pandemi\u010dnega dolg\u010dasa trio starih glasbenih znancev \u2013 instrumentalistov stopi pred mikrofone in svoje sleherni\u0161tvo izlije na papir. Nastane gibanica spevnega rocka, ki di\u0161i po glasbi iz [&hellip;]<\/p>","protected":false},"author":11,"featured_media":39557,"template":"","meta":{"_seopress_robots_primary_cat":"none","_seopress_titles_title":"","_seopress_titles_desc":"","_seopress_robots_index":""},"product_brand":[],"product_cat":[230],"product_tag":[222],"class_list":{"0":"post-39556","1":"product","2":"type-product","3":"status-publish","4":"has-post-thumbnail","6":"product_cat-arhiv","7":"product_tag-predprodaja","9":"entry","10":"has-media","12":"first","13":"instock","14":"virtual","15":"taxable","16":"product-type-simple","17":"has-product-nav","18":"col","19":"span_1_of_4","20":"owp-content-center","21":"item-entry","22":"owp-thumbs-layout-horizontal","23":"owp-btn-normal","24":"owp-tabs-layout-section","25":"has-no-thumbnails"},"publishpress_future_action":{"enabled":false,"date":"2026-05-08 21:29:29","action":"change-status","newStatus":"draft","terms":[],"taxonomy":"product_cat","extraData":[]},"publishpress_future_workflow_manual_trigger":{"enabledWorkflows":[]},"_links":{"self":[{"href":"https:\/\/www.orto-bar.com\/en\/wp-json\/wp\/v2\/product\/39556","targetHints":{"allow":["GET"]}}],"collection":[{"href":"https:\/\/www.orto-bar.com\/en\/wp-json\/wp\/v2\/product"}],"about":[{"href":"https:\/\/www.orto-bar.com\/en\/wp-json\/wp\/v2\/types\/product"}],"author":[{"embeddable":true,"href":"https:\/\/www.orto-bar.com\/en\/wp-json\/wp\/v2\/users\/11"}],"version-history":[{"count":0,"href":"https:\/\/www.orto-bar.com\/en\/wp-json\/wp\/v2\/product\/39556\/revisions"}],"wp:featuredmedia":[{"embeddable":true,"href":"https:\/\/www.orto-bar.com\/en\/wp-json\/wp\/v2\/media\/39557"}],"wp:attachment":[{"href":"https:\/\/www.orto-bar.com\/en\/wp-json\/wp\/v2\/media?parent=39556"}],"wp:term":[{"taxonomy":"product_brand","embeddable":true,"href":"https:\/\/www.orto-bar.com\/en\/wp-json\/wp\/v2\/product_brand?post=39556"},{"taxonomy":"product_cat","embeddable":true,"href":"https:\/\/www.orto-bar.com\/en\/wp-json\/wp\/v2\/product_cat?post=39556"},{"taxonomy":"product_tag","embeddable":true,"href":"https:\/\/www.orto-bar.com\/en\/wp-json\/wp\/v2\/product_tag?post=39556"}],"curies":[{"name":"wp","href":"https:\/\/api.w.org\/{rel}","templated":true}]}}