{"id":40769,"date":"2023-04-02T22:39:51","date_gmt":"2023-04-02T21:39:51","guid":{"rendered":"https:\/\/www.orto-bar.com\/?post_type=product&#038;p=40769"},"modified":"2023-04-16T11:38:29","modified_gmt":"2023-04-16T10:38:29","slug":"najvecji-funkydisco-house-dogodek-v-ljubljani","status":"publish","type":"product","link":"https:\/\/www.orto-bar.com\/en\/dogodki\/arhiv\/najvecji-funkydisco-house-dogodek-v-ljubljani\/","title":{"rendered":"Najve\u010dji  FUNKY&#038;DISCO house dogodek v Ljubljani"},"content":{"rendered":"<p>Ljubitelji funky in disco housa &#8211; iz omare potegnite hla\u010de na zvon, na nos nadenite son\u010dna o\u010dala, okoli vratu pa zlat medaljon! Mo\u0161ki, pornstache je obvezen!<\/p>\n<p>V Ljubljano prihaja najve\u010dji funky&amp;disco\u00a0house dogodek, kjer bomo zavrteli na\u0161e zastarele boke v ritmu klasik iz \u010dasa hipijev, dokler nam \u0161vic ne bo tekel po obrazu in bodo nasme\u0161ki do u\u0161es!<\/p>\n<p>Orto bar se bo za eno no\u010d sko\u010dil v \u010dasovni stroj, in nas popeljal na okra\u0161eno disco plesi\u0161\u010de, kjer se bodo dru\u017eili kralji in kraljice plesi\u0161\u010da, in skupaj izumljali inovativne in zanimive plesne gibe &#8211; kdo ve, mogo\u010de se zgodi tudi kak plesni dvoboj!<\/p>\n<p>Glasba hitov iz disco ere, komadi iz 70s in 80s ter proti koncu tudi kaj modernej\u0161ih funky house in groovy house ritmov nam bodo pri\u010darali \u010dudovit, good vibes ve\u010der, ki ga ne gre zamuditi!<\/p>\n<p>KDAJ &#8211; 15.4, Od 20.00 naprej<\/p>\n<p>KJE &#8211; Orto Bar<br \/>\nDRESSCODE: ! Ladies: disco era &#8211; glitters &#8211; 70s Gents: retro suit &#8211; disco godfather !<\/p>\n<p>DJs: Ted Funke, Dioniz, Jerpa, Rocky Rolla<\/p>\n<p>VSTOPNICE: 10 EUR predprodaja, 15 EUR na dan dogodka<\/p>\n<p>&nbsp;<\/p>\n<p>&nbsp;<\/p>\n<p>&nbsp;<\/p>\n<p>&nbsp;<\/p>\n<p>&nbsp;<\/p>","protected":false},"excerpt":{"rendered":"<p>Ljubitelji funky in disco housa &#8211; iz omare potegnite hla\u010de na zvon, na nos nadenite son\u010dna o\u010dala, okoli vratu pa zlat medaljon! Mo\u0161ki, pornstache je obvezen! V Ljubljano prihaja najve\u010dji funky&amp;disco\u00a0house dogodek, kjer bomo zavrteli na\u0161e zastarele boke v ritmu klasik iz \u010dasa hipijev, dokler nam \u0161vic ne bo tekel po obrazu in bodo nasme\u0161ki [&hellip;]<\/p>","protected":false},"author":11,"featured_media":40771,"template":"","meta":{"_seopress_robots_primary_cat":"none","_seopress_titles_title":"","_seopress_titles_desc":"","_seopress_robots_index":""},"product_brand":[],"product_cat":[230],"product_tag":[222],"class_list":{"0":"post-40769","1":"product","2":"type-product","3":"status-publish","4":"has-post-thumbnail","6":"product_cat-arhiv","7":"product_tag-predprodaja","9":"entry","10":"has-media","12":"first","13":"instock","14":"virtual","15":"taxable","16":"product-type-simple","17":"has-product-nav","18":"col","19":"span_1_of_4","20":"owp-content-center","21":"item-entry","22":"owp-thumbs-layout-horizontal","23":"owp-btn-normal","24":"owp-tabs-layout-section","25":"has-no-thumbnails"},"publishpress_future_action":{"enabled":false,"date":"2026-05-08 18:42:08","action":"change-status","newStatus":"draft","terms":[],"taxonomy":"product_cat","extraData":[]},"publishpress_future_workflow_manual_trigger":{"enabledWorkflows":[]},"_links":{"self":[{"href":"https:\/\/www.orto-bar.com\/en\/wp-json\/wp\/v2\/product\/40769","targetHints":{"allow":["GET"]}}],"collection":[{"href":"https:\/\/www.orto-bar.com\/en\/wp-json\/wp\/v2\/product"}],"about":[{"href":"https:\/\/www.orto-bar.com\/en\/wp-json\/wp\/v2\/types\/product"}],"author":[{"embeddable":true,"href":"https:\/\/www.orto-bar.com\/en\/wp-json\/wp\/v2\/users\/11"}],"version-history":[{"count":0,"href":"https:\/\/www.orto-bar.com\/en\/wp-json\/wp\/v2\/product\/40769\/revisions"}],"wp:featuredmedia":[{"embeddable":true,"href":"https:\/\/www.orto-bar.com\/en\/wp-json\/wp\/v2\/media\/40771"}],"wp:attachment":[{"href":"https:\/\/www.orto-bar.com\/en\/wp-json\/wp\/v2\/media?parent=40769"}],"wp:term":[{"taxonomy":"product_brand","embeddable":true,"href":"https:\/\/www.orto-bar.com\/en\/wp-json\/wp\/v2\/product_brand?post=40769"},{"taxonomy":"product_cat","embeddable":true,"href":"https:\/\/www.orto-bar.com\/en\/wp-json\/wp\/v2\/product_cat?post=40769"},{"taxonomy":"product_tag","embeddable":true,"href":"https:\/\/www.orto-bar.com\/en\/wp-json\/wp\/v2\/product_tag?post=40769"}],"curies":[{"name":"wp","href":"https:\/\/api.w.org\/{rel}","templated":true}]}}