{"id":41592,"date":"2023-04-09T13:35:41","date_gmt":"2023-04-09T12:35:41","guid":{"rendered":"https:\/\/www.orto-bar.com\/?post_type=product&#038;p=41592"},"modified":"2023-05-17T21:03:57","modified_gmt":"2023-05-17T20:03:57","slug":"birdland","status":"publish","type":"product","link":"https:\/\/www.orto-bar.com\/en\/dogodki\/arhiv\/birdland\/","title":{"rendered":"Birdland"},"content":{"rendered":"<p><em>&#8220;Basistu prijazna, ekstremno soft rock skupina Birdland prihaja iz Logatca. Sestavlja jo 5 prijateljev, povezanih v nepojasnljivi nuji po igranju, ustvarjanju in u\u017eivanju v glasbi.<\/em><\/p>\n<p><em>Za\u010detki segajo v leto 2019, ko so \u010dlani z igranjem na ljubljanskih ulicah zaslu\u017eili dovolj za nakup osnovne opreme. Od takrat so nase opozorili z nastopi na razli\u010dnih tekmovanjih in festivalih za bende, kot so \u0160pil liga, Vi\u010dstock in \u0160ourock ter z dvema singloma Slovo poletju in Polja sivke.<br \/>\nV januarju je novi singel Lastovka napovedal prvi EP Piloti, ki bo ob izidu v maju podkrepljen s prvim nastopom skupine v legendarnem Orto baru.&#8221;<\/em><\/p>\n<p>&nbsp;<\/p>","protected":false},"excerpt":{"rendered":"<p>&#8220;Basistu prijazna, ekstremno soft rock skupina Birdland prihaja iz Logatca. Sestavlja jo 5 prijateljev, povezanih v nepojasnljivi nuji po igranju, ustvarjanju in u\u017eivanju v glasbi. Za\u010detki segajo v leto 2019, ko so \u010dlani z igranjem na ljubljanskih ulicah zaslu\u017eili dovolj za nakup osnovne opreme. Od takrat so nase opozorili z nastopi na razli\u010dnih tekmovanjih in [&hellip;]<\/p>","protected":false},"author":11,"featured_media":41593,"template":"","meta":{"_seopress_robots_primary_cat":"none","_seopress_titles_title":"","_seopress_titles_desc":"","_seopress_robots_index":""},"product_brand":[],"product_cat":[230],"product_tag":[222],"class_list":{"0":"post-41592","1":"product","2":"type-product","3":"status-publish","4":"has-post-thumbnail","6":"product_cat-arhiv","7":"product_tag-predprodaja","9":"entry","10":"has-media","12":"first","13":"instock","14":"virtual","15":"taxable","16":"product-type-simple","17":"has-product-nav","18":"col","19":"span_1_of_4","20":"owp-content-center","21":"item-entry","22":"owp-thumbs-layout-horizontal","23":"owp-btn-normal","24":"owp-tabs-layout-section","25":"has-no-thumbnails"},"publishpress_future_action":{"enabled":false,"date":"2026-05-08 21:28:45","action":"change-status","newStatus":"draft","terms":[],"taxonomy":"product_cat","extraData":[]},"publishpress_future_workflow_manual_trigger":{"enabledWorkflows":[]},"_links":{"self":[{"href":"https:\/\/www.orto-bar.com\/en\/wp-json\/wp\/v2\/product\/41592","targetHints":{"allow":["GET"]}}],"collection":[{"href":"https:\/\/www.orto-bar.com\/en\/wp-json\/wp\/v2\/product"}],"about":[{"href":"https:\/\/www.orto-bar.com\/en\/wp-json\/wp\/v2\/types\/product"}],"author":[{"embeddable":true,"href":"https:\/\/www.orto-bar.com\/en\/wp-json\/wp\/v2\/users\/11"}],"version-history":[{"count":0,"href":"https:\/\/www.orto-bar.com\/en\/wp-json\/wp\/v2\/product\/41592\/revisions"}],"wp:featuredmedia":[{"embeddable":true,"href":"https:\/\/www.orto-bar.com\/en\/wp-json\/wp\/v2\/media\/41593"}],"wp:attachment":[{"href":"https:\/\/www.orto-bar.com\/en\/wp-json\/wp\/v2\/media?parent=41592"}],"wp:term":[{"taxonomy":"product_brand","embeddable":true,"href":"https:\/\/www.orto-bar.com\/en\/wp-json\/wp\/v2\/product_brand?post=41592"},{"taxonomy":"product_cat","embeddable":true,"href":"https:\/\/www.orto-bar.com\/en\/wp-json\/wp\/v2\/product_cat?post=41592"},{"taxonomy":"product_tag","embeddable":true,"href":"https:\/\/www.orto-bar.com\/en\/wp-json\/wp\/v2\/product_tag?post=41592"}],"curies":[{"name":"wp","href":"https:\/\/api.w.org\/{rel}","templated":true}]}}