{"id":41652,"date":"2023-04-10T12:41:49","date_gmt":"2023-04-10T11:41:49","guid":{"rendered":"https:\/\/www.orto-bar.com\/?post_type=product&#038;p=41652"},"modified":"2023-06-02T12:19:21","modified_gmt":"2023-06-02T11:19:21","slug":"noair","status":"publish","type":"product","link":"https:\/\/www.orto-bar.com\/en\/dogodki\/arhiv\/noair\/","title":{"rendered":"Noair"},"content":{"rendered":"<div class=\"x11i5rnm xat24cr x1mh8g0r x1vvkbs xdj266r\">NOAIR @ Orto bar\u00a0<span class=\"x3nfvp2 x1j61x8r x1fcty0u xdj266r xhhsvwb xat24cr xgzva0m xxymvpz xlup9mm x1kky2od\"><img decoding=\"async\" src=\"https:\/\/static.xx.fbcdn.net\/images\/emoji.php\/v9\/t40\/1\/16\/1f4a5.png\" alt=\"\ud83d\udca5\" width=\"16\" height=\"16\" \/><\/span><span class=\"x3nfvp2 x1j61x8r x1fcty0u xdj266r xhhsvwb xat24cr xgzva0m xxymvpz xlup9mm x1kky2od\"><img decoding=\"async\" src=\"https:\/\/static.xx.fbcdn.net\/images\/emoji.php\/v9\/t8d\/1\/16\/1f984.png\" alt=\"\ud83e\udd84\" width=\"16\" height=\"16\" \/><\/span><span class=\"x3nfvp2 x1j61x8r x1fcty0u xdj266r xhhsvwb xat24cr xgzva0m xxymvpz xlup9mm x1kky2od\"><img decoding=\"async\" src=\"https:\/\/static.xx.fbcdn.net\/images\/emoji.php\/v9\/tc6\/1\/16\/1f680.png\" alt=\"\ud83d\ude80\" width=\"16\" height=\"16\" \/><\/span><br \/>\nPo uspe\u0161ni promociji novega albuma &#8220;Square&#8221; v CMK-ju, Kinu \u0160i\u0161ka ter radijskih valovih se obalna \u010detverica vra\u010da v prestolnico z izbranim repertorajem vseh treh albumov.\u00a0<span class=\"x3nfvp2 x1j61x8r x1fcty0u xdj266r xhhsvwb xat24cr xgzva0m xxymvpz xlup9mm x1kky2od\"><img decoding=\"async\" src=\"https:\/\/static.xx.fbcdn.net\/images\/emoji.php\/v9\/t40\/1\/16\/1f4a5.png\" alt=\"\ud83d\udca5\" width=\"16\" height=\"16\" \/><\/span><\/div>\n<div class=\"x11i5rnm xat24cr x1mh8g0r x1vvkbs xtlvy1s\"><span class=\"x3nfvp2 x1j61x8r x1fcty0u xdj266r xhhsvwb xat24cr xgzva0m xxymvpz xlup9mm x1kky2od\"><img loading=\"lazy\" decoding=\"async\" src=\"https:\/\/static.xx.fbcdn.net\/images\/emoji.php\/v9\/tac\/1\/16\/1f3ab.png\" alt=\"\ud83c\udfab\" width=\"16\" height=\"16\" \/><\/span>\u00a0Vstopnice bodo na voljo od 16. 4. 2023:<br \/>\n&#8211; early bird: 9,90\u20ac (prvih 24 ur!)<br \/>\n&#8211; regular: 12,90\u20ac<\/div>\n<div>Na dan dogodka : 14,90\u20ac<\/div>\n<div><\/div>\n<div class=\"x11i5rnm xat24cr x1mh8g0r x1vvkbs xtlvy1s\">\u00a0Sve\u017ei lanski hiti za leto\u0161nje poletje, ki vas bodo mehko sprejeli:<br \/>\n<span class=\"x3nfvp2 x1j61x8r x1fcty0u xdj266r xhhsvwb xat24cr xgzva0m xxymvpz xlup9mm x1kky2od\"><img loading=\"lazy\" decoding=\"async\" src=\"https:\/\/static.xx.fbcdn.net\/images\/emoji.php\/v9\/t1\/1\/16\/1f3a7.png\" alt=\"\ud83c\udfa7\" width=\"16\" height=\"16\" \/><\/span>\u00a0Rahter:\u00a0<a class=\"x1i10hfl xjbqb8w x6umtig x1b1mbwd xaqea5y xav7gou x9f619 x1ypdohk xt0psk2 xe8uvvx xdj266r x11i5rnm xat24cr x1mh8g0r xexx8yu x4uap5 x18d9i69 xkhd6sd x16tdsg8 x1hl2dhg xggy1nq x1a2a7pz xt0b8zv x1fey0fg\" tabindex=\"0\" role=\"link\" href=\"https:\/\/www.youtube.com\/watch?v=o9oyDSilphM&amp;ab_channel=NOAIR&amp;fbclid=IwAR16i0njsF5H9XO7R2B4sKDzERM1GTS5aHfVoipTWuqiCArp-ova41rG58M\" target=\"_blank\" rel=\"nofollow noopener\">https:\/\/www.youtube.com\/watch?v=o9oyDSilphM&amp;ab_channel=NOAIR<\/a><br \/>\n<span class=\"x3nfvp2 x1j61x8r x1fcty0u xdj266r xhhsvwb xat24cr xgzva0m xxymvpz xlup9mm x1kky2od\"><img loading=\"lazy\" decoding=\"async\" src=\"https:\/\/static.xx.fbcdn.net\/images\/emoji.php\/v9\/t1\/1\/16\/1f3a7.png\" alt=\"\ud83c\udfa7\" width=\"16\" height=\"16\" \/><\/span>\u00a0Love Indifferent:\u00a0<a class=\"x1i10hfl xjbqb8w x6umtig x1b1mbwd xaqea5y xav7gou x9f619 x1ypdohk xt0psk2 xe8uvvx xdj266r x11i5rnm xat24cr x1mh8g0r xexx8yu x4uap5 x18d9i69 xkhd6sd x16tdsg8 x1hl2dhg xggy1nq x1a2a7pz xt0b8zv x1fey0fg\" tabindex=\"0\" role=\"link\" href=\"https:\/\/www.youtube.com\/watch?v=kElufg9bR84&amp;ab_channel=NOAIR&amp;fbclid=IwAR1IhxiuTpwlEhbACJAtM1H1yVjJtBurp7mlY_symptzYUqBUUZu2qMmZtw\" target=\"_blank\" rel=\"nofollow noopener\">https:\/\/www.youtube.com\/watch?v=kElufg9bR84&amp;ab_channel=NOAIR<\/a><\/div>\n<div class=\"x11i5rnm xat24cr x1mh8g0r x1vvkbs xtlvy1s\"><span class=\"x3nfvp2 x1j61x8r x1fcty0u xdj266r xhhsvwb xat24cr xgzva0m xxymvpz xlup9mm x1kky2od\"><img loading=\"lazy\" decoding=\"async\" src=\"https:\/\/static.xx.fbcdn.net\/images\/emoji.php\/v9\/t6c\/1\/16\/2764.png\" alt=\"\u2764\ufe0f\" width=\"16\" height=\"16\" \/><\/span>\u00a0Manj sve\u017ei hit, ki bo za katarzo:<br \/>\n<span class=\"x3nfvp2 x1j61x8r x1fcty0u xdj266r xhhsvwb xat24cr xgzva0m xxymvpz xlup9mm x1kky2od\"><img loading=\"lazy\" decoding=\"async\" src=\"https:\/\/static.xx.fbcdn.net\/images\/emoji.php\/v9\/t1\/1\/16\/1f3a7.png\" alt=\"\ud83c\udfa7\" width=\"16\" height=\"16\" \/><\/span>\u00a0Colours:\u00a0<a class=\"x1i10hfl xjbqb8w x6umtig x1b1mbwd xaqea5y xav7gou x9f619 x1ypdohk xt0psk2 xe8uvvx xdj266r x11i5rnm xat24cr x1mh8g0r xexx8yu x4uap5 x18d9i69 xkhd6sd x16tdsg8 x1hl2dhg xggy1nq x1a2a7pz xt0b8zv x1fey0fg\" tabindex=\"0\" role=\"link\" href=\"https:\/\/www.youtube.com\/watch?v=8_aEsxLRzhI&amp;ab_channel=NOAIR&amp;fbclid=IwAR0fZbosjozm9cLAwL_R0DY5ZyAASSE_0WuiBTqDdk_F_0yg8i2-u2SmJ2s\" target=\"_blank\" rel=\"nofollow noopener\">https:\/\/www.youtube.com\/watch?v=8_aEsxLRzhI&amp;ab_channel=NOAIR<\/a><\/div>\n<div class=\"x11i5rnm xat24cr x1mh8g0r x1vvkbs xtlvy1s\"><span class=\"x3nfvp2 x1j61x8r x1fcty0u xdj266r xhhsvwb xat24cr xgzva0m xxymvpz xlup9mm x1kky2od\"><img loading=\"lazy\" decoding=\"async\" src=\"https:\/\/static.xx.fbcdn.net\/images\/emoji.php\/v9\/t1\/1\/16\/1f3a7.png\" alt=\"\ud83c\udfa7\" width=\"16\" height=\"16\" \/><\/span>\u00a0Stream\u00a0<span class=\"x3nfvp2 x1j61x8r x1fcty0u xdj266r xhhsvwb xat24cr xgzva0m xxymvpz xlup9mm x1kky2od\"><img loading=\"lazy\" decoding=\"async\" src=\"https:\/\/static.xx.fbcdn.net\/images\/emoji.php\/v9\/t1\/1\/16\/1f3a7.png\" alt=\"\ud83c\udfa7\" width=\"16\" height=\"16\" \/><\/span>:\u00a0<a class=\"x1i10hfl xjbqb8w x6umtig x1b1mbwd xaqea5y xav7gou x9f619 x1ypdohk xt0psk2 xe8uvvx xdj266r x11i5rnm xat24cr x1mh8g0r xexx8yu x4uap5 x18d9i69 xkhd6sd x16tdsg8 x1hl2dhg xggy1nq x1a2a7pz xt0b8zv x1fey0fg\" tabindex=\"0\" role=\"link\" href=\"https:\/\/album.link\/noairsquarealbum?fbclid=IwAR2OtrBfVbSUyFpf7btNbE5R_Rpvq_oPpeIIyf7cR2oRp4hbNbHz8miG9ds\" target=\"_blank\" rel=\"nofollow noopener\">https:\/\/album.link\/noairsquarealbum<\/a><br \/>\n<span class=\"x3nfvp2 x1j61x8r x1fcty0u xdj266r xhhsvwb xat24cr xgzva0m xxymvpz xlup9mm x1kky2od\"><img loading=\"lazy\" decoding=\"async\" src=\"https:\/\/static.xx.fbcdn.net\/images\/emoji.php\/v9\/t8e\/1\/16\/2139.png\" alt=\"\u2139\" width=\"16\" height=\"16\" \/><\/span>\u00a0<a class=\"x1i10hfl xjbqb8w x6umtig x1b1mbwd xaqea5y xav7gou x9f619 x1ypdohk xt0psk2 xe8uvvx xdj266r x11i5rnm xat24cr x1mh8g0r xexx8yu x4uap5 x18d9i69 xkhd6sd x16tdsg8 x1hl2dhg xggy1nq x1a2a7pz xt0b8zv x1fey0fg\" tabindex=\"0\" role=\"link\" href=\"https:\/\/l.facebook.com\/l.php?u=https%3A%2F%2Fnoairband.com%2F%3Ffbclid%3DIwAR2OtrBfVbSUyFpf7btNbE5R_Rpvq_oPpeIIyf7cR2oRp4hbNbHz8miG9ds&amp;h=AT1xZCXxkPSigY6zBKLLXh_kW3XaAOMvt6cKww6IBNi4JbziptaHtDHPV_rI9QlbtX1Rq6Hwe0NqNQJgi8GRIu4bV1RwcpI8JEQrLMYB7nINvFoVLy-Fv9FJPFuaOuZkPg&amp;__tn__=q&amp;c[0]=AT3fDdgguWflwpOOYrrTZlw6U4zsj1kT4QrrJv79SIgrDPIvjVn1fM4BwQebZWL20eZQLwMRdXwVjO13DJu7PkTA-CuDNrlalDeaTKjHsVdb0CH4YeTW0PlAIW5AwqVJU4W-tU3vGbzMI9Nd0-ippdMKvN7H\" target=\"_blank\" rel=\"nofollow noopener\">https:\/\/noairband.com\/<\/a><\/div>\n<div class=\"x11i5rnm xat24cr x1mh8g0r x1vvkbs xtlvy1s\">Lepo vabljeni na melanholi\u010dno dancy razpaljotko!\u00a0<span class=\"x3nfvp2 x1j61x8r x1fcty0u xdj266r xhhsvwb xat24cr xgzva0m xxymvpz xlup9mm x1kky2od\"><img decoding=\"async\" src=\"https:\/\/static.xx.fbcdn.net\/images\/emoji.php\/v9\/tc6\/1\/16\/1f680.png\" alt=\"\ud83d\ude80\" width=\"16\" height=\"16\" \/><\/span><br \/>\n&#8212;&#8212;&#8212;&#8212;&#8212;&#8212;&#8212;&#8212;&#8212;&#8212;&#8212;&#8212;&#8212;&#8212;&#8212;&#8212;&#8212;&#8212;-<\/div>\n<div class=\"x11i5rnm xat24cr x1mh8g0r x1vvkbs xtlvy1s\">Zasedba NOAIR \u017ee vrsto let jadra po razli\u010dnih indie vodah in skozi razli\u010dne izku\u0161nje, \u017eanre in projekte krepi svoj glasbeni apetit. Na svoji ustvarjalni poti od alternativnega popa do surovega indie rocka ne izklju\u010duje elektronski vplivov, kon\u010dna \u017eanrska zmes pa svojo estetiko tako gradi na sodobnem zvoku.<br \/>\nPoleg starih uspe\u0161nic Colours ter Holly G. bodo na odru Orto bara zazveneli tudi Rather, Love Indifferent ter Square, ki se iz novega albuma vsakodnevno vrtijo na radijskih postajah. Za tokratni koncert obljubljajo skbrno izbrani repertoar, ki zaokro\u017ei ter v celoto pove\u017ee njihovo ustvarjanje zadnjih skoraj deset let.<br \/>\nSlednjemu ste lahko pri\u010da v petek , 2. 6. 2023 ob 20. uri v ljubljanskem Orto baru.<\/div>\n<div class=\"x11i5rnm xat24cr x1mh8g0r x1vvkbs xtlvy1s\">\u00bbDobili smo rock bend svetovnega kova, ki ne razo\u010dara v nobenem rock klubu, komunikativnost in lepota glasbe pa mu utirata pot tudi v mno\u017ei\u010dne medije.\u00ab<br \/>\n&#8211; Jure Longyka<\/div>","protected":false},"excerpt":{"rendered":"<p>NOAIR @ Orto bar\u00a0 Po uspe\u0161ni promociji novega albuma &#8220;Square&#8221; v CMK-ju, Kinu \u0160i\u0161ka ter radijskih valovih se obalna \u010detverica vra\u010da v prestolnico z izbranim repertorajem vseh treh albumov.\u00a0 \u00a0Vstopnice bodo na voljo od 16. 4. 2023: &#8211; early bird: 9,90\u20ac (prvih 24 ur!) &#8211; regular: 12,90\u20ac Na dan dogodka : 14,90\u20ac \u00a0Sve\u017ei lanski hiti [&hellip;]<\/p>","protected":false},"author":11,"featured_media":41653,"template":"","meta":{"_seopress_robots_primary_cat":"none","_seopress_titles_title":"","_seopress_titles_desc":"","_seopress_robots_index":""},"product_brand":[],"product_cat":[230],"product_tag":[222],"class_list":{"0":"post-41652","1":"product","2":"type-product","3":"status-publish","4":"has-post-thumbnail","6":"product_cat-arhiv","7":"product_tag-predprodaja","9":"entry","10":"has-media","12":"first","13":"instock","14":"virtual","15":"taxable","16":"product-type-simple","17":"has-product-nav","18":"col","19":"span_1_of_4","20":"owp-content-center","21":"item-entry","22":"owp-thumbs-layout-horizontal","23":"owp-btn-normal","24":"owp-tabs-layout-section","25":"has-no-thumbnails"},"publishpress_future_action":{"enabled":false,"date":"2026-05-08 22:32:45","action":"change-status","newStatus":"draft","terms":[],"taxonomy":"product_cat","extraData":[]},"publishpress_future_workflow_manual_trigger":{"enabledWorkflows":[]},"_links":{"self":[{"href":"https:\/\/www.orto-bar.com\/en\/wp-json\/wp\/v2\/product\/41652","targetHints":{"allow":["GET"]}}],"collection":[{"href":"https:\/\/www.orto-bar.com\/en\/wp-json\/wp\/v2\/product"}],"about":[{"href":"https:\/\/www.orto-bar.com\/en\/wp-json\/wp\/v2\/types\/product"}],"author":[{"embeddable":true,"href":"https:\/\/www.orto-bar.com\/en\/wp-json\/wp\/v2\/users\/11"}],"version-history":[{"count":0,"href":"https:\/\/www.orto-bar.com\/en\/wp-json\/wp\/v2\/product\/41652\/revisions"}],"wp:featuredmedia":[{"embeddable":true,"href":"https:\/\/www.orto-bar.com\/en\/wp-json\/wp\/v2\/media\/41653"}],"wp:attachment":[{"href":"https:\/\/www.orto-bar.com\/en\/wp-json\/wp\/v2\/media?parent=41652"}],"wp:term":[{"taxonomy":"product_brand","embeddable":true,"href":"https:\/\/www.orto-bar.com\/en\/wp-json\/wp\/v2\/product_brand?post=41652"},{"taxonomy":"product_cat","embeddable":true,"href":"https:\/\/www.orto-bar.com\/en\/wp-json\/wp\/v2\/product_cat?post=41652"},{"taxonomy":"product_tag","embeddable":true,"href":"https:\/\/www.orto-bar.com\/en\/wp-json\/wp\/v2\/product_tag?post=41652"}],"curies":[{"name":"wp","href":"https:\/\/api.w.org\/{rel}","templated":true}]}}