{"id":41895,"date":"2023-04-13T15:45:42","date_gmt":"2023-04-13T14:45:42","guid":{"rendered":"https:\/\/www.orto-bar.com\/?post_type=product&#038;p=41895"},"modified":"2023-04-16T10:40:25","modified_gmt":"2023-04-16T09:40:25","slug":"vabesadni-dan","status":"publish","type":"product","link":"https:\/\/www.orto-bar.com\/en\/dogodki\/arhiv\/vabesadni-dan\/","title":{"rendered":"Vabe,Sadni Dan"},"content":{"rendered":"<p>Obeta se rock n roll grmenje z dvemi bendi, ki predstavljata zametke svojih novih plo\u0161\u010d.<\/p>\n<p>&nbsp;<\/p>\n<p>VABE<\/p>\n<p>&nbsp;<\/p>\n<p>Zasedba z brezkompromisno me\u0161anico rock n rolla in heavy metala obstaja \u017ee ve\u010d kot 20 let.<\/p>\n<p>Po nekaj letnem mirovanju so znovn vznikinili, odkopali in\u0161trumente, se oblekli v \u010drno in posneli nekaj singlov za prihajajo\u010do plo\u0161\u010do, ki jih bodo predstavili na koncertu. \u017dgejo ga v zasedbi Jani Krmac \u2013 vokal, Sandi \u010cerno\u0161a \u2013 solo kitara, Jure Nemec \u2013 ritem kitara, Emil \u010cerno\u0161a \u2013 klaviature, Jan Mer\u010don \u2013 bobni in Matej Felc \u2013 bass kitara. Pripravite se na heavy rock n roll udarec in brezkompromisno udrihanje po in\u0161trumentariju.<\/p>\n<p>&nbsp;<\/p>\n<p>SADNI DAN<\/p>\n<p>&nbsp;<\/p>\n<p>\u017de deset let so tako zelo popularni, da jih nih\u010de ne pozna. \u017de deset let s tak\u0161nim tempom snemajo debitantski album, da so zdaj na sre\u010do stvari malce upo\u010dasnili. In tako na\u0161li \u010das za koncert, ki ste ga njihovi obo\u017eevalci (nevede) tako dolgo \u010dakali. Ten Years Pregnant je naslov nove plo\u0161\u010de, ki jo boste sli\u0161ali v \u017eivo. Pa niti v mrtvo \u0161e ni iz\u0161la. \u010cudo bo\u017eje.<\/p>\n<p>&nbsp;<\/p>\n<p>&nbsp;<\/p>","protected":false},"excerpt":{"rendered":"<p>Obeta se rock n roll grmenje z dvemi bendi, ki predstavljata zametke svojih novih plo\u0161\u010d. &nbsp; VABE &nbsp; Zasedba z brezkompromisno me\u0161anico rock n rolla in heavy metala obstaja \u017ee ve\u010d kot 20 let. Po nekaj letnem mirovanju so znovn vznikinili, odkopali in\u0161trumente, se oblekli v \u010drno in posneli nekaj singlov za prihajajo\u010do plo\u0161\u010do, ki [&hellip;]<\/p>","protected":false},"author":11,"featured_media":41896,"template":"","meta":{"_seopress_robots_primary_cat":"none","_seopress_titles_title":"","_seopress_titles_desc":"","_seopress_robots_index":""},"product_brand":[],"product_cat":[230],"product_tag":[222],"class_list":{"0":"post-41895","1":"product","2":"type-product","3":"status-publish","4":"has-post-thumbnail","6":"product_cat-arhiv","7":"product_tag-predprodaja","9":"entry","10":"has-media","12":"first","13":"instock","14":"virtual","15":"taxable","16":"product-type-simple","17":"has-product-nav","18":"col","19":"span_1_of_4","20":"owp-content-center","21":"item-entry","22":"owp-thumbs-layout-horizontal","23":"owp-btn-normal","24":"owp-tabs-layout-section","25":"has-no-thumbnails"},"publishpress_future_action":{"enabled":false,"date":"2026-05-08 21:29:28","action":"change-status","newStatus":"draft","terms":[],"taxonomy":"product_cat","extraData":[]},"publishpress_future_workflow_manual_trigger":{"enabledWorkflows":[]},"_links":{"self":[{"href":"https:\/\/www.orto-bar.com\/en\/wp-json\/wp\/v2\/product\/41895","targetHints":{"allow":["GET"]}}],"collection":[{"href":"https:\/\/www.orto-bar.com\/en\/wp-json\/wp\/v2\/product"}],"about":[{"href":"https:\/\/www.orto-bar.com\/en\/wp-json\/wp\/v2\/types\/product"}],"author":[{"embeddable":true,"href":"https:\/\/www.orto-bar.com\/en\/wp-json\/wp\/v2\/users\/11"}],"version-history":[{"count":0,"href":"https:\/\/www.orto-bar.com\/en\/wp-json\/wp\/v2\/product\/41895\/revisions"}],"wp:featuredmedia":[{"embeddable":true,"href":"https:\/\/www.orto-bar.com\/en\/wp-json\/wp\/v2\/media\/41896"}],"wp:attachment":[{"href":"https:\/\/www.orto-bar.com\/en\/wp-json\/wp\/v2\/media?parent=41895"}],"wp:term":[{"taxonomy":"product_brand","embeddable":true,"href":"https:\/\/www.orto-bar.com\/en\/wp-json\/wp\/v2\/product_brand?post=41895"},{"taxonomy":"product_cat","embeddable":true,"href":"https:\/\/www.orto-bar.com\/en\/wp-json\/wp\/v2\/product_cat?post=41895"},{"taxonomy":"product_tag","embeddable":true,"href":"https:\/\/www.orto-bar.com\/en\/wp-json\/wp\/v2\/product_tag?post=41895"}],"curies":[{"name":"wp","href":"https:\/\/api.w.org\/{rel}","templated":true}]}}