{"id":42818,"date":"2023-05-03T22:49:24","date_gmt":"2023-05-03T21:49:24","guid":{"rendered":"https:\/\/www.orto-bar.com\/?post_type=product&#038;p=42818"},"modified":"2023-05-03T22:54:57","modified_gmt":"2023-05-03T21:54:57","slug":"comeback-kid-w-smedja-in-smetke-grund","status":"publish","type":"product","link":"https:\/\/www.orto-bar.com\/en\/dogodki\/arhiv\/comeback-kid-w-smedja-in-smetke-grund\/","title":{"rendered":"Comeback Kid w\/ Smedja in Smetke, Grund"},"content":{"rendered":"<p>&nbsp;<\/p>\n<div class=\"x11i5rnm xat24cr x1mh8g0r x1vvkbs xtlvy1s\">\n<div class=\"xdj266r x11i5rnm xat24cr x1mh8g0r x1vvkbs\">Hardcore prvaki Comeback Kid se po predolgem \u010dasu vra\u010dajo v Ljubljano. 18. junija ga bodo \u017egal v Orto Baru skupaj z lokalci Smedja in Smetke in z Grund. Karte bodo na voljo \u017ee danes proti ve\u010deru oziroma jutri, preko On Parole spletne predprodaje.<\/div>\n<div class=\"x11i5rnm xat24cr x1mh8g0r x1vvkbs xtlvy1s\">Vstopnice: 20\u20ac v predprodaji preko povezave\u00a0<a class=\"x1i10hfl xjbqb8w x6umtig x1b1mbwd xaqea5y xav7gou x9f619 x1ypdohk xt0psk2 xe8uvvx xdj266r x11i5rnm xat24cr x1mh8g0r xexx8yu x4uap5 x18d9i69 xkhd6sd x16tdsg8 x1hl2dhg xggy1nq x1a2a7pz xt0b8zv x1fey0fg\" tabindex=\"0\" role=\"link\" href=\"https:\/\/qr.page\/g\/2EDxigf9uXZ?fbclid=IwAR07iFWPDxved392o5Vf0kDLFWgr4BVu-QYijmVUjqWH3IMef6Ws_99_0us\" target=\"_blank\" rel=\"nofollow noopener\">https:\/\/qr.page\/g\/2EDxigf9uXZ<\/a><br \/>\nTickets: 20\u20ac presale\u00a0<a class=\"x1i10hfl xjbqb8w x6umtig x1b1mbwd xaqea5y xav7gou x9f619 x1ypdohk xt0psk2 xe8uvvx xdj266r x11i5rnm xat24cr x1mh8g0r xexx8yu x4uap5 x18d9i69 xkhd6sd x16tdsg8 x1hl2dhg xggy1nq x1a2a7pz xt0b8zv x1fey0fg\" tabindex=\"0\" role=\"link\" href=\"https:\/\/qr.page\/g\/4rgLIPHBOmL?fbclid=IwAR1HHVV8vU-_Ee7oAf7_zVO9wv0cTRGopdDX0Ecyi55MBcbcbn56HmDsnTM\" target=\"_blank\" rel=\"nofollow noopener\">https:\/\/qr.page\/g\/4rgLIPHBOmL<\/a><\/div>\n<div class=\"x11i5rnm xat24cr x1mh8g0r x1vvkbs xtlvy1s\"><\/div>\n<div class=\"x11i5rnm xat24cr x1mh8g0r x1vvkbs xtlvy1s\">COMEBACK KID<br \/>\n<a class=\"x1i10hfl xjbqb8w x6umtig x1b1mbwd xaqea5y xav7gou x9f619 x1ypdohk xt0psk2 xe8uvvx xdj266r x11i5rnm xat24cr x1mh8g0r xexx8yu x4uap5 x18d9i69 xkhd6sd x16tdsg8 x1hl2dhg xggy1nq x1a2a7pz xt0b8zv xzsf02u x1s688f\" tabindex=\"0\" role=\"link\" href=\"https:\/\/www.facebook.com\/Comeback.Kid?__cft__[0]=AZXO0aeWcVC2pjxzGXqD8TsTzu2nzzHq46HGlVm7ruhOXZgVX-lFM7at3doU0x8bLCXrfUegao4bDUZTd0JjbMlbBLppCYKzu60zRMXew2gLRlvXd5KNxYghDA2LeXp8fYE&amp;__tn__=q\"><span class=\"xt0psk2\">https:\/\/www.facebook.com\/Comeback.Kid<\/span><\/a><br \/>\n<a class=\"x1i10hfl xjbqb8w x6umtig x1b1mbwd xaqea5y xav7gou x9f619 x1ypdohk xt0psk2 xe8uvvx xdj266r x11i5rnm xat24cr x1mh8g0r xexx8yu x4uap5 x18d9i69 xkhd6sd x16tdsg8 x1hl2dhg xggy1nq x1a2a7pz xt0b8zv x1fey0fg\" tabindex=\"0\" role=\"link\" href=\"https:\/\/www.youtube.com\/watch?v=BHJEb6T9UKU&amp;t=1372s&amp;fbclid=IwAR3_OHgttkiu5KGpMDy_4zZebBsUcRCpvgvfi1vhHC4yfWWDncRaTB8AW-U\" target=\"_blank\" rel=\"nofollow noopener\">https:\/\/www.youtube.com\/watch?v=BHJEb6T9UKU&amp;t=1372s<\/a><br \/>\n<a class=\"x1i10hfl xjbqb8w x6umtig x1b1mbwd xaqea5y xav7gou x9f619 x1ypdohk xt0psk2 xe8uvvx xdj266r x11i5rnm xat24cr x1mh8g0r xexx8yu x4uap5 x18d9i69 xkhd6sd x16tdsg8 x1hl2dhg xggy1nq x1a2a7pz xt0b8zv x1fey0fg\" tabindex=\"0\" role=\"link\" href=\"https:\/\/www.youtube.com\/watch?v=17VfgH-uAXk&amp;list=PLwjsn2sdxbsDQ7BfE5sB4BgzJtuA792Un&amp;fbclid=IwAR3PzUXSsPEdY4eOtO-j7l9gk-U61EkqHQG0IoBv8fiiv5VhHRhHouwob4c\" target=\"_blank\" rel=\"nofollow noopener\">https:\/\/www.youtube.com\/watch?v=17VfgH-uAXk&#8230;<\/a><br \/>\n<a class=\"x1i10hfl xjbqb8w x6umtig x1b1mbwd xaqea5y xav7gou x9f619 x1ypdohk xt0psk2 xe8uvvx xdj266r x11i5rnm xat24cr x1mh8g0r xexx8yu x4uap5 x18d9i69 xkhd6sd x16tdsg8 x1hl2dhg xggy1nq x1a2a7pz xt0b8zv x1fey0fg\" tabindex=\"0\" role=\"link\" href=\"https:\/\/www.youtube.com\/watch?v=RGH41ka4LXU&amp;fbclid=IwAR1WI5caoSWyQNj6VG2F_ap6YICYos7_k0kaacpiaCZNS80S13HbxPcoFTc\" target=\"_blank\" rel=\"nofollow noopener\">https:\/\/www.youtube.com\/watch?v=RGH41ka4LXU<\/a><\/div>\n<div class=\"x11i5rnm xat24cr x1mh8g0r x1vvkbs xtlvy1s\">SMEDJA IN SMETKE<br \/>\n<a class=\"x1i10hfl xjbqb8w x6umtig x1b1mbwd xaqea5y xav7gou x9f619 x1ypdohk xt0psk2 xe8uvvx xdj266r x11i5rnm xat24cr x1mh8g0r xexx8yu x4uap5 x18d9i69 xkhd6sd x16tdsg8 x1hl2dhg xggy1nq x1a2a7pz xt0b8zv xzsf02u x1s688f\" tabindex=\"0\" role=\"link\" href=\"https:\/\/www.facebook.com\/matic.medja?__cft__[0]=AZXO0aeWcVC2pjxzGXqD8TsTzu2nzzHq46HGlVm7ruhOXZgVX-lFM7at3doU0x8bLCXrfUegao4bDUZTd0JjbMlbBLppCYKzu60zRMXew2gLRlvXd5KNxYghDA2LeXp8fYE&amp;__tn__=q\"><span class=\"xt0psk2\">https:\/\/www.facebook.com\/matic.medja<\/span><\/a><br \/>\n<a class=\"x1i10hfl xjbqb8w x6umtig x1b1mbwd xaqea5y xav7gou x9f619 x1ypdohk xt0psk2 xe8uvvx xdj266r x11i5rnm xat24cr x1mh8g0r xexx8yu x4uap5 x18d9i69 xkhd6sd x16tdsg8 x1hl2dhg xggy1nq x1a2a7pz xt0b8zv x1fey0fg\" tabindex=\"0\" role=\"link\" href=\"https:\/\/www.youtube.com\/watch?v=Y5ok_Pe84sc&amp;fbclid=IwAR3Y7FaTvmvp8NvE406yXroW-L6Pmc3yZ73CK2Kp1jjE8C9K8M4WHcrXKZ0\" target=\"_blank\" rel=\"nofollow noopener\">https:\/\/www.youtube.com\/watch?v=Y5ok_Pe84sc<\/a><br \/>\n<a class=\"x1i10hfl xjbqb8w x6umtig x1b1mbwd xaqea5y xav7gou x9f619 x1ypdohk xt0psk2 xe8uvvx xdj266r x11i5rnm xat24cr x1mh8g0r xexx8yu x4uap5 x18d9i69 xkhd6sd x16tdsg8 x1hl2dhg xggy1nq x1a2a7pz xt0b8zv x1fey0fg\" tabindex=\"0\" role=\"link\" href=\"https:\/\/www.youtube.com\/watch?v=3L3XOzPZVqc&amp;fbclid=IwAR0-2t4AbI07B8NzOp6zes1VvblmLFd2wadZ_Pa9LGeDzGSKqpxlqcwGwMg\" target=\"_blank\" rel=\"nofollow noopener\">https:\/\/www.youtube.com\/watch?v=3L3XOzPZVqc<\/a><\/div>\n<div class=\"x11i5rnm xat24cr x1mh8g0r x1vvkbs xtlvy1s\">GRUND<br \/>\n<a class=\"x1i10hfl xjbqb8w x6umtig x1b1mbwd xaqea5y xav7gou x9f619 x1ypdohk xt0psk2 xe8uvvx xdj266r x11i5rnm xat24cr x1mh8g0r xexx8yu x4uap5 x18d9i69 xkhd6sd x16tdsg8 x1hl2dhg xggy1nq x1a2a7pz xt0b8zv xzsf02u x1s688f\" tabindex=\"0\" role=\"link\" href=\"https:\/\/www.facebook.com\/profile.php?id=100063901338372&amp;__cft__[0]=AZXO0aeWcVC2pjxzGXqD8TsTzu2nzzHq46HGlVm7ruhOXZgVX-lFM7at3doU0x8bLCXrfUegao4bDUZTd0JjbMlbBLppCYKzu60zRMXew2gLRlvXd5KNxYghDA2LeXp8fYE&amp;__tn__=q\">https:\/\/www.facebook.com\/profile.php?id=100063901338372<\/a><br \/>\n<a class=\"x1i10hfl xjbqb8w x6umtig x1b1mbwd xaqea5y xav7gou x9f619 x1ypdohk xt0psk2 xe8uvvx xdj266r x11i5rnm xat24cr x1mh8g0r xexx8yu x4uap5 x18d9i69 xkhd6sd x16tdsg8 x1hl2dhg xggy1nq x1a2a7pz xt0b8zv x1fey0fg\" tabindex=\"0\" role=\"link\" href=\"https:\/\/www.youtube.com\/watch?v=QtyNUvYGAsA&amp;fbclid=IwAR1pAMCWStLn_4MKmFJ8dDfP-CzcbEKjS4FuZmtRZiUJvN0P3Srj7bUyGBE\" target=\"_blank\" rel=\"nofollow noopener\">https:\/\/www.youtube.com\/watch?v=QtyNUvYGAsA<\/a><\/div>\n<\/div>","protected":false},"excerpt":{"rendered":"<p>&nbsp; Hardcore prvaki Comeback Kid se po predolgem \u010dasu vra\u010dajo v Ljubljano. 18. junija ga bodo \u017egal v Orto Baru skupaj z lokalci Smedja in Smetke in z Grund. Karte bodo na voljo \u017ee danes proti ve\u010deru oziroma jutri, preko On Parole spletne predprodaje. Vstopnice: 20\u20ac v predprodaji preko povezave\u00a0https:\/\/qr.page\/g\/2EDxigf9uXZ Tickets: 20\u20ac presale\u00a0https:\/\/qr.page\/g\/4rgLIPHBOmL COMEBACK KID [&hellip;]<\/p>","protected":false},"author":11,"featured_media":42819,"template":"","meta":{"_seopress_robots_primary_cat":"none","_seopress_titles_title":"","_seopress_titles_desc":"","_seopress_robots_index":""},"product_brand":[],"product_cat":[230],"product_tag":[222],"class_list":{"0":"post-42818","1":"product","2":"type-product","3":"status-publish","4":"has-post-thumbnail","6":"product_cat-arhiv","7":"product_tag-predprodaja","9":"entry","10":"has-media","12":"first","13":"instock","14":"virtual","15":"taxable","16":"product-type-simple","17":"has-product-nav","18":"col","19":"span_1_of_4","20":"owp-content-center","21":"item-entry","22":"owp-thumbs-layout-horizontal","23":"owp-btn-normal","24":"owp-tabs-layout-section","25":"has-no-thumbnails"},"publishpress_future_action":{"enabled":false,"date":"2026-05-08 23:12:11","action":"change-status","newStatus":"draft","terms":[],"taxonomy":"product_cat","extraData":[]},"publishpress_future_workflow_manual_trigger":{"enabledWorkflows":[]},"_links":{"self":[{"href":"https:\/\/www.orto-bar.com\/en\/wp-json\/wp\/v2\/product\/42818","targetHints":{"allow":["GET"]}}],"collection":[{"href":"https:\/\/www.orto-bar.com\/en\/wp-json\/wp\/v2\/product"}],"about":[{"href":"https:\/\/www.orto-bar.com\/en\/wp-json\/wp\/v2\/types\/product"}],"author":[{"embeddable":true,"href":"https:\/\/www.orto-bar.com\/en\/wp-json\/wp\/v2\/users\/11"}],"version-history":[{"count":0,"href":"https:\/\/www.orto-bar.com\/en\/wp-json\/wp\/v2\/product\/42818\/revisions"}],"wp:featuredmedia":[{"embeddable":true,"href":"https:\/\/www.orto-bar.com\/en\/wp-json\/wp\/v2\/media\/42819"}],"wp:attachment":[{"href":"https:\/\/www.orto-bar.com\/en\/wp-json\/wp\/v2\/media?parent=42818"}],"wp:term":[{"taxonomy":"product_brand","embeddable":true,"href":"https:\/\/www.orto-bar.com\/en\/wp-json\/wp\/v2\/product_brand?post=42818"},{"taxonomy":"product_cat","embeddable":true,"href":"https:\/\/www.orto-bar.com\/en\/wp-json\/wp\/v2\/product_cat?post=42818"},{"taxonomy":"product_tag","embeddable":true,"href":"https:\/\/www.orto-bar.com\/en\/wp-json\/wp\/v2\/product_tag?post=42818"}],"curies":[{"name":"wp","href":"https:\/\/api.w.org\/{rel}","templated":true}]}}