{"id":42821,"date":"2023-05-03T23:04:58","date_gmt":"2023-05-03T22:04:58","guid":{"rendered":"https:\/\/www.orto-bar.com\/?post_type=product&#038;p=42821"},"modified":"2023-05-03T23:11:07","modified_gmt":"2023-05-03T22:11:07","slug":"deathstars-priest-liv-sin","status":"publish","type":"product","link":"https:\/\/www.orto-bar.com\/en\/dogodki\/arhiv\/deathstars-priest-liv-sin\/","title":{"rendered":"Deathstars, Priest, Liv Sin"},"content":{"rendered":"<div class=\"xdj266r x11i5rnm xat24cr x1mh8g0r x1vvkbs\">Vstopnice 25 evrov v predprodaji, 29 na dan koncerta prek On-Parole.<br \/>\n<a class=\"x1i10hfl xjbqb8w x6umtig x1b1mbwd xaqea5y xav7gou x9f619 x1ypdohk xt0psk2 xe8uvvx xdj266r x11i5rnm xat24cr x1mh8g0r xexx8yu x4uap5 x18d9i69 xkhd6sd x16tdsg8 x1hl2dhg xggy1nq x1a2a7pz xt0b8zv x1fey0fg\" tabindex=\"0\" role=\"link\" href=\"https:\/\/qr.page\/g\/1T5EtNBVrZD?fbclid=IwAR3M8BdsCrY83LagwLMGsWGBELy78kgiTAnE-GR0ZZOfmu22tZ7k56mrAIM\" target=\"_blank\" rel=\"nofollow noopener\">https:\/\/qr.page\/g\/1T5EtNBVrZD<\/a><\/div>\n<div class=\"x11i5rnm xat24cr x1mh8g0r x1vvkbs xtlvy1s\">Tickets 25 euro in presale, 29 on show day through On-PArole!<br \/>\n<a class=\"x1i10hfl xjbqb8w x6umtig x1b1mbwd xaqea5y xav7gou x9f619 x1ypdohk xt0psk2 xe8uvvx xdj266r x11i5rnm xat24cr x1mh8g0r xexx8yu x4uap5 x18d9i69 xkhd6sd x16tdsg8 x1hl2dhg xggy1nq x1a2a7pz xt0b8zv x1fey0fg\" tabindex=\"0\" role=\"link\" href=\"https:\/\/l.facebook.com\/l.php?u=https%3A%2F%2Fqr.page%2Fg%2F3cnJsJPzB5J%3Ffbclid%3DIwAR3PzUXSsPEdY4eOtO-j7l9gk-U61EkqHQG0IoBv8fiiv5VhHRhHouwob4c&amp;h=AT2DZSarqo5txQEYHVsXX0ycN-Q8QSvwniO2lqW3Adk3L69gu9A6cQlmWgrrcIiGRT95ka0hBB-vdN51SKnGJMEdQ_3_OGrmhGQ1HyCp23pbGaugpVc7InE7NLJ0yHztCQ&amp;__tn__=q&amp;c[0]=AT065vbGJcMUV-ZkaKOZuemFGcB9bTtWG6M30D6QzCdMg3e-NSFvxA7DgZmy0UxvRx9YoLX_GWHbD13rkdOKo0p2FiH-IrYMWS5Bi-g8qQhcAc8u3d1Ou5R_VKh94CabycrcxFIVYhGG-fpIddM4DlWB73_1\" target=\"_blank\" rel=\"nofollow noopener\">https:\/\/qr.page\/g\/3cnJsJPzB5J<\/a><\/div>\n<div class=\"x11i5rnm xat24cr x1mh8g0r x1vvkbs xtlvy1s\">Prihajajo \u0161vedski Deathstars!<\/div>\n<div class=\"x11i5rnm xat24cr x1mh8g0r x1vvkbs xtlvy1s\">Kljub vsem odpovedi med in po pandemiji, Deathstars le pridejo k nam! In tokrat mo\u010dnej\u0161i s super predskupinami: Priest in Liv Sin!<\/div>\n<div class=\"x11i5rnm xat24cr x1mh8g0r x1vvkbs xtlvy1s\">Deathstars so, \u010de \u0161e ne veste, stari ma\u010dki gothic metal scene, ki pa imajo mo\u010dan black metalski pedigre, saj jih lahko pove\u017eemo s Swordmaster, Dissection in \u0161e kom. Seveda so v \u010dasu nastanka &#8211; pozna devetdeseta &#8211; na\u0161li svoj izraz in postali bend, ki ga zvokovno la\u017eje povezujemo s Samael, Rammstein, celo Ministry ter Laibach. V \u017eivo seveda tak bend ne potrebuje grandiozne produkcije, saj dose\u017eejo maksimalni efekt \u017ee zgolj s pesmimi in uniformami &#8211; kar pomeni, da je njihov klubski nastop ekvivalent arenskemu nastopu prej omenjenih bendov.<br \/>\nA to \u0161e ni vse, k nam premierno prihajajo \u0161vedski Priest, band, ki sta ga naredila biv\u0161a \u010dlana Ghost Water in Air(basist in klaviaturist). Gre za odli\u010den \u015fynthwave, ki vas ne bo pustil mirovat na mestu.<br \/>\nPoleg Priest pa bodo \u0161e nastopili prav tako \u0161vedski Liv Sin, nova skupina pevke Sister Sin.<br \/>\nIn zato se boste 27. novembra 2023 ustavili v ljubljanskem Ortu ter v svoje srce spustili temo, mrak in erotiko. Ne bo vam \u017eal!<\/div>\n<div class=\"x11i5rnm xat24cr x1mh8g0r x1vvkbs xtlvy1s\">DEATHSTARS<br \/>\n<a class=\"x1i10hfl xjbqb8w x6umtig x1b1mbwd xaqea5y xav7gou x9f619 x1ypdohk xt0psk2 xe8uvvx xdj266r x11i5rnm xat24cr x1mh8g0r xexx8yu x4uap5 x18d9i69 xkhd6sd x16tdsg8 x1hl2dhg xggy1nq x1a2a7pz xt0b8zv xzsf02u x1s688f\" tabindex=\"0\" role=\"link\" href=\"https:\/\/www.facebook.com\/deathstars?__cft__[0]=AZW1rxI-2scnxOY-UKi0lH0kxHczcYaGeoY0Awa5yEuGgXUo0RPuueHRMMORgmpSggzfOW5GbNBEgk9vSM0aQaDr40Ie202jRvNyu70NUtpKVOVrf8XO0qZ_sViqShepXfw&amp;__tn__=q\"><span class=\"xt0psk2\">https:\/\/www.facebook.com\/deathstars<\/span><\/a><br \/>\n<a class=\"x1i10hfl xjbqb8w x6umtig x1b1mbwd xaqea5y xav7gou x9f619 x1ypdohk xt0psk2 xe8uvvx xdj266r x11i5rnm xat24cr x1mh8g0r xexx8yu x4uap5 x18d9i69 xkhd6sd x16tdsg8 x1hl2dhg xggy1nq x1a2a7pz xt0b8zv x1fey0fg\" tabindex=\"0\" role=\"link\" href=\"https:\/\/www.deathstars.net\/?fbclid=IwAR0QVXYheJQiSJaB3VbheOxGHNAm52fNT-X1_ibI5Jgqzfjwlibh6-gVV8k\" target=\"_blank\" rel=\"nofollow noopener\">https:\/\/www.deathstars.net\/<\/a><\/div>\n<div class=\"x11i5rnm xat24cr x1mh8g0r x1vvkbs xtlvy1s\">PRIEST<br \/>\n<a class=\"x1i10hfl xjbqb8w x6umtig x1b1mbwd xaqea5y xav7gou x9f619 x1ypdohk xt0psk2 xe8uvvx xdj266r x11i5rnm xat24cr x1mh8g0r xexx8yu x4uap5 x18d9i69 xkhd6sd x16tdsg8 x1hl2dhg xggy1nq x1a2a7pz xt0b8zv xzsf02u x1s688f\" tabindex=\"0\" role=\"link\" href=\"https:\/\/www.facebook.com\/priestofficial?__cft__[0]=AZW1rxI-2scnxOY-UKi0lH0kxHczcYaGeoY0Awa5yEuGgXUo0RPuueHRMMORgmpSggzfOW5GbNBEgk9vSM0aQaDr40Ie202jRvNyu70NUtpKVOVrf8XO0qZ_sViqShepXfw&amp;__tn__=q\"><span class=\"xt0psk2\">https:\/\/www.facebook.com\/priestofficial<\/span><\/a><br \/>\n<a class=\"x1i10hfl xjbqb8w x6umtig x1b1mbwd xaqea5y xav7gou x9f619 x1ypdohk xt0psk2 xe8uvvx xdj266r x11i5rnm xat24cr x1mh8g0r xexx8yu x4uap5 x18d9i69 xkhd6sd x16tdsg8 x1hl2dhg xggy1nq x1a2a7pz xt0b8zv x1fey0fg\" tabindex=\"0\" role=\"link\" href=\"https:\/\/priestnexus.com\/?fbclid=IwAR3cJ780bOXnw3XOU9u7at95hKPg1mhfhm51rpOow2xQx2WJp5TneEzMehk\" target=\"_blank\" rel=\"nofollow noopener\">https:\/\/priestnexus.com\/<\/a><\/div>\n<div class=\"x11i5rnm xat24cr x1mh8g0r x1vvkbs xtlvy1s\">LIV SIN<br \/>\n<a class=\"x1i10hfl xjbqb8w x6umtig x1b1mbwd xaqea5y xav7gou x9f619 x1ypdohk xt0psk2 xe8uvvx xdj266r x11i5rnm xat24cr x1mh8g0r xexx8yu x4uap5 x18d9i69 xkhd6sd x16tdsg8 x1hl2dhg xggy1nq x1a2a7pz xt0b8zv xzsf02u x1s688f\" tabindex=\"0\" role=\"link\" href=\"https:\/\/www.facebook.com\/livsinofficial?__cft__[0]=AZW1rxI-2scnxOY-UKi0lH0kxHczcYaGeoY0Awa5yEuGgXUo0RPuueHRMMORgmpSggzfOW5GbNBEgk9vSM0aQaDr40Ie202jRvNyu70NUtpKVOVrf8XO0qZ_sViqShepXfw&amp;__tn__=q\"><span class=\"xt0psk2\">https:\/\/www.facebook.com\/livsinofficial<\/span><\/a><br \/>\n<a class=\"x1i10hfl xjbqb8w x6umtig x1b1mbwd xaqea5y xav7gou x9f619 x1ypdohk xt0psk2 xe8uvvx xdj266r x11i5rnm xat24cr x1mh8g0r xexx8yu x4uap5 x18d9i69 xkhd6sd x16tdsg8 x1hl2dhg xggy1nq x1a2a7pz xt0b8zv x1fey0fg\" tabindex=\"0\" role=\"link\" href=\"https:\/\/www.livsinofficial.com\/?fbclid=IwAR1-FiipMmIrh7DLbnfSnQjobwf7oc1ys_baZkfbVUsgfhOUCqZyNzss-wA\" target=\"_blank\" rel=\"nofollow noopener\">https:\/\/www.livsinofficial.com<\/a><\/div>\n<div class=\"x11i5rnm xat24cr x1mh8g0r x1vvkbs xtlvy1s\"><\/div>","protected":false},"excerpt":{"rendered":"<p>Vstopnice 25 evrov v predprodaji, 29 na dan koncerta prek On-Parole. https:\/\/qr.page\/g\/1T5EtNBVrZD Tickets 25 euro in presale, 29 on show day through On-PArole! https:\/\/qr.page\/g\/3cnJsJPzB5J Prihajajo \u0161vedski Deathstars! Kljub vsem odpovedi med in po pandemiji, Deathstars le pridejo k nam! In tokrat mo\u010dnej\u0161i s super predskupinami: Priest in Liv Sin! Deathstars so, \u010de \u0161e ne veste, [&hellip;]<\/p>","protected":false},"author":11,"featured_media":42822,"template":"","meta":{"_seopress_robots_primary_cat":"none","_seopress_titles_title":"","_seopress_titles_desc":"","_seopress_robots_index":""},"product_brand":[],"product_cat":[230],"product_tag":[222],"class_list":{"0":"post-42821","1":"product","2":"type-product","3":"status-publish","4":"has-post-thumbnail","6":"product_cat-arhiv","7":"product_tag-predprodaja","9":"entry","10":"has-media","12":"first","13":"instock","14":"virtual","15":"taxable","16":"product-type-simple","17":"has-product-nav","18":"col","19":"span_1_of_4","20":"owp-content-center","21":"item-entry","22":"owp-thumbs-layout-horizontal","23":"owp-btn-normal","24":"owp-tabs-layout-section","25":"has-no-thumbnails"},"publishpress_future_action":{"enabled":false,"date":"2026-05-09 07:37:27","action":"change-status","newStatus":"draft","terms":[],"taxonomy":"product_cat","extraData":[]},"publishpress_future_workflow_manual_trigger":{"enabledWorkflows":[]},"_links":{"self":[{"href":"https:\/\/www.orto-bar.com\/en\/wp-json\/wp\/v2\/product\/42821","targetHints":{"allow":["GET"]}}],"collection":[{"href":"https:\/\/www.orto-bar.com\/en\/wp-json\/wp\/v2\/product"}],"about":[{"href":"https:\/\/www.orto-bar.com\/en\/wp-json\/wp\/v2\/types\/product"}],"author":[{"embeddable":true,"href":"https:\/\/www.orto-bar.com\/en\/wp-json\/wp\/v2\/users\/11"}],"version-history":[{"count":0,"href":"https:\/\/www.orto-bar.com\/en\/wp-json\/wp\/v2\/product\/42821\/revisions"}],"wp:featuredmedia":[{"embeddable":true,"href":"https:\/\/www.orto-bar.com\/en\/wp-json\/wp\/v2\/media\/42822"}],"wp:attachment":[{"href":"https:\/\/www.orto-bar.com\/en\/wp-json\/wp\/v2\/media?parent=42821"}],"wp:term":[{"taxonomy":"product_brand","embeddable":true,"href":"https:\/\/www.orto-bar.com\/en\/wp-json\/wp\/v2\/product_brand?post=42821"},{"taxonomy":"product_cat","embeddable":true,"href":"https:\/\/www.orto-bar.com\/en\/wp-json\/wp\/v2\/product_cat?post=42821"},{"taxonomy":"product_tag","embeddable":true,"href":"https:\/\/www.orto-bar.com\/en\/wp-json\/wp\/v2\/product_tag?post=42821"}],"curies":[{"name":"wp","href":"https:\/\/api.w.org\/{rel}","templated":true}]}}