{"id":42824,"date":"2023-05-03T23:15:05","date_gmt":"2023-05-03T22:15:05","guid":{"rendered":"https:\/\/www.orto-bar.com\/?post_type=product&#038;p=42824"},"modified":"2023-11-28T14:26:19","modified_gmt":"2023-11-28T13:26:19","slug":"malevolence-sylosis-guilt-trip-justice-for-the-damned","status":"publish","type":"product","link":"https:\/\/www.orto-bar.com\/en\/dogodki\/arhiv\/malevolence-sylosis-guilt-trip-justice-for-the-damned\/","title":{"rendered":"Malevolence, Sylosis, Guilt Trip, Justice for the Damned"},"content":{"rendered":"<div class=\"xdj266r x11i5rnm xat24cr x1mh8g0r x1vvkbs\">MALEVOLENCE in SYLOSIS, skupaj z GUILT TRIP in z JUSTICE FOR THE DAMNED prihajajo v Ljubljano!<\/div>\n<div class=\"x11i5rnm xat24cr x1mh8g0r x1vvkbs xtlvy1s\"><\/div>\n<div class=\"x11i5rnm xat24cr x1mh8g0r x1vvkbs xtlvy1s\">29.11. 2023 nas obi\u0161\u010de tale moderna death metal, hardcore, metalcore, groove, deathcore karavana. Malevolence je neustavljiva sila, ki raste z vsako naslednjo turnejo, premikajo meje modernega s stro\u0161olskimi prijemi. Hardcore metal at it`s finest. Poleg njih nas bodo kon\u010dno spet obiskali Sylosis in vrhunski predvoza\u010di Guilt Trip in Justice for the Damned. Karte bodo na voljo od torka naprej preko spletne predpordaje (On Parole Production). Ve\u010d info kmalu!<\/div>\n<div class=\"x11i5rnm xat24cr x1mh8g0r x1vvkbs xtlvy1s\"><\/div>\n<div class=\"x11i5rnm xat24cr x1mh8g0r x1vvkbs xtlvy1s\">Predprodaja vstopnic \/ Ticket presale:<br \/>\nSLO:\u00a0<a class=\"x1i10hfl xjbqb8w x6umtig x1b1mbwd xaqea5y xav7gou x9f619 x1ypdohk xt0psk2 xe8uvvx xdj266r x11i5rnm xat24cr x1mh8g0r xexx8yu x4uap5 x18d9i69 xkhd6sd x16tdsg8 x1hl2dhg xggy1nq x1a2a7pz xt0b8zv x1fey0fg\" tabindex=\"0\" role=\"link\" href=\"https:\/\/qr.page\/g\/5oMucNY1wP8?fbclid=IwAR0qCIEjofMyjdiWDVkAnurnkhUvll6GQzKD-uEgdQBOLe_K5CJgmkhD5fg\" target=\"_blank\" rel=\"nofollow noopener\">https:\/\/qr.page\/g\/5oMucNY1wP8<\/a><br \/>\nENG:\u00a0<a class=\"x1i10hfl xjbqb8w x6umtig x1b1mbwd xaqea5y xav7gou x9f619 x1ypdohk xt0psk2 xe8uvvx xdj266r x11i5rnm xat24cr x1mh8g0r xexx8yu x4uap5 x18d9i69 xkhd6sd x16tdsg8 x1hl2dhg xggy1nq x1a2a7pz xt0b8zv x1fey0fg\" tabindex=\"0\" role=\"link\" href=\"https:\/\/l.facebook.com\/l.php?u=https%3A%2F%2Fqr.page%2Fg%2F1cWPUNSZcqx%3Ffbclid%3DIwAR2NHoQXobbIod_xyulJzXok5CWohA6JA9B2M9tNlHVpDJ-B12UOXfpOmrk&amp;h=AT1R6sIUe0spWiUWEHM8aVYgv09LpDj2NyJ4OD7Rndw76G-L5myWnHREw4RBluyM8XrSObU_y6wTJzI59Eqpx7AZADG5R92J3j34EL0IEVKE_bdGO33gdsAR5uwTrx02FQ&amp;__tn__=q&amp;c[0]=AT2pJ1Gzzxc6maDlzNqN6glhj7ICh69kUZmN1rMXzE99Q_fwKqExiKI1YCJEP7wyL-P1rhdKCpwZb7-KQRzYNE3OwWanTsJox4OpvDkI5_hzDayhCeKlznoomUE2ZWMzX_ULCagGzV_dx_ft-IRUGEb77Ehq\" target=\"_blank\" rel=\"nofollow noopener\">https:\/\/qr.page\/g\/1cWPUNSZcqx<\/a><\/div>\n<div class=\"x11i5rnm xat24cr x1mh8g0r x1vvkbs xtlvy1s\"><\/div>\n<div class=\"x11i5rnm xat24cr x1mh8g0r x1vvkbs xtlvy1s\">MALEVOLENCE<br \/>\n<a class=\"x1i10hfl xjbqb8w x6umtig x1b1mbwd xaqea5y xav7gou x9f619 x1ypdohk xt0psk2 xe8uvvx xdj266r x11i5rnm xat24cr x1mh8g0r xexx8yu x4uap5 x18d9i69 xkhd6sd x16tdsg8 x1hl2dhg xggy1nq x1a2a7pz xt0b8zv xzsf02u x1s688f\" tabindex=\"0\" role=\"link\" href=\"https:\/\/www.facebook.com\/MalevolenceRiff?__cft__[0]=AZXHOfsp0Z344bX4aUDzjWGQbPrIxnL4g4vyLsNKL4sj0d9Vw_Ycn5JTvjaU0CO0xt7p0JeRags63Me7F0CdGS_CpGJ8gopyISWoEwA-mnXW3jZLPVtmNawqOyBDVIMWS-8&amp;__tn__=q\"><span class=\"xt0psk2\">https:\/\/www.facebook.com\/MalevolenceRiff<\/span><\/a><br \/>\n<a class=\"x1i10hfl xjbqb8w x6umtig x1b1mbwd xaqea5y xav7gou x9f619 x1ypdohk xt0psk2 xe8uvvx xdj266r x11i5rnm xat24cr x1mh8g0r xexx8yu x4uap5 x18d9i69 xkhd6sd x16tdsg8 x1hl2dhg xggy1nq x1a2a7pz xt0b8zv x1fey0fg\" tabindex=\"0\" role=\"link\" href=\"https:\/\/www.youtube.com\/watch?v=SwD0_hZxZd0&amp;t=15s&amp;fbclid=IwAR21UwxEvLpYDLnYnsDoWD2yklHQUEEFK_8jkjyTo-d5J7eGjX2PsxHwjHw\" target=\"_blank\" rel=\"nofollow noopener\">https:\/\/www.youtube.com\/watch?v=SwD0_hZxZd0&amp;t=15s<\/a><br \/>\n<a class=\"x1i10hfl xjbqb8w x6umtig x1b1mbwd xaqea5y xav7gou x9f619 x1ypdohk xt0psk2 xe8uvvx xdj266r x11i5rnm xat24cr x1mh8g0r xexx8yu x4uap5 x18d9i69 xkhd6sd x16tdsg8 x1hl2dhg xggy1nq x1a2a7pz xt0b8zv x1fey0fg\" tabindex=\"0\" role=\"link\" href=\"https:\/\/l.facebook.com\/l.php?u=https%3A%2F%2Fwww.youtube.com%2Fwatch%3Fv%3DGR_5LRNC-zo%26t%3D1132s%26fbclid%3DIwAR2oCd07hNVYovD_V-8FKU1XoDYGcGDAWlF9Cmh73kQKoUyngPpRjyqxrhc&amp;h=AT1aWmJjt5hzW7W0g6bcTqX71b1KDUBxFiNwzbXPW-ieYeB9IubX98Py6gVZCtK59t8IQLec6ThYoh_rgd7OH1RbJdQKfK81tfislFGgW-YWk6ZRH1ozJwsYS8lbx0oA9g&amp;__tn__=q&amp;c[0]=AT2pJ1Gzzxc6maDlzNqN6glhj7ICh69kUZmN1rMXzE99Q_fwKqExiKI1YCJEP7wyL-P1rhdKCpwZb7-KQRzYNE3OwWanTsJox4OpvDkI5_hzDayhCeKlznoomUE2ZWMzX_ULCagGzV_dx_ft-IRUGEb77Ehq\" target=\"_blank\" rel=\"nofollow noopener\">https:\/\/www.youtube.com\/watch?v=GR_5LRNC-zo&amp;t=1132s<\/a><br \/>\n<a class=\"x1i10hfl xjbqb8w x6umtig x1b1mbwd xaqea5y xav7gou x9f619 x1ypdohk xt0psk2 xe8uvvx xdj266r x11i5rnm xat24cr x1mh8g0r xexx8yu x4uap5 x18d9i69 xkhd6sd x16tdsg8 x1hl2dhg xggy1nq x1a2a7pz xt0b8zv x1fey0fg\" tabindex=\"0\" role=\"link\" href=\"https:\/\/www.youtube.com\/watch?v=4bwBxP6SjlA&amp;t=28s&amp;fbclid=IwAR09bln1CuDsdN1mSY76gGNg7R4XoSKTODzw1rPivNhZ57F5-cACFf99zhg\" target=\"_blank\" rel=\"nofollow noopener\">https:\/\/www.youtube.com\/watch?v=4bwBxP6SjlA&amp;t=28s<\/a><\/div>\n<div class=\"x11i5rnm xat24cr x1mh8g0r x1vvkbs xtlvy1s\">SYLOSIS<br \/>\n<a class=\"x1i10hfl xjbqb8w x6umtig x1b1mbwd xaqea5y xav7gou x9f619 x1ypdohk xt0psk2 xe8uvvx xdj266r x11i5rnm xat24cr x1mh8g0r xexx8yu x4uap5 x18d9i69 xkhd6sd x16tdsg8 x1hl2dhg xggy1nq x1a2a7pz xt0b8zv xzsf02u x1s688f\" tabindex=\"0\" role=\"link\" href=\"https:\/\/www.facebook.com\/Sylosis?__cft__[0]=AZXHOfsp0Z344bX4aUDzjWGQbPrIxnL4g4vyLsNKL4sj0d9Vw_Ycn5JTvjaU0CO0xt7p0JeRags63Me7F0CdGS_CpGJ8gopyISWoEwA-mnXW3jZLPVtmNawqOyBDVIMWS-8&amp;__tn__=q\"><span class=\"xt0psk2\">https:\/\/www.facebook.com\/Sylosis<\/span><\/a><br \/>\n<a class=\"x1i10hfl xjbqb8w x6umtig x1b1mbwd xaqea5y xav7gou x9f619 x1ypdohk xt0psk2 xe8uvvx xdj266r x11i5rnm xat24cr x1mh8g0r xexx8yu x4uap5 x18d9i69 xkhd6sd x16tdsg8 x1hl2dhg xggy1nq x1a2a7pz xt0b8zv x1fey0fg\" tabindex=\"0\" role=\"link\" href=\"https:\/\/www.youtube.com\/watch?v=dnvA9q9YKMY&amp;fbclid=IwAR2zw28jyJwqLzNWIqB-Nn5JD6pP5_0O-OiUD4rMAFJqEWX_2AFti-akguI\" target=\"_blank\" rel=\"nofollow noopener\">https:\/\/www.youtube.com\/watch?v=dnvA9q9YKMY<\/a><br \/>\n<a class=\"x1i10hfl xjbqb8w x6umtig x1b1mbwd xaqea5y xav7gou x9f619 x1ypdohk xt0psk2 xe8uvvx xdj266r x11i5rnm xat24cr x1mh8g0r xexx8yu x4uap5 x18d9i69 xkhd6sd x16tdsg8 x1hl2dhg xggy1nq x1a2a7pz xt0b8zv x1fey0fg\" tabindex=\"0\" role=\"link\" href=\"https:\/\/www.youtube.com\/watch?v=yLhkIj9ipJM&amp;fbclid=IwAR0-2t4AbI07B8NzOp6zes1VvblmLFd2wadZ_Pa9LGeDzGSKqpxlqcwGwMg\" target=\"_blank\" rel=\"nofollow noopener\">https:\/\/www.youtube.com\/watch?v=yLhkIj9ipJM<\/a><br \/>\n<a class=\"x1i10hfl xjbqb8w x6umtig x1b1mbwd xaqea5y xav7gou x9f619 x1ypdohk xt0psk2 xe8uvvx xdj266r x11i5rnm xat24cr x1mh8g0r xexx8yu x4uap5 x18d9i69 xkhd6sd x16tdsg8 x1hl2dhg xggy1nq x1a2a7pz xt0b8zv x1fey0fg\" tabindex=\"0\" role=\"link\" href=\"https:\/\/www.youtube.com\/watch?v=qXdPoL1yQsA&amp;fbclid=IwAR1y1lbsaYu6BvTwvNqEBWyWVo1oufNlVtCBtZEx6tWunNw2L611Pq01ZG8\" target=\"_blank\" rel=\"nofollow noopener\">https:\/\/www.youtube.com\/watch?v=qXdPoL1yQsA<\/a><\/div>\n<div class=\"x11i5rnm xat24cr x1mh8g0r x1vvkbs xtlvy1s\">GUILT TRIP<br \/>\n<a class=\"x1i10hfl xjbqb8w x6umtig x1b1mbwd xaqea5y xav7gou x9f619 x1ypdohk xt0psk2 xe8uvvx xdj266r x11i5rnm xat24cr x1mh8g0r xexx8yu x4uap5 x18d9i69 xkhd6sd x16tdsg8 x1hl2dhg xggy1nq x1a2a7pz xt0b8zv xzsf02u x1s688f\" tabindex=\"0\" role=\"link\" href=\"https:\/\/www.facebook.com\/guilttripmhc?__cft__[0]=AZXHOfsp0Z344bX4aUDzjWGQbPrIxnL4g4vyLsNKL4sj0d9Vw_Ycn5JTvjaU0CO0xt7p0JeRags63Me7F0CdGS_CpGJ8gopyISWoEwA-mnXW3jZLPVtmNawqOyBDVIMWS-8&amp;__tn__=q\"><span class=\"xt0psk2\">https:\/\/www.facebook.com\/guilttripmhc<\/span><\/a><br \/>\n<a class=\"x1i10hfl xjbqb8w x6umtig x1b1mbwd xaqea5y xav7gou x9f619 x1ypdohk xt0psk2 xe8uvvx xdj266r x11i5rnm xat24cr x1mh8g0r xexx8yu x4uap5 x18d9i69 xkhd6sd x16tdsg8 x1hl2dhg xggy1nq x1a2a7pz xt0b8zv x1fey0fg\" tabindex=\"0\" role=\"link\" href=\"https:\/\/l.facebook.com\/l.php?u=https%3A%2F%2Fwww.youtube.com%2Fwatch%3Fv%3DO0dlwcJL-aE%26fbclid%3DIwAR2B8xTkLDDrbmPBnxeg8DeJxYkSJoYj7XSiHisdxMoDGRBgmOBrLkZ0mR8&amp;h=AT2zYgqBt8F-oW1qFpo6iWiluEDLMOyGLcSi2pOprEqWF5G-nLt08_PhMNk_ktC32qdCoAdUK9hZBqmpFk10uFnE5wkLKZDuOPPTtavzeU2YPHyC8ZCpbdbW8F7kaKqzKQ&amp;__tn__=q&amp;c[0]=AT2pJ1Gzzxc6maDlzNqN6glhj7ICh69kUZmN1rMXzE99Q_fwKqExiKI1YCJEP7wyL-P1rhdKCpwZb7-KQRzYNE3OwWanTsJox4OpvDkI5_hzDayhCeKlznoomUE2ZWMzX_ULCagGzV_dx_ft-IRUGEb77Ehq\" target=\"_blank\" rel=\"nofollow noopener\">https:\/\/www.youtube.com\/watch?v=O0dlwcJL-aE<\/a><br \/>\n<a class=\"x1i10hfl xjbqb8w x6umtig x1b1mbwd xaqea5y xav7gou x9f619 x1ypdohk xt0psk2 xe8uvvx xdj266r x11i5rnm xat24cr x1mh8g0r xexx8yu x4uap5 x18d9i69 xkhd6sd x16tdsg8 x1hl2dhg xggy1nq x1a2a7pz xt0b8zv x1fey0fg\" tabindex=\"0\" role=\"link\" href=\"https:\/\/www.youtube.com\/watch?v=0lHrr3wxENo&amp;fbclid=IwAR3MMA_KOQqoqujjkgL9NFJql4VVKA3U0QZWQKnhJLi11yVAxXjAijrZivg\" target=\"_blank\" rel=\"nofollow noopener\">https:\/\/www.youtube.com\/watch?v=0lHrr3wxENo<\/a><\/div>\n<div class=\"x11i5rnm xat24cr x1mh8g0r x1vvkbs xtlvy1s\">JUSTICE FOR THE DAMNED<br \/>\n<a class=\"x1i10hfl xjbqb8w x6umtig x1b1mbwd xaqea5y xav7gou x9f619 x1ypdohk xt0psk2 xe8uvvx xdj266r x11i5rnm xat24cr x1mh8g0r xexx8yu x4uap5 x18d9i69 xkhd6sd x16tdsg8 x1hl2dhg xggy1nq x1a2a7pz xt0b8zv xzsf02u x1s688f\" tabindex=\"0\" role=\"link\" href=\"https:\/\/www.facebook.com\/JusticeForTheDamned?__cft__[0]=AZXHOfsp0Z344bX4aUDzjWGQbPrIxnL4g4vyLsNKL4sj0d9Vw_Ycn5JTvjaU0CO0xt7p0JeRags63Me7F0CdGS_CpGJ8gopyISWoEwA-mnXW3jZLPVtmNawqOyBDVIMWS-8&amp;__tn__=q\"><span class=\"xt0psk2\">https:\/\/www.facebook.com\/JusticeForTheDamned<\/span><\/a><br \/>\n<a class=\"x1i10hfl xjbqb8w x6umtig x1b1mbwd xaqea5y xav7gou x9f619 x1ypdohk xt0psk2 xe8uvvx xdj266r x11i5rnm xat24cr x1mh8g0r xexx8yu x4uap5 x18d9i69 xkhd6sd x16tdsg8 x1hl2dhg xggy1nq x1a2a7pz xt0b8zv x1fey0fg\" tabindex=\"0\" role=\"link\" href=\"https:\/\/www.youtube.com\/watch?v=8BjljbyVWDw&amp;fbclid=IwAR09eZUpF_6ug5K3tpPHl6HOfREvG-zry1DgItXRVSJpimaXpGFeVaj-Hx8\" target=\"_blank\" rel=\"nofollow noopener\">https:\/\/www.youtube.com\/watch?v=8BjljbyVWDw<\/a><br \/>\n<a class=\"x1i10hfl xjbqb8w x6umtig x1b1mbwd xaqea5y xav7gou x9f619 x1ypdohk xt0psk2 xe8uvvx xdj266r x11i5rnm xat24cr x1mh8g0r xexx8yu x4uap5 x18d9i69 xkhd6sd x16tdsg8 x1hl2dhg xggy1nq x1a2a7pz xt0b8zv x1fey0fg\" tabindex=\"0\" role=\"link\" href=\"https:\/\/www.youtube.com\/watch?v=KEeXjnHjVLY&amp;fbclid=IwAR3cJ780bOXnw3XOU9u7at95hKPg1mhfhm51rpOow2xQx2WJp5TneEzMehk\" target=\"_blank\" rel=\"nofollow noopener\">https:\/\/www.youtube.com\/watch?v=KEeXjnHjVLY<\/a><\/div>","protected":false},"excerpt":{"rendered":"<p>MALEVOLENCE in SYLOSIS, skupaj z GUILT TRIP in z JUSTICE FOR THE DAMNED prihajajo v Ljubljano! 29.11. 2023 nas obi\u0161\u010de tale moderna death metal, hardcore, metalcore, groove, deathcore karavana. Malevolence je neustavljiva sila, ki raste z vsako naslednjo turnejo, premikajo meje modernega s stro\u0161olskimi prijemi. Hardcore metal at it`s finest. Poleg njih nas bodo kon\u010dno [&hellip;]<\/p>","protected":false},"author":11,"featured_media":42825,"template":"","meta":{"_seopress_robots_primary_cat":"none","_seopress_titles_title":"","_seopress_titles_desc":"","_seopress_robots_index":""},"product_brand":[],"product_cat":[230],"product_tag":[222],"class_list":{"0":"post-42824","1":"product","2":"type-product","3":"status-publish","4":"has-post-thumbnail","6":"product_cat-arhiv","7":"product_tag-predprodaja","9":"entry","10":"has-media","12":"first","13":"instock","14":"virtual","15":"taxable","16":"product-type-simple","17":"has-product-nav","18":"col","19":"span_1_of_4","20":"owp-content-center","21":"item-entry","22":"owp-thumbs-layout-horizontal","23":"owp-btn-normal","24":"owp-tabs-layout-section","25":"has-no-thumbnails"},"publishpress_future_action":{"enabled":false,"date":"2026-05-11 11:04:12","action":"change-status","newStatus":"draft","terms":[],"taxonomy":"product_cat","extraData":[]},"publishpress_future_workflow_manual_trigger":{"enabledWorkflows":[]},"_links":{"self":[{"href":"https:\/\/www.orto-bar.com\/en\/wp-json\/wp\/v2\/product\/42824","targetHints":{"allow":["GET"]}}],"collection":[{"href":"https:\/\/www.orto-bar.com\/en\/wp-json\/wp\/v2\/product"}],"about":[{"href":"https:\/\/www.orto-bar.com\/en\/wp-json\/wp\/v2\/types\/product"}],"author":[{"embeddable":true,"href":"https:\/\/www.orto-bar.com\/en\/wp-json\/wp\/v2\/users\/11"}],"version-history":[{"count":0,"href":"https:\/\/www.orto-bar.com\/en\/wp-json\/wp\/v2\/product\/42824\/revisions"}],"wp:featuredmedia":[{"embeddable":true,"href":"https:\/\/www.orto-bar.com\/en\/wp-json\/wp\/v2\/media\/42825"}],"wp:attachment":[{"href":"https:\/\/www.orto-bar.com\/en\/wp-json\/wp\/v2\/media?parent=42824"}],"wp:term":[{"taxonomy":"product_brand","embeddable":true,"href":"https:\/\/www.orto-bar.com\/en\/wp-json\/wp\/v2\/product_brand?post=42824"},{"taxonomy":"product_cat","embeddable":true,"href":"https:\/\/www.orto-bar.com\/en\/wp-json\/wp\/v2\/product_cat?post=42824"},{"taxonomy":"product_tag","embeddable":true,"href":"https:\/\/www.orto-bar.com\/en\/wp-json\/wp\/v2\/product_tag?post=42824"}],"curies":[{"name":"wp","href":"https:\/\/api.w.org\/{rel}","templated":true}]}}