{"id":42840,"date":"2023-05-04T18:45:22","date_gmt":"2023-05-04T17:45:22","guid":{"rendered":"https:\/\/www.orto-bar.com\/?post_type=product&#038;p=42840"},"modified":"2023-06-03T09:59:20","modified_gmt":"2023-06-03T08:59:20","slug":"the-jammocrats","status":"publish","type":"product","link":"https:\/\/www.orto-bar.com\/en\/dogodki\/arhiv\/the-jammocrats\/","title":{"rendered":"The Jammocrats"},"content":{"rendered":"<p>Mi smo The Jammocrats! Na\u0161 moto je: \u00bbGlasba je za\u010dimba \u017eivljenja!\u00ab in vsem \u017eelimo pomagati za\u010diniti \u017eivljenje, da bo vsaj (\u0161e) malo bolj\u0161e. Ne diskriminiramo glede glasbenih zvrsti, kar se ka\u017ee v na\u0161ih ZELO raznolikih izvirnih pesmih, kot so Souls of old spirit, But, Coconuts, Batman, Mrs.Behavaen, Candyman in mnogih drugih. Doslej (se nam zdi), da smo zajeli soul, rock, pop, blues, rap, funk in verjetno \u0161e nekatere zvrsti, za katere sploh ne vemo, da obstajajo. \u010ce je pesem dobra, \u010de nosi dobro sporo\u010dilo in \u010de ljudi premakne na plesi\u0161\u010du ali premakne nekaj v njih, jo bomo igrali tudi na odru.<br \/>\nDanes smo The Jammocrats:<br \/>\n\u2022 Patrick Davidson aka Paddy na bobnih<br \/>\n\u2022 Jernej Begu\u0161 aka Jezza na basu in spremljevalnem vokalu<br \/>\n\u2022 Dalibor Dober\u0161ek solo kitara in spremljevalni vokal<br \/>\n\u2022 Vlado Milo\u0161evi\u0107 na ritem kitari<\/p>\n<p>Malo zgodovine skupine:<br \/>\nThe Jammocrats smo bili ustanovljeni leta 2017. Matic Skrlovnik odli\u010den na bobnih, Milivoj slappin&#8217; da bass s sladkimi linijami, virtuoz Dejan Gavrilovski s \u010dudovitimi melodijami na glavni\/solo kitari in back-vokalih ter Vlado na ritem kitaro in glavnem vokalu. Potem se je zgodilo \u017eivljenje, nekateri so dobili otroke in se odselili na stotine kilometrov stran, nekateri niso (\u0161e) dobili otrok, so pa fasali tendinitis in niso mogli igrati in pridru\u017eili so se novi \u010dlani: imeli smo izjemno sre\u010do, da se nam je za nekaj \u010dasa na bobnih pridru\u017eil Mihael Bovha, ki je neverjeten in potem&#8230; &#8230;je udarila pandemija. \u010ce preletimo vse vzpone in padce, prednosti in slabosti, smo se pred pribli\u017eno pol leta odlo\u010dili za\u010deti znova. Ker so pesmi odli\u010dne, ker so nas obo\u017eevalci \u017eeleli nazaj, ker se vztrajnost spla\u010da in ker lahko pustimo pe\u010dat, smo se vrnili.<\/p>\n<p>&nbsp;<\/p>\n<p>The Jammocrats bomo 3. julija 2023 igrali v veliki dvorani Orto Bara. 92% smo prepri\u010dani, da imamo popoln recept za odli\u010den koncert. Igrali bomo odli\u010dno glasbo z odli\u010dnimi besedili, poskrbeli, da se bodo ljudje premikali po plesi\u0161\u010du in do\u017eivljali le lepe ob\u010dutke \ud83d\ude0a Po na\u0161ih izra\u010dunih bo to ustvarilo lepo izku\u0161njo in lep spomin. To bo super koncert v super kraju, saj je Orto bar institucija na doma\u010di slovenski glasbeni sceni. S svojim punk-rock-alter duhom je zaspani Ljubljani dodal prepotrebno glasbeno plast in to po\u010dne s \u0161tevilnimi koncerti \u017ee od leta 1981. Izjemno smo ponosni, da igramo na velikem odru in dodajamo mozaik izjemnih nastopov Orto bara.<\/p>\n<p>&nbsp;<\/p>\n<p>&nbsp;<\/p>","protected":false},"excerpt":{"rendered":"<p>Mi smo The Jammocrats! Na\u0161 moto je: \u00bbGlasba je za\u010dimba \u017eivljenja!\u00ab in vsem \u017eelimo pomagati za\u010diniti \u017eivljenje, da bo vsaj (\u0161e) malo bolj\u0161e. Ne diskriminiramo glede glasbenih zvrsti, kar se ka\u017ee v na\u0161ih ZELO raznolikih izvirnih pesmih, kot so Souls of old spirit, But, Coconuts, Batman, Mrs.Behavaen, Candyman in mnogih drugih. Doslej (se nam zdi), [&hellip;]<\/p>","protected":false},"author":11,"featured_media":42841,"template":"","meta":{"_seopress_robots_primary_cat":"none","_seopress_titles_title":"","_seopress_titles_desc":"","_seopress_robots_index":""},"product_brand":[],"product_cat":[230],"product_tag":[222],"class_list":{"0":"post-42840","1":"product","2":"type-product","3":"status-publish","4":"has-post-thumbnail","6":"product_cat-arhiv","7":"product_tag-predprodaja","9":"entry","10":"has-media","12":"first","13":"instock","14":"virtual","15":"taxable","16":"product-type-simple","17":"has-product-nav","18":"col","19":"span_1_of_4","20":"owp-content-center","21":"item-entry","22":"owp-thumbs-layout-horizontal","23":"owp-btn-normal","24":"owp-tabs-layout-section","25":"has-no-thumbnails"},"publishpress_future_action":{"enabled":false,"date":"2026-05-08 22:28:41","action":"change-status","newStatus":"draft","terms":[],"taxonomy":"product_cat","extraData":[]},"publishpress_future_workflow_manual_trigger":{"enabledWorkflows":[]},"_links":{"self":[{"href":"https:\/\/www.orto-bar.com\/en\/wp-json\/wp\/v2\/product\/42840","targetHints":{"allow":["GET"]}}],"collection":[{"href":"https:\/\/www.orto-bar.com\/en\/wp-json\/wp\/v2\/product"}],"about":[{"href":"https:\/\/www.orto-bar.com\/en\/wp-json\/wp\/v2\/types\/product"}],"author":[{"embeddable":true,"href":"https:\/\/www.orto-bar.com\/en\/wp-json\/wp\/v2\/users\/11"}],"version-history":[{"count":0,"href":"https:\/\/www.orto-bar.com\/en\/wp-json\/wp\/v2\/product\/42840\/revisions"}],"wp:featuredmedia":[{"embeddable":true,"href":"https:\/\/www.orto-bar.com\/en\/wp-json\/wp\/v2\/media\/42841"}],"wp:attachment":[{"href":"https:\/\/www.orto-bar.com\/en\/wp-json\/wp\/v2\/media?parent=42840"}],"wp:term":[{"taxonomy":"product_brand","embeddable":true,"href":"https:\/\/www.orto-bar.com\/en\/wp-json\/wp\/v2\/product_brand?post=42840"},{"taxonomy":"product_cat","embeddable":true,"href":"https:\/\/www.orto-bar.com\/en\/wp-json\/wp\/v2\/product_cat?post=42840"},{"taxonomy":"product_tag","embeddable":true,"href":"https:\/\/www.orto-bar.com\/en\/wp-json\/wp\/v2\/product_tag?post=42840"}],"curies":[{"name":"wp","href":"https:\/\/api.w.org\/{rel}","templated":true}]}}