{"id":42902,"date":"2023-05-09T20:36:14","date_gmt":"2023-05-09T19:36:14","guid":{"rendered":"https:\/\/www.orto-bar.com\/?post_type=product&#038;p=42902"},"modified":"2024-04-19T23:58:58","modified_gmt":"2024-04-19T21:58:58","slug":"%f0%9d%97%95-%f0%9d%97%9e%f0%9d%97%a2%f0%9d%97%a0%f0%9d%97%a3%f0%9d%97%9f%f0%9d%97%98%f0%9d%97%9e%f0%9d%97%a6-%f0%9d%97%9a%f0%9d%97%a5%f0%9d%97%9c%f0%9d%97%ad%f0%9d%97%9f","status":"publish","type":"product","link":"https:\/\/www.orto-bar.com\/en\/dogodki\/arhiv\/%f0%9d%97%95-%f0%9d%97%9e%f0%9d%97%a2%f0%9d%97%a0%f0%9d%97%a3%f0%9d%97%9f%f0%9d%97%98%f0%9d%97%9e%f0%9d%97%a6-%f0%9d%97%9a%f0%9d%97%a5%f0%9d%97%9c%f0%9d%97%ad%f0%9d%97%9f\/","title":{"rendered":"B-kompleks, Grizl"},"content":{"rendered":"<p>za\u010del Bo\u0161tjan Zorc, gonilna sila zasedbe, leta 2016. Za\u010deli so \u2026 s priredbami. Ampak malo druga\u010de. Znane skladbe so poslovenili oz. jim nadeli nova, slovenska besedila. Willie Nelson, Tom Petty, Johhny Cash, Dolly Parton, Ben Harper in drugi so dobili bolj slovensko noto oz. besedo. Vedno ve\u010d pa je nastajalo tudi avtorskega materiala. B-kompleks so nastali material tudi posneli. Na albumu &#8216;AMERICANA PO SLOVENSKO&#8217; so tako, poleg osnovne zasedbe, svoj del muzike odigrali tudi Ga\u0161per Per\u0161l (bobni), Robert Novak (bas kitara), Mitja Novak (banjo, lap steel kitara), Valerija Tominc (spremljevalni vokali) in Danilo \u017denko (klaviature).<\/p>\n<p>Vse je slabo:\u00a0<a href=\"https:\/\/tinyurl.com\/spyx38bw?fbclid=IwAR3LxTkTkUFP500Bb4nVFOKzDxrH-S0FR0sh2BN4kIfrJHum_I87vtxw_KM\">https:\/\/tinyurl.com\/spyx3<\/a>\u00a0skupina prina\u0161a sve\u017e, naraven in okolju prijazen rock n&#8217; roll. S koreninami v hard rocku svoj zvok prepoji z elementi bluesa, rhythm &amp; bluesa in celo s kan\u010dkom jazza. Njihove skladbe se razvijajo skozi d\u017eeme in so kompleksno strukturirane ter zahtevajo ve\u010dkratno poslu\u0161anje. S poudarkom na in\u0161trumentalne kompozicije, igrivost in eksperimentiranje, bend ustvarja edinstven zvok v slovenskem glasbenem prostoru. Njihova besedila ponujajo preplet osebnih izpovedi in dru\u017ebeno ozave\u0161\u010denih opa\u017eanj, ter prikazujejo razmi\u0161ljanje in intelektualno spodbuden pristop.<\/p>\n<p>Nau\u010di se pasti:\u00a0<a href=\"https:\/\/tinyurl.com\/yck6fz5m?fbclid=IwAR10A10yjBZDzp1blYph0WVjwtX28EAWKihxs06fQL-UicDSFYiZxNOQdzg\">https:\/\/tinyurl.com\/yck6fz5m<\/a><\/p>","protected":false},"excerpt":{"rendered":"<p>za\u010del Bo\u0161tjan Zorc, gonilna sila zasedbe, leta 2016. Za\u010deli so \u2026 s priredbami. Ampak malo druga\u010de. Znane skladbe so poslovenili oz. jim nadeli nova, slovenska besedila. Willie Nelson, Tom Petty, Johhny Cash, Dolly Parton, Ben Harper in drugi so dobili bolj slovensko noto oz. besedo. Vedno ve\u010d pa je nastajalo tudi avtorskega materiala. B-kompleks so [&hellip;]<\/p>","protected":false},"author":11,"featured_media":42903,"template":"","meta":{"_seopress_robots_primary_cat":"none","_seopress_titles_title":"","_seopress_titles_desc":"","_seopress_robots_index":""},"product_brand":[],"product_cat":[230],"product_tag":[222],"class_list":{"0":"post-42902","1":"product","2":"type-product","3":"status-publish","4":"has-post-thumbnail","6":"product_cat-arhiv","7":"product_tag-predprodaja","9":"entry","10":"has-media","12":"first","13":"instock","14":"virtual","15":"taxable","16":"product-type-simple","17":"has-product-nav","18":"col","19":"span_1_of_4","20":"owp-content-center","21":"item-entry","22":"owp-thumbs-layout-horizontal","23":"owp-btn-normal","24":"owp-tabs-layout-section","25":"has-no-thumbnails"},"publishpress_future_action":{"enabled":false,"date":"2026-05-08 23:03:36","action":"change-status","newStatus":"draft","terms":[],"taxonomy":"product_cat","extraData":[]},"publishpress_future_workflow_manual_trigger":{"enabledWorkflows":[]},"_links":{"self":[{"href":"https:\/\/www.orto-bar.com\/en\/wp-json\/wp\/v2\/product\/42902","targetHints":{"allow":["GET"]}}],"collection":[{"href":"https:\/\/www.orto-bar.com\/en\/wp-json\/wp\/v2\/product"}],"about":[{"href":"https:\/\/www.orto-bar.com\/en\/wp-json\/wp\/v2\/types\/product"}],"author":[{"embeddable":true,"href":"https:\/\/www.orto-bar.com\/en\/wp-json\/wp\/v2\/users\/11"}],"version-history":[{"count":0,"href":"https:\/\/www.orto-bar.com\/en\/wp-json\/wp\/v2\/product\/42902\/revisions"}],"wp:featuredmedia":[{"embeddable":true,"href":"https:\/\/www.orto-bar.com\/en\/wp-json\/wp\/v2\/media\/42903"}],"wp:attachment":[{"href":"https:\/\/www.orto-bar.com\/en\/wp-json\/wp\/v2\/media?parent=42902"}],"wp:term":[{"taxonomy":"product_brand","embeddable":true,"href":"https:\/\/www.orto-bar.com\/en\/wp-json\/wp\/v2\/product_brand?post=42902"},{"taxonomy":"product_cat","embeddable":true,"href":"https:\/\/www.orto-bar.com\/en\/wp-json\/wp\/v2\/product_cat?post=42902"},{"taxonomy":"product_tag","embeddable":true,"href":"https:\/\/www.orto-bar.com\/en\/wp-json\/wp\/v2\/product_tag?post=42902"}],"curies":[{"name":"wp","href":"https:\/\/api.w.org\/{rel}","templated":true}]}}