{"id":43171,"date":"2023-05-21T13:07:09","date_gmt":"2023-05-21T12:07:09","guid":{"rendered":"https:\/\/www.orto-bar.com\/?post_type=product&#038;p=43171"},"modified":"2023-06-29T13:38:57","modified_gmt":"2023-06-29T12:38:57","slug":"the-dukes-of-prunes-tribute-to-frank-zappa","status":"publish","type":"product","link":"https:\/\/www.orto-bar.com\/en\/dogodki\/arhiv\/the-dukes-of-prunes-tribute-to-frank-zappa\/","title":{"rendered":"THE DUKES OF PRUNES-Tribute to Frank Zappa"},"content":{"rendered":"<p><strong>THE DUKES OF PRUNES<\/strong><\/p>\n<p>&nbsp;<\/p>\n<p><strong>SAMO TURK<\/strong> kitara, vokal<\/p>\n<p><strong>ROK SOCZKA MANDAC<\/strong> kitara, vocal<\/p>\n<p><strong>ANDREJ MARIN\u010cI\u010c<\/strong> klaviature<\/p>\n<p><strong>\u017dIGA FABBRO<\/strong> sax, vokal<\/p>\n<p><strong>BORIS HOLE\u0160EK<\/strong> bas<\/p>\n<p><strong>ALE\u0160 ZOREC<\/strong> \u2013 bobni<\/p>\n<p><em>\u00a0<\/em><\/p>\n<p>&nbsp;<\/p>\n<p><strong>The Dukes of Prunes <\/strong>se je za\u010del kot \u0161olski projekt, ki sta ga dva \u010dlana, tedaj oba u\u010ditelja na koprski glasbeni \u0161oli, ustanovila z namenom, da glasbo Franka Zappe pribli\u017eata tudi mlaj\u0161im generacijam. Ve\u010d kot uspe\u0161en projekt je nato prerasel glasbeno \u0161olo in se spremenil v udaren Zappa ex-teenage combo.<\/p>\n<p>V letu 2023 se ob 30-letnici njegove smrti na odrih znova borijo proti svetu brez Zappe.<\/p>\n<p>&nbsp;<\/p>\n<p><em>FRANK ZAPPA (1940-1993) je bil ena najpomembnej\u0161ih glasbenih figur 20. stoletja. Ustvarjal, me\u0161al in preskakoval je polja moderne klasi\u010dne glasbe, psihadeli\u010dne, fusion, jazz, rock in zgodnje programirane ter elektronske glasbe z ob\u010dasnimi ekskurzi v vse ostalo.\u00a0<\/em><\/p>\n<p><em>Zappovo glasbo poleg pestrosti odlikuje tudi obseg. Okrog \u0161estdeset albumov za \u010dasa \u017eivljenja, pribli\u017eno \u0161e enkrat toliko uradnih izdaj po smrti in ne\u0161teti bootlegi so pustili in \u0161e vedno \u0161irijo pe\u010dat v zgodovini glasbe.<\/em><\/p>\n<p><em>Poleg tega se je Zappov glasbeni genij odra\u017eal v izjemni pestrosti besedil. Na prvi posluh zgolj humornih, v resnici pa izjemno pronicljivih in kriti\u010dnih, izhajajo\u010dih iz vsakdanjih bizarnosti. Zappa je v besedilih, pa tudi sicer, relativiziral vse. Predmet posmeha in kritike so vsi pripadniki in vse pripadnice \u010dlove\u0161ke dru\u017ebe. Tako \u017eenske kot mo\u0161ki, \u010drnci in belci, \u0161portniki, pivci piva, Francozi, najstniki, jazzisti in Jimi Hendrix. Zato je bil venomer tar\u010da vseh \u00bbvaruhov\u00ab: morale in enakosti, klasike, jazza in rock&#8217;n&#8217;rolla.<\/em><\/p>\n<p>&nbsp;<\/p>\n<p><em>\u00a0<\/em><\/p>\n<p>POSNETKI \/ <em>RECORDINGS<\/em><\/p>\n<p><em>\u00a0<\/em><\/p>\n<p><a href=\"https:\/\/www.youtube.com\/watch?v=_SGKeQMnqRI\">Promo medley<\/a> (Ljubljanski grad 2019)<\/p>\n<p><a href=\"https:\/\/www.youtube.com\/watch?v=2abeCJsbNoI\">Peaches En Regalia (Lent 2019)<\/a><\/p>\n<p><a href=\"https:\/\/www.youtube.com\/watch?v=VS4TJHTf7bY&amp;list=PLQn2amjbTPb-zDOfgaMBbTPp12iLfJikT&amp;index=5\">Bamboozled By Love (Lent 2019)<\/a><\/p>\n<p><a href=\"https:\/\/youtu.be\/p1kqAb3yILI\">Magic Fingers<\/a> (2018)<\/p>\n<p><a href=\"https:\/\/www.youtube.com\/watch?v=yOepcsBTnD0\">City of Tiny Lites (\u0160pital za prijatle 2019)<\/a><\/p>\n<p>&nbsp;<\/p>\n<p>&nbsp;<\/p>\n<p><a href=\"https:\/\/www.facebook.com\/The-Dukes-of-Prunes-242498063362285\/\">FACEBOOK<\/a><\/p>","protected":false},"excerpt":{"rendered":"<p>THE DUKES OF PRUNES &nbsp; SAMO TURK kitara, vokal ROK SOCZKA MANDAC kitara, vocal ANDREJ MARIN\u010cI\u010c klaviature \u017dIGA FABBRO sax, vokal BORIS HOLE\u0160EK bas ALE\u0160 ZOREC \u2013 bobni \u00a0 &nbsp; The Dukes of Prunes se je za\u010del kot \u0161olski projekt, ki sta ga dva \u010dlana, tedaj oba u\u010ditelja na koprski glasbeni \u0161oli, ustanovila z namenom, [&hellip;]<\/p>","protected":false},"author":11,"featured_media":43172,"template":"","meta":{"_seopress_robots_primary_cat":"none","_seopress_titles_title":"","_seopress_titles_desc":"","_seopress_robots_index":""},"product_brand":[],"product_cat":[230],"product_tag":[222],"class_list":{"0":"post-43171","1":"product","2":"type-product","3":"status-publish","4":"has-post-thumbnail","6":"product_cat-arhiv","7":"product_tag-predprodaja","9":"entry","10":"has-media","12":"first","13":"instock","14":"virtual","15":"taxable","16":"product-type-simple","17":"has-product-nav","18":"col","19":"span_1_of_4","20":"owp-content-center","21":"item-entry","22":"owp-thumbs-layout-horizontal","23":"owp-btn-normal","24":"owp-tabs-layout-section","25":"has-no-thumbnails"},"publishpress_future_action":{"enabled":false,"date":"2026-05-09 00:14:50","action":"change-status","newStatus":"draft","terms":[],"taxonomy":"product_cat","extraData":[]},"publishpress_future_workflow_manual_trigger":{"enabledWorkflows":[]},"_links":{"self":[{"href":"https:\/\/www.orto-bar.com\/en\/wp-json\/wp\/v2\/product\/43171","targetHints":{"allow":["GET"]}}],"collection":[{"href":"https:\/\/www.orto-bar.com\/en\/wp-json\/wp\/v2\/product"}],"about":[{"href":"https:\/\/www.orto-bar.com\/en\/wp-json\/wp\/v2\/types\/product"}],"author":[{"embeddable":true,"href":"https:\/\/www.orto-bar.com\/en\/wp-json\/wp\/v2\/users\/11"}],"version-history":[{"count":0,"href":"https:\/\/www.orto-bar.com\/en\/wp-json\/wp\/v2\/product\/43171\/revisions"}],"wp:featuredmedia":[{"embeddable":true,"href":"https:\/\/www.orto-bar.com\/en\/wp-json\/wp\/v2\/media\/43172"}],"wp:attachment":[{"href":"https:\/\/www.orto-bar.com\/en\/wp-json\/wp\/v2\/media?parent=43171"}],"wp:term":[{"taxonomy":"product_brand","embeddable":true,"href":"https:\/\/www.orto-bar.com\/en\/wp-json\/wp\/v2\/product_brand?post=43171"},{"taxonomy":"product_cat","embeddable":true,"href":"https:\/\/www.orto-bar.com\/en\/wp-json\/wp\/v2\/product_cat?post=43171"},{"taxonomy":"product_tag","embeddable":true,"href":"https:\/\/www.orto-bar.com\/en\/wp-json\/wp\/v2\/product_tag?post=43171"}],"curies":[{"name":"wp","href":"https:\/\/api.w.org\/{rel}","templated":true}]}}