{"id":43489,"date":"2023-06-02T11:51:26","date_gmt":"2023-06-02T10:51:26","guid":{"rendered":"https:\/\/www.orto-bar.com\/?post_type=product&#038;p=43489"},"modified":"2023-11-25T00:00:25","modified_gmt":"2023-11-24T23:00:25","slug":"black-diamonds-kiss-tribute-band","status":"publish","type":"product","link":"https:\/\/www.orto-bar.com\/en\/dogodki\/arhiv\/black-diamonds-kiss-tribute-band\/","title":{"rendered":"Black Diamonds-KISS Tribute Band"},"content":{"rendered":"<p>Black Diamonds so italijanski KISS tribute band. Za\u010deli so nastopati leta 2008 v bli\u017eini Torina. \u017de od samega za\u010detka so se \u017eeleli \u010dimbolj pribli\u017eati nastopu originalne ameri\u0161ke zasedbe KISS.<\/p>\n<p>Igrali so v \u0161tevilnih italijanskih in evropskih dvoranah in izvedejo odli\u010dno KIss predstavo,vklju\u010dno s kostimi in originalnim \u0161ovom.<\/p>\n<p>\u010crni Diamanti so :<\/p>\n<p>Fabio\u201dstarchild\u201dPeriale<\/p>\n<p>Roberto\u201dthe demon\u201d Minato<\/p>\n<p>Alessandro \u201dthe spaceman\u201d Martinengo<\/p>\n<p>Gilberto\u201dthe catman\u201dPuntillo<\/p>\n<p>&nbsp;<\/p>\n<p>Black diamonds italian kiss tribute band The band starts to play in 2008 near the city of Torino to offer a live act similar a classic show of the original american band of KISS.growing up in small pubs of Torino,the band goes on to play in more and more pubs,concert halls and beerfest of Italy and Europe with a great and fun show The live acts repeats the kiss original show with costumes, make up, lighs and fireworks and a set list from the &#8217;70 plus few new songs<\/p>\n<p>Black Diamonds are:<\/p>\n<p>Fabio\u201dstarchild\u201dPeriale<\/p>\n<p>Roberto\u201dthe demon\u201d Minato<\/p>\n<p>Alessandro \u201dthe spaceman\u201d Martinengo<\/p>\n<p>Gilberto\u201dthe catman\u201dPuntillo<\/p>\n<p>&nbsp;<\/p>\n<p>&nbsp;<\/p>","protected":false},"excerpt":{"rendered":"<p>Black Diamonds so italijanski KISS tribute band. Za\u010deli so nastopati leta 2008 v bli\u017eini Torina. \u017de od samega za\u010detka so se \u017eeleli \u010dimbolj pribli\u017eati nastopu originalne ameri\u0161ke zasedbe KISS. Igrali so v \u0161tevilnih italijanskih in evropskih dvoranah in izvedejo odli\u010dno KIss predstavo,vklju\u010dno s kostimi in originalnim \u0161ovom. \u010crni Diamanti so : Fabio\u201dstarchild\u201dPeriale Roberto\u201dthe demon\u201d Minato [&hellip;]<\/p>","protected":false},"author":11,"featured_media":43487,"template":"","meta":{"_seopress_robots_primary_cat":"none","_seopress_titles_title":"","_seopress_titles_desc":"","_seopress_robots_index":""},"product_brand":[],"product_cat":[230],"product_tag":[222],"class_list":{"0":"post-43489","1":"product","2":"type-product","3":"status-publish","4":"has-post-thumbnail","6":"product_cat-arhiv","7":"product_tag-predprodaja","9":"entry","10":"has-media","12":"first","13":"instock","14":"virtual","15":"taxable","16":"product-type-simple","17":"has-product-nav","18":"col","19":"span_1_of_4","20":"owp-content-center","21":"item-entry","22":"owp-thumbs-layout-horizontal","23":"owp-btn-normal","24":"owp-tabs-layout-section","25":"has-no-thumbnails"},"publishpress_future_action":{"enabled":false,"date":"2026-05-11 10:54:24","action":"change-status","newStatus":"draft","terms":[],"taxonomy":"product_cat","extraData":[]},"publishpress_future_workflow_manual_trigger":{"enabledWorkflows":[]},"_links":{"self":[{"href":"https:\/\/www.orto-bar.com\/en\/wp-json\/wp\/v2\/product\/43489","targetHints":{"allow":["GET"]}}],"collection":[{"href":"https:\/\/www.orto-bar.com\/en\/wp-json\/wp\/v2\/product"}],"about":[{"href":"https:\/\/www.orto-bar.com\/en\/wp-json\/wp\/v2\/types\/product"}],"author":[{"embeddable":true,"href":"https:\/\/www.orto-bar.com\/en\/wp-json\/wp\/v2\/users\/11"}],"version-history":[{"count":0,"href":"https:\/\/www.orto-bar.com\/en\/wp-json\/wp\/v2\/product\/43489\/revisions"}],"wp:featuredmedia":[{"embeddable":true,"href":"https:\/\/www.orto-bar.com\/en\/wp-json\/wp\/v2\/media\/43487"}],"wp:attachment":[{"href":"https:\/\/www.orto-bar.com\/en\/wp-json\/wp\/v2\/media?parent=43489"}],"wp:term":[{"taxonomy":"product_brand","embeddable":true,"href":"https:\/\/www.orto-bar.com\/en\/wp-json\/wp\/v2\/product_brand?post=43489"},{"taxonomy":"product_cat","embeddable":true,"href":"https:\/\/www.orto-bar.com\/en\/wp-json\/wp\/v2\/product_cat?post=43489"},{"taxonomy":"product_tag","embeddable":true,"href":"https:\/\/www.orto-bar.com\/en\/wp-json\/wp\/v2\/product_tag?post=43489"}],"curies":[{"name":"wp","href":"https:\/\/api.w.org\/{rel}","templated":true}]}}