{"id":43620,"date":"2023-06-07T19:13:24","date_gmt":"2023-06-07T18:13:24","guid":{"rendered":"https:\/\/www.orto-bar.com\/?post_type=product&#038;p=43620"},"modified":"2023-10-20T23:44:15","modified_gmt":"2023-10-20T21:44:15","slug":"plateau-2","status":"publish","type":"product","link":"https:\/\/www.orto-bar.com\/en\/dogodki\/arhiv\/plateau-2\/","title":{"rendered":"Plateau"},"content":{"rendered":"<p>Dragi na\u0161i,<\/p>\n<p>&nbsp;<\/p>\n<p>bli\u017ea se dogodek, ki ste ga vsi \u010dakal ene 5 let vsaj, mi pa cel lajf verjetno. Plateau dru\u017eina ponosno predstavlja svoj prvi (debut) album v legendarnem Orto Baru. Celove\u010derni akcijski film, zagotovljena presene\u010denja vseh razse\u017enosti, special merch, vsi komadi na\u0161i everrr in, seveda, \u0161tirje prijatelji, ki bodo raztrgal oder 1. tako kot se spobodi in 2. kakor le oni znajo. Pridite skupaj z nami podo\u017eivet 5 let ustvarjanja, solz, smeha, in pa\u010d vseh teh \u010dustev vmes, sej veste no.<\/p>\n<p>&nbsp;<\/p>\n<p>Vse\u00a0skrivnosti\u00a0vetru &#8211; spektakel raznoraznih vzgibov, afektov in razpolo\u017eenj:<\/p>\n<p>&nbsp;<\/p>\n<p>Na albumu lahko pri\u010dakujete hite, ki jih poznate \u017ee zdej plus par novih\/starih komadov, ki smo jih z Bortom Rossom pilili na \u0161entjernejskem Boriland ran\u010du.\u00a0Vse\u00a0je ful razgibano, noben komad ne zveni isto in vsak zase je pristen dokument \u010dasa, emocij in ustvarjanja, v katerem smo bili ujeti tisti trenutek.<\/p>\n<p>&nbsp;<\/p>\n<p>\u0160pilal smo \u017ee na \u0160kisovi, Ortofestu, raznoraznih festivalih, v Kinu \u0160i\u0161ka, izdal 5 singlov, pobral nekaj laskavih nagrad, zdej je pa \u010das, da nardimo neki \u010dist in popolnoma sami. Neki pomen neki dobrga.<\/p>\n<p>&nbsp;<\/p>\n<p>Se ga,<\/p>\n<p>&nbsp;<\/p>\n<p>va\u0161i Plateau<\/p>\n<p>&nbsp;<\/p>\n<p>Zaseba:<\/p>\n<p>&#8211; Ga\u0161per Turk (elektri\u010dna kitara in vokal)<\/p>\n<p>&#8211; Martin Koncilija (bas kitara in vokal)<\/p>\n<p>&#8211; Alja\u017e Ogulin (bobni in vokal)<\/p>\n<p>&#8211; Andrej Kaferle (klaviature)<\/p>\n<p>&nbsp;<\/p>\n<p>&#8211; Instagram:\u00a0<a href=\"https:\/\/l.facebook.com\/l.php?u=https%3A%2F%2Finstagram.com%2Fplateau_druzina%3Figshid%3DYmMyMTA2M2Y%253D%26fbclid%3DIwAR0KAWl332QRktZrbsTRGOnhIVkmQ6iHwcUEDvvAazfjosMBlOTT0wMgURI&amp;h=AT36RXHYM7oO-FjwnUG059aeOhs_RdGLZiJnyYM_U8Xz_rCwiQjWR9Q6GvLD5uvtfZoCKCytm1YlMaQLu2kOvDOcV4TJNwTpvKGkDsPBwInD-PGISbVgFARC2H3on3HAtTBVs3GL\">https:\/\/instagram.com\/plateau_druzina?igshid=YmMyMTA2M2Y=<\/a><\/p>\n<p>&#8211; Facebook:\u00a0<a href=\"https:\/\/www.facebook.com\/plateaufamilija\">https:\/\/www.facebook.com\/plateaufamilija<\/a><\/p>\n<p>&#8211; Youtube: <a href=\"https:\/\/www.youtube.com\/@plateaudruzina7744\">https:\/\/www.youtube.com\/@plateaudruzina7744<\/a><\/p>\n<p><strong>Vstopnice :<\/strong><\/p>\n<p><strong>early bird : 8 \u20ac &#8211; RAZPRODANO!<\/strong><\/p>\n<p><strong>redna cena : 10 \u20ac &#8211; RAZPRODANO!<\/strong><\/p>\n<p><strong>zadnje vstopnice : 12 \u20ac<\/strong><\/p>","protected":false},"excerpt":{"rendered":"<p>Dragi na\u0161i, &nbsp; bli\u017ea se dogodek, ki ste ga vsi \u010dakal ene 5 let vsaj, mi pa cel lajf verjetno. Plateau dru\u017eina ponosno predstavlja svoj prvi (debut) album v legendarnem Orto Baru. Celove\u010derni akcijski film, zagotovljena presene\u010denja vseh razse\u017enosti, special merch, vsi komadi na\u0161i everrr in, seveda, \u0161tirje prijatelji, ki bodo raztrgal oder 1. tako [&hellip;]<\/p>","protected":false},"author":11,"featured_media":43622,"template":"","meta":{"_seopress_robots_primary_cat":"none","_seopress_titles_title":"","_seopress_titles_desc":"","_seopress_robots_index":""},"product_brand":[],"product_cat":[230],"product_tag":[222],"class_list":{"0":"post-43620","1":"product","2":"type-product","3":"status-publish","4":"has-post-thumbnail","6":"product_cat-arhiv","7":"product_tag-predprodaja","9":"entry","10":"has-media","12":"first","13":"outofstock","14":"virtual","15":"taxable","16":"product-type-simple","17":"has-product-nav","18":"col","19":"span_1_of_4","20":"owp-content-center","21":"item-entry","22":"owp-thumbs-layout-horizontal","23":"owp-btn-normal","24":"owp-tabs-layout-section"},"publishpress_future_action":{"enabled":false,"date":"2026-05-09 03:26:57","action":"change-status","newStatus":"draft","terms":[],"taxonomy":"product_cat","extraData":[]},"publishpress_future_workflow_manual_trigger":{"enabledWorkflows":[]},"_links":{"self":[{"href":"https:\/\/www.orto-bar.com\/en\/wp-json\/wp\/v2\/product\/43620","targetHints":{"allow":["GET"]}}],"collection":[{"href":"https:\/\/www.orto-bar.com\/en\/wp-json\/wp\/v2\/product"}],"about":[{"href":"https:\/\/www.orto-bar.com\/en\/wp-json\/wp\/v2\/types\/product"}],"author":[{"embeddable":true,"href":"https:\/\/www.orto-bar.com\/en\/wp-json\/wp\/v2\/users\/11"}],"version-history":[{"count":0,"href":"https:\/\/www.orto-bar.com\/en\/wp-json\/wp\/v2\/product\/43620\/revisions"}],"wp:featuredmedia":[{"embeddable":true,"href":"https:\/\/www.orto-bar.com\/en\/wp-json\/wp\/v2\/media\/43622"}],"wp:attachment":[{"href":"https:\/\/www.orto-bar.com\/en\/wp-json\/wp\/v2\/media?parent=43620"}],"wp:term":[{"taxonomy":"product_brand","embeddable":true,"href":"https:\/\/www.orto-bar.com\/en\/wp-json\/wp\/v2\/product_brand?post=43620"},{"taxonomy":"product_cat","embeddable":true,"href":"https:\/\/www.orto-bar.com\/en\/wp-json\/wp\/v2\/product_cat?post=43620"},{"taxonomy":"product_tag","embeddable":true,"href":"https:\/\/www.orto-bar.com\/en\/wp-json\/wp\/v2\/product_tag?post=43620"}],"curies":[{"name":"wp","href":"https:\/\/api.w.org\/{rel}","templated":true}]}}