{"id":43664,"date":"2023-06-08T22:27:20","date_gmt":"2023-06-08T21:27:20","guid":{"rendered":"https:\/\/www.orto-bar.com\/?post_type=product&#038;p=43664"},"modified":"2023-06-08T22:37:01","modified_gmt":"2023-06-08T21:37:01","slug":"enjoy-your-privacy","status":"publish","type":"product","link":"https:\/\/www.orto-bar.com\/en\/dogodki\/arhiv\/enjoy-your-privacy\/","title":{"rendered":"Enjoy Your Privacy"},"content":{"rendered":"<p>Enjoy Your Privacy smo bend, ki ga sestavljajo \u0161tirje \u010dlani iz bli\u017enje okolice Kranja: frontman in kitarist Florjan Megli\u010d, kitarist Ga\u0161per Cankar, basist Matic Poto\u010dnik in bobnar Damjan Kau\u010di\u010d.<\/p>\n<p>Kot posamezniki se z glasbo ukvarjamo \u017ee vrsto let. Kot skupina pa smo glasbeno pot za\u010deli \u017ee pred osmimi leti, takrat \u0161e s prirejanjem pesmi drugih izvajalcev. Leta 2020 pa smo za\u010deli z ustvarjanjem lastne avtorske glasbe.<\/p>\n<p>Na\u0161 stil igranja je zelo barvno razigran, igramo me\u0161anico rocka, popa, alternativne in indie glasbe.<\/p>\n<p>Igrali smo na veliko odrih s \u0161tevilnimi znanimi in manj znanimi skupinami (Siddharta, Big Foot Mama, Hamo &amp; Tribute 2 Love).<\/p>\n<p>Lani smo na dogodku, v organizaciji Citycentra Celja postali CITYBAND 2022 po mnenju \u017eirije.<\/p>\n<p>Povezave:<\/p>\n<p>FB:\u00a0<a href=\"https:\/\/www.facebook.com\/enjoyyourprivacyEYP\/\">enjoyyourprivacyEYP<\/a><\/p>\n<p>IG:\u00a0<a href=\"https:\/\/www.instagram.com\/enjoyyourprivacy\/\">@enjoyyourprivacy<\/a><\/p>\n<p>YT: <a href=\"https:\/\/www.youtube.com\/@enjoyyourprivacy\/videos\">https:\/\/www.youtube.com\/@enjoyyourprivacy\/videos<\/a><\/p>\n<p>SPTFY:\u00a0<a href=\"https:\/\/open.spotify.com\/artist\/1na4DmPL5rp6HVLowovITZ?si=NXQ6J9iJS9igUKFZ9MVW8g\">https:\/\/open.spotify.com\/artist\/1na4DmPL5rp6HVLowovITZ?si=NXQ6J9iJS9igUKFZ9MVW8g<\/a><\/p>\n<p>&nbsp;<\/p>\n<p><strong>Enjoy Your Privacy\u00a0<\/strong><\/p>","protected":false},"excerpt":{"rendered":"<p>Enjoy Your Privacy smo bend, ki ga sestavljajo \u0161tirje \u010dlani iz bli\u017enje okolice Kranja: frontman in kitarist Florjan Megli\u010d, kitarist Ga\u0161per Cankar, basist Matic Poto\u010dnik in bobnar Damjan Kau\u010di\u010d. Kot posamezniki se z glasbo ukvarjamo \u017ee vrsto let. Kot skupina pa smo glasbeno pot za\u010deli \u017ee pred osmimi leti, takrat \u0161e s prirejanjem pesmi drugih [&hellip;]<\/p>","protected":false},"author":11,"featured_media":43666,"template":"","meta":{"_seopress_robots_primary_cat":"none","_seopress_titles_title":"","_seopress_titles_desc":"","_seopress_robots_index":""},"product_brand":[],"product_cat":[230],"product_tag":[222],"class_list":{"0":"post-43664","1":"product","2":"type-product","3":"status-publish","4":"has-post-thumbnail","6":"product_cat-arhiv","7":"product_tag-predprodaja","9":"entry","10":"has-media","12":"first","13":"instock","14":"virtual","15":"taxable","16":"product-type-simple","17":"has-product-nav","18":"col","19":"span_1_of_4","20":"owp-content-center","21":"item-entry","22":"owp-thumbs-layout-horizontal","23":"owp-btn-normal","24":"owp-tabs-layout-section","25":"has-no-thumbnails"},"publishpress_future_action":{"enabled":false,"date":"2026-05-09 00:14:18","action":"change-status","newStatus":"draft","terms":[],"taxonomy":"product_cat","extraData":[]},"publishpress_future_workflow_manual_trigger":{"enabledWorkflows":[]},"_links":{"self":[{"href":"https:\/\/www.orto-bar.com\/en\/wp-json\/wp\/v2\/product\/43664","targetHints":{"allow":["GET"]}}],"collection":[{"href":"https:\/\/www.orto-bar.com\/en\/wp-json\/wp\/v2\/product"}],"about":[{"href":"https:\/\/www.orto-bar.com\/en\/wp-json\/wp\/v2\/types\/product"}],"author":[{"embeddable":true,"href":"https:\/\/www.orto-bar.com\/en\/wp-json\/wp\/v2\/users\/11"}],"version-history":[{"count":0,"href":"https:\/\/www.orto-bar.com\/en\/wp-json\/wp\/v2\/product\/43664\/revisions"}],"wp:featuredmedia":[{"embeddable":true,"href":"https:\/\/www.orto-bar.com\/en\/wp-json\/wp\/v2\/media\/43666"}],"wp:attachment":[{"href":"https:\/\/www.orto-bar.com\/en\/wp-json\/wp\/v2\/media?parent=43664"}],"wp:term":[{"taxonomy":"product_brand","embeddable":true,"href":"https:\/\/www.orto-bar.com\/en\/wp-json\/wp\/v2\/product_brand?post=43664"},{"taxonomy":"product_cat","embeddable":true,"href":"https:\/\/www.orto-bar.com\/en\/wp-json\/wp\/v2\/product_cat?post=43664"},{"taxonomy":"product_tag","embeddable":true,"href":"https:\/\/www.orto-bar.com\/en\/wp-json\/wp\/v2\/product_tag?post=43664"}],"curies":[{"name":"wp","href":"https:\/\/api.w.org\/{rel}","templated":true}]}}