{"id":43938,"date":"2023-06-13T16:35:18","date_gmt":"2023-06-13T15:35:18","guid":{"rendered":"https:\/\/www.orto-bar.com\/?post_type=product&#038;p=43938"},"modified":"2023-09-18T11:43:55","modified_gmt":"2023-09-18T10:43:55","slug":"marko-cadez-mackic","status":"publish","type":"product","link":"https:\/\/www.orto-bar.com\/en\/dogodki\/arhiv\/marko-cadez-mackic\/","title":{"rendered":"Marko \u010cade\u017e Ma\u010dki\u0107"},"content":{"rendered":"<p><strong>Marko \u010cade\u017e <\/strong><strong>Ma\u010dki\u0107<\/strong> je mlad umetnik in multiin\u0161trumentalist iz Nove Gorice, posebej aktiven na podro\u010dju glasbe in literature. Svojo glasbeno pot je za\u010del kot klasi\u010dni pianist, se nato sam nau\u010dil igrati kitaro ter se zdaj posvetil tudi bas kitari. Petje ga spremlja \u017ee vse \u017eivljenje (tako z o\u010detom Vladimirjem \u010cade\u017eem kot dedkom Danilom \u010cade\u017eem) in doda povsem svojo melodi\u010dnost njegovi glasbi. Kot frontman in basist v lastnem bendu zdaj stopa na glasbene odre ter ima za sabo \u017ee ve\u010d nastopov v Novi Gorici, na Radiu Robin, koncert kot predskupina Siddharte in Vlada Kreslina, studijsko posnet single She ter \u0161tevilne lokalne in tuje sledilce. Edinstven stil, s katerim se pona\u0161ajo njegove kompozicije, izvira iz njegove fascinacije nad svetovno liriko, kar se ka\u017ee v globokih, a spevnih besedilih, obarvanih s \u0161irokim spektrom glasbenih navdihov. Dedi\u0161\u010dino dru\u017eine \u010cade\u017e bogati in \u0161iri s pomo\u010djo mlade, a izku\u0161ene zasedbe:<\/p>\n<p>&nbsp;<\/p>\n<ul>\n<li>Maj \u0160pacapan, Jure Ipavec (kitare)<\/li>\n<li>Miha Spa\u010dal (klaviature)<\/li>\n<li>Jaka Podgornik (bobni)<\/li>\n<li>YouTube povezava:<a href=\"https:\/\/youtu.be\/43dYuRMEgEM\">https:\/\/youtu.be\/43dYuRMEgEM<\/a><\/li>\n<\/ul>","protected":false},"excerpt":{"rendered":"<p>Marko \u010cade\u017e Ma\u010dki\u0107 je mlad umetnik in multiin\u0161trumentalist iz Nove Gorice, posebej aktiven na podro\u010dju glasbe in literature. Svojo glasbeno pot je za\u010del kot klasi\u010dni pianist, se nato sam nau\u010dil igrati kitaro ter se zdaj posvetil tudi bas kitari. Petje ga spremlja \u017ee vse \u017eivljenje (tako z o\u010detom Vladimirjem \u010cade\u017eem kot dedkom Danilom \u010cade\u017eem) in [&hellip;]<\/p>","protected":false},"author":11,"featured_media":43940,"template":"","meta":{"_seopress_robots_primary_cat":"none","_seopress_titles_title":"","_seopress_titles_desc":"","_seopress_robots_index":""},"product_brand":[],"product_cat":[230],"product_tag":[222],"class_list":{"0":"post-43938","1":"product","2":"type-product","3":"status-publish","4":"has-post-thumbnail","6":"product_cat-arhiv","7":"product_tag-predprodaja","9":"entry","10":"has-media","12":"first","13":"instock","14":"virtual","15":"taxable","16":"product-type-simple","17":"has-product-nav","18":"col","19":"span_1_of_4","20":"owp-content-center","21":"item-entry","22":"owp-thumbs-layout-horizontal","23":"owp-btn-normal","24":"owp-tabs-layout-section","25":"has-no-thumbnails"},"publishpress_future_action":{"enabled":false,"date":"2026-05-09 00:14:28","action":"change-status","newStatus":"draft","terms":[],"taxonomy":"product_cat","extraData":[]},"publishpress_future_workflow_manual_trigger":{"enabledWorkflows":[]},"_links":{"self":[{"href":"https:\/\/www.orto-bar.com\/en\/wp-json\/wp\/v2\/product\/43938","targetHints":{"allow":["GET"]}}],"collection":[{"href":"https:\/\/www.orto-bar.com\/en\/wp-json\/wp\/v2\/product"}],"about":[{"href":"https:\/\/www.orto-bar.com\/en\/wp-json\/wp\/v2\/types\/product"}],"author":[{"embeddable":true,"href":"https:\/\/www.orto-bar.com\/en\/wp-json\/wp\/v2\/users\/11"}],"version-history":[{"count":0,"href":"https:\/\/www.orto-bar.com\/en\/wp-json\/wp\/v2\/product\/43938\/revisions"}],"wp:featuredmedia":[{"embeddable":true,"href":"https:\/\/www.orto-bar.com\/en\/wp-json\/wp\/v2\/media\/43940"}],"wp:attachment":[{"href":"https:\/\/www.orto-bar.com\/en\/wp-json\/wp\/v2\/media?parent=43938"}],"wp:term":[{"taxonomy":"product_brand","embeddable":true,"href":"https:\/\/www.orto-bar.com\/en\/wp-json\/wp\/v2\/product_brand?post=43938"},{"taxonomy":"product_cat","embeddable":true,"href":"https:\/\/www.orto-bar.com\/en\/wp-json\/wp\/v2\/product_cat?post=43938"},{"taxonomy":"product_tag","embeddable":true,"href":"https:\/\/www.orto-bar.com\/en\/wp-json\/wp\/v2\/product_tag?post=43938"}],"curies":[{"name":"wp","href":"https:\/\/api.w.org\/{rel}","templated":true}]}}