{"id":43943,"date":"2023-06-13T16:51:04","date_gmt":"2023-06-13T15:51:04","guid":{"rendered":"https:\/\/www.orto-bar.com\/?post_type=product&#038;p=43943"},"modified":"2023-09-08T00:00:02","modified_gmt":"2023-09-07T23:00:02","slug":"obduction-pelhan","status":"publish","type":"product","link":"https:\/\/www.orto-bar.com\/en\/dogodki\/arhiv\/obduction-pelhan\/","title":{"rendered":"Pelhan, Obduction"},"content":{"rendered":"<p>Pelhan<\/p>\n<p>Ale\u0161 Pelhan se je v za\u010detku leta 2012 odlo\u010di, da bo svojim starim komadov nadel malo novej\u0161o obliko in jih skupaj z novimi posnel in izdal.<br \/>\nPelhan se v letu 2020 vra\u010da na glasben odre kot trio v zasedbi:<br \/>\nAle\u0161 Pelhan &#8211; vokal, kitara<br \/>\nMatej Likar &#8211; bas<br \/>\nSimon Mislej \u2013 Bobni<br \/>\nVe\u010d info na:\u00a0<a class=\"x1i10hfl xjbqb8w x6umtig x1b1mbwd xaqea5y xav7gou x9f619 x1ypdohk xt0psk2 xe8uvvx xdj266r x11i5rnm xat24cr x1mh8g0r xexx8yu x4uap5 x18d9i69 xkhd6sd x16tdsg8 x1hl2dhg xggy1nq x1a2a7pz xt0b8zv x1fey0fg\" tabindex=\"0\" role=\"link\" href=\"http:\/\/www.pelhan.si\/?page_id=106&amp;fbclid=IwAR3Sg7gYOMqnAGp5OmWZTm4Azt8IAgpXDuB2Ewj7lYLkgvUxZ9HCCuMwyKs\" target=\"_blank\" rel=\"nofollow noopener noreferrer\">http:\/\/www.pelhan.si\/?page_id=106<\/a><\/p>\n<p>Obduction<\/p>\n<p>V zadnjem desetletju instrumentalna glasbena zasedba, ki zajema marsikateri pod\u017eanr metal glasbe. Deloma je v njihovi glasbi \u0161e vedno opazen vpliv metal zasedb s konca 80\u2019 in za\u010detka 90\u2019 let prej\u0161njega stoletja, nekoliko bolj opazen pa je vpliv progresivne glasbe s konca 90\u2019 let, \u010deprav sebe ne uvr\u0161\u010dajo v ta pod\u017eanr, saj iz njega pogosto presko\u010dijo v povsem preproste distorzirane ritmi\u010dne vzorce, ki niso nujno omejeni v okvire t.i. metala.<\/p>\n<p>Njihovi odrski nastopi so z leti vse ve\u010dja redkost in postajajo reariteta \ud83d\ude00<\/p>\n<p>Diskografija<\/p>\n<p>PEEPHOLE INTO EMOTIONS (demo, 2007)<\/p>\n<p>(<a href=\"https:\/\/obduction.bandcamp.com\/album\/peephole-into-emotions-ep\">https:\/\/obduction.bandcamp.com\/album\/peephole-into-emotions-ep<\/a>)<\/p>\n<p>FINGERPRINT (CPZ, 2009)<\/p>\n<p><a href=\"https:\/\/obduction.bandcamp.com\/album\/fingerprint\">https:\/\/obduction.bandcamp.com\/album\/fingerprint<\/a><\/p>\n<p>SELFPROBDUCTION (demo, 2019)<\/p>\n<p><a href=\"https:\/\/obduction.bandcamp.com\/album\/fingerprint\">https:\/\/obduction.bandcamp.com\/<\/a><\/p>\n<p>Kronologija:<\/p>\n<p>Korenine skupine segajo v leto 1994, vendar je brez glasbenega znanja in izku\u0161enj ter menjavanju \u010dlanov trajalo nekaj \u010dasa, da so ustvarili prve glasbi podobne kompozicije.<\/p>\n<p>Dado in Tigar sta v skupini od za\u010detka, Mirko se je pridru\u017eil kmalu zatem, Ga\u0161per pa leta 2001. Mojca je bila v skupini od leta 2006 do 2009.<\/p>\n<p>V tej zasedbi nastanejo<\/p>\n<p>PEEPHOLE INTO EMOTIONS (demo, 2007)<\/p>\n<p>(<a href=\"https:\/\/obduction.bandcamp.com\/album\/peephole-into-emotions-ep\">https:\/\/obduction.bandcamp.com\/album\/peephole-into-emotions-ep<\/a>) in<\/p>\n<p>FINGERPRINT (CPZ, 2009)<\/p>\n<p><a href=\"https:\/\/obduction.bandcamp.com\/album\/fingerprint\">https:\/\/obduction.bandcamp.com\/album\/fingerprint<\/a><\/p>\n<p>Ga\u0161per je zapustil skupino kmalu po prvih promocijskih koncertih Fingerprint, na basu ga je nadomestil Lenart Jerabek. Nekaj mesecev kasneje je skupino zapustila \u0161e Mojca. Sledilo je kar nekaj neuspe\u0161nih poskusov menjave vokala.<\/p>\n<p>Leta 2019 se Ga\u0161per ponovno priklju\u010di skupini in nekaj mesecev kasneje objavijo<\/p>\n<p>SELFPROBDUCTION (demo, 2019)<\/p>\n<p><a href=\"https:\/\/obduction.bandcamp.com\/album\/fingerprint\">https:\/\/obduction.bandcamp.com\/<\/a><\/p>\n<p>&nbsp;<\/p>\n<p>&nbsp;<\/p>","protected":false},"excerpt":{"rendered":"<p>Pelhan Ale\u0161 Pelhan se je v za\u010detku leta 2012 odlo\u010di, da bo svojim starim komadov nadel malo novej\u0161o obliko in jih skupaj z novimi posnel in izdal. Pelhan se v letu 2020 vra\u010da na glasben odre kot trio v zasedbi: Ale\u0161 Pelhan &#8211; vokal, kitara Matej Likar &#8211; bas Simon Mislej \u2013 Bobni Ve\u010d info [&hellip;]<\/p>","protected":false},"author":11,"featured_media":44254,"template":"","meta":{"_seopress_robots_primary_cat":"none","_seopress_titles_title":"","_seopress_titles_desc":"","_seopress_robots_index":""},"product_brand":[],"product_cat":[230],"product_tag":[222],"class_list":{"0":"post-43943","1":"product","2":"type-product","3":"status-publish","4":"has-post-thumbnail","6":"product_cat-arhiv","7":"product_tag-predprodaja","9":"entry","10":"has-media","12":"first","13":"instock","14":"virtual","15":"taxable","16":"product-type-simple","17":"has-product-nav","18":"col","19":"span_1_of_4","20":"owp-content-center","21":"item-entry","22":"owp-thumbs-layout-horizontal","23":"owp-btn-normal","24":"owp-tabs-layout-section"},"publishpress_future_action":{"enabled":false,"date":"2026-05-03 19:44:37","action":"change-status","newStatus":"draft","terms":[],"taxonomy":"product_cat","extraData":[]},"publishpress_future_workflow_manual_trigger":{"enabledWorkflows":[]},"_links":{"self":[{"href":"https:\/\/www.orto-bar.com\/en\/wp-json\/wp\/v2\/product\/43943","targetHints":{"allow":["GET"]}}],"collection":[{"href":"https:\/\/www.orto-bar.com\/en\/wp-json\/wp\/v2\/product"}],"about":[{"href":"https:\/\/www.orto-bar.com\/en\/wp-json\/wp\/v2\/types\/product"}],"author":[{"embeddable":true,"href":"https:\/\/www.orto-bar.com\/en\/wp-json\/wp\/v2\/users\/11"}],"version-history":[{"count":0,"href":"https:\/\/www.orto-bar.com\/en\/wp-json\/wp\/v2\/product\/43943\/revisions"}],"wp:featuredmedia":[{"embeddable":true,"href":"https:\/\/www.orto-bar.com\/en\/wp-json\/wp\/v2\/media\/44254"}],"wp:attachment":[{"href":"https:\/\/www.orto-bar.com\/en\/wp-json\/wp\/v2\/media?parent=43943"}],"wp:term":[{"taxonomy":"product_brand","embeddable":true,"href":"https:\/\/www.orto-bar.com\/en\/wp-json\/wp\/v2\/product_brand?post=43943"},{"taxonomy":"product_cat","embeddable":true,"href":"https:\/\/www.orto-bar.com\/en\/wp-json\/wp\/v2\/product_cat?post=43943"},{"taxonomy":"product_tag","embeddable":true,"href":"https:\/\/www.orto-bar.com\/en\/wp-json\/wp\/v2\/product_tag?post=43943"}],"curies":[{"name":"wp","href":"https:\/\/api.w.org\/{rel}","templated":true}]}}