{"id":44067,"date":"2023-06-16T10:00:35","date_gmt":"2023-06-16T09:00:35","guid":{"rendered":"https:\/\/www.orto-bar.com\/?post_type=product&#038;p=44067"},"modified":"2023-06-16T10:08:17","modified_gmt":"2023-06-16T09:08:17","slug":"angels-ex-fallen-division","status":"publish","type":"product","link":"https:\/\/www.orto-bar.com\/en\/dogodki\/arhiv\/angels-ex-fallen-division\/","title":{"rendered":"Angel&#8217;s Ex, Fallen Division"},"content":{"rendered":"<p>Angel&#8217;s Ex je slovenska glasbena skupina, ki jo sestavljajo Leon Bahovec (vokal), Niko Kaliterna (kitara), Jon Ku\u0161trin Tur\u010dinovi\u0107 (kitara), Gregor Rus (bas kitara) in Domen Smole (bobni). Njihova glasba nagovarja tako rock nostalgike, ki se jih dotaknejo rokerski ritmi \u0161estdesetih in sedemdesetih let preteklega stoletja, kot tudi mlado ob\u010dinstvo, ki jih prepri\u010da druga\u010dna muzikalnost. Z agresivnej\u0161imi toni elektri\u010dnih kitar so blizu hard rockerjem, s \u010dutnimi besedili pa melanholi\u010dno razpolo\u017eenemu sleherniku. Angel&#8217;s Ex so \u0161tudentski glas in obenem glas \u0161tudentov \u2013 vsi \u010dlani so namre\u010d \u0161tudenti, hkrati pa jih je \u0161tudentsko ob\u010dinstvo izbralo za leto\u0161nje nastopajo\u010de na \u0160kisovi tr\u017enici. V preteklem letu so nastopili na prizori\u0161\u010dih, kot so Vi\u010dstock, KK\u0160 Summerfest in Evropska no\u010d raziskovalcev, skupaj pa so imeli preko petnajst koncertov. Vrhunec leta 2023 pa predstavlja njihov samostojni studijski album sedmih pesmi: v okvir dveh instrumentalnih pesmi \u2013\u00a0<em>Krvave ro\u017ee<\/em>\u00a0na za\u010detku in\u00a0<em>Kristalne ro\u017ee<\/em>\u00a0na koncu \u2013 je vpetih pet pesmi z naslovi:\u00a0<em>Za\u010daraj me<\/em>,\u00a0<em>Hard Love<\/em>,\u00a0<em>Pod luno<\/em>,\u00a0<em>Pot v raj<\/em>\u00a0in\u00a0<em>Zvezde sredi dneva.\u00a0<\/em>Pesem\u00a0<em>Za\u010daraj me<\/em>\u00a0pa so izdali kot single in jo pospremili z videospotom.<\/p>\n<p>&nbsp;<\/p>\n<p>Glasba:<\/p>\n<p>Dostop do album (vse platforme):\u00a0<a href=\"https:\/\/distrokid.com\/hyperfollow\/angelsex\/pot-v-raj?fbclid=IwAR3U28jSx06LwLzG_cbyGvaGCwu8n2Ws5wkG9Uv7MXSRe5SIrNQ0ki8IUF8\">https:\/\/distrokid.com\/hyperfollow\/angelsex\/pot-v-raj?fbclid=IwAR3U28jSx06LwLzG_cbyGvaGCwu8n2Ws5wkG9Uv7MXSRe5SIrNQ0ki8IUF8<\/a><\/p>\n<p>Za\u010daraj me (Videospot):\u00a0<a href=\"https:\/\/youtu.be\/OlClsQBQl0g\">https:\/\/youtu.be\/OlClsQBQl0g<\/a><\/p>\n<p>&nbsp;<\/p>\n<p>FALLEN DIVISON<\/p>\n<p>Skupino Fallen division sestavlja 5 \u010dlanov. Z glasbo se vsi radi ukvarjamo \u017ee od osnovne \u0161ole, nekateri med nami so nastopali tudi v \u0161olskih bandih. \u010clani banda smo stari med 17 in 22 let in v tej zasedbi delujemo pol leta. Igramo predvsem rock glasbo, za\u010deli smo pisati tudi avtorske pesmi, za katere upamo, da jih bomo lahko tudi kmalu posneli in izdali.<\/p>\n<p>Instagram: @fallendivision<\/p>\n<p>Facebook: Fallen Division<\/p>","protected":false},"excerpt":{"rendered":"<p>Angel&#8217;s Ex je slovenska glasbena skupina, ki jo sestavljajo Leon Bahovec (vokal), Niko Kaliterna (kitara), Jon Ku\u0161trin Tur\u010dinovi\u0107 (kitara), Gregor Rus (bas kitara) in Domen Smole (bobni). Njihova glasba nagovarja tako rock nostalgike, ki se jih dotaknejo rokerski ritmi \u0161estdesetih in sedemdesetih let preteklega stoletja, kot tudi mlado ob\u010dinstvo, ki jih prepri\u010da druga\u010dna muzikalnost. Z [&hellip;]<\/p>","protected":false},"author":11,"featured_media":44068,"template":"","meta":{"_seopress_robots_primary_cat":"none","_seopress_titles_title":"","_seopress_titles_desc":"","_seopress_robots_index":""},"product_brand":[],"product_cat":[230],"product_tag":[222],"class_list":{"0":"post-44067","1":"product","2":"type-product","3":"status-publish","4":"has-post-thumbnail","6":"product_cat-arhiv","7":"product_tag-predprodaja","9":"entry","10":"has-media","12":"first","13":"instock","14":"virtual","15":"taxable","16":"product-type-simple","17":"has-product-nav","18":"col","19":"span_1_of_4","20":"owp-content-center","21":"item-entry","22":"owp-thumbs-layout-horizontal","23":"owp-btn-normal","24":"owp-tabs-layout-section"},"publishpress_future_action":{"enabled":false,"date":"2026-05-08 23:01:30","action":"change-status","newStatus":"draft","terms":[],"taxonomy":"product_cat","extraData":[]},"publishpress_future_workflow_manual_trigger":{"enabledWorkflows":[]},"_links":{"self":[{"href":"https:\/\/www.orto-bar.com\/en\/wp-json\/wp\/v2\/product\/44067","targetHints":{"allow":["GET"]}}],"collection":[{"href":"https:\/\/www.orto-bar.com\/en\/wp-json\/wp\/v2\/product"}],"about":[{"href":"https:\/\/www.orto-bar.com\/en\/wp-json\/wp\/v2\/types\/product"}],"author":[{"embeddable":true,"href":"https:\/\/www.orto-bar.com\/en\/wp-json\/wp\/v2\/users\/11"}],"version-history":[{"count":0,"href":"https:\/\/www.orto-bar.com\/en\/wp-json\/wp\/v2\/product\/44067\/revisions"}],"wp:featuredmedia":[{"embeddable":true,"href":"https:\/\/www.orto-bar.com\/en\/wp-json\/wp\/v2\/media\/44068"}],"wp:attachment":[{"href":"https:\/\/www.orto-bar.com\/en\/wp-json\/wp\/v2\/media?parent=44067"}],"wp:term":[{"taxonomy":"product_brand","embeddable":true,"href":"https:\/\/www.orto-bar.com\/en\/wp-json\/wp\/v2\/product_brand?post=44067"},{"taxonomy":"product_cat","embeddable":true,"href":"https:\/\/www.orto-bar.com\/en\/wp-json\/wp\/v2\/product_cat?post=44067"},{"taxonomy":"product_tag","embeddable":true,"href":"https:\/\/www.orto-bar.com\/en\/wp-json\/wp\/v2\/product_tag?post=44067"}],"curies":[{"name":"wp","href":"https:\/\/api.w.org\/{rel}","templated":true}]}}