{"id":44115,"date":"2023-06-23T09:01:53","date_gmt":"2023-06-23T08:01:53","guid":{"rendered":"https:\/\/www.orto-bar.com\/?post_type=product&#038;p=44115"},"modified":"2023-09-17T14:05:56","modified_gmt":"2023-09-17T13:05:56","slug":"velvet-dress-u2-tribute","status":"publish","type":"product","link":"https:\/\/www.orto-bar.com\/en\/dogodki\/arhiv\/velvet-dress-u2-tribute\/","title":{"rendered":"Velvet Dress-U2 Tribute"},"content":{"rendered":"<p>VELVET DRESS \u2013 U2 TRIBUTE BAND<\/p>\n<p>Velvet Dress, poklon skupini U2 od leta 2000. S\u010dasoma so postali referen\u010dna skupina za skupino U2 v Italiji in Evropi. Leta 2015 je bilo za njih nekaj posebnega, kronali so ga z vznemirljivim duetom Leo &#8211; Bono Vox, edinstvenim v Evropi, med italijansko turnejo U2 INNOCENCE AND EXPERIENCE v Torinu. Njihov nastop sestavlja veliko \u017eive energije z najve\u010djimi uspe\u0161nicami dublinske skupine!<\/p>","protected":false},"excerpt":{"rendered":"<p>VELVET DRESS \u2013 U2 TRIBUTE BAND Velvet Dress, poklon skupini U2 od leta 2000. S\u010dasoma so postali referen\u010dna skupina za skupino U2 v Italiji in Evropi. Leta 2015 je bilo za njih nekaj posebnega, kronali so ga z vznemirljivim duetom Leo &#8211; Bono Vox, edinstvenim v Evropi, med italijansko turnejo U2 INNOCENCE AND EXPERIENCE v [&hellip;]<\/p>","protected":false},"author":11,"featured_media":44116,"template":"","meta":{"_seopress_robots_primary_cat":"none","_seopress_titles_title":"","_seopress_titles_desc":"","_seopress_robots_index":""},"product_brand":[],"product_cat":[230],"product_tag":[222],"class_list":{"0":"post-44115","1":"product","2":"type-product","3":"status-publish","4":"has-post-thumbnail","6":"product_cat-arhiv","7":"product_tag-predprodaja","9":"entry","10":"has-media","12":"first","13":"instock","14":"virtual","15":"taxable","16":"product-type-simple","17":"has-product-nav","18":"col","19":"span_1_of_4","20":"owp-content-center","21":"item-entry","22":"owp-thumbs-layout-horizontal","23":"owp-btn-normal","24":"owp-tabs-layout-section","25":"has-no-thumbnails"},"publishpress_future_action":{"enabled":false,"date":"2026-05-09 00:11:58","action":"change-status","newStatus":"draft","terms":[],"taxonomy":"product_cat","extraData":[]},"publishpress_future_workflow_manual_trigger":{"enabledWorkflows":[]},"_links":{"self":[{"href":"https:\/\/www.orto-bar.com\/en\/wp-json\/wp\/v2\/product\/44115","targetHints":{"allow":["GET"]}}],"collection":[{"href":"https:\/\/www.orto-bar.com\/en\/wp-json\/wp\/v2\/product"}],"about":[{"href":"https:\/\/www.orto-bar.com\/en\/wp-json\/wp\/v2\/types\/product"}],"author":[{"embeddable":true,"href":"https:\/\/www.orto-bar.com\/en\/wp-json\/wp\/v2\/users\/11"}],"version-history":[{"count":0,"href":"https:\/\/www.orto-bar.com\/en\/wp-json\/wp\/v2\/product\/44115\/revisions"}],"wp:featuredmedia":[{"embeddable":true,"href":"https:\/\/www.orto-bar.com\/en\/wp-json\/wp\/v2\/media\/44116"}],"wp:attachment":[{"href":"https:\/\/www.orto-bar.com\/en\/wp-json\/wp\/v2\/media?parent=44115"}],"wp:term":[{"taxonomy":"product_brand","embeddable":true,"href":"https:\/\/www.orto-bar.com\/en\/wp-json\/wp\/v2\/product_brand?post=44115"},{"taxonomy":"product_cat","embeddable":true,"href":"https:\/\/www.orto-bar.com\/en\/wp-json\/wp\/v2\/product_cat?post=44115"},{"taxonomy":"product_tag","embeddable":true,"href":"https:\/\/www.orto-bar.com\/en\/wp-json\/wp\/v2\/product_tag?post=44115"}],"curies":[{"name":"wp","href":"https:\/\/api.w.org\/{rel}","templated":true}]}}