{"id":44124,"date":"2023-06-23T09:36:20","date_gmt":"2023-06-23T08:36:20","guid":{"rendered":"https:\/\/www.orto-bar.com\/?post_type=product&#038;p=44124"},"modified":"2023-12-02T18:58:04","modified_gmt":"2023-12-02T17:58:04","slug":"iron-curtain-iron-maiden-tribute","status":"publish","type":"product","link":"https:\/\/www.orto-bar.com\/en\/dogodki\/arhiv\/iron-curtain-iron-maiden-tribute\/","title":{"rendered":"Iron Curtain- IRON MAIDEN Tribute"},"content":{"rendered":"<p>IRON CURTAIN \u2013 IRON MAIDEN TRIBUTE BAND<\/p>\n<p>Iron Curtain je kot poklon legendarnim Iron Maiden ustanovilo pet glasbenikov, veteranov italijanske in mednarodne metalske scene, ki jih zdru\u017euje enaka brezmejna strast kot stotiso\u010de metalcev po vsem svetu. Edinstveni show predstavlja velike klasike in nekatere skrite dragulje legendarne londonske skupine. Nastop presega zgolj glasbeno zabavo, saj na oder prina\u0161a kostume in maske, ki ponazarjajo najbolj zna\u010dilne razli\u010dice maskote skupine EDDIE-ja in ovitke vseh njihovih albumov.<\/p>","protected":false},"excerpt":{"rendered":"<p>IRON CURTAIN \u2013 IRON MAIDEN TRIBUTE BAND Iron Curtain je kot poklon legendarnim Iron Maiden ustanovilo pet glasbenikov, veteranov italijanske in mednarodne metalske scene, ki jih zdru\u017euje enaka brezmejna strast kot stotiso\u010de metalcev po vsem svetu. Edinstveni show predstavlja velike klasike in nekatere skrite dragulje legendarne londonske skupine. Nastop presega zgolj glasbeno zabavo, saj na [&hellip;]<\/p>","protected":false},"author":11,"featured_media":44125,"template":"","meta":{"_seopress_robots_primary_cat":"none","_seopress_titles_title":"","_seopress_titles_desc":"","_seopress_robots_index":""},"product_brand":[],"product_cat":[230],"product_tag":[222],"class_list":{"0":"post-44124","1":"product","2":"type-product","3":"status-publish","4":"has-post-thumbnail","6":"product_cat-arhiv","7":"product_tag-predprodaja","9":"entry","10":"has-media","12":"first","13":"instock","14":"virtual","15":"taxable","16":"product-type-simple","17":"has-product-nav","18":"col","19":"span_1_of_4","20":"owp-content-center","21":"item-entry","22":"owp-thumbs-layout-horizontal","23":"owp-btn-normal","24":"owp-tabs-layout-section","25":"has-no-thumbnails"},"publishpress_future_action":{"enabled":false,"date":"2026-05-09 07:35:46","action":"change-status","newStatus":"draft","terms":[],"taxonomy":"product_cat","extraData":[]},"publishpress_future_workflow_manual_trigger":{"enabledWorkflows":[]},"_links":{"self":[{"href":"https:\/\/www.orto-bar.com\/en\/wp-json\/wp\/v2\/product\/44124","targetHints":{"allow":["GET"]}}],"collection":[{"href":"https:\/\/www.orto-bar.com\/en\/wp-json\/wp\/v2\/product"}],"about":[{"href":"https:\/\/www.orto-bar.com\/en\/wp-json\/wp\/v2\/types\/product"}],"author":[{"embeddable":true,"href":"https:\/\/www.orto-bar.com\/en\/wp-json\/wp\/v2\/users\/11"}],"version-history":[{"count":0,"href":"https:\/\/www.orto-bar.com\/en\/wp-json\/wp\/v2\/product\/44124\/revisions"}],"wp:featuredmedia":[{"embeddable":true,"href":"https:\/\/www.orto-bar.com\/en\/wp-json\/wp\/v2\/media\/44125"}],"wp:attachment":[{"href":"https:\/\/www.orto-bar.com\/en\/wp-json\/wp\/v2\/media?parent=44124"}],"wp:term":[{"taxonomy":"product_brand","embeddable":true,"href":"https:\/\/www.orto-bar.com\/en\/wp-json\/wp\/v2\/product_brand?post=44124"},{"taxonomy":"product_cat","embeddable":true,"href":"https:\/\/www.orto-bar.com\/en\/wp-json\/wp\/v2\/product_cat?post=44124"},{"taxonomy":"product_tag","embeddable":true,"href":"https:\/\/www.orto-bar.com\/en\/wp-json\/wp\/v2\/product_tag?post=44124"}],"curies":[{"name":"wp","href":"https:\/\/api.w.org\/{rel}","templated":true}]}}