{"id":44130,"date":"2023-06-23T09:48:54","date_gmt":"2023-06-23T08:48:54","guid":{"rendered":"https:\/\/www.orto-bar.com\/?post_type=product&#038;p=44130"},"modified":"2024-01-20T16:16:27","modified_gmt":"2024-01-20T15:16:27","slug":"live-play-coldplay-tribute-band","status":"publish","type":"product","link":"https:\/\/www.orto-bar.com\/en\/dogodki\/arhiv\/live-play-coldplay-tribute-band\/","title":{"rendered":"Live Play- COLDPLAY Tribute Band"},"content":{"rendered":"<p>LIVEPLAY \u2013 COLDPLAY TRIBUTE BAND<\/p>\n<p>Liveplay je najbolj\u0161a tribute to Coldplay skupina v Evropi. Na turneji z ve\u010d kot 300 koncerti nastopajo po celotni Italiji, v Avstriji, Nem\u010diji, Franciji, na \u0160kotskem, Hrva\u0161kem, Nizozemskem, v Sloveniji, na Malti in v Severni Makedoniji. Poleg popolne zvestobe izvirnim zvokom in vlogam skupine Coldplay (vsi \u010dlani skupine so multiin\u0161trumentalisti), je posebnost skupine Liveplay njena sposobnost scenografskega in \u010dustvenega vklju\u010devanja ob\u010dinstva. Nastop krasijo sinhronizirane video projekcije in grafike, izvirna obla\u010dila in scenografija, enaki in\u0161trumenti tudi v barvah in okraskih, repertoar vedno posodobljen z najnovej\u0161o uspe\u0161nico in presenetljivi posebni u\u010dinki.<\/p>\n<p>Ob podpori usposobljenega tehni\u010dnega osebja Liveplay (prva skupina po Coldplayu, ki je v \u017eivo izvedla vse pesmi zadnjih albumov: &#8220;Ghost Stories&#8221;, &#8220;A Head Full Of Dreams&#8221;, &#8220;Kaleidoscope&#8221;, &#8220;Global Citizen EP&#8221;), ponuja edinstven in osupljiv \u0161ov, ki\u00a0 uprizori najbolj\u0161o mo\u017eno verzijo nepozabnih koncertov skupine Coldplay<\/p>","protected":false},"excerpt":{"rendered":"<p>LIVEPLAY \u2013 COLDPLAY TRIBUTE BAND Liveplay je najbolj\u0161a tribute to Coldplay skupina v Evropi. Na turneji z ve\u010d kot 300 koncerti nastopajo po celotni Italiji, v Avstriji, Nem\u010diji, Franciji, na \u0160kotskem, Hrva\u0161kem, Nizozemskem, v Sloveniji, na Malti in v Severni Makedoniji. Poleg popolne zvestobe izvirnim zvokom in vlogam skupine Coldplay (vsi \u010dlani skupine so multiin\u0161trumentalisti), [&hellip;]<\/p>","protected":false},"author":11,"featured_media":44131,"template":"","meta":{"_seopress_robots_primary_cat":"none","_seopress_titles_title":"","_seopress_titles_desc":"","_seopress_robots_index":""},"product_brand":[],"product_cat":[230],"product_tag":[222],"class_list":{"0":"post-44130","1":"product","2":"type-product","3":"status-publish","4":"has-post-thumbnail","6":"product_cat-arhiv","7":"product_tag-predprodaja","9":"entry","10":"has-media","12":"first","13":"instock","14":"virtual","15":"taxable","16":"product-type-simple","17":"has-product-nav","18":"col","19":"span_1_of_4","20":"owp-content-center","21":"item-entry","22":"owp-thumbs-layout-horizontal","23":"owp-btn-normal","24":"owp-tabs-layout-section","25":"has-no-thumbnails"},"publishpress_future_action":{"enabled":false,"date":"2026-05-09 11:48:52","action":"change-status","newStatus":"draft","terms":[],"taxonomy":"product_cat","extraData":[]},"publishpress_future_workflow_manual_trigger":{"enabledWorkflows":[]},"_links":{"self":[{"href":"https:\/\/www.orto-bar.com\/en\/wp-json\/wp\/v2\/product\/44130","targetHints":{"allow":["GET"]}}],"collection":[{"href":"https:\/\/www.orto-bar.com\/en\/wp-json\/wp\/v2\/product"}],"about":[{"href":"https:\/\/www.orto-bar.com\/en\/wp-json\/wp\/v2\/types\/product"}],"author":[{"embeddable":true,"href":"https:\/\/www.orto-bar.com\/en\/wp-json\/wp\/v2\/users\/11"}],"version-history":[{"count":0,"href":"https:\/\/www.orto-bar.com\/en\/wp-json\/wp\/v2\/product\/44130\/revisions"}],"wp:featuredmedia":[{"embeddable":true,"href":"https:\/\/www.orto-bar.com\/en\/wp-json\/wp\/v2\/media\/44131"}],"wp:attachment":[{"href":"https:\/\/www.orto-bar.com\/en\/wp-json\/wp\/v2\/media?parent=44130"}],"wp:term":[{"taxonomy":"product_brand","embeddable":true,"href":"https:\/\/www.orto-bar.com\/en\/wp-json\/wp\/v2\/product_brand?post=44130"},{"taxonomy":"product_cat","embeddable":true,"href":"https:\/\/www.orto-bar.com\/en\/wp-json\/wp\/v2\/product_cat?post=44130"},{"taxonomy":"product_tag","embeddable":true,"href":"https:\/\/www.orto-bar.com\/en\/wp-json\/wp\/v2\/product_tag?post=44130"}],"curies":[{"name":"wp","href":"https:\/\/api.w.org\/{rel}","templated":true}]}}