{"id":44133,"date":"2023-06-23T09:54:21","date_gmt":"2023-06-23T08:54:21","guid":{"rendered":"https:\/\/www.orto-bar.com\/?post_type=product&#038;p=44133"},"modified":"2024-02-07T20:06:52","modified_gmt":"2024-02-07T19:06:52","slug":"linkin-revolution-linkin-park-tribute","status":"publish","type":"product","link":"https:\/\/www.orto-bar.com\/en\/dogodki\/arhiv\/linkin-revolution-linkin-park-tribute\/","title":{"rendered":"Linkin Revolution-LINKIN PARK Tribute"},"content":{"rendered":"<p>LINKIN REVOLUTION \u2013 LINKIN PARK TRIBUTE<\/p>\n<p>Zaradi strasti in pozornosti do podrobnosti so Linkin Revolution referen\u010dni &#8220;tribute band&#8221;\u00a0 zanimive predstave, ki bo v skladu s kultno ameri\u0161ko skupino!<\/p>\n<p>\u0160est glasbenikov natan\u010dno igra vloge in povzema energijo skupine LINKIN PARK ter v \u017eivo predstavlja razvoj zvoka kalifornijske skupine, od prvenca &#8220;Hybrid Theory,&#8221; do najnovej\u0161ega albuma &#8220;One More Light&#8221;.<\/p>\n<p>Dve uri zabave skozi vse uspe\u0161nice skupine Chesterja Benningtona, glasu, ki je zaznamoval generacijo!<\/p>\n<p>Pripravljeni na revolucijo!<\/p>","protected":false},"excerpt":{"rendered":"<p>LINKIN REVOLUTION \u2013 LINKIN PARK TRIBUTE Zaradi strasti in pozornosti do podrobnosti so Linkin Revolution referen\u010dni &#8220;tribute band&#8221;\u00a0 zanimive predstave, ki bo v skladu s kultno ameri\u0161ko skupino! \u0160est glasbenikov natan\u010dno igra vloge in povzema energijo skupine LINKIN PARK ter v \u017eivo predstavlja razvoj zvoka kalifornijske skupine, od prvenca &#8220;Hybrid Theory,&#8221; do najnovej\u0161ega albuma &#8220;One [&hellip;]<\/p>","protected":false},"author":11,"featured_media":44134,"template":"","meta":{"_seopress_robots_primary_cat":"none","_seopress_titles_title":"","_seopress_titles_desc":"","_seopress_robots_index":""},"product_brand":[],"product_cat":[230],"product_tag":[222],"class_list":{"0":"post-44133","1":"product","2":"type-product","3":"status-publish","4":"has-post-thumbnail","6":"product_cat-arhiv","7":"product_tag-predprodaja","9":"entry","10":"has-media","12":"first","13":"instock","14":"virtual","15":"taxable","16":"product-type-simple","17":"has-product-nav","18":"col","19":"span_1_of_4","20":"owp-content-center","21":"item-entry","22":"owp-thumbs-layout-horizontal","23":"owp-btn-normal","24":"owp-tabs-layout-section","25":"has-no-thumbnails"},"publishpress_future_action":{"enabled":false,"date":"2026-05-09 12:24:37","action":"change-status","newStatus":"draft","terms":[],"taxonomy":"product_cat","extraData":[]},"publishpress_future_workflow_manual_trigger":{"enabledWorkflows":[]},"_links":{"self":[{"href":"https:\/\/www.orto-bar.com\/en\/wp-json\/wp\/v2\/product\/44133","targetHints":{"allow":["GET"]}}],"collection":[{"href":"https:\/\/www.orto-bar.com\/en\/wp-json\/wp\/v2\/product"}],"about":[{"href":"https:\/\/www.orto-bar.com\/en\/wp-json\/wp\/v2\/types\/product"}],"author":[{"embeddable":true,"href":"https:\/\/www.orto-bar.com\/en\/wp-json\/wp\/v2\/users\/11"}],"version-history":[{"count":0,"href":"https:\/\/www.orto-bar.com\/en\/wp-json\/wp\/v2\/product\/44133\/revisions"}],"wp:featuredmedia":[{"embeddable":true,"href":"https:\/\/www.orto-bar.com\/en\/wp-json\/wp\/v2\/media\/44134"}],"wp:attachment":[{"href":"https:\/\/www.orto-bar.com\/en\/wp-json\/wp\/v2\/media?parent=44133"}],"wp:term":[{"taxonomy":"product_brand","embeddable":true,"href":"https:\/\/www.orto-bar.com\/en\/wp-json\/wp\/v2\/product_brand?post=44133"},{"taxonomy":"product_cat","embeddable":true,"href":"https:\/\/www.orto-bar.com\/en\/wp-json\/wp\/v2\/product_cat?post=44133"},{"taxonomy":"product_tag","embeddable":true,"href":"https:\/\/www.orto-bar.com\/en\/wp-json\/wp\/v2\/product_tag?post=44133"}],"curies":[{"name":"wp","href":"https:\/\/api.w.org\/{rel}","templated":true}]}}