{"id":44136,"date":"2023-06-23T10:01:59","date_gmt":"2023-06-23T09:01:59","guid":{"rendered":"https:\/\/www.orto-bar.com\/?post_type=product&#038;p=44136"},"modified":"2024-03-09T19:47:16","modified_gmt":"2024-03-09T18:47:16","slug":"strong-robbie-williams-tribute-band","status":"publish","type":"product","link":"https:\/\/www.orto-bar.com\/en\/dogodki\/arhiv\/strong-robbie-williams-tribute-band\/","title":{"rendered":"Strong-ROBBIE WILLIAMS Tribute Band"},"content":{"rendered":"<p>STRONG \u2013 ROBBIE WILLIAMS TRIBUTE<\/p>\n<p>Skupina Strong je bila ustanovljena leta 2017 z namenom, da bi pesmi ene najbolj znanih britanskih pop zvezd pribli\u017eala \u0161ir\u0161emu ob\u010dinstvu.<\/p>\n<p>Cilj skupine je poustvariti gibe, nastop, obla\u010dila in zvoke resni\u010dnega Robbieja Williamsa ter tako ob\u010dinstvu dati ob\u010dutek, da so dejansko obiskali koncert pop zvezdnika in do\u017eiveli enaka \u010dustva.<\/p>\n<p>Izbrane pesmi so tako jedrni singli kot znane stranske pesmi, izbrane iz najpomembnej\u0161ih albumov, ki jih je Robbie napisal od za\u010detka svoje solisti\u010dne kariere.<\/p>\n<p>Videti ljudi, ki nas pridejo poslu\u0161ati, kako so navdu\u0161eni in skupaj z nami pojejo pesmi, kot so Angel, Come Undone, She&#8217;s the one, Feel \u2026, je za nas neprecenljivo.<\/p>\n<p>\u010cas je tudi za ples z neverjetnimi skladbami, kot so Rock dj , Candy , Bodies , Supreme , ki dajejo pravo ravnovesje odrskega nastopa, zaradi \u010desar ste ves \u010das prilepljeni na dogajanje.<\/p>\n<p>Dve uri \u010diste zabave in navdu\u0161enja v odli\u010dnem Heavy Entertainment \u0161ovu.<\/p>","protected":false},"excerpt":{"rendered":"<p>STRONG \u2013 ROBBIE WILLIAMS TRIBUTE Skupina Strong je bila ustanovljena leta 2017 z namenom, da bi pesmi ene najbolj znanih britanskih pop zvezd pribli\u017eala \u0161ir\u0161emu ob\u010dinstvu. Cilj skupine je poustvariti gibe, nastop, obla\u010dila in zvoke resni\u010dnega Robbieja Williamsa ter tako ob\u010dinstvu dati ob\u010dutek, da so dejansko obiskali koncert pop zvezdnika in do\u017eiveli enaka \u010dustva. Izbrane [&hellip;]<\/p>","protected":false},"author":11,"featured_media":44137,"template":"","meta":{"_seopress_robots_primary_cat":"none","_seopress_titles_title":"","_seopress_titles_desc":"","_seopress_robots_index":""},"product_brand":[],"product_cat":[230],"product_tag":[222],"class_list":{"0":"post-44136","1":"product","2":"type-product","3":"status-publish","4":"has-post-thumbnail","6":"product_cat-arhiv","7":"product_tag-predprodaja","9":"entry","10":"has-media","12":"first","13":"instock","14":"virtual","15":"taxable","16":"product-type-simple","17":"has-product-nav","18":"col","19":"span_1_of_4","20":"owp-content-center","21":"item-entry","22":"owp-thumbs-layout-horizontal","23":"owp-btn-normal","24":"owp-tabs-layout-section","25":"has-no-thumbnails"},"publishpress_future_action":{"enabled":false,"date":"2026-05-09 17:49:36","action":"change-status","newStatus":"draft","terms":[],"taxonomy":"product_cat","extraData":[]},"publishpress_future_workflow_manual_trigger":{"enabledWorkflows":[]},"_links":{"self":[{"href":"https:\/\/www.orto-bar.com\/en\/wp-json\/wp\/v2\/product\/44136","targetHints":{"allow":["GET"]}}],"collection":[{"href":"https:\/\/www.orto-bar.com\/en\/wp-json\/wp\/v2\/product"}],"about":[{"href":"https:\/\/www.orto-bar.com\/en\/wp-json\/wp\/v2\/types\/product"}],"author":[{"embeddable":true,"href":"https:\/\/www.orto-bar.com\/en\/wp-json\/wp\/v2\/users\/11"}],"version-history":[{"count":0,"href":"https:\/\/www.orto-bar.com\/en\/wp-json\/wp\/v2\/product\/44136\/revisions"}],"wp:featuredmedia":[{"embeddable":true,"href":"https:\/\/www.orto-bar.com\/en\/wp-json\/wp\/v2\/media\/44137"}],"wp:attachment":[{"href":"https:\/\/www.orto-bar.com\/en\/wp-json\/wp\/v2\/media?parent=44136"}],"wp:term":[{"taxonomy":"product_brand","embeddable":true,"href":"https:\/\/www.orto-bar.com\/en\/wp-json\/wp\/v2\/product_brand?post=44136"},{"taxonomy":"product_cat","embeddable":true,"href":"https:\/\/www.orto-bar.com\/en\/wp-json\/wp\/v2\/product_cat?post=44136"},{"taxonomy":"product_tag","embeddable":true,"href":"https:\/\/www.orto-bar.com\/en\/wp-json\/wp\/v2\/product_tag?post=44136"}],"curies":[{"name":"wp","href":"https:\/\/api.w.org\/{rel}","templated":true}]}}