{"id":44139,"date":"2023-06-23T10:09:32","date_gmt":"2023-06-23T09:09:32","guid":{"rendered":"https:\/\/www.orto-bar.com\/?post_type=product&#038;p=44139"},"modified":"2024-03-23T17:51:08","modified_gmt":"2024-03-23T16:51:08","slug":"vipers-queen-tribute","status":"publish","type":"product","link":"https:\/\/www.orto-bar.com\/en\/dogodki\/arhiv\/vipers-queen-tribute\/","title":{"rendered":"Vipers-QUEEN Tribute"},"content":{"rendered":"<p>VIPERS \u2013 QUEEN TRIBUTE<\/p>\n<p>&#8220;Veliki obo\u017eevalci skupine Queen&#8221;. Tako se opredeljujejo \u010dlani skupine &#8211; Giuseppe Maggioni (vokal), Giordano Bruno (kitara), Stefano Armati (bas) in Roberto Previtali (bobni). Delujejo od leta 2002, presegli so mejo 2000 nastopov v \u017eivo. Njihova \u017eelja je, da se z uporabo nekaterih scenografskih in kostumografskih elementov, ki poudarjajo spektakularnost in glasbeno mo\u010d najbolj priljubljene skupine na svetu, \u010dimbolj pribli\u017eajo originalnim odrskim izvedbam britanske skupine, katere kapetan je bil legendarni Freddie Mercury.<\/p>\n<p>Beppe Maggioni, glas skupine Vipers, je leta 2014 sodeloval v oddaji THE VOICE OF ITALY, ki so jo predvajali na RAI 2 (drugi program italijanske javne televizije), in zasedel drugo mesto.<\/p>\n<p>Delo, ki ga opravljajo Vipersi, je bilo \u017ee nagrajeno, saj je doseglo veliko \u0161tevilo nastopov in ob\u010dinstva. Kvaliteto skupine Vipers je priznala tudi uradna spletna stran skupine Queen www.queenonline.com, ki jih je omenila kot enega od njihovih najbolj\u0161ih tribute bendov.<\/p>\n<p>&nbsp;<\/p>","protected":false},"excerpt":{"rendered":"<p>VIPERS \u2013 QUEEN TRIBUTE &#8220;Veliki obo\u017eevalci skupine Queen&#8221;. Tako se opredeljujejo \u010dlani skupine &#8211; Giuseppe Maggioni (vokal), Giordano Bruno (kitara), Stefano Armati (bas) in Roberto Previtali (bobni). Delujejo od leta 2002, presegli so mejo 2000 nastopov v \u017eivo. Njihova \u017eelja je, da se z uporabo nekaterih scenografskih in kostumografskih elementov, ki poudarjajo spektakularnost in glasbeno [&hellip;]<\/p>","protected":false},"author":11,"featured_media":44140,"template":"","meta":{"_seopress_robots_primary_cat":"none","_seopress_titles_title":"","_seopress_titles_desc":"","_seopress_robots_index":""},"product_brand":[],"product_cat":[230],"product_tag":[222],"class_list":{"0":"post-44139","1":"product","2":"type-product","3":"status-publish","4":"has-post-thumbnail","6":"product_cat-arhiv","7":"product_tag-predprodaja","9":"entry","10":"has-media","12":"first","13":"instock","14":"virtual","15":"taxable","16":"product-type-simple","17":"has-product-nav","18":"col","19":"span_1_of_4","20":"owp-content-center","21":"item-entry","22":"owp-thumbs-layout-horizontal","23":"owp-btn-normal","24":"owp-tabs-layout-section","25":"has-no-thumbnails"},"publishpress_future_action":{"enabled":false,"date":"2026-05-09 19:06:49","action":"change-status","newStatus":"draft","terms":[],"taxonomy":"product_cat","extraData":[]},"publishpress_future_workflow_manual_trigger":{"enabledWorkflows":[]},"_links":{"self":[{"href":"https:\/\/www.orto-bar.com\/en\/wp-json\/wp\/v2\/product\/44139","targetHints":{"allow":["GET"]}}],"collection":[{"href":"https:\/\/www.orto-bar.com\/en\/wp-json\/wp\/v2\/product"}],"about":[{"href":"https:\/\/www.orto-bar.com\/en\/wp-json\/wp\/v2\/types\/product"}],"author":[{"embeddable":true,"href":"https:\/\/www.orto-bar.com\/en\/wp-json\/wp\/v2\/users\/11"}],"version-history":[{"count":0,"href":"https:\/\/www.orto-bar.com\/en\/wp-json\/wp\/v2\/product\/44139\/revisions"}],"wp:featuredmedia":[{"embeddable":true,"href":"https:\/\/www.orto-bar.com\/en\/wp-json\/wp\/v2\/media\/44140"}],"wp:attachment":[{"href":"https:\/\/www.orto-bar.com\/en\/wp-json\/wp\/v2\/media?parent=44139"}],"wp:term":[{"taxonomy":"product_brand","embeddable":true,"href":"https:\/\/www.orto-bar.com\/en\/wp-json\/wp\/v2\/product_brand?post=44139"},{"taxonomy":"product_cat","embeddable":true,"href":"https:\/\/www.orto-bar.com\/en\/wp-json\/wp\/v2\/product_cat?post=44139"},{"taxonomy":"product_tag","embeddable":true,"href":"https:\/\/www.orto-bar.com\/en\/wp-json\/wp\/v2\/product_tag?post=44139"}],"curies":[{"name":"wp","href":"https:\/\/api.w.org\/{rel}","templated":true}]}}