{"id":44142,"date":"2023-06-23T10:14:29","date_gmt":"2023-06-23T09:14:29","guid":{"rendered":"https:\/\/www.orto-bar.com\/?post_type=product&#038;p=44142"},"modified":"2024-04-20T19:30:21","modified_gmt":"2024-04-20T17:30:21","slug":"orto-fest-2024-jackson-one-michael-jackson-tribute","status":"publish","type":"product","link":"https:\/\/www.orto-bar.com\/en\/dogodki\/arhiv\/orto-fest-2024-jackson-one-michael-jackson-tribute\/","title":{"rendered":"Orto Fest 2024 &#8211; Jackson One- MICHAEL JACKSON Tribute \/ Aval"},"content":{"rendered":"<p>&nbsp;<\/p>\n<p>20.4., pred prihodom esence in spiritov kralja pop-a, nas bo v solo ediciji pozdravila sve\u017ea slovenska avtorica sodobne groovy glasbe AVAL+-, to\u010dno na svoj rojstni dan in delila z Ortobarom praznovanje trenutka, ko kri\u010de\u010di zvoki male \u0161tru\u010dke \u0161e niso bili podobni petju.<\/p>\n<p>&nbsp;<\/p>\n<p>Ve\u010derni RnB elixir bo vseboval uvod s funky in groovy glasbo, ki jo bo izvedla Aval (Maru\u0161a Coni\u010d a.k.a Mila Ikisudama)<\/p>\n<p>Vabljeni skozi portal v akusti\u010dno \/ elektronski zvo\u010dni prostor soulovskega pop vokala in elektronskih\u00a0trackov\u00a0za dru\u017ebo.<\/p>\n<p>&nbsp;<\/p>\n<p>Ob 20h!<\/p>\n<p>&nbsp;<\/p>\n<p>&nbsp;<\/p>\n<p>JACKSON ONE \u2013 MICHAEL JACKSON TRIBUTE<\/p>\n<p>Na vokalu je Roy Paladini, show man in imitator velikega MICHAELA! Roy se pona\u0161a z zmagami na \u0161tevilnih glasbenih Tv oddajah. Jackson One je neverjeten projekt, ki zdru\u017euje vizualno podobo in glasbo nepozabnega kralja popa. Bolj kot poklon \u017eeli biti darilo najve\u010dji ikoni sodobne glasbene zgodovine.<\/p>\n<p>Glasba, koreografija in posebni u\u010dinki so obdelani z mani\u010dno pozornostjo do vsake podrobnosti, da bi poustvarili \u010dustva pravega koncerta KRALJA POPA.<\/p>\n<p>Vrhunski glasbeniki pod vodstvom odli\u010dnega Rickyja Romea (zgodovinskega bobnarja Umberta Tozzija) in nore plesne skupine bodo poskrbeli, da boste podo\u017eiveli nastop najve\u010djega pop izvajalca vseh \u010dasov!!!<\/p>","protected":false},"excerpt":{"rendered":"<p>&nbsp; 20.4., pred prihodom esence in spiritov kralja pop-a, nas bo v solo ediciji pozdravila sve\u017ea slovenska avtorica sodobne groovy glasbe AVAL+-, to\u010dno na svoj rojstni dan in delila z Ortobarom praznovanje trenutka, ko kri\u010de\u010di zvoki male \u0161tru\u010dke \u0161e niso bili podobni petju. &nbsp; Ve\u010derni RnB elixir bo vseboval uvod s funky in groovy glasbo, [&hellip;]<\/p>","protected":false},"author":11,"featured_media":44143,"template":"","meta":{"_seopress_robots_primary_cat":"none","_seopress_titles_title":"","_seopress_titles_desc":"","_seopress_robots_index":""},"product_brand":[],"product_cat":[230],"product_tag":[222],"class_list":{"0":"post-44142","1":"product","2":"type-product","3":"status-publish","4":"has-post-thumbnail","6":"product_cat-arhiv","7":"product_tag-predprodaja","9":"entry","10":"has-media","12":"first","13":"instock","14":"virtual","15":"taxable","16":"product-type-simple","17":"has-product-nav","18":"col","19":"span_1_of_4","20":"owp-content-center","21":"item-entry","22":"owp-thumbs-layout-horizontal","23":"owp-btn-normal","24":"owp-tabs-layout-section","25":"has-no-thumbnails"},"publishpress_future_action":{"enabled":false,"date":"2026-05-09 22:26:07","action":"change-status","newStatus":"draft","terms":[],"taxonomy":"product_cat","extraData":[]},"publishpress_future_workflow_manual_trigger":{"enabledWorkflows":[]},"_links":{"self":[{"href":"https:\/\/www.orto-bar.com\/en\/wp-json\/wp\/v2\/product\/44142","targetHints":{"allow":["GET"]}}],"collection":[{"href":"https:\/\/www.orto-bar.com\/en\/wp-json\/wp\/v2\/product"}],"about":[{"href":"https:\/\/www.orto-bar.com\/en\/wp-json\/wp\/v2\/types\/product"}],"author":[{"embeddable":true,"href":"https:\/\/www.orto-bar.com\/en\/wp-json\/wp\/v2\/users\/11"}],"version-history":[{"count":0,"href":"https:\/\/www.orto-bar.com\/en\/wp-json\/wp\/v2\/product\/44142\/revisions"}],"wp:featuredmedia":[{"embeddable":true,"href":"https:\/\/www.orto-bar.com\/en\/wp-json\/wp\/v2\/media\/44143"}],"wp:attachment":[{"href":"https:\/\/www.orto-bar.com\/en\/wp-json\/wp\/v2\/media?parent=44142"}],"wp:term":[{"taxonomy":"product_brand","embeddable":true,"href":"https:\/\/www.orto-bar.com\/en\/wp-json\/wp\/v2\/product_brand?post=44142"},{"taxonomy":"product_cat","embeddable":true,"href":"https:\/\/www.orto-bar.com\/en\/wp-json\/wp\/v2\/product_cat?post=44142"},{"taxonomy":"product_tag","embeddable":true,"href":"https:\/\/www.orto-bar.com\/en\/wp-json\/wp\/v2\/product_tag?post=44142"}],"curies":[{"name":"wp","href":"https:\/\/api.w.org\/{rel}","templated":true}]}}