{"id":44198,"date":"2023-07-06T19:44:19","date_gmt":"2023-07-06T18:44:19","guid":{"rendered":"https:\/\/www.orto-bar.com\/?post_type=product&#038;p=44198"},"modified":"2023-10-16T11:44:45","modified_gmt":"2023-10-16T09:44:45","slug":"conan-lord-dying","status":"publish","type":"product","link":"https:\/\/www.orto-bar.com\/en\/dogodki\/arhiv\/conan-lord-dying\/","title":{"rendered":"Conan, Lord Dying"},"content":{"rendered":"<div class=\"xdj266r x11i5rnm xat24cr x1mh8g0r x1vvkbs\">Vstopnice \u017ee v prodaji prek On-Parole!<br \/>\n22\u20ac v predprodaji, 26\u20ac na dan koncerta!<br \/>\n<a class=\"x1i10hfl xjbqb8w x6umtig x1b1mbwd xaqea5y xav7gou x9f619 x1ypdohk xt0psk2 xe8uvvx xdj266r x11i5rnm xat24cr x1mh8g0r xexx8yu x4uap5 x18d9i69 xkhd6sd x16tdsg8 x1hl2dhg xggy1nq x1a2a7pz xt0b8zv x1fey0fg\" tabindex=\"0\" role=\"link\" href=\"https:\/\/qr.page\/g\/1nUT39qmwVx?fbclid=IwAR3XbprfRFWRODTVmeWXCyhu2mevX8H3cArNKqRIPtFdsGTEJeImWbgumc4\" target=\"_blank\" rel=\"nofollow noopener noreferrer\">https:\/\/qr.page\/g\/1nUT39qmwVx<\/a><\/div>\n<div class=\"x11i5rnm xat24cr x1mh8g0r x1vvkbs xtlvy1s\">Tickets already in presale through On-Parole!<br \/>\n22\u20ac in presale, 26\u20ac on show day!<br \/>\n<a class=\"x1i10hfl xjbqb8w x6umtig x1b1mbwd xaqea5y xav7gou x9f619 x1ypdohk xt0psk2 xe8uvvx xdj266r x11i5rnm xat24cr x1mh8g0r xexx8yu x4uap5 x18d9i69 xkhd6sd x16tdsg8 x1hl2dhg xggy1nq x1a2a7pz xt0b8zv x1fey0fg\" tabindex=\"0\" role=\"link\" href=\"https:\/\/qr.page\/g\/3tq1BIvxqhL?fbclid=IwAR1L67JwVcDKGaKSJ00jmpUpx5lvavyUEBmqwWd578CHdNZHzFqWnZT2BVE\" target=\"_blank\" rel=\"nofollow noopener noreferrer\">https:\/\/qr.page\/g\/3tq1BIvxqhL<\/a><\/div>\n<div class=\"x11i5rnm xat24cr x1mh8g0r x1vvkbs xtlvy1s\"><\/div>\n<div class=\"x11i5rnm xat24cr x1mh8g0r x1vvkbs xtlvy1s\">Za vse ljubitelje te\u017ekih in mastnih riffov, se bodo tokrat v Ortu ustavili na sceni \u017ee dobro poznani angle\u0161ki barbarian doomerji Conan. Ve\u010der pa bo otvoril amer\u0161ki progressive sludge\/doom kvartet, poznan pod imenom Lord Dying. Udele\u017eba obvezna!<\/div>\n<div class=\"x11i5rnm xat24cr x1mh8g0r x1vvkbs xtlvy1s\">Conan (Doom metal, UK)<br \/>\n<a class=\"x1i10hfl xjbqb8w x6umtig x1b1mbwd xaqea5y xav7gou x9f619 x1ypdohk xt0psk2 xe8uvvx xdj266r x11i5rnm xat24cr x1mh8g0r xexx8yu x4uap5 x18d9i69 xkhd6sd x16tdsg8 x1hl2dhg xggy1nq x1a2a7pz xt0b8zv x1fey0fg\" tabindex=\"0\" role=\"link\" href=\"https:\/\/l.facebook.com\/l.php?u=https%3A%2F%2Fhailconan.com%2F%3Ffbclid%3DIwAR0-uI8xY7xesuDW6x6BUeaDZinLoti5dj565A5SQ3oH14kmVX05W7cstOE&amp;h=AT0wrbMA3hKaMuulqf21YnMXtchFyclDudz8PMzB0b1vfJ_ssYrslQTs-2pafpQuK0IsLivNPKCE4Ggsfybaf0vFRr-oNwSdbdUwalr6Cw_h74aRBslODjcRPqEnRwV8gg&amp;__tn__=q&amp;c[0]=AT2v0D133_mLp5rB2ajLxMi9EzZYl8Vd_sZYPTwBILxtrCbrPKKhIT-8UozrgWfA8X0qElomsFbFlIt-WJ1X5ueNX3iWf0sK_cNfsGbuwbGgXV9N264TR7pIukL2Msvc9ApdFgOP55cS88_jgAMzJ02pKBiu\" target=\"_blank\" rel=\"nofollow noopener noreferrer\">https:\/\/hailconan.com\/<\/a><br \/>\nFB:\u00a0<a class=\"x1i10hfl xjbqb8w x6umtig x1b1mbwd xaqea5y xav7gou x9f619 x1ypdohk xt0psk2 xe8uvvx xdj266r x11i5rnm xat24cr x1mh8g0r xexx8yu x4uap5 x18d9i69 xkhd6sd x16tdsg8 x1hl2dhg xggy1nq x1a2a7pz xt0b8zv xzsf02u x1s688f\" tabindex=\"0\" role=\"link\" href=\"https:\/\/www.facebook.com\/hailconan?__cft__[0]=AZVrkvfD4vGftiJOCc-mhSnCrGEfY2YBXls0rRkA-aUFpvklPvJ6KSBpegeRf_qv8SDSgsSzEDHp8T6vYtJRn49U0D_o3S1q69OrrgcBRwhzXXU4Vi-rERlm8rspBaJW01Y&amp;__tn__=q\"><span class=\"xt0psk2\">https:\/\/www.facebook.com\/hailconan<\/span><\/a><br \/>\nIG:\u00a0<a class=\"x1i10hfl xjbqb8w x6umtig x1b1mbwd xaqea5y xav7gou x9f619 x1ypdohk xt0psk2 xe8uvvx xdj266r x11i5rnm xat24cr x1mh8g0r xexx8yu x4uap5 x18d9i69 xkhd6sd x16tdsg8 x1hl2dhg xggy1nq x1a2a7pz xt0b8zv x1fey0fg\" tabindex=\"0\" role=\"link\" href=\"https:\/\/www.instagram.com\/hailconan\/?fbclid=IwAR2rkdu-zZg5b_1Rp0qzD7McPvUZ5xTpRk0nyl46BRavbd5GyDXUd03ab74\" target=\"_blank\" rel=\"nofollow noopener noreferrer\">https:\/\/www.instagram.com\/hailconan\/<\/a><br \/>\nYT:\u00a0<a class=\"x1i10hfl xjbqb8w x6umtig x1b1mbwd xaqea5y xav7gou x9f619 x1ypdohk xt0psk2 xe8uvvx xdj266r x11i5rnm xat24cr x1mh8g0r xexx8yu x4uap5 x18d9i69 xkhd6sd x16tdsg8 x1hl2dhg xggy1nq x1a2a7pz xt0b8zv x1fey0fg\" tabindex=\"0\" role=\"link\" href=\"https:\/\/www.youtube.com\/watch?v=3kY8-Vhiq7w&amp;fbclid=IwAR1PyRjH-vmIXWEL-9XJsUyeWVx4oZoaO9l_25jsuPo6RPRiaEzyirqbr08\" target=\"_blank\" rel=\"nofollow noopener noreferrer\">https:\/\/www.youtube.com\/watch?v=3kY8-Vhiq7w<\/a><br \/>\nBandcamp:\u00a0<a class=\"x1i10hfl xjbqb8w x6umtig x1b1mbwd xaqea5y xav7gou x9f619 x1ypdohk xt0psk2 xe8uvvx xdj266r x11i5rnm xat24cr x1mh8g0r xexx8yu x4uap5 x18d9i69 xkhd6sd x16tdsg8 x1hl2dhg xggy1nq x1a2a7pz xt0b8zv x1fey0fg\" tabindex=\"0\" role=\"link\" href=\"https:\/\/conan-conan.bandcamp.com\/?fbclid=IwAR3dj4bpcHwRWkBgnG6ZTxA5WChXvQwGkjSc9fSpMCWVMM2ysVL5gBUQDXE\" target=\"_blank\" rel=\"nofollow noopener noreferrer\">https:\/\/conan-conan.bandcamp.com<\/a><\/div>\n<div class=\"x11i5rnm xat24cr x1mh8g0r x1vvkbs xtlvy1s\">Lord Dying (Progressive Sludge, US)<br \/>\nFB:\u00a0<a class=\"x1i10hfl xjbqb8w x6umtig x1b1mbwd xaqea5y xav7gou x9f619 x1ypdohk xt0psk2 xe8uvvx xdj266r x11i5rnm xat24cr x1mh8g0r xexx8yu x4uap5 x18d9i69 xkhd6sd x16tdsg8 x1hl2dhg xggy1nq x1a2a7pz xt0b8zv xzsf02u x1s688f\" tabindex=\"0\" role=\"link\" href=\"https:\/\/www.facebook.com\/LordDying?__cft__[0]=AZVrkvfD4vGftiJOCc-mhSnCrGEfY2YBXls0rRkA-aUFpvklPvJ6KSBpegeRf_qv8SDSgsSzEDHp8T6vYtJRn49U0D_o3S1q69OrrgcBRwhzXXU4Vi-rERlm8rspBaJW01Y&amp;__tn__=q\"><span class=\"xt0psk2\">https:\/\/www.facebook.com\/LordDying<\/span><\/a><br \/>\nIG:\u00a0<a class=\"x1i10hfl xjbqb8w x6umtig x1b1mbwd xaqea5y xav7gou x9f619 x1ypdohk xt0psk2 xe8uvvx xdj266r x11i5rnm xat24cr x1mh8g0r xexx8yu x4uap5 x18d9i69 xkhd6sd x16tdsg8 x1hl2dhg xggy1nq x1a2a7pz xt0b8zv x1fey0fg\" tabindex=\"0\" role=\"link\" href=\"https:\/\/www.instagram.com\/lorddying\/?fbclid=IwAR0-uI8xY7xesuDW6x6BUeaDZinLoti5dj565A5SQ3oH14kmVX05W7cstOE\" target=\"_blank\" rel=\"nofollow noopener noreferrer\">https:\/\/www.instagram.com\/lorddying\/<\/a><br \/>\nYT:\u00a0<a class=\"x1i10hfl xjbqb8w x6umtig x1b1mbwd xaqea5y xav7gou x9f619 x1ypdohk xt0psk2 xe8uvvx xdj266r x11i5rnm xat24cr x1mh8g0r xexx8yu x4uap5 x18d9i69 xkhd6sd x16tdsg8 x1hl2dhg xggy1nq x1a2a7pz xt0b8zv x1fey0fg\" tabindex=\"0\" role=\"link\" href=\"https:\/\/www.youtube.com\/watch?v=wM2ofnC1r9E&amp;fbclid=IwAR3iJMTcDg4A8aKR4dBCx6WDpXHmfzEb3yNA-d5dZll2HqsumCqeNz6rnvo\" target=\"_blank\" rel=\"nofollow noopener noreferrer\">https:\/\/www.youtube.com\/watch?v=wM2ofnC1r9E<\/a><br \/>\nBandcamp:\u00a0<a class=\"x1i10hfl xjbqb8w x6umtig x1b1mbwd xaqea5y xav7gou x9f619 x1ypdohk xt0psk2 xe8uvvx xdj266r x11i5rnm xat24cr x1mh8g0r xexx8yu x4uap5 x18d9i69 xkhd6sd x16tdsg8 x1hl2dhg xggy1nq x1a2a7pz xt0b8zv x1fey0fg\" tabindex=\"0\" role=\"link\" href=\"https:\/\/lorddying.bandcamp.com\/?fbclid=IwAR2zzmlR2r8xRxxBYOQTn6qTLPqWvFtitgsnKUkJ-qizGupdiwAJkompGEQ\" target=\"_blank\" rel=\"nofollow noopener noreferrer\">https:\/\/lorddying.bandcamp.com\/<\/a><\/div>","protected":false},"excerpt":{"rendered":"<p>Vstopnice \u017ee v prodaji prek On-Parole! 22\u20ac v predprodaji, 26\u20ac na dan koncerta! https:\/\/qr.page\/g\/1nUT39qmwVx Tickets already in presale through On-Parole! 22\u20ac in presale, 26\u20ac on show day! https:\/\/qr.page\/g\/3tq1BIvxqhL Za vse ljubitelje te\u017ekih in mastnih riffov, se bodo tokrat v Ortu ustavili na sceni \u017ee dobro poznani angle\u0161ki barbarian doomerji Conan. Ve\u010der pa bo otvoril amer\u0161ki [&hellip;]<\/p>","protected":false},"author":11,"featured_media":44199,"template":"","meta":{"_seopress_robots_primary_cat":"none","_seopress_titles_title":"","_seopress_titles_desc":"","_seopress_robots_index":""},"product_brand":[],"product_cat":[230],"product_tag":[222],"class_list":{"0":"post-44198","1":"product","2":"type-product","3":"status-publish","4":"has-post-thumbnail","6":"product_cat-arhiv","7":"product_tag-predprodaja","9":"entry","10":"has-media","12":"first","13":"instock","14":"virtual","15":"taxable","16":"product-type-simple","17":"has-product-nav","18":"col","19":"span_1_of_4","20":"owp-content-center","21":"item-entry","22":"owp-thumbs-layout-horizontal","23":"owp-btn-normal","24":"owp-tabs-layout-section","25":"has-no-thumbnails"},"publishpress_future_action":{"enabled":false,"date":"2026-05-09 03:26:57","action":"change-status","newStatus":"draft","terms":[],"taxonomy":"product_cat","extraData":[]},"publishpress_future_workflow_manual_trigger":{"enabledWorkflows":[]},"_links":{"self":[{"href":"https:\/\/www.orto-bar.com\/en\/wp-json\/wp\/v2\/product\/44198","targetHints":{"allow":["GET"]}}],"collection":[{"href":"https:\/\/www.orto-bar.com\/en\/wp-json\/wp\/v2\/product"}],"about":[{"href":"https:\/\/www.orto-bar.com\/en\/wp-json\/wp\/v2\/types\/product"}],"author":[{"embeddable":true,"href":"https:\/\/www.orto-bar.com\/en\/wp-json\/wp\/v2\/users\/11"}],"version-history":[{"count":0,"href":"https:\/\/www.orto-bar.com\/en\/wp-json\/wp\/v2\/product\/44198\/revisions"}],"wp:featuredmedia":[{"embeddable":true,"href":"https:\/\/www.orto-bar.com\/en\/wp-json\/wp\/v2\/media\/44199"}],"wp:attachment":[{"href":"https:\/\/www.orto-bar.com\/en\/wp-json\/wp\/v2\/media?parent=44198"}],"wp:term":[{"taxonomy":"product_brand","embeddable":true,"href":"https:\/\/www.orto-bar.com\/en\/wp-json\/wp\/v2\/product_brand?post=44198"},{"taxonomy":"product_cat","embeddable":true,"href":"https:\/\/www.orto-bar.com\/en\/wp-json\/wp\/v2\/product_cat?post=44198"},{"taxonomy":"product_tag","embeddable":true,"href":"https:\/\/www.orto-bar.com\/en\/wp-json\/wp\/v2\/product_tag?post=44198"}],"curies":[{"name":"wp","href":"https:\/\/api.w.org\/{rel}","templated":true}]}}