{"id":44217,"date":"2023-07-13T20:18:20","date_gmt":"2023-07-13T19:18:20","guid":{"rendered":"https:\/\/www.orto-bar.com\/?post_type=product&#038;p=44217"},"modified":"2023-09-30T17:59:24","modified_gmt":"2023-09-30T15:59:24","slug":"easy-cure-the-cure-tribute-band","status":"publish","type":"product","link":"https:\/\/www.orto-bar.com\/en\/dogodki\/arhiv\/easy-cure-the-cure-tribute-band\/","title":{"rendered":"Easy Cure THE CURE Tribute band"},"content":{"rendered":"<p>Si \u017eelite pravo THE CURE do\u017eivetje. Easy Cure so najbolj\u0161i The Cure Tribute Band. Nastopajo \u017ee od leta 1996 in to na \u0161tevilnih presti\u017enih odrih. Progla\u0161eni so bili tudi za MTV\u00a0 Icon Tribute band\u00a0 , ki je bil leta 2004 v Londonu. Postregli vam bodo z vsemi najve\u010djimi uspe\u0161nicami skupine in tudi z manj znanimi komadi. Ljubitelji skupine THE CURE , udele\u017eba je obvezna!<\/p>","protected":false},"excerpt":{"rendered":"<p>Si \u017eelite pravo THE CURE do\u017eivetje. Easy Cure so najbolj\u0161i The Cure Tribute Band. Nastopajo \u017ee od leta 1996 in to na \u0161tevilnih presti\u017enih odrih. Progla\u0161eni so bili tudi za MTV\u00a0 Icon Tribute band\u00a0 , ki je bil leta 2004 v Londonu. Postregli vam bodo z vsemi najve\u010djimi uspe\u0161nicami skupine in tudi z manj znanimi [&hellip;]<\/p>","protected":false},"author":11,"featured_media":44218,"template":"","meta":{"_seopress_robots_primary_cat":"none","_seopress_titles_title":"","_seopress_titles_desc":"","_seopress_robots_index":""},"product_brand":[],"product_cat":[230],"product_tag":[222],"class_list":{"0":"post-44217","1":"product","2":"type-product","3":"status-publish","4":"has-post-thumbnail","6":"product_cat-arhiv","7":"product_tag-predprodaja","9":"entry","10":"has-media","12":"first","13":"instock","14":"virtual","15":"taxable","16":"product-type-simple","17":"has-product-nav","18":"col","19":"span_1_of_4","20":"owp-content-center","21":"item-entry","22":"owp-thumbs-layout-horizontal","23":"owp-btn-normal","24":"owp-tabs-layout-section","25":"has-no-thumbnails"},"publishpress_future_action":{"enabled":false,"date":"2026-05-09 01:19:28","action":"change-status","newStatus":"draft","terms":[],"taxonomy":"product_cat","extraData":[]},"publishpress_future_workflow_manual_trigger":{"enabledWorkflows":[]},"_links":{"self":[{"href":"https:\/\/www.orto-bar.com\/en\/wp-json\/wp\/v2\/product\/44217","targetHints":{"allow":["GET"]}}],"collection":[{"href":"https:\/\/www.orto-bar.com\/en\/wp-json\/wp\/v2\/product"}],"about":[{"href":"https:\/\/www.orto-bar.com\/en\/wp-json\/wp\/v2\/types\/product"}],"author":[{"embeddable":true,"href":"https:\/\/www.orto-bar.com\/en\/wp-json\/wp\/v2\/users\/11"}],"version-history":[{"count":0,"href":"https:\/\/www.orto-bar.com\/en\/wp-json\/wp\/v2\/product\/44217\/revisions"}],"wp:featuredmedia":[{"embeddable":true,"href":"https:\/\/www.orto-bar.com\/en\/wp-json\/wp\/v2\/media\/44218"}],"wp:attachment":[{"href":"https:\/\/www.orto-bar.com\/en\/wp-json\/wp\/v2\/media?parent=44217"}],"wp:term":[{"taxonomy":"product_brand","embeddable":true,"href":"https:\/\/www.orto-bar.com\/en\/wp-json\/wp\/v2\/product_brand?post=44217"},{"taxonomy":"product_cat","embeddable":true,"href":"https:\/\/www.orto-bar.com\/en\/wp-json\/wp\/v2\/product_cat?post=44217"},{"taxonomy":"product_tag","embeddable":true,"href":"https:\/\/www.orto-bar.com\/en\/wp-json\/wp\/v2\/product_tag?post=44217"}],"curies":[{"name":"wp","href":"https:\/\/api.w.org\/{rel}","templated":true}]}}