{"id":44231,"date":"2023-07-18T13:07:24","date_gmt":"2023-07-18T12:07:24","guid":{"rendered":"https:\/\/www.orto-bar.com\/?post_type=product&#038;p=44231"},"modified":"2023-07-18T20:15:04","modified_gmt":"2023-07-18T19:15:04","slug":"introduction-festival-2023","status":"publish","type":"product","link":"https:\/\/www.orto-bar.com\/en\/dogodki\/arhiv\/introduction-festival-2023\/","title":{"rendered":"Introduction Festival 2023"},"content":{"rendered":"<p>Spoznavni ve\u010der \u0161tudentov! \u010caka vas ples do jutra. Vabljeni!<\/p>\n<p>&nbsp;<\/p>\n<p>We are proud to present the eighth edition of the annual Introduction Festival to celebrate the start of your adventure in Ljubljana! \u2728<\/p>\n<p>This is the largest party of the semester that always sells out in advance, so make sure you get your tickets while you can \ud83d\udcc5<\/p>\n<p>After the stress of settling in, sorting your housing, and having the first week of class, we offer you the perfect opportunity to come together with all new local and international students from UL, UP, UNG and many more in our favorite venue in the city!<\/p>\n<p>Here is to new friendships, adventures, and countless memories \ud83e\udd42<\/p>\n<p>\u25ac\u25ac\u25ac TICKETS \u25ac\u25ac\u25ac<\/p>\n<p>&nbsp;<\/p>\n<p>Every semester has three main events on which everyone comes together: \u2460 The Introduction Festival, \u2461 Halloween Party, and \u2462 Final Semester Party.<\/p>\n<p>&nbsp;<\/p>\n<p>That is why we are introducing combination tickets that will give you access to all main events of the semester for a lower price.<\/p>\n<p>&nbsp;<\/p>\n<p>You can also buy a single ticket for just the Introduction Festival.<\/p>\n<p>&nbsp;<\/p>\n<p>Single Ticket that gives access to just the Introduction Festival:<\/p>\n<p>&nbsp;<\/p>\n<p>\u25a1\u25a1\u25a1\u25a1 Single Ticket Round 1: 3.5 \u20ac<br \/>\n\u25a1\u25a1\u25a1\u25a1 Single Ticket Round 2: 6.5 \u20ac<br \/>\n\u25a1\u25a1\u25a1\u25a1 Single Ticket Round 3: 9.5 \u20ac<\/p>\n<p>&nbsp;<\/p>\n<p>Combination Ticket that gives access to the \u2460 Introduction Festival + \u2461 Halloween Party + \u2462 Final Semester Party:<\/p>\n<p>&nbsp;<\/p>\n<p>\u25a1\u25a1\u25a1\u25a1 Combination Ticket Round 1: 9.5 \u20ac (Best Deal\u00a0\u00a0)<br \/>\n\u25a1\u25a1\u25a1\u25a1 Combination Ticket Round 2: 14.5 \u20ac<br \/>\n\u25a1\u25a1\u25a1\u25a1 Combination Ticket Round 3: 19.5 \u20ac<\/p>\n<p>&nbsp;<\/p>\n<p>*\u1d1b\u029c\u1d07 \u1d0f\u0274\u029f\u028f \u1d05\u026a\ua730\ua730\u1d07\u0280\u1d07\u0274\u1d04\u1d07 \u0299\u1d07\u1d1b\u1d21\u1d07\u1d07\u0274 \u1d1b\u029c\u1d07 \u0280\u1d0f\u1d1c\u0274\u1d05\ua731 \u026a\ua731 \u1d1b\u029c\u1d07 \u1d18\u0280\u026a\u1d04\u1d07, \u1d1b\u029c\u1d07 \u029f\u1d00\u1d1b\u1d07\u0280 \u028f\u1d0f\u1d1c \u0299\u1d1c\u028f \u1d1b\u029c\u1d07 \u029c\u026a\u0262\u029c\u1d07\u0280 \u1d1b\u029c\u1d07 \u1d18\u0280\u026a\u1d04\u1d07<\/p>\n<p>&nbsp;<\/p>\n<p>Link to tickets:\u00a0<a href=\"https:\/\/events.isninternational.com\/events\/isn\/965618?fbclid=IwAR2xx5RmkxTO9Zd8lIQ10xvVQs4KrcO5SyJNRRkLSWW2R5b6J0f5gz4ZW9E\">https:\/\/events.isninternational.com\/events\/isn\/965618<\/a><\/p>\n<p>&nbsp;<\/p>\n<p>\u25ac\u25ac\u25ac Event Details \u25ac\u25ac\u25ac<\/p>\n<p>&nbsp;<\/p>\n<p>Introduction Festival:\u00a0<a href=\"https:\/\/www.facebook.com\/events\/211964341715262\/?__cft__%5b0%5d=AZXpRyt__SkLw5AeNZQyjl9lwcOM2IYp62BeFZ7B4tIMS4_aNQxSov67ufQht4-8MCCZgTCHsXF_HzfaQztXtpMlcqor4nyD1J6dOWBFzAIbEmCdiYObdHGGPSbql5QjisjEedxVcYvRFzcskT3PfjQb1GN3UDR-HQjjrQtNwYVqPg&amp;__tn__=q\"><strong>https:\/\/www.facebook.com\/events\/211964341715262<\/strong><\/a><\/p>\n<p>Halloween Festival:\u00a0<a href=\"https:\/\/www.facebook.com\/events\/1226101925457138\/?__cft__%5b0%5d=AZXpRyt__SkLw5AeNZQyjl9lwcOM2IYp62BeFZ7B4tIMS4_aNQxSov67ufQht4-8MCCZgTCHsXF_HzfaQztXtpMlcqor4nyD1J6dOWBFzAIbEmCdiYObdHGGPSbql5QjisjEedxVcYvRFzcskT3PfjQb1GN3UDR-HQjjrQtNwYVqPg&amp;__tn__=q\"><strong>https:\/\/www.facebook.com\/events\/1226101925457138<\/strong><\/a><\/p>\n<p>Final Semester Party:\u00a0<a href=\"https:\/\/www.facebook.com\/events\/292998263144935\/?__cft__%5b0%5d=AZXpRyt__SkLw5AeNZQyjl9lwcOM2IYp62BeFZ7B4tIMS4_aNQxSov67ufQht4-8MCCZgTCHsXF_HzfaQztXtpMlcqor4nyD1J6dOWBFzAIbEmCdiYObdHGGPSbql5QjisjEedxVcYvRFzcskT3PfjQb1GN3UDR-HQjjrQtNwYVqPg&amp;__tn__=q\"><strong>https:\/\/www.facebook.com\/events\/292998263144935<\/strong><\/a><\/p>\n<p>&nbsp;<\/p>\n<p>&nbsp;<\/p>\n<p>\ud83d\udd1e All of our events are for 18 and above. You are required to bring a hard copy of a driver&#8217;s license, ID Card, or passport. Tickets are non refundable but transferable. We have great photographers present at our events, so please dress up.<\/p>\n<p>\ud83d\udcf8 Follow us on Instagram @isninternational<\/p>\n<p>&nbsp;<\/p>\n<p>&#8212;&#8212;&#8212;&#8212;&#8212;&#8212;&#8212;&#8212;&#8212;&#8212;&#8212;&#8212;&#8212;&#8212;&#8212;&#8212;&#8212;&#8212;&#8212;-<\/p>","protected":false},"excerpt":{"rendered":"<p>Spoznavni ve\u010der \u0161tudentov! \u010caka vas ples do jutra. Vabljeni! &nbsp; We are proud to present the eighth edition of the annual Introduction Festival to celebrate the start of your adventure in Ljubljana! \u2728 This is the largest party of the semester that always sells out in advance, so make sure you get your tickets while [&hellip;]<\/p>","protected":false},"author":11,"featured_media":44232,"template":"","meta":{"_seopress_robots_primary_cat":"none","_seopress_titles_title":"","_seopress_titles_desc":"","_seopress_robots_index":""},"product_brand":[],"product_cat":[230],"product_tag":[222],"class_list":{"0":"post-44231","1":"product","2":"type-product","3":"status-publish","4":"has-post-thumbnail","6":"product_cat-arhiv","7":"product_tag-predprodaja","9":"entry","10":"has-media","12":"first","13":"onbackorder","14":"virtual","15":"taxable","16":"product-type-simple","17":"has-product-nav","18":"col","19":"span_1_of_4","20":"owp-content-center","21":"item-entry","22":"owp-thumbs-layout-horizontal","23":"owp-btn-normal","24":"owp-tabs-layout-section","25":"has-no-thumbnails"},"publishpress_future_action":{"enabled":false,"date":"2026-05-09 02:33:52","action":"change-status","newStatus":"draft","terms":[],"taxonomy":"product_cat","extraData":[]},"publishpress_future_workflow_manual_trigger":{"enabledWorkflows":[]},"_links":{"self":[{"href":"https:\/\/www.orto-bar.com\/en\/wp-json\/wp\/v2\/product\/44231","targetHints":{"allow":["GET"]}}],"collection":[{"href":"https:\/\/www.orto-bar.com\/en\/wp-json\/wp\/v2\/product"}],"about":[{"href":"https:\/\/www.orto-bar.com\/en\/wp-json\/wp\/v2\/types\/product"}],"author":[{"embeddable":true,"href":"https:\/\/www.orto-bar.com\/en\/wp-json\/wp\/v2\/users\/11"}],"version-history":[{"count":0,"href":"https:\/\/www.orto-bar.com\/en\/wp-json\/wp\/v2\/product\/44231\/revisions"}],"wp:featuredmedia":[{"embeddable":true,"href":"https:\/\/www.orto-bar.com\/en\/wp-json\/wp\/v2\/media\/44232"}],"wp:attachment":[{"href":"https:\/\/www.orto-bar.com\/en\/wp-json\/wp\/v2\/media?parent=44231"}],"wp:term":[{"taxonomy":"product_brand","embeddable":true,"href":"https:\/\/www.orto-bar.com\/en\/wp-json\/wp\/v2\/product_brand?post=44231"},{"taxonomy":"product_cat","embeddable":true,"href":"https:\/\/www.orto-bar.com\/en\/wp-json\/wp\/v2\/product_cat?post=44231"},{"taxonomy":"product_tag","embeddable":true,"href":"https:\/\/www.orto-bar.com\/en\/wp-json\/wp\/v2\/product_tag?post=44231"}],"curies":[{"name":"wp","href":"https:\/\/api.w.org\/{rel}","templated":true}]}}