{"id":44236,"date":"2023-07-18T20:46:34","date_gmt":"2023-07-18T19:46:34","guid":{"rendered":"https:\/\/www.orto-bar.com\/?post_type=product&#038;p=44236"},"modified":"2023-09-15T14:12:59","modified_gmt":"2023-09-15T13:12:59","slug":"white-stain-15th-anniversary","status":"publish","type":"product","link":"https:\/\/www.orto-bar.com\/en\/dogodki\/arhiv\/white-stain-15th-anniversary\/","title":{"rendered":"WHITE STAIN 15th anniversary"},"content":{"rendered":"<div class=\"xdj266r x11i5rnm xat24cr x1mh8g0r x1vvkbs\">15 let mineva od takrat, ko smo se \u0161e kot mulci odlo\u010dli naredit punkrock band. Takrat se nam ni niti pribli\u017eno sanjalo, da bo na\u0161a zgodba trajala tako dolgo. Za\u010deli smo, tako kot vsi, skromno in z majhnimi \u017eeljami. Najprej smo razmi\u0161ljali o prvem placu za vaje, potem prvem komadu, prvem \u0161pilu, prvem obisku studija, prvem CD-ju\u2026 No, vseh teh se je v teh letih nabralo precej. Izdali smo 2 albuma, 2 EP-ja, odigrali na stotine (smo jih \u017ee davno nehali \u0161teti) koncertov in si nabrali \u0161e vsaj stokrat toliko noro dobrih do\u017eivetij. Slabih pa je bilo tako malo, da smo jih \u017ee zdavnaj pozabili.<\/div>\n<div class=\"x11i5rnm xat24cr x1mh8g0r x1vvkbs xtlvy1s\">Ob na\u0161i 15-letnici je prav, da naredimo nekaj posebnega. Zato vse sopotnice in sopotnike na dosedanji White Stain poti vabimo 23. septembra na eno od na\u0161ih \u201cdoma\u010dih\u201d lokacij, v Orto Bar, na prav poseben \u017eur. Obljubljamo glasbeno do\u017eivetje, zaznamovano z naborom komadov iz na\u0161ega \u017eeleznega repertoarja, pa tudi nekaj songov, ki jih po navadi na na\u0161ih koncertih ne boste ujeli. Po koncertu seveda sledi dolgo dru\u017eenje in nazdravljanje \u010dastitljivi obletnici!<\/div>\n<div class=\"x11i5rnm xat24cr x1mh8g0r x1vvkbs xtlvy1s\">Na koncertu nam bodo dru\u017ebo delali Trophy Jump iz Zagreba! Fantje kot bend delujejo od leta 2014, njihovo muziko pa bi najbolje opisali kot prepletanje indieja in punk rocka. Na koncertih doma in po Evropi se predstavljajo s svojim najnovej\u0161im polnometra\u017enim albumom Feels, ki nosi letnico 2022.<\/div>\n<div class=\"x11i5rnm xat24cr x1mh8g0r x1vvkbs xtlvy1s\"><a class=\"x1i10hfl xjbqb8w x6umtig x1b1mbwd xaqea5y xav7gou x9f619 x1ypdohk xt0psk2 xe8uvvx xdj266r x11i5rnm xat24cr x1mh8g0r xexx8yu x4uap5 x18d9i69 xkhd6sd x16tdsg8 x1hl2dhg xggy1nq x1a2a7pz xt0b8zv x1fey0fg\" tabindex=\"0\" role=\"link\" href=\"https:\/\/l.facebook.com\/l.php?u=https%3A%2F%2Ftrophyjump.bandcamp.com%2F%3Ffbclid%3DIwAR0S87tJJg29jCIPlUblTkZx4zAYl8LL4kuie9UGjqEE7ce6pHQLlwdfQqc&amp;h=AT2-DOnxkA8oGlZomXUcYTKWPWdNF6Q7UuZ0Xyn0gfA8OfE_fmdeBejfoH2X_IJCIbHXV8cfjYAG5kUzR0FyPrY7_hkQmqyIZ7np5O9YN5fbIwWxHLcvROFXLoOuH66mXg&amp;__tn__=q&amp;c[0]=AT1aHG-ne5BlGO59RY2iwFZTCEZ6lztij58v7DIIuR4k5yYUm0uLu4vYoGwgzW4HPAPoW8b0NS3hUiWLnAuw0xBv6rNqwV2U2Az6Y06o1OXv4UekI2R-O-o-UFDkeG7uQKyeXEjoEPHT-I1CVbp5ev5R1IGS\" target=\"_blank\" rel=\"nofollow noopener noreferrer\">https:\/\/trophyjump.bandcamp.com\/<\/a><br \/>\n<a class=\"x1i10hfl xjbqb8w x6umtig x1b1mbwd xaqea5y xav7gou x9f619 x1ypdohk xt0psk2 xe8uvvx xdj266r x11i5rnm xat24cr x1mh8g0r xexx8yu x4uap5 x18d9i69 xkhd6sd x16tdsg8 x1hl2dhg xggy1nq x1a2a7pz xt0b8zv xzsf02u x1s688f\" tabindex=\"0\" role=\"link\" href=\"https:\/\/www.facebook.com\/trophyjump?__cft__[0]=AZWQ6fyuy8Ra_3QaAv3_Cwtu13BoExB5_3pD3X5L9mK4C91uoJZNRGqNWLAZJdl7OL8Uha9odt5N3Jzmq0OmNe8of4l56EgMLMkTvcNhLirpQ64IjoOIN9unU9yuFlwOMt0&amp;__tn__=q\"><span class=\"xt0psk2\">https:\/\/www.facebook.com\/trophyjump<\/span><\/a><\/div>\n<div class=\"x11i5rnm xat24cr x1mh8g0r x1vvkbs xtlvy1s\">Z nami bodo tudi na\u0161i dobri prijatelji REAL LIFE VERSION. Fante smo spoznali v njihovi (in na\u0161i) doma\u010di Ajdov\u0161\u010dini, ko smo tam poleti leta 2014 snemali na\u0161 prvi album Attached. RLV-ji so bili takrat \u017ee legende slovenske punk rock scene in nam v velik vzor. V svojem zna\u010dilnem, tehni\u010dno izvrstnem punkrocku, ki v\u010dasih prehaja v melodi\u010dni hardcore \u017eagajo \u017ee vse od leta 2005. Njihov zadnji, odli\u010dni album nosi naslov Furious Winds and Ice Cold Showers in je iz\u0161el leta 2018.<\/div>\n<div class=\"x11i5rnm xat24cr x1mh8g0r x1vvkbs xtlvy1s\"><a class=\"x1i10hfl xjbqb8w x6umtig x1b1mbwd xaqea5y xav7gou x9f619 x1ypdohk xt0psk2 xe8uvvx xdj266r x11i5rnm xat24cr x1mh8g0r xexx8yu x4uap5 x18d9i69 xkhd6sd x16tdsg8 x1hl2dhg xggy1nq x1a2a7pz xt0b8zv x1fey0fg\" tabindex=\"0\" role=\"link\" href=\"https:\/\/l.facebook.com\/l.php?u=https%3A%2F%2Freallifeversion.bandcamp.com%2F%3Ffbclid%3DIwAR1Ne50QH-geYyXgHi3dfgLm0NQAjxuFqUmLcKoU91WbPETgh8aYMDa0ol0&amp;h=AT0X6hHTkIgPJ1w7MrrBmifG9gOC-N9uh-70jK53vnwmli3fmTftFuIt86c73rBEi9fNPMWEiIFJT9wYyyBoygzNlpaMExsJWeQ9um-AhYKvvb8Q00Yu4X2h2aMzEH5h6A&amp;__tn__=q&amp;c[0]=AT1aHG-ne5BlGO59RY2iwFZTCEZ6lztij58v7DIIuR4k5yYUm0uLu4vYoGwgzW4HPAPoW8b0NS3hUiWLnAuw0xBv6rNqwV2U2Az6Y06o1OXv4UekI2R-O-o-UFDkeG7uQKyeXEjoEPHT-I1CVbp5ev5R1IGS\" target=\"_blank\" rel=\"nofollow noopener noreferrer\">https:\/\/reallifeversion.bandcamp.com\/<\/a><br \/>\n<a class=\"x1i10hfl xjbqb8w x6umtig x1b1mbwd xaqea5y xav7gou x9f619 x1ypdohk xt0psk2 xe8uvvx xdj266r x11i5rnm xat24cr x1mh8g0r xexx8yu x4uap5 x18d9i69 xkhd6sd x16tdsg8 x1hl2dhg xggy1nq x1a2a7pz xt0b8zv xzsf02u x1s688f\" tabindex=\"0\" role=\"link\" href=\"https:\/\/www.facebook.com\/RealLifeVersionSLO?__cft__[0]=AZWQ6fyuy8Ra_3QaAv3_Cwtu13BoExB5_3pD3X5L9mK4C91uoJZNRGqNWLAZJdl7OL8Uha9odt5N3Jzmq0OmNe8of4l56EgMLMkTvcNhLirpQ64IjoOIN9unU9yuFlwOMt0&amp;__tn__=q\"><span class=\"xt0psk2\">https:\/\/www.facebook.com\/RealLifeVersionSLO\/<\/span><\/a><\/div>\n<div><strong>Vstopnina 10\u20ac na na\u0161i blagajni na dan dogodka<\/strong><\/div>","protected":false},"excerpt":{"rendered":"<p>15 let mineva od takrat, ko smo se \u0161e kot mulci odlo\u010dli naredit punkrock band. Takrat se nam ni niti pribli\u017eno sanjalo, da bo na\u0161a zgodba trajala tako dolgo. Za\u010deli smo, tako kot vsi, skromno in z majhnimi \u017eeljami. Najprej smo razmi\u0161ljali o prvem placu za vaje, potem prvem komadu, prvem \u0161pilu, prvem obisku studija, [&hellip;]<\/p>","protected":false},"author":11,"featured_media":44844,"template":"","meta":{"_seopress_robots_primary_cat":"none","_seopress_titles_title":"","_seopress_titles_desc":"","_seopress_robots_index":""},"product_brand":[],"product_cat":[230],"product_tag":[222],"class_list":{"0":"post-44236","1":"product","2":"type-product","3":"status-publish","4":"has-post-thumbnail","6":"product_cat-arhiv","7":"product_tag-predprodaja","9":"entry","10":"has-media","12":"first","13":"instock","14":"virtual","15":"taxable","16":"product-type-simple","17":"has-product-nav","18":"col","19":"span_1_of_4","20":"owp-content-center","21":"item-entry","22":"owp-thumbs-layout-horizontal","23":"owp-btn-normal","24":"owp-tabs-layout-section","25":"has-no-thumbnails"},"publishpress_future_action":{"enabled":false,"date":"2026-05-09 01:19:29","action":"change-status","newStatus":"draft","terms":[],"taxonomy":"product_cat","extraData":[]},"publishpress_future_workflow_manual_trigger":{"enabledWorkflows":[]},"_links":{"self":[{"href":"https:\/\/www.orto-bar.com\/en\/wp-json\/wp\/v2\/product\/44236","targetHints":{"allow":["GET"]}}],"collection":[{"href":"https:\/\/www.orto-bar.com\/en\/wp-json\/wp\/v2\/product"}],"about":[{"href":"https:\/\/www.orto-bar.com\/en\/wp-json\/wp\/v2\/types\/product"}],"author":[{"embeddable":true,"href":"https:\/\/www.orto-bar.com\/en\/wp-json\/wp\/v2\/users\/11"}],"version-history":[{"count":0,"href":"https:\/\/www.orto-bar.com\/en\/wp-json\/wp\/v2\/product\/44236\/revisions"}],"wp:featuredmedia":[{"embeddable":true,"href":"https:\/\/www.orto-bar.com\/en\/wp-json\/wp\/v2\/media\/44844"}],"wp:attachment":[{"href":"https:\/\/www.orto-bar.com\/en\/wp-json\/wp\/v2\/media?parent=44236"}],"wp:term":[{"taxonomy":"product_brand","embeddable":true,"href":"https:\/\/www.orto-bar.com\/en\/wp-json\/wp\/v2\/product_brand?post=44236"},{"taxonomy":"product_cat","embeddable":true,"href":"https:\/\/www.orto-bar.com\/en\/wp-json\/wp\/v2\/product_cat?post=44236"},{"taxonomy":"product_tag","embeddable":true,"href":"https:\/\/www.orto-bar.com\/en\/wp-json\/wp\/v2\/product_tag?post=44236"}],"curies":[{"name":"wp","href":"https:\/\/api.w.org\/{rel}","templated":true}]}}