{"id":44248,"date":"2023-07-20T17:06:24","date_gmt":"2023-07-20T16:06:24","guid":{"rendered":"https:\/\/www.orto-bar.com\/?post_type=product&#038;p=44248"},"modified":"2023-09-01T18:50:04","modified_gmt":"2023-09-01T17:50:04","slug":"velekoncert","status":"publish","type":"product","link":"https:\/\/www.orto-bar.com\/en\/dogodki\/arhiv\/velekoncert\/","title":{"rendered":"Velekoncert !"},"content":{"rendered":"<p>VELEBOR (EMKEJ, MRIGO, GHET MITO) PO TREH VELEKONCERTIH (MARIBOR, VELENJE, \u0160KOFJA LOKA) PRIHAJAJO V ORTO BAR!!!<\/p>\n<p>&nbsp;<\/p>\n<p>Brez napihovanja, super skupino Velebor poznamo kot vodilno v Sloveniji in spo\u0161tovano v \u0161ir\u0161i regiji, kar se \u00bbhip hop-a\u00ab zadeva. Hip hop trdnjava, ki je zgrajena iz dveh izredno mo\u010dnih sredi\u0161\u010d doma\u010dega hip hop dogajanja. Mrigo in Ghet, velenjska predstavnika, ki sta z svojim albumom \u00bbMrigz &#8216;n&#8217; Ghet Hitz\u00ab postavila nov mejnik rap-a na Balkanu ter Emkej in Mito, prepoznavna mariborska naveza, s katero skupaj tvorijo ime Velebor. Njihovi solo projekti, so nepogre\u0161ljivi v debati o doma\u010dem hip hop-u. Po \u0161tevilnih skupnih projektih, so aprila 2013 postregli s celotnim albumom \u00bbBo\u017eja Gamad\u00ab. Z imenom skupine, naslovom albuma in tematikami, ki se jih lotevajo, sku\u0161ajo fantje opozoriti na pomen ravnovesja dobrega in slabega, ki ga jemljejo za svoj smisel \u017eivljenja. Na albumu gostujeta raperja Nemir iz Velenja in Gero iz Kr\u0161kega ter izvrstna vokalistka Polona iz Maribora. Album je iz\u0161el pri neodvisni zalo\u017ebi Wudisban Records, katere soustanovitelj je \u010dlan skupine Emkej. Prvi video singl &#8220;Lifting&#8221; je leta 2013 za nekaj \u010dasa za\u0161tekal na prvem mestu lestvice &#8220;To\u010dka&#8221;. Drugi &#8220;Zadni Komad&#8221;, tretji \u00bbBo\u017eja Gamad\u00ab in \u010detrti video \u00bbGadbadigard II\u00ab pa imajo lepo \u0161tevilo ogledov na spletu. V zadnjem video singlu &#8220;Wudisban Remix&#8221; so fantje zdru\u017eili mo\u010di z vsemi \u010dlani zalo\u017ebe Wudisban. Wudisban Remix je tako prvi video na katerem repa oz. sodeluje 11 emsijev (Emkej, Ghet, Mrigo, Mito, Nemir, Drill, Burke, Mladich, Amo, Tropski in Nite) in did\u017eej (Sunny Sun). \u017de sama \u00bbkilometrina\u00ab koncertov, nakazuje na izdelane ampak \u0161e vedno surove in spontane nastope, na katerih u\u017eivajo ljubitelji razli\u010dnih zvrsti glasbe. 1.9.2023 bo na odru ORTO BAR-a poleg Emkeja, Mrigsa, Gheta in Mita mo\u017eno sli\u0161at tudi legendo albuma &#8211; Polono!<\/p>\n<p>&nbsp;<\/p>\n<p>VELEBOR<\/p>\n<p>\u2013 Lifting (Video): <a href=\"https:\/\/www.youtube.com\/watch?v=EApGBV69YbI\">https:\/\/www.youtube.com\/watch?v=EApGBV69YbI<\/a> VELEBOR<\/p>\n<p>\u2013 Zadni Komad (Video): <a href=\"https:\/\/www.youtube.com\/watch?v=BJvWqlH3H-U\">https:\/\/www.youtube.com\/watch?v=BJvWqlH3H-U<\/a> VELEBOR<\/p>\n<p>\u2013 Bo\u017eja Gamad (Video):<a href=\"https:\/\/www.youtube.com\/watch?v=ko9lK-4V8hE\">https:\/\/www.youtube.com\/watch?v=ko9lK-4V8hE<\/a> VELEBOR<\/p>\n<p>\u2013 Gadbadigard II (Video): <a href=\"http:\/\/www.youtube.com\/watch?v=hFAkPIwet5o\">http:\/\/www.youtube.com\/watch?v=hFAkPIwet5o<\/a> VELEBOR<\/p>\n<p>&#8211; Wudisban Remix (Video): <a href=\"https:\/\/www.youtube.com\/watch?v=nN_yXnhdU5w\">https:\/\/www.youtube.com\/watch?v=nN_yXnhdU5w<\/a><\/p>\n<p>Obi\u0161\u010dite tudi: <a href=\"https:\/\/www.facebook.com\/pages\/Velebor\">https:\/\/www.facebook.com\/pages\/Velebor<\/a><\/p>\n<p>&nbsp;<\/p>\n<p><strong>VSTOPNICE :<\/strong><\/p>\n<p><strong>LIFTING BIRD: 10 EUR(prvih 100)<\/strong><\/p>\n<p><strong>GABADI FAN : 13 EUR<\/strong><\/p>\n<p><strong>NA BO\u017dJE GAMADI DAN (1.9.2023) : 17 EUR<\/strong><\/p>","protected":false},"excerpt":{"rendered":"<p>VELEBOR (EMKEJ, MRIGO, GHET MITO) PO TREH VELEKONCERTIH (MARIBOR, VELENJE, \u0160KOFJA LOKA) PRIHAJAJO V ORTO BAR!!! &nbsp; Brez napihovanja, super skupino Velebor poznamo kot vodilno v Sloveniji in spo\u0161tovano v \u0161ir\u0161i regiji, kar se \u00bbhip hop-a\u00ab zadeva. Hip hop trdnjava, ki je zgrajena iz dveh izredno mo\u010dnih sredi\u0161\u010d doma\u010dega hip hop dogajanja. Mrigo in Ghet, [&hellip;]<\/p>","protected":false},"author":11,"featured_media":44309,"template":"","meta":{"_seopress_robots_primary_cat":"none","_seopress_titles_title":"","_seopress_titles_desc":"","_seopress_robots_index":""},"product_brand":[],"product_cat":[230],"product_tag":[222],"class_list":{"0":"post-44248","1":"product","2":"type-product","3":"status-publish","4":"has-post-thumbnail","6":"product_cat-arhiv","7":"product_tag-predprodaja","9":"entry","10":"has-media","12":"first","13":"instock","14":"virtual","15":"taxable","16":"product-type-simple","17":"has-product-nav","18":"col","19":"span_1_of_4","20":"owp-content-center","21":"item-entry","22":"owp-thumbs-layout-horizontal","23":"owp-btn-normal","24":"owp-tabs-layout-section","25":"has-no-thumbnails"},"publishpress_future_action":{"enabled":false,"date":"2026-05-09 00:13:45","action":"change-status","newStatus":"draft","terms":[],"taxonomy":"product_cat","extraData":[]},"publishpress_future_workflow_manual_trigger":{"enabledWorkflows":[]},"_links":{"self":[{"href":"https:\/\/www.orto-bar.com\/en\/wp-json\/wp\/v2\/product\/44248","targetHints":{"allow":["GET"]}}],"collection":[{"href":"https:\/\/www.orto-bar.com\/en\/wp-json\/wp\/v2\/product"}],"about":[{"href":"https:\/\/www.orto-bar.com\/en\/wp-json\/wp\/v2\/types\/product"}],"author":[{"embeddable":true,"href":"https:\/\/www.orto-bar.com\/en\/wp-json\/wp\/v2\/users\/11"}],"version-history":[{"count":0,"href":"https:\/\/www.orto-bar.com\/en\/wp-json\/wp\/v2\/product\/44248\/revisions"}],"wp:featuredmedia":[{"embeddable":true,"href":"https:\/\/www.orto-bar.com\/en\/wp-json\/wp\/v2\/media\/44309"}],"wp:attachment":[{"href":"https:\/\/www.orto-bar.com\/en\/wp-json\/wp\/v2\/media?parent=44248"}],"wp:term":[{"taxonomy":"product_brand","embeddable":true,"href":"https:\/\/www.orto-bar.com\/en\/wp-json\/wp\/v2\/product_brand?post=44248"},{"taxonomy":"product_cat","embeddable":true,"href":"https:\/\/www.orto-bar.com\/en\/wp-json\/wp\/v2\/product_cat?post=44248"},{"taxonomy":"product_tag","embeddable":true,"href":"https:\/\/www.orto-bar.com\/en\/wp-json\/wp\/v2\/product_tag?post=44248"}],"curies":[{"name":"wp","href":"https:\/\/api.w.org\/{rel}","templated":true}]}}