{"id":44379,"date":"2023-08-08T14:45:39","date_gmt":"2023-08-08T13:45:39","guid":{"rendered":"https:\/\/www.orto-bar.com\/dogodki\/nekategorizirano\/white-stain-15th-anniversary-copy\/"},"modified":"2023-09-30T01:00:03","modified_gmt":"2023-09-29T23:00:03","slug":"smetnaki-kiwi-flash","status":"publish","type":"product","link":"https:\/\/www.orto-bar.com\/en\/dogodki\/arhiv\/smetnaki-kiwi-flash\/","title":{"rendered":"Smetnaki, Kiwi Flash"},"content":{"rendered":"<p>Smetnaki so kranjsko-tr\u017ei\u0161ki glasbeni sestav. \u017danrsko se ne opredeljujejo &#8211; predvsem se odzivajo na preproste do zelo bizarne situacije \u017eivljenja. Njihovo glasbo, najbolj pa besedila, tako zaznamuje humor &#8211; bolj ali manj zakrit v ve\u010d nivojev ironije. Ustvarjajo iz organske nuje. Igrajo, ker sebe in vas radi naple\u0161ejo in pre\u0161vicajo.<\/p>\n<p>&nbsp;<\/p>\n<p>Gal Grobov\u0161ek &#8211; tenor sax, vokal<\/p>\n<p>\u017dan \u0160krjanec &#8211; pozavna<\/p>\n<p>An\u017ee Balanti\u010d &#8211; trobenta<\/p>\n<p>An\u017ee Podobnik- bobni<\/p>\n<p>Amadei \u0160ar\u0161anski &#8211; bas kitara<\/p>\n<p>Rok Valjavec &#8211; elektri\u010dna kitara<\/p>\n<p>KIWI FLASH 2023<\/p>\n<p>Kiwi Flash, Ljubljanska skupina \u0161tirih glasbenih navdu\u0161encev se po dvoletnem premoru s prvencem<br \/>\nponovno vra\u010da v Slovenski glasbeni svet. Z izjemo nekaj koncertov so od \u010dasa korone, ki jim je<br \/>\npresekala pot poglobili v svoj neizdani material in poskrbeli, da v najbolj\u0161i lu\u010di prodre v svet. V tem<br \/>\n\u010dasu so se spoznali s producentom Petrom Penkom, ki je glasbi dodal nov pogled in pomagal pri<br \/>\nudejstvovanju tega albuma, da je glasba konkretno \u201czadihala\u201d.<br \/>\nMe\u0161anico dovr\u0161ene glasbe, ki vsebuje elemente vse od rocka, funka, psihadelike in kak\u0161nega te\u017ejega<br \/>\nriffa, krasijo spontana, ve\u010dinoma nezahtevna besedila s sme\u0161nim priokusom, ki pa vseeno<br \/>\nudejstvujejo globji pomen opevane teme. Ob teh so\u010dnih ritmih se zazibajo vsa telesa v dvorani,<br \/>\nneglede na starost ali \u017eanrsko usmerjenost.<br \/>\nVse se je za\u010delo s preigravanjem glasbe v zakloni\u0161\u010du Draveljske cerkve, kjer so ustvarili svoj prvi hit<br \/>\n\u201cDe\u017eela Nela\u201d. Nadaljevalo se je z zmago na Ljubljanski \u0160pil ligi in vseslovenskem koncertiranju, tudi z<br \/>\nve\u010djimi Slovenskimi imeni. Ob za\u010detku leta 2020 in izidu drugega singla \u201cGramofon\u201d pa se je zgodil<br \/>\nkoronski prelom, ki jim je prekri\u017eal plane \u017ee po drugem koncertu istoimenske turneje, posledi\u010dno do<br \/>\npa so bili dana\u0161njega dne prisiljeni tudi dvakrat zamenjati in na novo zgraditi prostor za vaje. Ne<br \/>\nglede na vse, poslu\u0161alcev niso pustili na cedilu, v letu 2022 izdali tretji single \u201cMafija \u2013 Skrivni posli\u201d<br \/>\nin pri\u010deli s snemanjem prvenca.<br \/>\nBend resda ni imel \u201ckondicije\u201d izdajanja glasbe, saj je njihovo povpre\u010dje 0,75 komada \/ leto, vendar z<br \/>\nletom 2023 to povpre\u010dje mo\u010dno obra\u010dajo navzgor.\u00a0 Vse je vodilo do tega trenutka, da se je bend<br \/>\nsestavil &#8211; tako mentalno kot tudi glasbeno &#8211; da lahko od tukaj nadaljujejo svojo pot le \u0161e navzgor.<\/p>\n<p>&nbsp;<\/p>","protected":false},"excerpt":{"rendered":"<p>Smetnaki so kranjsko-tr\u017ei\u0161ki glasbeni sestav. \u017danrsko se ne opredeljujejo &#8211; predvsem se odzivajo na preproste do zelo bizarne situacije \u017eivljenja. Njihovo glasbo, najbolj pa besedila, tako zaznamuje humor &#8211; bolj ali manj zakrit v ve\u010d nivojev ironije. Ustvarjajo iz organske nuje. Igrajo, ker sebe in vas radi naple\u0161ejo in pre\u0161vicajo. &nbsp; Gal Grobov\u0161ek &#8211; tenor [&hellip;]<\/p>","protected":false},"author":11,"featured_media":46910,"template":"","meta":{"_seopress_robots_primary_cat":"none","_seopress_titles_title":"","_seopress_titles_desc":"","_seopress_robots_index":""},"product_brand":[],"product_cat":[230],"product_tag":[222],"class_list":{"0":"post-44379","1":"product","2":"type-product","3":"status-publish","4":"has-post-thumbnail","6":"product_cat-arhiv","7":"product_tag-predprodaja","9":"entry","10":"has-media","12":"first","13":"instock","14":"virtual","15":"taxable","16":"product-type-simple","17":"has-product-nav","18":"col","19":"span_1_of_4","20":"owp-content-center","21":"item-entry","22":"owp-thumbs-layout-horizontal","23":"owp-btn-normal","24":"owp-tabs-layout-section"},"publishpress_future_action":{"enabled":false,"date":"2026-05-09 01:34:30","action":"change-status","newStatus":"draft","terms":[],"taxonomy":"product_cat","extraData":[]},"publishpress_future_workflow_manual_trigger":{"enabledWorkflows":[]},"_links":{"self":[{"href":"https:\/\/www.orto-bar.com\/en\/wp-json\/wp\/v2\/product\/44379","targetHints":{"allow":["GET"]}}],"collection":[{"href":"https:\/\/www.orto-bar.com\/en\/wp-json\/wp\/v2\/product"}],"about":[{"href":"https:\/\/www.orto-bar.com\/en\/wp-json\/wp\/v2\/types\/product"}],"author":[{"embeddable":true,"href":"https:\/\/www.orto-bar.com\/en\/wp-json\/wp\/v2\/users\/11"}],"version-history":[{"count":0,"href":"https:\/\/www.orto-bar.com\/en\/wp-json\/wp\/v2\/product\/44379\/revisions"}],"wp:featuredmedia":[{"embeddable":true,"href":"https:\/\/www.orto-bar.com\/en\/wp-json\/wp\/v2\/media\/46910"}],"wp:attachment":[{"href":"https:\/\/www.orto-bar.com\/en\/wp-json\/wp\/v2\/media?parent=44379"}],"wp:term":[{"taxonomy":"product_brand","embeddable":true,"href":"https:\/\/www.orto-bar.com\/en\/wp-json\/wp\/v2\/product_brand?post=44379"},{"taxonomy":"product_cat","embeddable":true,"href":"https:\/\/www.orto-bar.com\/en\/wp-json\/wp\/v2\/product_cat?post=44379"},{"taxonomy":"product_tag","embeddable":true,"href":"https:\/\/www.orto-bar.com\/en\/wp-json\/wp\/v2\/product_tag?post=44379"}],"curies":[{"name":"wp","href":"https:\/\/api.w.org\/{rel}","templated":true}]}}