{"id":44425,"date":"2023-08-12T11:56:32","date_gmt":"2023-08-12T10:56:32","guid":{"rendered":"https:\/\/www.orto-bar.com\/?post_type=product&#038;p=44425"},"modified":"2023-08-12T12:03:27","modified_gmt":"2023-08-12T11:03:27","slug":"metalrock-academy","status":"publish","type":"product","link":"https:\/\/www.orto-bar.com\/en\/dogodki\/arhiv\/metalrock-academy\/","title":{"rendered":"MetalRock Academy"},"content":{"rendered":"<p>Glasbena \u0161ola MetalRock Academy predstavlja 11. letni koncert u\u010dencev, ki se bo odvil 22. 9. v Ljubljanskem Orto baru. Ob spremljavi glasbenih gostov bodo u\u010denci MetalRock Academy iz programov elektri\u010dne kitare, bas kitare in programa petja nastopili na odrskih deskah in ob znanih hitih skupin Helloween, Iron Maiden, Guns N\u2019 Roses, Blind Guardian, ter mnogih drugih, pri\u010darali pravo koncertno vzdu\u0161je. Leto\u0161nji MRA koncert bo spadal med najve\u010dje do zdaj!<\/p>\n<p>Vstop je prost!<\/p>","protected":false},"excerpt":{"rendered":"<p>Glasbena \u0161ola MetalRock Academy predstavlja 11. letni koncert u\u010dencev, ki se bo odvil 22. 9. v Ljubljanskem Orto baru. Ob spremljavi glasbenih gostov bodo u\u010denci MetalRock Academy iz programov elektri\u010dne kitare, bas kitare in programa petja nastopili na odrskih deskah in ob znanih hitih skupin Helloween, Iron Maiden, Guns N\u2019 Roses, Blind Guardian, ter mnogih [&hellip;]<\/p>","protected":false},"author":11,"featured_media":44426,"template":"","meta":{"_seopress_robots_primary_cat":"none","_seopress_titles_title":"","_seopress_titles_desc":"","_seopress_robots_index":""},"product_brand":[],"product_cat":[230],"product_tag":[222],"class_list":{"0":"post-44425","1":"product","2":"type-product","3":"status-publish","4":"has-post-thumbnail","6":"product_cat-arhiv","7":"product_tag-predprodaja","9":"entry","10":"has-media","12":"first","13":"instock","14":"virtual","15":"taxable","16":"product-type-simple","17":"has-product-nav","18":"col","19":"span_1_of_4","20":"owp-content-center","21":"item-entry","22":"owp-thumbs-layout-horizontal","23":"owp-btn-normal","24":"owp-tabs-layout-section","25":"has-no-thumbnails"},"publishpress_future_action":{"enabled":false,"date":"2026-05-09 01:31:51","action":"change-status","newStatus":"draft","terms":[],"taxonomy":"product_cat","extraData":[]},"publishpress_future_workflow_manual_trigger":{"enabledWorkflows":[]},"_links":{"self":[{"href":"https:\/\/www.orto-bar.com\/en\/wp-json\/wp\/v2\/product\/44425","targetHints":{"allow":["GET"]}}],"collection":[{"href":"https:\/\/www.orto-bar.com\/en\/wp-json\/wp\/v2\/product"}],"about":[{"href":"https:\/\/www.orto-bar.com\/en\/wp-json\/wp\/v2\/types\/product"}],"author":[{"embeddable":true,"href":"https:\/\/www.orto-bar.com\/en\/wp-json\/wp\/v2\/users\/11"}],"version-history":[{"count":0,"href":"https:\/\/www.orto-bar.com\/en\/wp-json\/wp\/v2\/product\/44425\/revisions"}],"wp:featuredmedia":[{"embeddable":true,"href":"https:\/\/www.orto-bar.com\/en\/wp-json\/wp\/v2\/media\/44426"}],"wp:attachment":[{"href":"https:\/\/www.orto-bar.com\/en\/wp-json\/wp\/v2\/media?parent=44425"}],"wp:term":[{"taxonomy":"product_brand","embeddable":true,"href":"https:\/\/www.orto-bar.com\/en\/wp-json\/wp\/v2\/product_brand?post=44425"},{"taxonomy":"product_cat","embeddable":true,"href":"https:\/\/www.orto-bar.com\/en\/wp-json\/wp\/v2\/product_cat?post=44425"},{"taxonomy":"product_tag","embeddable":true,"href":"https:\/\/www.orto-bar.com\/en\/wp-json\/wp\/v2\/product_tag?post=44425"}],"curies":[{"name":"wp","href":"https:\/\/api.w.org\/{rel}","templated":true}]}}