{"id":44443,"date":"2023-08-14T13:41:43","date_gmt":"2023-08-14T12:41:43","guid":{"rendered":"https:\/\/www.orto-bar.com\/?post_type=product&#038;p=44443"},"modified":"2023-09-02T17:44:49","modified_gmt":"2023-09-02T16:44:49","slug":"masekka-leslie-more","status":"publish","type":"product","link":"https:\/\/www.orto-bar.com\/en\/dogodki\/arhiv\/masekka-leslie-more\/","title":{"rendered":"Masekka, Leslie More"},"content":{"rendered":"<p>MASEKKA<\/p>\n<p>Smo pet\u010dlanska grunge -metal glasbena skupina Masekka, ki deluje<\/p>\n<p>od leta 2000. Sprva smo pod imenom Yknot ustvarjali progresivno metal glasbo in leta 2006<\/p>\n<p>izdali svoj prvenec Stubborn, ki smo ga predstavili na \u0161tevilnih odrih \u0161irom domovine. V novej\u0161em obdobju na\u0161ega delovanja pa smo se usmerili v bolj agresiven grunge-metal zvok, ki je skladnej\u0161i z na\u0161im dana\u0161njim dojemanjem glasbe in se tako leta 2023 preimenovali v Masekka. Z novo energijo se Masekka trudi izpopolnjevati svoje delo in razvijati edinstven zvok, v upanju, da se bo s svojo surovo mo\u010djo uspel dotakniti marskiaterega poslu\u0161alca.<\/p>\n<p>\u010clani :<\/p>\n<p>Denis Premrl-vokal<\/p>\n<p>Robert Korenjak-kitara<\/p>\n<p>Marko \u0160pacapan-kitara<\/p>\n<p>Marko Bratina-bas<\/p>\n<p>Peter Mozeti\u010d-bobni<\/p>\n<p><strong>LESLIE MORE<\/strong><\/p>\n<p><strong>\u010clani:<\/strong><\/p>\n<p><em>Ma\u0161a Zagorc &#8211; vokal<\/em><em><br \/>\nRok Bohor\u010d &#8211; kitara<br \/>\nRok Povhe &#8211; kitara, spremljevalni vokal<\/em><\/p>\n<p><em>Janii Bohor\u010d &#8211; bas<\/em><em><br \/>\nHaris Lisi\u0107 \u2013 bobni<\/em><\/p>\n<p>&nbsp;<\/p>\n<p><em>LESLIE MORE smo alternativna rock zasedba iz Kr\u0161kega. Debitantski album MY MIND IS CLEAR smo izdali v letu 2021. Tik pred izdajo pa je tudi EP z naslovom REMEDY. Igramo izklju\u010dno avtorsko glasbo.<\/em><\/p>\n<p><em>\u00bbKer je manj ve\u010d \u2013 ko je muzike ve\u010d.\u00ab<\/em><\/p>\n<p><strong><em>\u00a0Vstopnina 8 \u20ac na dan dogodka na na\u0161i blagajni<\/em><\/strong><\/p>\n<p><em>\u00a0<\/em><\/p>\n<p>&nbsp;<\/p>","protected":false},"excerpt":{"rendered":"<p>MASEKKA Smo pet\u010dlanska grunge -metal glasbena skupina Masekka, ki deluje od leta 2000. Sprva smo pod imenom Yknot ustvarjali progresivno metal glasbo in leta 2006 izdali svoj prvenec Stubborn, ki smo ga predstavili na \u0161tevilnih odrih \u0161irom domovine. V novej\u0161em obdobju na\u0161ega delovanja pa smo se usmerili v bolj agresiven grunge-metal zvok, ki je skladnej\u0161i [&hellip;]<\/p>","protected":false},"author":11,"featured_media":44867,"template":"","meta":{"_seopress_robots_primary_cat":"none","_seopress_titles_title":"","_seopress_titles_desc":"","_seopress_robots_index":""},"product_brand":[],"product_cat":[230],"product_tag":[222],"class_list":{"0":"post-44443","1":"product","2":"type-product","3":"status-publish","4":"has-post-thumbnail","6":"product_cat-arhiv","7":"product_tag-predprodaja","9":"entry","10":"has-media","12":"first","13":"instock","14":"virtual","15":"taxable","16":"product-type-simple","17":"has-product-nav","18":"col","19":"span_1_of_4","20":"owp-content-center","21":"item-entry","22":"owp-thumbs-layout-horizontal","23":"owp-btn-normal","24":"owp-tabs-layout-section"},"publishpress_future_action":{"enabled":false,"date":"2026-05-09 00:13:44","action":"change-status","newStatus":"draft","terms":[],"taxonomy":"product_cat","extraData":[]},"publishpress_future_workflow_manual_trigger":{"enabledWorkflows":[]},"_links":{"self":[{"href":"https:\/\/www.orto-bar.com\/en\/wp-json\/wp\/v2\/product\/44443","targetHints":{"allow":["GET"]}}],"collection":[{"href":"https:\/\/www.orto-bar.com\/en\/wp-json\/wp\/v2\/product"}],"about":[{"href":"https:\/\/www.orto-bar.com\/en\/wp-json\/wp\/v2\/types\/product"}],"author":[{"embeddable":true,"href":"https:\/\/www.orto-bar.com\/en\/wp-json\/wp\/v2\/users\/11"}],"version-history":[{"count":0,"href":"https:\/\/www.orto-bar.com\/en\/wp-json\/wp\/v2\/product\/44443\/revisions"}],"wp:featuredmedia":[{"embeddable":true,"href":"https:\/\/www.orto-bar.com\/en\/wp-json\/wp\/v2\/media\/44867"}],"wp:attachment":[{"href":"https:\/\/www.orto-bar.com\/en\/wp-json\/wp\/v2\/media?parent=44443"}],"wp:term":[{"taxonomy":"product_brand","embeddable":true,"href":"https:\/\/www.orto-bar.com\/en\/wp-json\/wp\/v2\/product_brand?post=44443"},{"taxonomy":"product_cat","embeddable":true,"href":"https:\/\/www.orto-bar.com\/en\/wp-json\/wp\/v2\/product_cat?post=44443"},{"taxonomy":"product_tag","embeddable":true,"href":"https:\/\/www.orto-bar.com\/en\/wp-json\/wp\/v2\/product_tag?post=44443"}],"curies":[{"name":"wp","href":"https:\/\/api.w.org\/{rel}","templated":true}]}}