{"id":44627,"date":"2023-08-26T16:57:30","date_gmt":"2023-08-26T15:57:30","guid":{"rendered":"https:\/\/www.orto-bar.com\/?post_type=product&#038;p=44627"},"modified":"2023-11-17T18:39:37","modified_gmt":"2023-11-17T17:39:37","slug":"chateau","status":"publish","type":"product","link":"https:\/\/www.orto-bar.com\/en\/dogodki\/arhiv\/chateau\/","title":{"rendered":"Chateau"},"content":{"rendered":"<p><b>Chateau<\/b><\/p>\n<p>&nbsp;<\/p>\n<p><b>Legendarna hard rock skupina v Orto baru!<\/b><\/p>\n<p>&nbsp;<\/p>\n<p><b>Chateau, band, ki je polnil prizori\u0161\u010da in radijski eter v devetdesetih letih in nam med drugim dal skladbe <\/b><a href=\"https:\/\/www.youtube.com\/watch?v=1ko0R1G-aMo\"><b>&#8216;Mllinar na Muri&#8217;<\/b><\/a><b> in <\/b><a href=\"https:\/\/www.youtube.com\/watch?v=Bum8QTyoUgU\"><b>&#8216;Objemi me&#8217;<\/b><\/a><b>, 17. novembra pripravlja klubski koncertni ve\u010der v Orto baru.\u00a0<\/b><\/p>\n<p>&nbsp;<\/p>\n<p><b>Rock osemdesetih in devetdesetih<\/b><span style=\"font-weight: 400;\"> let je tudi pri nas pustil trajni pe\u010dat na glasbeni sceni z mnogimi hiti, ki jih \u0161e danes poznamo vsi. Med bandi, ki so v tistih \u010dasih polnili koncertna prizori\u0161\u010da in radijski eter so bili tudi velenjski <\/span><b>hard rockerji Chateau<\/b><span style=\"font-weight: 400;\">. Band je nase <\/span><b>\u00a0opozoril konec osemdesetih s skladbo <\/b><a href=\"https:\/\/www.youtube.com\/watch?v=IrCgyUnGnZU\"><b>&#8216;Ne la\u017ei mi&#8217;<\/b><\/a><span style=\"font-weight: 400;\">. V letu 1991 pa se za\u010dne njihova pot navzgor z zmago na Pop delavnici <\/span><b>s skladbo <\/b><a href=\"https:\/\/www.youtube.com\/watch?v=Bum8QTyoUgU\"><b>&#8216;Objemi me&#8217;<\/b><\/a><span style=\"font-weight: 400;\">. V naslednjih treh letih so izdali tri albume, <\/span><b>leto 1994 pa izdali svoj najve\u010dji hit, skladbo <\/b><a href=\"https:\/\/www.youtube.com\/watch?v=1ko0R1G-aMo\"><b>&#8216;Mlinar na Muri&#8217;<\/b><\/a><span style=\"font-weight: 400;\">.\u00a0<\/span><\/p>\n<p>&nbsp;<\/p>\n<p><span style=\"font-weight: 400;\">Chateau \u2013 Objemi me: <\/span><a href=\"https:\/\/www.youtube.com\/watch?v=Bum8QTyoUgU\"><span style=\"font-weight: 400;\">https:\/\/www.youtube.com\/watch?v=Bum8QTyoUgU<\/span><\/a><\/p>\n<p>&nbsp;<\/p>\n<p><span style=\"font-weight: 400;\">Chateau so <\/span><b>v devetdesetih izdali pet albumov, nato \u0161e enega v 2011<\/b><span style=\"font-weight: 400;\">, preden so <\/span><b>po obele\u017eeni 25. obletnici<\/b> <b>prekinili z delovanjem<\/b><span style=\"font-weight: 400;\">. Nekaj let nazaj pa je njihov ogenj za\u010del ponovno tleti \u2013 najprej so <\/span><b>izdali vinilno plo\u0161\u010do &#8216;The best of Chateau&#8217; (2021)<\/b><span style=\"font-weight: 400;\">, lani pa so s skladbo Objemi me<\/span><b> nastopili v Kri\u017eankah na Dnevu 202, ko je Val 202 obele\u017eil 50 let<\/b><span style=\"font-weight: 400;\">. Chateau so vmes preizkusili nekaj odrov po Sloveniji, leto\u0161nje leto pa se <\/span><b>vra\u010dajo na vseh frontah<\/b><span style=\"font-weight: 400;\">! <\/span><b>Najprej so predstavili tri nove skladbe, tik pred poletjem pa izdali rock remake skladbe <\/b><a href=\"https:\/\/www.youtube.com\/watch?v=FQnEj_Ak4eo\"><b>&#8216;Mlinar na Muri 2023&#8217;<\/b><\/a><b>.<\/b> <b>Chateau danes napovedujejo tudi pohod na odre \u2013 v Orto baru 17. Novembra pripravljajo klubski koncert, s katerim se bodo sprehodili \u010dez svojo bogato glasbeno zgodovino in hkrati nazdravili novemu albumu, ki ga bodo izdali ta dan.\u00a0<\/b><\/p>\n<p>&nbsp;<\/p>\n<p><span style=\"font-weight: 400;\">Chateau \u2013 Mlinar na Muri: <\/span><a href=\"https:\/\/www.youtube.com\/watch?v=TjKuXUbbNwE\"><span style=\"font-weight: 400;\">https:\/\/www.youtube.com\/watch?v=TjKuXUbbNwE<\/span><\/a><\/p>\n<p>&nbsp;<\/p>\n<p><span style=\"font-weight: 400;\">Chateau v letu 2023 so:<\/span><span style=\"font-weight: 400;\"><br \/>\n<\/span><span style=\"font-weight: 400;\">Matja\u017e Ograjen\u0161ek \u2013 vokal<\/span><span style=\"font-weight: 400;\"><br \/>\n<\/span><span style=\"font-weight: 400;\">Zvone Hranjec \u2013 kitara<\/span><span style=\"font-weight: 400;\"><br \/>\n<\/span><span style=\"font-weight: 400;\">Robert Humar \u2013 klaviature<\/span><span style=\"font-weight: 400;\"><br \/>\n<\/span><span style=\"font-weight: 400;\">Bo\u0161tjan \u010casl \u2013 bas kitara<\/span><span style=\"font-weight: 400;\"><br \/>\n<\/span><span style=\"font-weight: 400;\">Gregor Plamberger \u2013 bobni<\/span><\/p>\n<p>&nbsp;<\/p>\n<p><span style=\"font-weight: 400;\">Pove\u017eite se s Chateau:<\/span><\/p>\n<p><span style=\"font-weight: 400;\">Facebook: <\/span><a href=\"https:\/\/www.facebook.com\/chateau.si\"><span style=\"font-weight: 400;\">https:\/\/www.facebook.com\/chateau.si<\/span><\/a><\/p>\n<p><span style=\"font-weight: 400;\">YouTube: <\/span><a href=\"https:\/\/www.youtube.com\/@user-fy4fl4nq8l\"><span style=\"font-weight: 400;\">https:\/\/www.youtube.com\/@user-fy4fl4nq8l<\/span><\/a><\/p>\n<p><span style=\"font-weight: 400;\">Web: <\/span><a href=\"https:\/\/chateau.si\/\"><span style=\"font-weight: 400;\">https:\/\/chateau.si\/<\/span><\/a><\/p>\n<p>&nbsp;<\/p>","protected":false},"excerpt":{"rendered":"<p>Chateau &nbsp; Legendarna hard rock skupina v Orto baru! &nbsp; Chateau, band, ki je polnil prizori\u0161\u010da in radijski eter v devetdesetih letih in nam med drugim dal skladbe &#8216;Mllinar na Muri&#8217; in &#8216;Objemi me&#8217;, 17. novembra pripravlja klubski koncertni ve\u010der v Orto baru.\u00a0 &nbsp; Rock osemdesetih in devetdesetih let je tudi pri nas pustil trajni [&hellip;]<\/p>","protected":false},"author":11,"featured_media":44629,"template":"","meta":{"_seopress_robots_primary_cat":"none","_seopress_titles_title":"","_seopress_titles_desc":"","_seopress_robots_index":""},"product_brand":[],"product_cat":[230],"product_tag":[222],"class_list":{"0":"post-44627","1":"product","2":"type-product","3":"status-publish","4":"has-post-thumbnail","6":"product_cat-arhiv","7":"product_tag-predprodaja","9":"entry","10":"has-media","12":"first","13":"instock","14":"virtual","15":"taxable","16":"product-type-simple","17":"has-product-nav","18":"col","19":"span_1_of_4","20":"owp-content-center","21":"item-entry","22":"owp-thumbs-layout-horizontal","23":"owp-btn-normal","24":"owp-tabs-layout-section","25":"has-no-thumbnails"},"publishpress_future_action":{"enabled":false,"date":"2026-05-09 06:10:46","action":"change-status","newStatus":"draft","terms":[],"taxonomy":"product_cat","extraData":[]},"publishpress_future_workflow_manual_trigger":{"enabledWorkflows":[]},"_links":{"self":[{"href":"https:\/\/www.orto-bar.com\/en\/wp-json\/wp\/v2\/product\/44627","targetHints":{"allow":["GET"]}}],"collection":[{"href":"https:\/\/www.orto-bar.com\/en\/wp-json\/wp\/v2\/product"}],"about":[{"href":"https:\/\/www.orto-bar.com\/en\/wp-json\/wp\/v2\/types\/product"}],"author":[{"embeddable":true,"href":"https:\/\/www.orto-bar.com\/en\/wp-json\/wp\/v2\/users\/11"}],"version-history":[{"count":0,"href":"https:\/\/www.orto-bar.com\/en\/wp-json\/wp\/v2\/product\/44627\/revisions"}],"wp:featuredmedia":[{"embeddable":true,"href":"https:\/\/www.orto-bar.com\/en\/wp-json\/wp\/v2\/media\/44629"}],"wp:attachment":[{"href":"https:\/\/www.orto-bar.com\/en\/wp-json\/wp\/v2\/media?parent=44627"}],"wp:term":[{"taxonomy":"product_brand","embeddable":true,"href":"https:\/\/www.orto-bar.com\/en\/wp-json\/wp\/v2\/product_brand?post=44627"},{"taxonomy":"product_cat","embeddable":true,"href":"https:\/\/www.orto-bar.com\/en\/wp-json\/wp\/v2\/product_cat?post=44627"},{"taxonomy":"product_tag","embeddable":true,"href":"https:\/\/www.orto-bar.com\/en\/wp-json\/wp\/v2\/product_tag?post=44627"}],"curies":[{"name":"wp","href":"https:\/\/api.w.org\/{rel}","templated":true}]}}