{"id":44986,"date":"2023-09-10T20:34:24","date_gmt":"2023-09-10T19:34:24","guid":{"rendered":"https:\/\/www.orto-bar.com\/?post_type=product&#038;p=44986"},"modified":"2024-01-01T17:47:00","modified_gmt":"2024-01-01T16:47:00","slug":"kokosy","status":"publish","type":"product","link":"https:\/\/www.orto-bar.com\/en\/dogodki\/arhiv\/kokosy\/","title":{"rendered":"Kokosy"},"content":{"rendered":"<p>Nabite dvorane, glasno preprevanje publike, izlivanje \u010dustev na papir, ljubezen, ob\u010dudovanje, snifanje xanaxa v bekstej\u0111u, polivanje s \u0161ampanjci v separeju &#8230; vse to so sladkosti glasbene industrije, ki popla\u010dajo trdi muzi\u010darski kruh. A prav ni\u010d ne napolni umetnika z vseobsegajo\u010dim zadovoljstvom, kot ko hittne 5000 followerjov na instagramu. Vse ure v studiju s sadisti\u010dnim producentom, vse strgane strune in zlomljene pal\u010dke, vse zverinsko kreganje \u010dlanov benda, vse prekrokane no\u010di &#8211; vse popla\u010dano. Norec je tisti, ki tako monumentalnega dogodka ne bi proslavil.<\/p>\n<p>Mi nismo in ga bomo. Tam, kjer se je vse za\u010delo bolj zares. Tam, kjer je lu\u010d sveta prvi\u010d ugledala besedna zveza \u010custveni vrtiljak.<\/p>\n<p>Ne bo prvi\u010d v zgodovini in ne bo edini nastop skupine Kokosy v Ljubljani 2023, je pa res, da bomo prvi\u010d v zgodovini \u010detrti\u010d v Orto Baru, kar je tudi v Ljubljani btw in ne vem, \u010de ste vidli, ampak od maja nismo bili v Ljubljani in se nam zdi, da nas po pol leta \u017ee po\u0161teno pogre\u0161ate. Ajd tud mi vas. V Lublani je vedno krejzi.<\/p>\n<p>\u010custveni vrtiljak je tekom poletja zorel. Komadi zvenijo vse bolj\u0161e. Mi isto. Karte bojo \u0161le hitro, po to\u010di pa sej veste, kako je z zvonenjem.<\/p>\n<p>Facebook je za stare tete in strice, tiktoka \u017ee ne \u0161tekamo ve\u010d, tko da dokler smo relevantni na instagramu, je \u017eivljenje potica! Se vidimo v Ortobaru, top \u0161it bo!<\/p>\n<p>KOKOSY<\/p>\n<p>&nbsp;<\/p>\n<p>BIOGRAFIJA:<\/p>\n<p>KOKOSY so 4-dimenzionalno bitje prete\u017eno glasbene nature, ki slovenski glasbosferi ponuja sve\u017e vetri\u010d nedefiniranosti. \u017danrsko se ne opredeljujejo pretirano, lahko bi dejali, da predstavljajo nov val indie-pop-jazz-funk-punk-softboirocka.<\/p>\n<p>&nbsp;<\/p>\n<p>Fante \u017ee od leta 2019 dru\u017eijo iskrena besedila in \u010dedalje manj povpre\u010dne melodije. V njihovi zbirki koncertov se \u017ee nekaj \u010dasa nahajajo prizori\u0161\u010da, kot so Cvetli\u010darna, Orto Bar in \u0160kisova tr\u017enica, aprila 2023 pa so v razprodanem Kinu \u0160i\u0161ka predstavili svoj drugi album, \u010custveni vrtiljak. Ta nas popelje skozi ob\u010dutke, ki so pre\u017eemali Koko-dru\u0161\u010dino zadnjih nekaj let, vse od izida njihovega prvenca, Hudih bejb na dopustu. Kot pove \u017ee ime, je drugi album nabito poln spekter \u010dustvenih poslastic. V njem najdemo funk romanco, prepovedano domi\u0161ljijo, zasanjano gorsko himno, nahajpano Mariborsko pomaran\u010do, prvi primer agnosti\u010dno ritmi\u010dne glasbe in \u0161e in \u0161e.<\/p>\n<p>&nbsp;<\/p>\n<p>Z novim albumom so Kokosy vstopili v bendovsko adolescenco, ki jo uspe\u0161no razna\u0161ajo naokrog s koncerti po Sloveniji in tujini, oziroma po besedah Izidorjeve mami: \u201cSej tale va\u0161 ansambel pa tud niti ni tok \u0161voh, al kaj?\u201d<\/p>\n<p>&nbsp;<\/p>\n<p>Mo\u0161tvo:<\/p>\n<p>&nbsp;<\/p>\n<p>Silvo (Borisov \u0161tajerski alter ego)<br \/>\nLimona Izidor<\/p>\n<p>Grenivka An\u017ee<\/p>\n<p>Mandarina Martin<\/p>\n<p>&nbsp;<\/p>\n<p>IG: <a href=\"https:\/\/www.instagram.com\/kokosy_\/?hl=en\">https:\/\/www.instagram.com\/kokosy_\/?hl=en<\/a><\/p>\n<p>YT: <a href=\"https:\/\/youtube.com\/@KOKOSYbend\">https:\/\/youtube.com\/@KOKOSYbend<\/a><\/p>\n<p>FB: <a href=\"https:\/\/www.facebook.com\/KOKOSYbend\">https:\/\/www.facebook.com\/KOKOSYbend<\/a><\/p>\n<p><strong>Predprodaja 100 vstopnic po ceni 15 \u20ac<\/strong><\/p>\n<p><strong>Redna cena\u00a0 je 17 \u20ac<\/strong><\/p>","protected":false},"excerpt":{"rendered":"<p>Nabite dvorane, glasno preprevanje publike, izlivanje \u010dustev na papir, ljubezen, ob\u010dudovanje, snifanje xanaxa v bekstej\u0111u, polivanje s \u0161ampanjci v separeju &#8230; vse to so sladkosti glasbene industrije, ki popla\u010dajo trdi muzi\u010darski kruh. A prav ni\u010d ne napolni umetnika z vseobsegajo\u010dim zadovoljstvom, kot ko hittne 5000 followerjov na instagramu. Vse ure v studiju s sadisti\u010dnim producentom, [&hellip;]<\/p>","protected":false},"author":11,"featured_media":45019,"template":"","meta":{"_seopress_robots_primary_cat":"none","_seopress_titles_title":"","_seopress_titles_desc":"","_seopress_robots_index":""},"product_brand":[],"product_cat":[230],"product_tag":[222],"class_list":{"0":"post-44986","1":"product","2":"type-product","3":"status-publish","4":"has-post-thumbnail","6":"product_cat-arhiv","7":"product_tag-predprodaja","9":"entry","10":"has-media","12":"first","13":"instock","14":"virtual","15":"taxable","16":"product-type-simple","17":"has-product-nav","18":"col","19":"span_1_of_4","20":"owp-content-center","21":"item-entry","22":"owp-thumbs-layout-horizontal","23":"owp-btn-normal","24":"owp-tabs-layout-section","25":"has-no-thumbnails"},"publishpress_future_action":{"enabled":false,"date":"2026-05-09 08:52:09","action":"change-status","newStatus":"draft","terms":[],"taxonomy":"product_cat","extraData":[]},"publishpress_future_workflow_manual_trigger":{"enabledWorkflows":[]},"_links":{"self":[{"href":"https:\/\/www.orto-bar.com\/en\/wp-json\/wp\/v2\/product\/44986","targetHints":{"allow":["GET"]}}],"collection":[{"href":"https:\/\/www.orto-bar.com\/en\/wp-json\/wp\/v2\/product"}],"about":[{"href":"https:\/\/www.orto-bar.com\/en\/wp-json\/wp\/v2\/types\/product"}],"author":[{"embeddable":true,"href":"https:\/\/www.orto-bar.com\/en\/wp-json\/wp\/v2\/users\/11"}],"version-history":[{"count":0,"href":"https:\/\/www.orto-bar.com\/en\/wp-json\/wp\/v2\/product\/44986\/revisions"}],"wp:featuredmedia":[{"embeddable":true,"href":"https:\/\/www.orto-bar.com\/en\/wp-json\/wp\/v2\/media\/45019"}],"wp:attachment":[{"href":"https:\/\/www.orto-bar.com\/en\/wp-json\/wp\/v2\/media?parent=44986"}],"wp:term":[{"taxonomy":"product_brand","embeddable":true,"href":"https:\/\/www.orto-bar.com\/en\/wp-json\/wp\/v2\/product_brand?post=44986"},{"taxonomy":"product_cat","embeddable":true,"href":"https:\/\/www.orto-bar.com\/en\/wp-json\/wp\/v2\/product_cat?post=44986"},{"taxonomy":"product_tag","embeddable":true,"href":"https:\/\/www.orto-bar.com\/en\/wp-json\/wp\/v2\/product_tag?post=44986"}],"curies":[{"name":"wp","href":"https:\/\/api.w.org\/{rel}","templated":true}]}}