{"id":45674,"date":"2023-09-13T09:49:04","date_gmt":"2023-09-13T08:49:04","guid":{"rendered":"https:\/\/www.orto-bar.com\/?post_type=product&#038;p=45674"},"modified":"2023-11-12T16:57:48","modified_gmt":"2023-11-12T15:57:48","slug":"river","status":"publish","type":"product","link":"https:\/\/www.orto-bar.com\/en\/dogodki\/arhiv\/river\/","title":{"rendered":"River"},"content":{"rendered":"<p>RIVER<\/p>\n<p>&nbsp;<\/p>\n<p>Ideja za band se je rodila med pandemijo leta 2020, ko je avtor glasbe in basist Sergej Pobegajlo (Billysi, Gora, C4, Bombe) ustvaril tako reko\u010d \u017ee za celo plo\u0161\u010do glasbenega materiala. Idili\u010dno okolje v bli\u017eini reke (ki je bila navdih tudi za ime) in neomejena koli\u010dina &#8220;prostega&#8221; \u010dasa, sta bila pravi recept za nastanek novega projekta.<\/p>\n<p>&nbsp;<\/p>\n<p>Kot je lahko reka bistra, mila in obvladljiva, hkrati pa tudi kalna, hudourni\u0161ka in nepredvidljiva, tako se pri RIVER prepletajo tr\u0161i kitarski rifi, mo\u010dni in dinami\u010dni bobnarski ritmi, agresivni vokali, mirnej\u0161i deli glasbenih kompozicij in spevne melodije. Sporo\u010dilnost pesmi pa se dotika dru\u017ebeno kriti\u010dnih tematik, eksistencialnih vpra\u0161anj in samoizpovedi.<\/p>\n<p>&nbsp;<\/p>\n<p>Te\u017enji po vokalistu, ki bi glasovno ustrezal tovrstni glasbi, je ugodil Peter Hudnik (FrozenchilD, King Foo, Acoustic Grunge duo Hudnik &amp; Ajdi\u010d). Bandu sta se nato pridru\u017eila prekaljena rock kitarista Matja\u017e Marin (Requiem, Billysi, Sausages) in Rok Barle (Tomcat, Kariot, Sam&#8217;s Fever). Iskanju bobnarja pa so posvetili nekoliko ve\u010d \u010dasa, kar se je izkazalo za dobro potezo, saj je manjkajo\u010di kamen\u010dek v mozaiku, s svojo bobnarsko natan\u010dnostjo dodal Damjan Paljk<\/p>\n<p>(Delirium, Tide).<\/p>\n<p>&nbsp;<\/p>\n<p>RIVER nadaljuje svojo pot z videospotom za njihov prvenec Intoxicated Soul, ki vam ga bodo kmalu predstavili. Seveda pa sledijo tudi koncerti v \u017eivo.<\/p>","protected":false},"excerpt":{"rendered":"<p>RIVER &nbsp; Ideja za band se je rodila med pandemijo leta 2020, ko je avtor glasbe in basist Sergej Pobegajlo (Billysi, Gora, C4, Bombe) ustvaril tako reko\u010d \u017ee za celo plo\u0161\u010do glasbenega materiala. Idili\u010dno okolje v bli\u017eini reke (ki je bila navdih tudi za ime) in neomejena koli\u010dina &#8220;prostega&#8221; \u010dasa, sta bila pravi recept za [&hellip;]<\/p>","protected":false},"author":11,"featured_media":45679,"template":"","meta":{"_seopress_robots_primary_cat":"none","_seopress_titles_title":"","_seopress_titles_desc":"","_seopress_robots_index":""},"product_brand":[],"product_cat":[230],"product_tag":[222],"class_list":{"0":"post-45674","1":"product","2":"type-product","3":"status-publish","4":"has-post-thumbnail","6":"product_cat-arhiv","7":"product_tag-predprodaja","9":"entry","10":"has-media","12":"first","13":"instock","14":"virtual","15":"taxable","16":"product-type-simple","17":"has-product-nav","18":"col","19":"span_1_of_4","20":"owp-content-center","21":"item-entry","22":"owp-thumbs-layout-horizontal","23":"owp-btn-normal","24":"owp-tabs-layout-section","25":"has-no-thumbnails"},"publishpress_future_action":{"enabled":false,"date":"2026-05-09 06:01:14","action":"change-status","newStatus":"draft","terms":[],"taxonomy":"product_cat","extraData":[]},"publishpress_future_workflow_manual_trigger":{"enabledWorkflows":[]},"_links":{"self":[{"href":"https:\/\/www.orto-bar.com\/en\/wp-json\/wp\/v2\/product\/45674","targetHints":{"allow":["GET"]}}],"collection":[{"href":"https:\/\/www.orto-bar.com\/en\/wp-json\/wp\/v2\/product"}],"about":[{"href":"https:\/\/www.orto-bar.com\/en\/wp-json\/wp\/v2\/types\/product"}],"author":[{"embeddable":true,"href":"https:\/\/www.orto-bar.com\/en\/wp-json\/wp\/v2\/users\/11"}],"version-history":[{"count":0,"href":"https:\/\/www.orto-bar.com\/en\/wp-json\/wp\/v2\/product\/45674\/revisions"}],"wp:featuredmedia":[{"embeddable":true,"href":"https:\/\/www.orto-bar.com\/en\/wp-json\/wp\/v2\/media\/45679"}],"wp:attachment":[{"href":"https:\/\/www.orto-bar.com\/en\/wp-json\/wp\/v2\/media?parent=45674"}],"wp:term":[{"taxonomy":"product_brand","embeddable":true,"href":"https:\/\/www.orto-bar.com\/en\/wp-json\/wp\/v2\/product_brand?post=45674"},{"taxonomy":"product_cat","embeddable":true,"href":"https:\/\/www.orto-bar.com\/en\/wp-json\/wp\/v2\/product_cat?post=45674"},{"taxonomy":"product_tag","embeddable":true,"href":"https:\/\/www.orto-bar.com\/en\/wp-json\/wp\/v2\/product_tag?post=45674"}],"curies":[{"name":"wp","href":"https:\/\/api.w.org\/{rel}","templated":true}]}}