{"id":46638,"date":"2023-09-21T19:47:54","date_gmt":"2023-09-21T17:47:54","guid":{"rendered":"https:\/\/www.orto-bar.com\/?post_type=product&#038;p=46638"},"modified":"2023-12-16T19:15:09","modified_gmt":"2023-12-16T18:15:09","slug":"koala-voice-29-rojstni-dan-orta","status":"publish","type":"product","link":"https:\/\/www.orto-bar.com\/en\/dogodki\/arhiv\/koala-voice-29-rojstni-dan-orta\/","title":{"rendered":"Koala Voice &#038; 29.Rojstni Dan Orta"},"content":{"rendered":"<p><strong>Skupaj z nam zelo ljubo in legendarno skupino Koala Voice, bomo proslavili Orto Devetindvajsetletnico !!! Ob 19.uri odpremo, koncert se bo pri\u010del okoli 20.ure in se kon\u010dal do 23.ure. Po koncertu sledi DJ program- Sobotni Orto Hits do jutra! \u010caka vas pija\u010da dobrodo\u0161lice, Hostese, DJ Program,Pop Corn in Ve\u010d! Vabljeni!!!<\/strong><\/p>","protected":false},"excerpt":{"rendered":"<p>Skupaj z nam zelo ljubo in legendarno skupino Koala Voice, bomo proslavili Orto Devetindvajsetletnico !!! Ob 19.uri odpremo, koncert se bo pri\u010del okoli 20.ure in se kon\u010dal do 23.ure. Po koncertu sledi DJ program- Sobotni Orto Hits do jutra! \u010caka vas pija\u010da dobrodo\u0161lice, Hostese, DJ Program,Pop Corn in Ve\u010d! Vabljeni!!!<\/p>","protected":false},"author":11,"featured_media":46639,"template":"","meta":{"_seopress_robots_primary_cat":"none","_seopress_titles_title":"","_seopress_titles_desc":"","_seopress_robots_index":""},"product_brand":[],"product_cat":[230],"product_tag":[222],"class_list":{"0":"post-46638","1":"product","2":"type-product","3":"status-publish","4":"has-post-thumbnail","6":"product_cat-arhiv","7":"product_tag-predprodaja","9":"entry","10":"has-media","12":"first","13":"instock","14":"virtual","15":"taxable","16":"product-type-simple","17":"has-product-nav","18":"col","19":"span_1_of_4","20":"owp-content-center","21":"item-entry","22":"owp-thumbs-layout-horizontal","23":"owp-btn-normal","24":"owp-tabs-layout-section","25":"has-no-thumbnails"},"publishpress_future_action":{"enabled":false,"date":"2026-05-09 10:06:59","action":"change-status","newStatus":"draft","terms":[],"taxonomy":"product_cat","extraData":[]},"publishpress_future_workflow_manual_trigger":{"enabledWorkflows":[]},"_links":{"self":[{"href":"https:\/\/www.orto-bar.com\/en\/wp-json\/wp\/v2\/product\/46638","targetHints":{"allow":["GET"]}}],"collection":[{"href":"https:\/\/www.orto-bar.com\/en\/wp-json\/wp\/v2\/product"}],"about":[{"href":"https:\/\/www.orto-bar.com\/en\/wp-json\/wp\/v2\/types\/product"}],"author":[{"embeddable":true,"href":"https:\/\/www.orto-bar.com\/en\/wp-json\/wp\/v2\/users\/11"}],"version-history":[{"count":0,"href":"https:\/\/www.orto-bar.com\/en\/wp-json\/wp\/v2\/product\/46638\/revisions"}],"wp:featuredmedia":[{"embeddable":true,"href":"https:\/\/www.orto-bar.com\/en\/wp-json\/wp\/v2\/media\/46639"}],"wp:attachment":[{"href":"https:\/\/www.orto-bar.com\/en\/wp-json\/wp\/v2\/media?parent=46638"}],"wp:term":[{"taxonomy":"product_brand","embeddable":true,"href":"https:\/\/www.orto-bar.com\/en\/wp-json\/wp\/v2\/product_brand?post=46638"},{"taxonomy":"product_cat","embeddable":true,"href":"https:\/\/www.orto-bar.com\/en\/wp-json\/wp\/v2\/product_cat?post=46638"},{"taxonomy":"product_tag","embeddable":true,"href":"https:\/\/www.orto-bar.com\/en\/wp-json\/wp\/v2\/product_tag?post=46638"}],"curies":[{"name":"wp","href":"https:\/\/api.w.org\/{rel}","templated":true}]}}