{"id":47444,"date":"2023-09-29T13:50:38","date_gmt":"2023-09-29T11:50:38","guid":{"rendered":"https:\/\/www.orto-bar.com\/?post_type=product&#038;p=47444"},"modified":"2023-11-11T20:04:30","modified_gmt":"2023-11-11T19:04:30","slug":"zmelkoow","status":"publish","type":"product","link":"https:\/\/www.orto-bar.com\/en\/dogodki\/arhiv\/zmelkoow\/","title":{"rendered":"Zmelkoow"},"content":{"rendered":"<div class=\"xdj266r x11i5rnm xat24cr x1mh8g0r x1vvkbs\"><\/div>\n<div class=\"x11i5rnm xat24cr x1mh8g0r x1vvkbs xtlvy1s\">\u010ceprav velja Sv. Martin za sovraga pti\u010dev (\u0161e posebej gosi), se v podvigih strate\u0161kega pomena spajda\u0161i tudi s perjadjo. Tako vsakega 11.11. pokli\u010de na pomo\u010d tudi pti\u010da Zmelkoowa, da mu s pomo\u010djo fokusirane hipnoze in prepevanja posko\u010dnic na\u017eene \u010dredo bakterij iz mo\u0161ta vino delat. Letos se bo ta starodavni sve\u010dani obred zgodil v Orto baru. Potem ko so se Zmelkoow letos \u017ee trikrat na ves glas preventivno pompozno poslavljali po ve\u010djih prizori\u0161\u010dih, so si (in verjamemo, da tudi publika) za zadnje \u010detrtletje za\u017eeleli nekaj klasi\u010dnega klubskega rompompoma; in Orto je kar primeren kraj za to po\u010detje. Kam pa pridemo, \u010de se po \u0161pilu tla ne lepijo od polite pija\u010de!\u00a0<span class=\"x3nfvp2 x1j61x8r x1fcty0u xdj266r xhhsvwb xat24cr xgzva0m xxymvpz xlup9mm x1kky2od\"><img decoding=\"async\" src=\"https:\/\/static.xx.fbcdn.net\/images\/emoji.php\/v9\/t7f\/1\/16\/1f60a.png\" alt=\"\ud83d\ude0a\" width=\"16\" height=\"16\" \/><\/span><\/div>\n<div class=\"x11i5rnm xat24cr x1mh8g0r x1vvkbs xtlvy1s\">Ortobar Ljubljana, Sobota 11. Novembra ob 20 uri, vrata ob 19:00<\/div>","protected":false},"excerpt":{"rendered":"<p>\u010ceprav velja Sv. Martin za sovraga pti\u010dev (\u0161e posebej gosi), se v podvigih strate\u0161kega pomena spajda\u0161i tudi s perjadjo. Tako vsakega 11.11. pokli\u010de na pomo\u010d tudi pti\u010da Zmelkoowa, da mu s pomo\u010djo fokusirane hipnoze in prepevanja posko\u010dnic na\u017eene \u010dredo bakterij iz mo\u0161ta vino delat. Letos se bo ta starodavni sve\u010dani obred zgodil v Orto baru. [&hellip;]<\/p>","protected":false},"author":11,"featured_media":47445,"template":"","meta":{"_seopress_robots_primary_cat":"none","_seopress_titles_title":"","_seopress_titles_desc":"","_seopress_robots_index":""},"product_brand":[],"product_cat":[230],"product_tag":[222],"class_list":{"0":"post-47444","1":"product","2":"type-product","3":"status-publish","4":"has-post-thumbnail","6":"product_cat-arhiv","7":"product_tag-predprodaja","9":"entry","10":"has-media","12":"first","13":"instock","14":"virtual","15":"taxable","16":"product-type-simple","17":"has-product-nav","18":"col","19":"span_1_of_4","20":"owp-content-center","21":"item-entry","22":"owp-thumbs-layout-horizontal","23":"owp-btn-normal","24":"owp-tabs-layout-section","25":"has-no-thumbnails"},"publishpress_future_action":{"enabled":false,"date":"2026-05-09 06:01:55","action":"change-status","newStatus":"draft","terms":[],"taxonomy":"product_cat","extraData":[]},"publishpress_future_workflow_manual_trigger":{"enabledWorkflows":[]},"_links":{"self":[{"href":"https:\/\/www.orto-bar.com\/en\/wp-json\/wp\/v2\/product\/47444","targetHints":{"allow":["GET"]}}],"collection":[{"href":"https:\/\/www.orto-bar.com\/en\/wp-json\/wp\/v2\/product"}],"about":[{"href":"https:\/\/www.orto-bar.com\/en\/wp-json\/wp\/v2\/types\/product"}],"author":[{"embeddable":true,"href":"https:\/\/www.orto-bar.com\/en\/wp-json\/wp\/v2\/users\/11"}],"version-history":[{"count":0,"href":"https:\/\/www.orto-bar.com\/en\/wp-json\/wp\/v2\/product\/47444\/revisions"}],"wp:featuredmedia":[{"embeddable":true,"href":"https:\/\/www.orto-bar.com\/en\/wp-json\/wp\/v2\/media\/47445"}],"wp:attachment":[{"href":"https:\/\/www.orto-bar.com\/en\/wp-json\/wp\/v2\/media?parent=47444"}],"wp:term":[{"taxonomy":"product_brand","embeddable":true,"href":"https:\/\/www.orto-bar.com\/en\/wp-json\/wp\/v2\/product_brand?post=47444"},{"taxonomy":"product_cat","embeddable":true,"href":"https:\/\/www.orto-bar.com\/en\/wp-json\/wp\/v2\/product_cat?post=47444"},{"taxonomy":"product_tag","embeddable":true,"href":"https:\/\/www.orto-bar.com\/en\/wp-json\/wp\/v2\/product_tag?post=47444"}],"curies":[{"name":"wp","href":"https:\/\/api.w.org\/{rel}","templated":true}]}}