{"id":47688,"date":"2023-10-02T14:28:50","date_gmt":"2023-10-02T12:28:50","guid":{"rendered":"https:\/\/www.orto-bar.com\/?post_type=product&#038;p=47688"},"modified":"2024-02-29T20:18:07","modified_gmt":"2024-02-29T19:18:07","slug":"orto-tribute-poklon-najboljsim","status":"publish","type":"product","link":"https:\/\/www.orto-bar.com\/en\/dogodki\/arhiv\/orto-tribute-poklon-najboljsim\/","title":{"rendered":"Orto Tribute-Poklon Najbolj\u0161im"},"content":{"rendered":"<p>&nbsp;<\/p>\n<p><strong>ORTO TRIBUTE \u2013 POKLON NAJBOLJ\u0160IM <\/strong><\/p>\n<p><strong>\u00a0<\/strong><\/p>\n<p><strong>CIKEL\u00a0 VRHUNSKIH TRIBUTE SKUPIN V ORTO BARU <\/strong><\/p>\n<p><strong>V LJUBLJANI V NOVI SEZONI 2023\/24 \u2013 KULTURA KLUBSKEGA DO\u017dIVETJA GLASBENIH VELIKANOV V \u017dIVO<\/strong><\/p>\n<p>&nbsp;<\/p>\n<p>&nbsp;<\/p>\n<p><strong>TERMINSKI PROGRAM CIKLA TRIBUTE TO SKUPIN V ORTO BARU<\/strong><\/p>\n<p><strong>23. 12. SOBOTA SOUNDGARDEN TRIBUTE SHOW<\/strong><\/p>\n<p><strong>28. 12. \u010cETRTEK DON JOVI \/ Bon Jovi Tribute band<\/strong><\/p>\n<p>&nbsp;<\/p>\n<p><strong>2024<\/strong><\/p>\n<p><strong>13.1.SOBOTA TEN PROJECT\/Pearl Jam Tribute Band<\/strong><\/p>\n<p><strong>19.1. PETEK\u00a0 LED ZEPPELIN 2.0 \/ Led Zeppelin Tribute Band<\/strong><\/p>\n<p><strong>20. 1. SOBOTA LIVE PLAY \/ Coldplay Tribute Band<\/strong><\/p>\n<p><strong>27. 1. SOBOTA THE LEGACY OF MOT\u00d6RHEAD \/ Mot\u00f6rhead Tribute<\/strong><\/p>\n<p><strong>2. 2. PETEK LUTKE NA KONCU \/ KUD Idijoti Tribute<\/strong><\/p>\n<p><strong>3. 2. SOBOTA FADE TO RAGE \/ Rage Against The Machine Tribute Band<\/strong><\/p>\n<p><strong>7. 2. SREDA LINKIN REVOLUTION \/ Linkin ParkTribute<\/strong><\/p>\n<p><strong>9.2.\u00a0 PETEK\u00a0 NIRVANA IT\/ Nirvana Tribute Band<\/strong><\/p>\n<p><strong>17. 2. SOBOTA KNIGHTS OF CYDONIA \/ Muse Tribute Show<\/strong><\/p>\n<p><strong>24.2. SOBOTA RADIOACTIVE\/ Imagine Dragons Tribute Band<\/strong><\/p>\n<p><strong>9. 3. SOBOTA STRONG \/ Robbie Williams Tribute Band<\/strong><\/p>\n<p><strong>15.3.\u00a0 PETEK\u00a0 \u00a0MODE INSIDE\/Depeche Mode Tribute Band<\/strong><\/p>\n<p><strong>21.3. \u010cETRTEK\u00a0 ASI\/DSI &#8211; AC\/DC Tribute band<\/strong><\/p>\n<p><strong>22.3. PETEK\u00a0 \u00a0 BLACK \/ Metallica Tribute Band<\/strong><\/p>\n<p><strong>23. 3. SOBOTA VIPERS \/ Queen Tribute<\/strong><\/p>\n<p><strong>20. 4. SOBOTA JACKSON ONE \/ Michael Jackson Tribute<\/strong><\/p>\n<p><strong>4.5.\u00a0 \u00a0 \u00a0SOBOTA\u00a0 THE DOORS 2.0. \/ The Doors Tribute Band<\/strong><\/p>\n<p><strong>23.5.\u00a0 \u00a0 \u010cETRTEK\u00a0 KORN ALIVE-Korn tribute band<\/strong><\/p>\n<p><strong>25.5.\u00a0 \u00a0 SOBOTA\u00a0 IF FLOYD \/ Pink Floyd Tribute Band<\/strong><\/p>\n<p>&nbsp;<\/p>\n<p><strong>VE\u010c O SKUPINAH, KI \u0160E BODO NASTOPILE V CIKLU ORTO TRIBUTE \u2013 POKLON NAJBOLJ\u0160IM<\/strong><\/p>\n<p><strong>\u00a0<\/strong><\/p>\n<p><strong>TEN PROJECT\/Pearl Jam Tribute Band<\/strong><\/p>\n<p>Ten project iz obale vam ponuja \u0161irok repertoar starej\u0161ih in novej\u0161ih hitov skupine Pearl Jam.<br \/>\nA se \u0161e kdo spomne 90ih? Srajco in All Star-ke iz omare in \u017eur do zore!!<\/p>\n<p>&nbsp;<\/p>\n<p><strong>LED ZEPPELIN 2.0 \/ Led Zeppelin Tribute Band<\/strong><\/p>\n<p>Led Zeppelin 2.0 je skupina, ki poustvarja glasbo velikanov rock&amp;rolla Led<br \/>\nZeppelin. Skupina, ki je tradicijo obrnila na glavo, tudi 50 let kasneje \u0161e vedno<br \/>\nupravi\u010deno dr\u017ei v rokah naslov najve\u010djega rock&amp;roll banda v zgodovini \u010dlove\u0161tva. Z<br \/>\ninterpretacijami njihovih skladb so se spopadli tudi priznani slovenski glasbeniki po<br \/>\nimenom Led Zeppelin 2.0.<br \/>\nSkupino sestavljajo:<br \/>\n&#8211; Bo\u0161tjan Andrejc Bushy &#8211; kitara, vokal (Night Jump, Heavenix, Avtomobili,<br \/>\nSkunk Funk, Terra Mystica&#8230;)<br \/>\n&#8211; Patrick Vla\u010di\u010d \u2013 bas (Night Jump, Heavenix, Terra Mystica&#8230;)<br \/>\n&#8211; David Morgan \u2013 bobni (Heavenix, Jure Lesar, Janez Bon\u010dina Ben\u010d, Big Band<br \/>\nRTV Slovenija, Lovro Ravbar, Marina Mortenson&#8230;)<\/p>\n<p><strong>LIVEPLAY \u2013 COLDPLAY TRIBUTE BAND<\/strong><\/p>\n<p>Liveplay je najbolj\u0161a tribute to Coldplay skupina v Evropi. Na turneji z ve\u010d kot 300 koncerti nastopajo po celotni Italiji, v Avstriji, Nem\u010diji, Franciji, na \u0160kotskem, Hrva\u0161kem, Nizozemskem, v Sloveniji, na Malti in v Severni Makedoniji. Poleg popolne zvestobe izvirnim zvokom in vlogam skupine Coldplay (vsi \u010dlani skupine so multiin\u0161trumentalisti), je posebnost skupine Liveplay njena sposobnost scenografskega in \u010dustvenega vklju\u010devanja ob\u010dinstva. Nastop krasijo sinhronizirane video projekcije in grafike, izvirna obla\u010dila in scenografija, enaki in\u0161trumenti tudi v barvah in okraskih, repertoar vedno posodobljen z najnovej\u0161imi uspe\u0161nicami in presenetljivi posebni u\u010dinki.<\/p>\n<p>Ob podpori usposobljenega tehni\u010dnega osebja Liveplay (prva skupina po Coldplay, ki je v \u017eivo izvedla vse pesmi zadnjih albumov: &#8220;Ghost Stories&#8221;, &#8220;A Head Full Of Dreams&#8221;, &#8220;Kaleidoscope&#8221;, &#8220;Global Citizen EP&#8221;), ponuja edinstven in osupljiv \u0161ov, ki uprizori najbolj\u0161o mo\u017eno verzijo nepozabnih koncertov skupine Coldplay.<\/p>\n<p>&nbsp;<\/p>\n<p><strong>THE LEGACY OF MOT\u00d6RHEAD -Mot\u00f6rhead Tribute<\/strong><\/p>\n<div class=\"x11i5rnm xat24cr x1mh8g0r x1vvkbs xtlvy1s\">The Legacy of Mot\u00f6rhead\u00a0 sestavljajo izku\u0161eni hrva\u0161ki glasbeniki, ki nastopajo skupaj od leta 2016 dalje.<\/div>\n<div>\n<p>\u010clani benda:<\/p>\n<ul>\n<li>Gordan (Gringo) Ileni\u0107 \u2013 Bobni<\/li>\n<li>Danijel Vrbos \u2013 kitara in spremljevalni vokal<\/li>\n<li>Martin (Api) Brozovi\u0107 \u2013 Bass kitara in glavni vokal<\/li>\n<\/ul>\n<p>&nbsp;<\/p>\n<p><strong>LUTKE NA KONCU &#8211; KUD Idijoti Tribute<\/strong><\/p>\n<\/div>\n<p>LUTKE NA KONCU so trio izku\u0161enih beograjskih glasbenikov , ki z izvrstno izvedbo ohranjajo spomin na kultne KUD IDIJOTE .<\/p>\n<p>Lutke na koncu so:<br \/>\nVladan Vasiljevi\u0107 \u2013 kitara in vokal<br \/>\nVuk Pavlovi\u0107 \u2013 bas in backvokal<br \/>\nDejan Milojevi\u0107 \u2013 bobni in back vokal<\/p>\n<p><strong>FADE TO RAGE -Rage Against The Machine Tribute Band<\/strong><\/p>\n<p>Rage Against The Machine Tribute band kon\u010dno tudi v Ljubljani!<\/p>\n<p>Po\u00a0 odpadli evropski turneji RATM imamo sre\u010do, da imamo mo\u017enost gostiti odli\u010den italjanski tribute band.<br \/>\nNjihov za\u010detek leto\u0161nje koncertne turneje po evropi se bo za\u010del kje drugje kot v na\u0161em glavnem mestu, Ljubljani!<\/p>\n<p>Fade To Rage \u2013 The Italian Rage Against The Machine Tribute<\/p>\n<p>&nbsp;<\/p>\n<p><strong>LINKIN REVOLUTION \u2013 LINKIN PARK TRIBUTE<\/strong><\/p>\n<p>Zaradi strasti in pozornosti do podrobnosti so Linkin Revolution referen\u010dni &#8220;tribute band&#8221;\u00a0 s predstavo, ki je povsem v skladu z nastopi te kultne ameri\u0161ke skupine!<\/p>\n<p>\u0160est glasbenikov natan\u010dno igra vloge in povzema energijo skupine LINKIN PARK ter v \u017eivo predstavlja razvoj zvoka kalifornijske skupine, od prvenca &#8220;Hybrid Theory&#8221; do najnovej\u0161ega albuma &#8220;One More Light&#8221;.<\/p>\n<p>&nbsp;<\/p>\n<p><strong>NIRVANA IT\/ Nirvana Tribute Band<\/strong><\/p>\n<p>Duh devetdesetih v glasbi in vzdu\u0161ju, ki ga NIRVANA IT zna povrniti k \u017eivljenju. Udarna melodija in edinstvena energija skupine NIRVANA, ki ji je uspelo pretresti obdobje, ko je pometla z dogmami in slogi osemdesetih let ter vdihnila novo \u017eivljenje celotni takratni glasbeni sceni in pustila neizbrisen pe\u010dat v glasbenem svetu, ponovno za\u017eivita in se oblikujeta. NIRVANA IT vra\u010da GRUNGE in na novo predstavlja repertoar skupine NIRVANA. Sr\u010den umetni\u0161ki poklon, uresni\u010den s skrbno izvedbo, tako glasbeno kot koreografsko. Lahko bi temu rekli &#8220;obsedenost&#8221;, od in\u0161trumentov do odrskih obla\u010dil, s prehodom iz mo\u010di elektrike do \u010dustvene intenzivnosti &#8216;unplugged&#8217; razli\u010dice. Naj vas NIRVANA IT popelje v nirvano.<\/p>\n<p>&nbsp;<\/p>\n<p><strong>KNIGHTS OF CYDONIA -Muse Tribute Show<\/strong><\/p>\n<p>Knights of Cydonia-MUSE tribute show so prvi Muse tribute band, ki \u017ee od leta 2006 uporabljajo enake in\u0161trumente , postavitev in vizualije kot Muse. Odigrali vam bodo vse najve\u010dje hite skupine. <strong>Ljubitelji Muse tega koncerta ne smete zamuditi!<\/strong><\/p>\n<p>&nbsp;<\/p>\n<p><strong>RADIOACTIVE\/ Imagine Dragons Tribute Band<\/strong><\/p>\n<p>Skupino Radioactive ustanovita Davide Pupilli (pevec skupine) in Fabrizio Amilcare, da bi ustvarila projekt, ki je manjkal. Poklon najbolj radijski skupini zadnjih 20 let.<\/p>\n<p>&nbsp;<\/p>\n<p>Kot eden prvih tributov v Italiji, se skupina hitro uveljavi v koncertnih klubih in na festivalih \u0161irom Apeninskega polotoka. Kmalu dobijo pozive iz tujine, nastopajo po Evropi in Aziji, s \u010dimer se uveljavijo kot eden najbolj\u0161ih tributov skupine Imagine Dragons.<\/p>\n<p>&nbsp;<\/p>\n<p>Skupino sestavljajo Davide Pupilli (u\u010ditelj petja na in\u0161titutu MODERN MUSIC INSTIUTE, diplomiral z odliko 100\/100) na vokalu, Mirko Diolaiuti na bobnih, Marco Melillo na kitari in spremljevalnih vokalih ter Alessandro Volpi na bas kitari in spremljevalnih vokalih.<\/p>\n<p>&nbsp;<\/p>\n<p>Setlista je sestavljena iz hitov legendarne skupine, med nastopom se v zraku \u010duti njihova mo\u010d in adrenalin. Video projekcije in posebnih u\u010dinki poustvarijo vzdu\u0161je, ki vlada na koncertih Imagine Dragons. Nastop, ki je namenjen skakanju in petju na ves glas<\/p>\n<p>&nbsp;<\/p>\n<p><strong>STRONG \u2013 ROBBIE WILLIAMS TRIBUTE<\/strong><\/p>\n<p>Skupina Strong je bila ustanovljena leta 2017 z namenom, da bi pesmi ene od najbolj znanih britanskih pop zvezd pribli\u017eala \u0161ir\u0161emu ob\u010dinstvu.<\/p>\n<p>Skupina poustvarja gibe, nastop, obla\u010dila in zvoke resni\u010dnega Robbieja Williamsa ter tako daje ob\u010dinstvu ob\u010dutek, da so dejansko obiskali koncert pop zvezdnika!<\/p>\n<p>Izbrane pesmi so tako jedrni singli kot tudi ostale znane pesmi, zbrane z najpomembnej\u0161ih albumov, ki jih je Robbie ustvaril od za\u010detka svoje solisti\u010dne kariere.<\/p>\n<p><strong><em>\u00bbVideti ljudi, ki nas pridejo poslu\u0161ati, kako so navdu\u0161eni in skupaj z nami pojejo pesmi, kot so \u00bbAngel\u00ab, \u00bbCome Undone\u00ab, \u00bbShe&#8217;s the one\u00ab, \u00bbFeel\u00ab \u2026, je za nas neprecenljivo.\u00ab <\/em><\/strong>Sli\u0161ali boste tudi plesne pesmi, kot so \u00bbRock DJ\u00ab, \u00bbCandy\u00ab, \u00bbBodies\u00ab, \u00bbSupreme\u00ab.<\/p>\n<p>&nbsp;<\/p>\n<p><strong>MODE INSIDE\/Depeche Mode Tribute Band<\/strong><\/p>\n<p>Mode Inside je projekt, ki se je rodil leta 2015 in je popolno popotovanje v vesolje skupine Depeche Mode.<\/p>\n<p>Repertoar sega od prvih uspe\u0161nic z za\u010detka osemdesetih let do najnovej\u0161ega dela &#8220;Spirit&#8221;.<\/p>\n<p>Mode Inside zvesto reproducira koncertne aran\u017emaje, zaradi katerih so bile monumentalne turneje britanske skupine dokon\u010dna in adrenalinska koncertna izku\u0161nja, da bi tudi najbolj zahtevni obo\u017eevalci podo\u017eiveli ob\u010dutek koncerta skupine Depeche Mode.<\/p>\n<p>&nbsp;<\/p>\n<p><strong>BLACK \/ Metallica Tribute Band<\/strong><\/p>\n<p>Black, Metallica Tribute Band je bil ustanovljen leta 2016. Bend sestavljajo vrhunski glasbeniki-sami najve\u010dji ljubitelji Metallice. Nastop je energi\u010den in eksploziven.<\/p>\n<p>Black, Metallica Tribute band, was formed in 2016 by experienced musicians and big fans of the Metallica. Great playing skills of all members, energetic stage performance and almost unbelievable physical similarity between front man of the band with Metallica\u2019s James Hetfield very quickly made this band most wanted Metallica tribute band with a lot of sold out concerts all over Europe!<br \/>\nJust in 2022. band had several concerts in Slovenia, Croatia, Italy, Austria, Romania, Bulgaria, North Macedonia, Bosnia and Herzegovina, Serbia and Switzerland.<\/p>\n<p>&nbsp;<\/p>\n<p><strong>ASI\/DSI \/ AC\/DC Tribute band<\/strong><\/p>\n<p>Vabljeni na najbolj rokerski ve\u010der te pomladi!<\/p>\n<p><a class=\"x1i10hfl xjbqb8w x1ejq31n xd10rxx x1sy0etr x17r0tee x972fbf xcfux6l x1qhh985 xm0m39n x9f619 x1ypdohk xt0psk2 xe8uvvx xdj266r x11i5rnm xat24cr x1mh8g0r xexx8yu x4uap5 x18d9i69 xkhd6sd x16tdsg8 x1hl2dhg xggy1nq x1a2a7pz xt0b8zv x1fey0fg\" tabindex=\"0\" role=\"link\" href=\"https:\/\/l.facebook.com\/l.php?u=https%3A%2F%2Fwww.youtube.com%2Fwatch%3Fv%3DEXG-xzAlzrU%26fbclid%3DIwAR385eD3Q5Pr56YOp4uLqurEPINd-XrueGq1MQ171l6ssMNnIVUePcJ7MWs&amp;h=AT2Lfvl0Rsry4c1XA995vAAdJwGt6RWfkalhGsDO-F-RJrg6fJMRKBcocsJ7299Qi7qZkjNIC5rMyhl5XFxadkGJp6Yj0DAikJh4MEwljSinH2isBZv4ZM8zU7LBg5zvGw&amp;__tn__=q&amp;c[0]=AT2ZwvWCTzECT8qYNkb8bQMlDKC3qETz1uk6M_fJmTRTLjaoqs5uMjZkqS5FlLQjJJ1IZhSaelOvuRmYED20SxHRP6Q_t9W3FdIrmYz99-DmYsiJedcFMYuWvnnlfX7wAZ7Ny32orf6DGZ2t97QzM5xhrjNx\" target=\"_blank\" rel=\"nofollow noopener noreferrer\">www.youtube.com\/watch?v=EXG-xzAlzrU<\/a><\/p>\n<p>&nbsp;<\/p>\n<p>&nbsp;<\/p>\n<p><strong>VIPERS \u2013 QUEEN TRIBUTE<\/strong><\/p>\n<p>&#8220;Veliki obo\u017eevalci skupine Queen&#8221;. Tako se opredeljujejo \u010dlani skupine &#8211; Giuseppe Maggioni (vokal), Giordano Bruno (kitara), Stefano Armati (bas) in Roberto Previtali (bobni). Delujejo od leta 2002, presegli so mejo 2.000 nastopov v \u017eivo. Njihova \u017eelja je, da se z uporabo nekaterih scenografskih in kostumografskih elementov, ki poudarjajo spektakularnost in glasbeno mo\u010d najbolj priljubljene skupine na svetu, \u010dimbolj pribli\u017eajo originalnim odrskim izvedbam britanske skupine, katere frontman je bil legendarni Freddie Mercury.<\/p>\n<p>Delo, ki ga opravljajo Vipersi, je bilo \u017ee nagrajeno, saj je doseglo veliko \u0161tevilo nastopov in s tem ob\u010dinstva. Kvaliteto skupine Vipers je priznala tudi uradna spletna stran skupine Queen <a href=\"http:\/\/www.queenonline.com\">www.queenonline.com<\/a>, ki jih je omenila kot enega od njihovih najbolj\u0161ih tribute bendov.<\/p>\n<p>&nbsp;<\/p>\n<p><strong>JACKSON ONE \u2013 MICHAEL JACKSON TRIBUTE<\/strong><\/p>\n<p>Vokalist je Roy Paladini, show man in imitator velikega MICHAELA! Roy se pona\u0161a z zmagami na \u0161tevilnih glasbenih tv oddajah. Jackson One je neverjeten projekt, ki zdru\u017euje vizualno podobo in glasbo nepozabnega kralja popa. Bolj kot poklon \u017eeli biti darilo najve\u010dji ikoni sodobne glasbene zgodovine.<\/p>\n<p>Glasba, koreografija in posebni u\u010dinki so obdelani z mani\u010dno pozornostjo do vsake podrobnosti, s \u010dimer poustvarjajo ob\u010dutenje pravega koncerta KRALJA POPA.<\/p>\n<p>Vrhunski glasbeniki pod vodstvom odli\u010dnega Rickyja Romea (zgodovinskega bobnarja Umberta Tozzija) in nore plesne skupine bodo poskrbeli, da boste podo\u017eiveli nastop najve\u010djega pop izvajalca vseh \u010dasov!<\/p>\n<p>&nbsp;<\/p>\n<p><strong>THE DOORS 2.0. \/ The Doors Tribute Band<\/strong><\/p>\n<p>The Doors 2.0 je skupina, ki poustvarja skladbe legendarne zasedbe The Doors.<br \/>\nPoustvarjanje je na podro\u010dju &amp;quot;resne&amp;quot; glasbe nesporna aktivnost, na podro\u010dju<br \/>\npopularne in rock glasbe pa je poustvarjanje skoraj greh.<br \/>\nThe Doors 2.0 nam ponujajo svoj pogled na skladbe o\u010detov psihadeli\u010dne rock<br \/>\npoezije.<br \/>\nZasedbo sestavljajo stari znanci slovenskih in tujih odrov in sicer Bo\u0161tjan Andrejc<br \/>\nBushy &#8211; kitara, vokal (Night Jump, Heavenix, Avtomobili, Skunk Funk, Terra<br \/>\nMystica&#8230;), Patrick Vla\u010di\u010d \u2013 bas (Night Jump, Heavenix, Terra Mystica&#8230;), Andrej<br \/>\nMarin\u010di\u010d &#8211; klaviature (Selecto, Unknown Legends, Non-et, Judita, Y-knot&#8230;) in<br \/>\npovratnica na glasbenih odrih Aleksandra Andrejc Beta &#8211; bobni.<\/p>\n<p>&nbsp;<\/p>\n<p><strong>KORN ALIVE\/Korn tribute band<\/strong><\/p>\n<p>Ve\u010der, posve\u010den peterici iz Bakersfielda, za\u010detnikom zvrsti nu-metal. Ekskluzivno iz Italije, na vokalu pa frontman Ma\u042fio, ki je izjemen imitator Joanathana Davisa! Prvi\u010d v Ljubljani!<\/p>\n<p>Vstopnice kmalu v prodaji.<br \/>\npredprodaja &#8211; 10,00 EUR<br \/>\nna dan dogodka &#8211; 12,00 EUR<\/p>\n<p>\ud835\udd42\ud835\udd46\u211d\u2115 \ud835\udd38\ud835\udd43\ud835\udd40\ud835\udd4d\ud835\udd3c\u00a0\u00a0veljajo za enega najbolj avtenti\u010dnih Korn Tribute bendov v tem delu sveta.<\/p>\n<p><a href=\"https:\/\/www.youtube.com\/watch?v=5yUYVr9n_k4&amp;fbclid=IwAR1N25FL2np1LAna1J2VXbN7jk0oNprR5jwZrkI2B0w6gllFcUhqpiCNKX0\">www.youtube.com\/watch?v=5yUYVr9n_k4<\/a><\/p>\n<p>&nbsp;<\/p>\n<p>&nbsp;<\/p>\n<p><strong>IF FLOYD \/ Pink Floyd Tribute Band<\/strong><\/p>\n<p>Glasbena skupina\u00a0<strong>IF FLOYD<\/strong>\u00a0je nastala z namenom avtenti\u010dno poustvarjati harmoni\u010dne, progresivne in intelektualno mo\u010dne glasbene trenutke skupine\u00a0<strong>PINK FLOYD<\/strong>\u00a0in s tem pozitivno glasbeno energijo \u0161iriti med ljudi z najve\u010djo mo\u017eno mero.<\/p>\n<p>Glasbeni za\u010detki skupine\u00a0<strong>IF FLOYD<\/strong>\u00a0segajo v leto\u00a0<strong>2000,<\/strong>\u00a0ko se je izvedel prvi multimedijski projekt.<\/p>\n<p>V tem obdobju do danes je glasbena skupina glasbeno aktivna brez prestanka in ima povpre\u010dno vsaj 10 koncertov letno.<\/p>\n<p><strong>IF FLOYD<\/strong>\u00a0v svojem glasbenem nastopu ponuja koncert z glasbeno retrospektivo skladb preko za\u010detnega obdobja glasbenega ustvarjanja skupine\u00a0<strong>PINK FLOYD<\/strong><\/p>\n<p>(albumi:\u00a0<strong>The Piper At The Gates Of Dawn<\/strong>,\u00a0<strong>Meddle<\/strong>,\u00a0<strong>Dark Side Off The Moon<\/strong>,\u00a0<strong>Wish You Were Here<\/strong>,\u00a0<strong>The Wall<\/strong>), preko osemdesetih in devetdesetih let (albumi:\u00a0<strong>A Momentary Laps Of Reason<\/strong>,\u00a0<strong>The Division Bell<\/strong>)<\/p>\n<p>&nbsp;<\/p>\n<p><strong>Predprodaja vstopnic: <\/strong><a href=\"http:\/\/www.orto-bar.com\/en\/\"><strong>www.orto-bar.com<\/strong><\/a><\/p>\n<p>&nbsp;<\/p>\n<p><strong>Ve\u010d informacij na: <\/strong><a href=\"mailto:info@orto-bar.com\"><strong>info@orto-bar.com<\/strong><\/a><\/p>","protected":false},"excerpt":{"rendered":"<p>&nbsp; ORTO TRIBUTE \u2013 POKLON NAJBOLJ\u0160IM \u00a0 CIKEL\u00a0 VRHUNSKIH TRIBUTE SKUPIN V ORTO BARU V LJUBLJANI V NOVI SEZONI 2023\/24 \u2013 KULTURA KLUBSKEGA DO\u017dIVETJA GLASBENIH VELIKANOV V \u017dIVO &nbsp; &nbsp; TERMINSKI PROGRAM CIKLA TRIBUTE TO SKUPIN V ORTO BARU 23. 12. SOBOTA SOUNDGARDEN TRIBUTE SHOW 28. 12. \u010cETRTEK DON JOVI \/ Bon Jovi Tribute band [&hellip;]<\/p>","protected":false},"author":11,"featured_media":47689,"template":"","meta":{"_seopress_robots_primary_cat":"none","_seopress_titles_title":"","_seopress_titles_desc":"","_seopress_robots_index":""},"product_brand":[],"product_cat":[230],"product_tag":[222],"class_list":{"0":"post-47688","1":"product","2":"type-product","3":"status-publish","4":"has-post-thumbnail","6":"product_cat-arhiv","7":"product_tag-predprodaja","9":"entry","10":"has-media","12":"first","13":"instock","14":"virtual","15":"taxable","16":"product-type-simple","17":"has-product-nav","18":"col","19":"span_1_of_4","20":"owp-content-center","21":"item-entry","22":"owp-thumbs-layout-horizontal","23":"owp-btn-normal","24":"owp-tabs-layout-section"},"publishpress_future_action":{"enabled":false,"date":"2026-05-09 01:30:09","action":"change-status","newStatus":"draft","terms":[],"taxonomy":"product_cat","extraData":[]},"publishpress_future_workflow_manual_trigger":{"enabledWorkflows":[]},"_links":{"self":[{"href":"https:\/\/www.orto-bar.com\/en\/wp-json\/wp\/v2\/product\/47688","targetHints":{"allow":["GET"]}}],"collection":[{"href":"https:\/\/www.orto-bar.com\/en\/wp-json\/wp\/v2\/product"}],"about":[{"href":"https:\/\/www.orto-bar.com\/en\/wp-json\/wp\/v2\/types\/product"}],"author":[{"embeddable":true,"href":"https:\/\/www.orto-bar.com\/en\/wp-json\/wp\/v2\/users\/11"}],"version-history":[{"count":0,"href":"https:\/\/www.orto-bar.com\/en\/wp-json\/wp\/v2\/product\/47688\/revisions"}],"wp:featuredmedia":[{"embeddable":true,"href":"https:\/\/www.orto-bar.com\/en\/wp-json\/wp\/v2\/media\/47689"}],"wp:attachment":[{"href":"https:\/\/www.orto-bar.com\/en\/wp-json\/wp\/v2\/media?parent=47688"}],"wp:term":[{"taxonomy":"product_brand","embeddable":true,"href":"https:\/\/www.orto-bar.com\/en\/wp-json\/wp\/v2\/product_brand?post=47688"},{"taxonomy":"product_cat","embeddable":true,"href":"https:\/\/www.orto-bar.com\/en\/wp-json\/wp\/v2\/product_cat?post=47688"},{"taxonomy":"product_tag","embeddable":true,"href":"https:\/\/www.orto-bar.com\/en\/wp-json\/wp\/v2\/product_tag?post=47688"}],"curies":[{"name":"wp","href":"https:\/\/api.w.org\/{rel}","templated":true}]}}