{"id":48164,"date":"2023-10-09T12:55:45","date_gmt":"2023-10-09T10:55:45","guid":{"rendered":"https:\/\/www.orto-bar.com\/?post_type=product&#038;p=48164"},"modified":"2023-11-24T16:01:34","modified_gmt":"2023-11-24T15:01:34","slug":"final-semester-party-one-more-time","status":"publish","type":"product","link":"https:\/\/www.orto-bar.com\/en\/dogodki\/arhiv\/final-semester-party-one-more-time\/","title":{"rendered":"Final Semester Party &#8211; One More Time"},"content":{"rendered":"<p>\u0160e zadnji\u010d lahko za\u017eurate s tujimi \u0161tudenti, preden se odpravijo domov!<\/p>\n<p>&nbsp;<\/p>\n<p>The last party of the semester before everyone goes home! \ud83d\udee9\ufe0f<\/p>\n<p>Endings are as important as beginnings, that is why we are bringing everybody together one more time before everyone leaves the city.<\/p>\n<p>Expect to see everyone you survived the semester with! It is time for one more night of memories before saying goodbye to<\/p>\n<p>So let\u2019s finish on a high and blow the roof off! \u2600\ufe0f<\/p>\n<p>\u25ac\u25ac\u25ac TICKETS \u25ac\u25ac\u25ac<\/p>\n<p>Tickets for the Final Semester Party are only available when buying a combination ticket for now.<\/p>\n<div class=\"x11i5rnm xat24cr x1mh8g0r x1vvkbs xtlvy1s\">Link to tickets:\u00a0<a class=\"x1i10hfl xjbqb8w x6umtig x1b1mbwd xaqea5y xav7gou x9f619 x1ypdohk xt0psk2 xe8uvvx xdj266r x11i5rnm xat24cr x1mh8g0r xexx8yu x4uap5 x18d9i69 xkhd6sd x16tdsg8 x1hl2dhg xggy1nq x1a2a7pz xt0b8zv x1fey0fg\" tabindex=\"0\" role=\"link\" href=\"https:\/\/l.facebook.com\/l.php?u=https%3A%2F%2Fevents.isninternational.com%2Fevents%2Fisn%2F965618%3Ffbclid%3DIwAR3XGfEi7p0bAFO3jUftaIPUokVq4KspZabrerPXPZ7vLd8SJkjt2XrKB4I&amp;h=AT3iYYSLMXOFelFprSXHh88bB4lpEc2RzGGrV_s9RdQOD2Nbi3_Ey3OWYdUh-4js5Vir2Eoz2wP5ElkgGp0utKqVwUr5iedETs_p4wQRE73ZRuI0xxmmI8diJ5gkk6LqDg&amp;__tn__=q&amp;c[0]=AT2Nokb0bhQK1P7NBoxC2vn3woYihm4sMLsfoqiOeFfk4w7OXZQyU9tecxOsbu-JJqn5lbhBJOcK2eKINFklgslJiyaiE9D1OTTK6_Z3TNz1t8AjgzooDgKy6xPTNHZuAPI1CVSd5-Ct3q5GilI-sw_iGECY\" target=\"_blank\" rel=\"nofollow noopener noreferrer\">https:\/\/events.isninternational.com\/events\/isn\/965618<\/a><\/div>\n<div class=\"x11i5rnm xat24cr x1mh8g0r x1vvkbs xtlvy1s\"><\/div>\n<p>\u25ac\u25ac\u25ac Event Details \u25ac\u25ac\u25ac<\/p>\n<p>\ud83d\udd1e All of our events are for 18 and above. You are required to bring a hardcopy driver&#8217;s license, ID Card, or passport. Tickets are non refundable but transferable. We have great photographers present at our events, so please dress up.<\/p>\n<p>\ud83d\udcf8 Follow us on instagram @isninternational<\/p>","protected":false},"excerpt":{"rendered":"<p>\u0160e zadnji\u010d lahko za\u017eurate s tujimi \u0161tudenti, preden se odpravijo domov! &nbsp; The last party of the semester before everyone goes home! \ud83d\udee9\ufe0f Endings are as important as beginnings, that is why we are bringing everybody together one more time before everyone leaves the city. Expect to see everyone you survived the semester with! It [&hellip;]<\/p>","protected":false},"author":11,"featured_media":48174,"template":"","meta":{"_seopress_robots_primary_cat":"none","_seopress_titles_title":"","_seopress_titles_desc":"","_seopress_robots_index":""},"product_brand":[],"product_cat":[230],"product_tag":[222],"class_list":{"0":"post-48164","1":"product","2":"type-product","3":"status-publish","4":"has-post-thumbnail","6":"product_cat-arhiv","7":"product_tag-predprodaja","9":"entry","10":"has-media","12":"first","13":"onbackorder","14":"virtual","15":"taxable","16":"product-type-simple","17":"has-product-nav","18":"col","19":"span_1_of_4","20":"owp-content-center","21":"item-entry","22":"owp-thumbs-layout-horizontal","23":"owp-btn-normal","24":"owp-tabs-layout-section","25":"has-no-thumbnails"},"publishpress_future_action":{"enabled":false,"date":"2026-05-09 08:52:19","action":"change-status","newStatus":"draft","terms":[],"taxonomy":"product_cat","extraData":[]},"publishpress_future_workflow_manual_trigger":{"enabledWorkflows":[]},"_links":{"self":[{"href":"https:\/\/www.orto-bar.com\/en\/wp-json\/wp\/v2\/product\/48164","targetHints":{"allow":["GET"]}}],"collection":[{"href":"https:\/\/www.orto-bar.com\/en\/wp-json\/wp\/v2\/product"}],"about":[{"href":"https:\/\/www.orto-bar.com\/en\/wp-json\/wp\/v2\/types\/product"}],"author":[{"embeddable":true,"href":"https:\/\/www.orto-bar.com\/en\/wp-json\/wp\/v2\/users\/11"}],"version-history":[{"count":0,"href":"https:\/\/www.orto-bar.com\/en\/wp-json\/wp\/v2\/product\/48164\/revisions"}],"wp:featuredmedia":[{"embeddable":true,"href":"https:\/\/www.orto-bar.com\/en\/wp-json\/wp\/v2\/media\/48174"}],"wp:attachment":[{"href":"https:\/\/www.orto-bar.com\/en\/wp-json\/wp\/v2\/media?parent=48164"}],"wp:term":[{"taxonomy":"product_brand","embeddable":true,"href":"https:\/\/www.orto-bar.com\/en\/wp-json\/wp\/v2\/product_brand?post=48164"},{"taxonomy":"product_cat","embeddable":true,"href":"https:\/\/www.orto-bar.com\/en\/wp-json\/wp\/v2\/product_cat?post=48164"},{"taxonomy":"product_tag","embeddable":true,"href":"https:\/\/www.orto-bar.com\/en\/wp-json\/wp\/v2\/product_tag?post=48164"}],"curies":[{"name":"wp","href":"https:\/\/api.w.org\/{rel}","templated":true}]}}