{"id":48180,"date":"2023-10-09T13:15:25","date_gmt":"2023-10-09T11:15:25","guid":{"rendered":"https:\/\/www.orto-bar.com\/?post_type=product&#038;p=48180"},"modified":"2023-11-08T15:20:31","modified_gmt":"2023-11-08T14:20:31","slug":"keep-it-smpl-angel-s-ex","status":"publish","type":"product","link":"https:\/\/www.orto-bar.com\/en\/dogodki\/arhiv\/keep-it-smpl-angel-s-ex\/","title":{"rendered":"KEEP IT S!MPL! &#038; ANGEL S EX"},"content":{"rendered":"<p>\ud835\uddde\ud835\uddd8\ud835\uddd8\ud835\udde3 \ud835\udddc\ud835\udde7 \ud835\udde6!\ud835\udde0\ud835\udde3\ud835\udddf je sinonim za uspe\u0161en miks &#8216;poprockalter&#8217; glasbe. Band, katerega za\u010detki segajo v leto 2012, je do danes uspel odigrati kar nekaj ve\u010djih koncertov, na sceno pa se vra\u010da s prvim singlom Resnica srca. Po nekajkratnih premorih delovanja je ljubezen do glasbe vselej prevladala in fantje so tokrat sklenili za\u010deti novo poglavje. Tako se je skupina v leto\u0161njem letu zaprla v studio in pod taktirko Roberta Likarja (Niet) posnela pet avtorskih skladb.<\/p>\n<p>Eleganca njihovih \u017eivih nastopov se skriva v suvereni dr\u017ei in o\u010darljivi pristnosti \u010dlanov skupine. Organsko, iskrivo in brez dlake na jeziku!<\/p>\n<p>Skladba \u00a0govori o odtujenosti in apati\u010dnosti posameznika, tako v stiku s samim sabo kot v partnerski zvezi oziroma skupnosti. Ko se zdi vsak nov korak te\u017eji od prej\u0161njega in ko ne najdemo ve\u010d smisla. Nekaj v nas pa \u0161e kri\u010di: &#8220;Resnico srca \u0161e oku\u0161a\u0161?&#8221; Prisluhnimo si, negujmo in spo\u0161tujmo \u010dustva \u2212 svoja, kot tudi \u010dustva vseh okoli nas in nikdar ne pozabimo sanjati.<\/p>\n<p>Zasedbo sestavljajo:<\/p>\n<p>\u2212 Maks Pust (kitara, vokal)<br \/>\n\u2212 Jure Dolami\u010d (bas)<br \/>\n\u2212 Drago Mihaljevi\u0107 (kitara)<br \/>\n\u2212 Matijas Severhen (bobni, tolkala)<\/p>\n<p>________________________________________<\/p>\n<div class=\"x11i5rnm xat24cr x1mh8g0r x1vvkbs xtlvy1s\">\ud835\uddd4\ud835\uddfb\ud835\uddf4\ud835\uddf2\ud835\uddf9&#8217;\ud835\ude00 \ud835\uddd8\ud835\ude05 je slovenska glasbena skupina, ki jo sestavljajo Leon Bahovec (vokal), Niko Kaliterna (kitara), Jon Ku\u0161trin Tur\u010dinovi\u0107 (kitara), Gregor Rus (bas kitara) in Domen Smole (bobni) in je nastala na za\u010detku leta 2022.<\/div>\n<div class=\"x11i5rnm xat24cr x1mh8g0r x1vvkbs xtlvy1s\">Njihova glasba nagovarja tako rock nostalgike, ki se jih dotaknejo rokerski ritmi \u0161estdesetih in sedemdesetih let preteklega stoletja, kot tudi mlado ob\u010dinstvo, ki jih prepri\u010da druga\u010dna muzikalnost. Z agresivnej\u0161imi toni elektri\u010dnih kitar so blizu hard rockerjem, s \u010dutnimi besedili pa melanholi\u010dno razpolo\u017eenemu sleherniku.<\/div>\n<div class=\"x11i5rnm xat24cr x1mh8g0r x1vvkbs xtlvy1s\">Angel&#8217;s Ex so \u0161tudentski glas in obenem glas \u0161tudentov \u2013 vsi \u010dlani so namre\u010d \u0161tudenti, hkrati pa jih je \u0161tudentsko ob\u010dinstvo izbralo za leto\u0161nje nastopajo\u010de na \u0160kisovi tr\u017enici. V preteklem letu so nastopili na prizori\u0161\u010dih, kot so Vi\u010dstock, KK\u0160 Summerfest, Evropska no\u010d raziskovalcev, skupaj pa so imeli preko petnajst koncertov. Kmalu pa bodo \u010dlani nastopili tudi na njihovem prvem mednarodnem koncertu in sicer na festival Zlatna nit u BiH.<\/div>\n<div class=\"x11i5rnm xat24cr x1mh8g0r x1vvkbs xtlvy1s\">Vrhunec leta 2023 pa predstavlja njihov samostojni studijski mini-album sedmih pesmi: v okvir dveh instrumentalnih pesmi \u2013 Krvave ro\u017ee na za\u010detku in Kristalne ro\u017ee na koncu \u2013 je vpetih pet pesmi z naslovi: Za\u010daraj me, Hard Love, Pod luno, Pot v raj in Zvezde sredi dneva.<\/div>","protected":false},"excerpt":{"rendered":"<p>\ud835\uddde\ud835\uddd8\ud835\uddd8\ud835\udde3 \ud835\udddc\ud835\udde7 \ud835\udde6!\ud835\udde0\ud835\udde3\ud835\udddf je sinonim za uspe\u0161en miks &#8216;poprockalter&#8217; glasbe. Band, katerega za\u010detki segajo v leto 2012, je do danes uspel odigrati kar nekaj ve\u010djih koncertov, na sceno pa se vra\u010da s prvim singlom Resnica srca. Po nekajkratnih premorih delovanja je ljubezen do glasbe vselej prevladala in fantje so tokrat sklenili za\u010deti novo poglavje. Tako [&hellip;]<\/p>","protected":false},"author":11,"featured_media":51593,"template":"","meta":{"_seopress_robots_primary_cat":"none","_seopress_titles_title":"","_seopress_titles_desc":"","_seopress_robots_index":""},"product_brand":[],"product_cat":[230],"product_tag":[222],"class_list":{"0":"post-48180","1":"product","2":"type-product","3":"status-publish","4":"has-post-thumbnail","6":"product_cat-arhiv","7":"product_tag-predprodaja","9":"entry","10":"has-media","12":"first","13":"instock","14":"virtual","15":"taxable","16":"product-type-simple","17":"has-product-nav","18":"col","19":"span_1_of_4","20":"owp-content-center","21":"item-entry","22":"owp-thumbs-layout-horizontal","23":"owp-btn-normal","24":"owp-tabs-layout-section","25":"has-no-thumbnails"},"publishpress_future_action":{"enabled":false,"date":"2026-05-09 06:11:04","action":"change-status","newStatus":"draft","terms":[],"taxonomy":"product_cat","extraData":[]},"publishpress_future_workflow_manual_trigger":{"enabledWorkflows":[]},"_links":{"self":[{"href":"https:\/\/www.orto-bar.com\/en\/wp-json\/wp\/v2\/product\/48180","targetHints":{"allow":["GET"]}}],"collection":[{"href":"https:\/\/www.orto-bar.com\/en\/wp-json\/wp\/v2\/product"}],"about":[{"href":"https:\/\/www.orto-bar.com\/en\/wp-json\/wp\/v2\/types\/product"}],"author":[{"embeddable":true,"href":"https:\/\/www.orto-bar.com\/en\/wp-json\/wp\/v2\/users\/11"}],"version-history":[{"count":0,"href":"https:\/\/www.orto-bar.com\/en\/wp-json\/wp\/v2\/product\/48180\/revisions"}],"wp:featuredmedia":[{"embeddable":true,"href":"https:\/\/www.orto-bar.com\/en\/wp-json\/wp\/v2\/media\/51593"}],"wp:attachment":[{"href":"https:\/\/www.orto-bar.com\/en\/wp-json\/wp\/v2\/media?parent=48180"}],"wp:term":[{"taxonomy":"product_brand","embeddable":true,"href":"https:\/\/www.orto-bar.com\/en\/wp-json\/wp\/v2\/product_brand?post=48180"},{"taxonomy":"product_cat","embeddable":true,"href":"https:\/\/www.orto-bar.com\/en\/wp-json\/wp\/v2\/product_cat?post=48180"},{"taxonomy":"product_tag","embeddable":true,"href":"https:\/\/www.orto-bar.com\/en\/wp-json\/wp\/v2\/product_tag?post=48180"}],"curies":[{"name":"wp","href":"https:\/\/api.w.org\/{rel}","templated":true}]}}