{"id":48419,"date":"2023-10-11T19:52:58","date_gmt":"2023-10-11T17:52:58","guid":{"rendered":"https:\/\/www.orto-bar.com\/?post_type=product&#038;p=48419"},"modified":"2023-11-17T00:00:05","modified_gmt":"2023-11-16T23:00:05","slug":"imperij","status":"publish","type":"product","link":"https:\/\/www.orto-bar.com\/en\/dogodki\/arhiv\/imperij\/","title":{"rendered":"Imperij"},"content":{"rendered":"<p>Skupina IMPERIJ prihaja na oder Orto bara, kjer bo skupina predstavila svoj novi album. Potem, ko je skupina pred dvema letoma krenila na poponoma novo glasbeno pot in dodobra prevetrila svojo zasedbo, je sedaj posnela svoj \u010detrti album, prvi nove dobe. Na koncertu boste tako lahko sli\u0161ali vse skladbe posnete na novem albumu, na katerim se jim bodo na odru pridru\u017eili tudi glasbeni gostje.<\/p>\n<p>&nbsp;<\/p>\n<p>Zasedbo Imperij dandanes sestavljajo vokalist Jure Erpi\u010d, bobnar Julij Klemenc, kitarista Igor Gruden in Nejc Dolinar ter basist Robert Sr\u0161en. Imperijci so se pravkar vrnili iz Beartracks studia v Ko\u010devju, kjer so pod budnim o\u010desom Robija Bule\u0161i\u0107a kon\u010dali snemanje novih skladb. \u017de pred izidom albuma je skupina izdala \u0161tiri nove skladbe: Parazit, Men je vseen, Breze v plamenih in Soseda Breda, na katerim so se jim pridru\u017eili \u0161tevilni priznani glasbeniki kot npr. Borut Marolt (Niet), Tinkara Kova\u010d, Nejc Lombardo, Miha Eri\u010d (3 Tone), Nikola Sekulovi\u010d (Dan D) in David Stritar (Lombardo). Izid albuma bo pospremila skladba Rad imam jesen, kjer je skupini Imperij vokal posodil izredni Ognjen Zelji\u010d iz skupine Bogunov.<\/p>\n<p>&nbsp;<\/p>\n<p>Vljudno vabljeni!<\/p>","protected":false},"excerpt":{"rendered":"<p>Skupina IMPERIJ prihaja na oder Orto bara, kjer bo skupina predstavila svoj novi album. Potem, ko je skupina pred dvema letoma krenila na poponoma novo glasbeno pot in dodobra prevetrila svojo zasedbo, je sedaj posnela svoj \u010detrti album, prvi nove dobe. Na koncertu boste tako lahko sli\u0161ali vse skladbe posnete na novem albumu, na katerim [&hellip;]<\/p>","protected":false},"author":11,"featured_media":48420,"template":"","meta":{"_seopress_robots_primary_cat":"none","_seopress_titles_title":"","_seopress_titles_desc":"","_seopress_robots_index":""},"product_brand":[],"product_cat":[230],"product_tag":[222],"class_list":{"0":"post-48419","1":"product","2":"type-product","3":"status-publish","4":"has-post-thumbnail","6":"product_cat-arhiv","7":"product_tag-predprodaja","9":"entry","10":"has-media","12":"first","13":"instock","14":"virtual","15":"taxable","16":"product-type-simple","17":"has-product-nav","18":"col","19":"span_1_of_4","20":"owp-content-center","21":"item-entry","22":"owp-thumbs-layout-horizontal","23":"owp-btn-normal","24":"owp-tabs-layout-section","25":"has-no-thumbnails"},"publishpress_future_action":{"enabled":false,"date":"2026-05-09 06:14:52","action":"change-status","newStatus":"draft","terms":[],"taxonomy":"product_cat","extraData":[]},"publishpress_future_workflow_manual_trigger":{"enabledWorkflows":[]},"_links":{"self":[{"href":"https:\/\/www.orto-bar.com\/en\/wp-json\/wp\/v2\/product\/48419","targetHints":{"allow":["GET"]}}],"collection":[{"href":"https:\/\/www.orto-bar.com\/en\/wp-json\/wp\/v2\/product"}],"about":[{"href":"https:\/\/www.orto-bar.com\/en\/wp-json\/wp\/v2\/types\/product"}],"author":[{"embeddable":true,"href":"https:\/\/www.orto-bar.com\/en\/wp-json\/wp\/v2\/users\/11"}],"version-history":[{"count":0,"href":"https:\/\/www.orto-bar.com\/en\/wp-json\/wp\/v2\/product\/48419\/revisions"}],"wp:featuredmedia":[{"embeddable":true,"href":"https:\/\/www.orto-bar.com\/en\/wp-json\/wp\/v2\/media\/48420"}],"wp:attachment":[{"href":"https:\/\/www.orto-bar.com\/en\/wp-json\/wp\/v2\/media?parent=48419"}],"wp:term":[{"taxonomy":"product_brand","embeddable":true,"href":"https:\/\/www.orto-bar.com\/en\/wp-json\/wp\/v2\/product_brand?post=48419"},{"taxonomy":"product_cat","embeddable":true,"href":"https:\/\/www.orto-bar.com\/en\/wp-json\/wp\/v2\/product_cat?post=48419"},{"taxonomy":"product_tag","embeddable":true,"href":"https:\/\/www.orto-bar.com\/en\/wp-json\/wp\/v2\/product_tag?post=48419"}],"curies":[{"name":"wp","href":"https:\/\/api.w.org\/{rel}","templated":true}]}}