{"id":48931,"date":"2023-10-16T18:38:19","date_gmt":"2023-10-16T16:38:19","guid":{"rendered":"https:\/\/www.orto-bar.com\/?post_type=product&#038;p=48931"},"modified":"2023-12-01T09:39:41","modified_gmt":"2023-12-01T08:39:41","slug":"interferenzza","status":"publish","type":"product","link":"https:\/\/www.orto-bar.com\/en\/dogodki\/arhiv\/interferenzza\/","title":{"rendered":"Interferenzza"},"content":{"rendered":"<p>&nbsp;<\/p>\n<p>Kdo ali kaj == INTERFERENZZA?! Odgovor na vpra\u0161anje vam istoimenska skupina postre\u017ee v obliki celove\u010dernega predstavitvenega koncerta\u00a0\u00a0Poleg skrbno na\u010drtovane funk\u2019n\u2019soul misije bodo na ta ve\u010der izstrelili tudi singel z naslovom &#8216;Kozmoromantika&#8217;, ki napoveduje serijo avtorskih pesmi z naravoslovno navdihnjenimi besedili.<\/p>\n<p>Interferenzza+ je elektri\u010dna nadgradnja akusti\u010dnega dueta Interferenzza, ki ga oblikujeta Ivana Honsi\u0107 (vokal) in Kristjan Vuk B. (kitara). Raz\u0161irjeno zasedbo pestrita \u0161e Ne\u017ea Pavlovi\u010d (bas) in Janez Spruk (bobni), v Orto-baru pa se jim bo pridru\u017eil \u0161e instrumentalist Leon \u017dunec.<\/p>\n<p>Vstopnina:<br \/>\nPredprodaja: 8,00 EUR<br \/>\nNa dan dogodka: 10,00 EUR<\/p>","protected":false},"excerpt":{"rendered":"<p>&nbsp; Kdo ali kaj == INTERFERENZZA?! Odgovor na vpra\u0161anje vam istoimenska skupina postre\u017ee v obliki celove\u010dernega predstavitvenega koncerta\u00a0\u00a0Poleg skrbno na\u010drtovane funk\u2019n\u2019soul misije bodo na ta ve\u010der izstrelili tudi singel z naslovom &#8216;Kozmoromantika&#8217;, ki napoveduje serijo avtorskih pesmi z naravoslovno navdihnjenimi besedili. Interferenzza+ je elektri\u010dna nadgradnja akusti\u010dnega dueta Interferenzza, ki ga oblikujeta Ivana Honsi\u0107 (vokal) in [&hellip;]<\/p>","protected":false},"author":11,"featured_media":48933,"template":"","meta":{"_seopress_robots_primary_cat":"none","_seopress_titles_title":"","_seopress_titles_desc":"","_seopress_robots_index":""},"product_brand":[],"product_cat":[230],"product_tag":[222],"class_list":{"0":"post-48931","1":"product","2":"type-product","3":"status-publish","4":"has-post-thumbnail","6":"product_cat-arhiv","7":"product_tag-predprodaja","9":"entry","10":"has-media","12":"first","13":"instock","14":"virtual","15":"taxable","16":"product-type-simple","17":"has-product-nav","18":"col","19":"span_1_of_4","20":"owp-content-center","21":"item-entry","22":"owp-thumbs-layout-horizontal","23":"owp-btn-normal","24":"owp-tabs-layout-section","25":"has-no-thumbnails"},"publishpress_future_action":{"enabled":false,"date":"2026-05-09 07:32:34","action":"change-status","newStatus":"draft","terms":[],"taxonomy":"product_cat","extraData":[]},"publishpress_future_workflow_manual_trigger":{"enabledWorkflows":[]},"_links":{"self":[{"href":"https:\/\/www.orto-bar.com\/en\/wp-json\/wp\/v2\/product\/48931","targetHints":{"allow":["GET"]}}],"collection":[{"href":"https:\/\/www.orto-bar.com\/en\/wp-json\/wp\/v2\/product"}],"about":[{"href":"https:\/\/www.orto-bar.com\/en\/wp-json\/wp\/v2\/types\/product"}],"author":[{"embeddable":true,"href":"https:\/\/www.orto-bar.com\/en\/wp-json\/wp\/v2\/users\/11"}],"version-history":[{"count":0,"href":"https:\/\/www.orto-bar.com\/en\/wp-json\/wp\/v2\/product\/48931\/revisions"}],"wp:featuredmedia":[{"embeddable":true,"href":"https:\/\/www.orto-bar.com\/en\/wp-json\/wp\/v2\/media\/48933"}],"wp:attachment":[{"href":"https:\/\/www.orto-bar.com\/en\/wp-json\/wp\/v2\/media?parent=48931"}],"wp:term":[{"taxonomy":"product_brand","embeddable":true,"href":"https:\/\/www.orto-bar.com\/en\/wp-json\/wp\/v2\/product_brand?post=48931"},{"taxonomy":"product_cat","embeddable":true,"href":"https:\/\/www.orto-bar.com\/en\/wp-json\/wp\/v2\/product_cat?post=48931"},{"taxonomy":"product_tag","embeddable":true,"href":"https:\/\/www.orto-bar.com\/en\/wp-json\/wp\/v2\/product_tag?post=48931"}],"curies":[{"name":"wp","href":"https:\/\/api.w.org\/{rel}","templated":true}]}}