{"id":49668,"date":"2023-10-22T13:30:00","date_gmt":"2023-10-22T11:30:00","guid":{"rendered":"https:\/\/www.orto-bar.com\/dogodki\/nekategorizirano\/vatra-hr-copy\/"},"modified":"2024-11-01T19:45:07","modified_gmt":"2024-11-01T18:45:07","slug":"vatra","status":"publish","type":"product","link":"https:\/\/www.orto-bar.com\/en\/dogodki\/arhiv\/vatra\/","title":{"rendered":"Vatra"},"content":{"rendered":"<p>&nbsp;<\/p>\n<p>Skupina Vatra s frontmanom in avtorjem Ivanom De\u010dakom je na Hrva\u0161kem<br \/>\ndosegla malodane kultni status. Do leto\u0161njega leta so objavili \u017ee deset<br \/>\nalbumov, osvojili \u0161tevilne nagrade Porin, v pripravi pa je \u017ee enajsti studijski<br \/>\nalbum. Njihove pesmi so zelo dobro poznane hrva\u0161ki javnosti, dobro pa jih<br \/>\npoznajo tudi ljubitelji slovenske glasbe.<\/p>\n<p>Vatra je na hrva\u0161kih tleh dosegla vse stopni\u010dke \u2013 igrali so v<br \/>\nmanj\u0161ih in ve\u010djih klubih, za njimi so mnogi razprodani in uspe\u0161ni koncerti,<br \/>\nso nosilci uspe\u0161nih hitov. Sedaj pa \u017eelijo osvojiti tudi publiko v Sloveniji.<\/p>\n<p>Nazadnje so v Ljubljani nastopili leta 2018, v Hali Tivoli, kot gostje skupine<br \/>\nBajaga &amp; Instruktori, za seboj pa imajo tudi uspe\u0161ne nastope na Trnfestu ter med<br \/>\nslovenskim ob\u010dinstvom zelo dobro sprejet koncert v okviru Orto festa.<\/p>\n<p>&nbsp;<\/p>\n<p>&nbsp;<\/p>\n<p>&nbsp;<\/p>\n<p><strong>Rock skupina Vatra osnovana je prije 15 godina u Virovitici. Ve\u0107 1999. godine Vatra objavljuje svoj prvi nosa\u010d zvuka &#8220;Izme\u0111u nas\u201c. Na novinarskoj rock nagradi Crni ma\u010dak 2000. godine, nomirani su u kategoriji za nadu godine. <\/strong><\/p>\n<p><strong>\u00a0<\/strong><\/p>\n<ol start=\"2002\">\n<li><strong> godine Vatra potpisuje ugovor s izdava\u010dkom ku\u0107om Dallas Records, te objavljuje album &#8221;An\u0111eo s gre\u0161kom&#8221;. Producent albuma Denyken osvaja nagradu Crni ma\u010dak za produkciju. <\/strong><\/li>\n<li><strong><br \/>\ngodine Vatra snima album \u201ePrekid programa\u201c. Spot za pjesmu \u201ePrivremeno nedostupan\u201c pojavljuje se na Britanskom MTV-u. Naklada albuma \u0161tampa se dva puta, a spot za pjesmu \u201eGorim\u201c nominiran je za nagradu \u201ePorin\u201c. <\/strong><\/li>\n<li><strong><br \/>\ngodine Vatra objavljuje album \u201eAritmija\u201c. Album je nominiran za \u201ePorin\u201c u kategoriji rock album godine, a Vatrin nastupom na dodjeli progla\u0161en je za najuzbudljiviji trenutak te diskografske nagrade. <\/strong><\/li>\n<li><strong><br \/>\nobjavljen je Sputnik, peti album Vatre <\/strong><strong>na kojem band radi zna\u010dajni zaokret u zvuku. Kao producenti odabrani su Jura Ferina i Pavle Miholjevic (Svadbas).<\/strong><strong> Spot &#8220;Svjetla i sirene&#8221; uvr\u0161ten je u top 10 najboljih videospotova godine po izboru T-portala. Krajem 2009. Vatra je progla\u0161ena Rock bendom godine od strane Fender korporacije.<\/strong><\/li>\n<\/ol>\n<p><strong><br \/>\n\u0160esti studijski album &#8221;Ima li budnih&#8221; objavljen je u listopadu 2011. Vatra je na\u00a0 Porinu 2012. nominirana za Hit godine, Rock album godine i Najbolju vokalnu suradnju (&#8221;Tremolo&#8221; feat. Damir Urban) za koju su Porin i osvojili.<\/strong><\/p>\n<p><strong>\u00a0<\/strong><\/p>\n<p><strong>Krajem 2013. godine izdaju EP \u201eVT\u201c za koji dobivaju novog \u201ePorina\u201c u kategoriji najbolji album alternativne glazbe. <\/strong><\/p>\n<p><strong>\u00a0<\/strong><\/p>\n<ol start=\"2014\">\n<li><strong> godina je za Vatru i jedna od najuspje\u0161nijih godina u karijeri, jer se njihov hit singl \u201eTango\u201c nalazi 19 tjedana na prvom mjestu nacionalne liste radijskih singlova, \u010dime je sru\u0161en rekord HR Top 40 liste. Pjesma &#8221;Tango&#8221; bila je dvije godine zaredom najemitiranija doma\u0107a pjesma u hrvatskom radijskom eteru.<\/strong><\/li>\n<\/ol>\n<p><strong>\u00a0<\/strong><\/p>\n<ol start=\"2015\">\n<li><strong> objavljuju sedmi studijski album &#8221;Zmajevi na vjetru&#8221; nominiran za Porin u kategorijama najboljeg albuma rock glazbe, najboljeg likovnog oblikovanja i albuma godine.<\/strong><\/li>\n<\/ol>\n<p><strong>\u00a0<\/strong><\/p>\n<p><strong>Vatra je poznata po \u017eestokim live nastupima i kao jedan od bendova koji svira najvi\u0161e koncerata godi\u0161nje.<\/strong><\/p>\n<ol start=\"2016\">\n<li><strong> odr\u017eali su veliki koncert u Koncertnoj dvorani Vatroslav Lisinski koji je snimljen i u obliku live albuma objavljen 2017. godine pod nazivom &#8221;Akustik u Lisinskom.&#8221;<\/strong><\/li>\n<\/ol>\n<p><strong>\u00a0<\/strong><\/p>\n<ol start=\"2017\">\n<li><strong> godine u Tvornici su odr\u017eali dva koncerta \u2013 akustik i elektrik u Tvornici kulture, na kojem su promovirali fri\u0161ko objavljen album &#8221;Akustik u Lisinskom&#8221; i proslavili punoljetnost benda<\/strong><\/li>\n<\/ol>\n<p><strong>\u00a0<\/strong><\/p>\n<ol start=\"2018\">\n<li><strong> Vatra objavljuje suradnju s Massimom u pjesmi Nama se nikud ne \u017euri s kojom osvajaju Porin za suradnju godine, a ujedno je bila i najemitiranija pjesma doma\u0107eg etera u 2018. godini. <\/strong><\/li>\n<\/ol>\n<p><strong>\u00a0<\/strong><\/p>\n<ol start=\"2019\">\n<li><strong> godine Vatra je objavila album Ultramix, nakon \u0161to su nastupili na Ultri te svoje najve\u0107e hitove predstavili u elektroni\u010dkom ruhu uz pomo\u0107 Radiologya. Nakon Ultramix digitalnog izdanja, Vatra je objavila novi nosa\u010d zvuka Vatra XX u\u017eivo i biografiju Vatra \u2013 20 godina s preprekama koju je pisao Marko Podrug. Album i biografiju predstavili su koncertom u Domu sportova kojim su proslavili 20 godina na sceni. <\/strong><\/li>\n<\/ol>\n<p><strong>\u00a0<\/strong><\/p>\n<ol start=\"2020\">\n<li><strong> godine Vatra objavljuje tri singla kojima najavljuju svoj novi studijski album \u2013 Sva na\u0161a ljeta, Carstvo Sunca i Vidi kako se smije\u0161, a novi album najavljuju tijekom 2022. godine. U lockdownu prvi u regiji odr\u017eavaju virtualnu turneju koju su odr\u017eavali tijekom prosinca 2020. godine iz svoje &#8221;jazbine&#8221; u Virovitici. <\/strong><\/li>\n<\/ol>\n<p><strong>\u00a0<\/strong><\/p>\n<ol start=\"2021\">\n<li><strong> godine Vatra objavljuje svoje prvo izdanje na vinilu &#8221;Vatra \u2013 Sva na\u0161a ljeta&#8221; s odabranim hitovima iz cijele karijere, a frontman benda Ivan De\u010dak osvaja Porin za pjesmu godine, radi se o pjesmi &#8216;Mali krug velikih ljudi&#8217; koju je napisao za Massima, a koja je uvr\u0161tena u ud\u017ebenike hrvatskog jezika za 8. razred. <\/strong><\/li>\n<\/ol>\n<p><strong>\u00a0<\/strong><\/p>\n<ol start=\"2022\">\n<li><strong> godine Vatra objavljuje nove hit singlove &#8216;Vidi kako se smije\u0161&#8217;, Nova godina nije se dogodila, Rum na usnama feat.Bo\u017eo Vre\u0107o i Javi se kad stigne\u0161, koji su kasnije obuhva\u0107eni na istoimenom izdanju &#8216;Javi se kad stigne\u0161&#8217;. <\/strong><\/li>\n<\/ol>\n<p><strong>\u00a0<\/strong><\/p>\n<ol start=\"2023\">\n<li><strong> godine Vatra objavljuje singl &#8216;Meni treba tako malo&#8217; koji ve\u0107 u drugom tjednu emitiranja zauzima prvu poziciju na nacionalnoj top listi, a ujedno rade i na promociji velikog obljetni\u010dkg koncerta koji \u0107e odr\u017eati na zagreba\u010dkoj \u0160alati 25.5. 2024. godine, a kad \u0107e proslaviti 25 godina karijere i ujedno odr\u017eati svoj najve\u0107i koncert u karijeri. <\/strong><\/li>\n<\/ol>\n<p><strong>\u00a0<\/strong><\/p>","protected":false},"excerpt":{"rendered":"<p>&nbsp; Skupina Vatra s frontmanom in avtorjem Ivanom De\u010dakom je na Hrva\u0161kem dosegla malodane kultni status. Do leto\u0161njega leta so objavili \u017ee deset albumov, osvojili \u0161tevilne nagrade Porin, v pripravi pa je \u017ee enajsti studijski album. Njihove pesmi so zelo dobro poznane hrva\u0161ki javnosti, dobro pa jih poznajo tudi ljubitelji slovenske glasbe. Vatra je na [&hellip;]<\/p>","protected":false},"author":11,"featured_media":81025,"template":"","meta":{"_seopress_robots_primary_cat":"none","_seopress_titles_title":"","_seopress_titles_desc":"","_seopress_robots_index":""},"product_brand":[],"product_cat":[230],"product_tag":[222],"class_list":{"0":"post-49668","1":"product","2":"type-product","3":"status-publish","4":"has-post-thumbnail","6":"product_cat-arhiv","7":"product_tag-predprodaja","9":"entry","10":"has-media","12":"first","13":"instock","14":"virtual","15":"taxable","16":"product-type-simple","17":"has-product-nav","18":"col","19":"span_1_of_4","20":"owp-content-center","21":"item-entry","22":"owp-thumbs-layout-horizontal","23":"owp-btn-normal","24":"owp-tabs-layout-section","25":"has-no-thumbnails"},"publishpress_future_action":{"enabled":false,"date":"2026-04-30 10:36:24","action":"change-status","newStatus":"draft","terms":[],"taxonomy":"product_cat","extraData":[]},"publishpress_future_workflow_manual_trigger":{"enabledWorkflows":[]},"_links":{"self":[{"href":"https:\/\/www.orto-bar.com\/en\/wp-json\/wp\/v2\/product\/49668","targetHints":{"allow":["GET"]}}],"collection":[{"href":"https:\/\/www.orto-bar.com\/en\/wp-json\/wp\/v2\/product"}],"about":[{"href":"https:\/\/www.orto-bar.com\/en\/wp-json\/wp\/v2\/types\/product"}],"author":[{"embeddable":true,"href":"https:\/\/www.orto-bar.com\/en\/wp-json\/wp\/v2\/users\/11"}],"version-history":[{"count":0,"href":"https:\/\/www.orto-bar.com\/en\/wp-json\/wp\/v2\/product\/49668\/revisions"}],"wp:featuredmedia":[{"embeddable":true,"href":"https:\/\/www.orto-bar.com\/en\/wp-json\/wp\/v2\/media\/81025"}],"wp:attachment":[{"href":"https:\/\/www.orto-bar.com\/en\/wp-json\/wp\/v2\/media?parent=49668"}],"wp:term":[{"taxonomy":"product_brand","embeddable":true,"href":"https:\/\/www.orto-bar.com\/en\/wp-json\/wp\/v2\/product_brand?post=49668"},{"taxonomy":"product_cat","embeddable":true,"href":"https:\/\/www.orto-bar.com\/en\/wp-json\/wp\/v2\/product_cat?post=49668"},{"taxonomy":"product_tag","embeddable":true,"href":"https:\/\/www.orto-bar.com\/en\/wp-json\/wp\/v2\/product_tag?post=49668"}],"curies":[{"name":"wp","href":"https:\/\/api.w.org\/{rel}","templated":true}]}}