{"id":50001,"date":"2023-10-25T19:52:38","date_gmt":"2023-10-25T17:52:38","guid":{"rendered":"https:\/\/www.orto-bar.com\/?post_type=product&#038;p=50001"},"modified":"2024-01-27T17:06:46","modified_gmt":"2024-01-27T16:06:46","slug":"the-legacy-of-motorhead-tribute-to-motorhead","status":"publish","type":"product","link":"https:\/\/www.orto-bar.com\/en\/dogodki\/arhiv\/the-legacy-of-motorhead-tribute-to-motorhead\/","title":{"rendered":"The Legacy of Mot\u00f6rhead -Tribute to Mot\u00f6rhead"},"content":{"rendered":"<div class=\"x11i5rnm xat24cr x1mh8g0r x1vvkbs xtlvy1s\"><strong>The Legacy of Mot\u00f6rhead\u00a0 sestavljajo izku\u0161eni hrva\u0161ki glasbeniki, ki nastopajo skupaj od leta 2016 dalje.<\/strong><\/div>\n<div>\n<p><strong>\u010clani benda:\u00a0<\/strong><\/p>\n<ul>\n<li><strong>Gordan (Gringo) Ileni\u0107 &#8211; Bobni<\/strong><\/li>\n<li><strong>Danijel Vrbos &#8211; kitara in spremljevalni vokal<\/strong><\/li>\n<li><strong>Martin (Api) Brozovi\u0107 &#8211; Bass kitara in glavni vokal<\/strong><\/li>\n<\/ul>\n<p>&nbsp;<\/p>\n<p>&nbsp;<\/p>\n<\/div>\n<div><\/div>\n<div><\/div>\n<div><\/div>\n<div>\n<p>The Legacy of Mot\u00f6rhead su osnovali Martin Brozovi\u0107 i Danijel Vrbos krajem 2016. godine pod imenom March or Die od kada sastav aktivno djeluje.<\/p>\n<p>&nbsp;<\/p>\n<p>U potrazi za stalnim bubnjarom postava benda se kompletirala u prolje\u0107e 2021. godine u Zagrebu, kada na bubanj dolazi stanoviti Gordan Gringo Ileni\u0107, te sastav mijenja ime u The Legacy of Mot\u00f6rhead.<\/p>\n<p>&nbsp;<\/p>\n<p>Spojem iskusnih glazbenika su iz ljubavi prema ostav\u0161tini legendarnog Lemmy Kilmistera i Mot\u00f6rheada oformili bend koji \u0107e vas uvesti u neponovljivi svijet glasnog i brzog rock &#8216;n&#8217; roll-a, kakvog su Lemmy i ekipa pra\u0161ili godinama diljem svijeta.<\/p>\n<p>&nbsp;<\/p>\n<p>\u010clanovi benda:<\/p>\n<ul>\n<li>Gordan (Gringo) Ileni\u0107 &#8211; Bubnjevi<\/li>\n<li>Danijel Vrbos &#8211; Gitara i prate\u0107i vokal<\/li>\n<li>Martin (Api) Brozovi\u0107 &#8211; Bass gitara i glavni vokal<\/li>\n<\/ul>\n<p>&nbsp;<\/p>\n<\/div>\n<div><\/div>\n<div><\/div>","protected":false},"excerpt":{"rendered":"<p>The Legacy of Mot\u00f6rhead\u00a0 sestavljajo izku\u0161eni hrva\u0161ki glasbeniki, ki nastopajo skupaj od leta 2016 dalje. \u010clani benda:\u00a0 Gordan (Gringo) Ileni\u0107 &#8211; Bobni Danijel Vrbos &#8211; kitara in spremljevalni vokal Martin (Api) Brozovi\u0107 &#8211; Bass kitara in glavni vokal &nbsp; &nbsp; The Legacy of Mot\u00f6rhead su osnovali Martin Brozovi\u0107 i Danijel Vrbos krajem 2016. godine pod [&hellip;]<\/p>","protected":false},"author":11,"featured_media":50003,"template":"","meta":{"_seopress_robots_primary_cat":"none","_seopress_titles_title":"","_seopress_titles_desc":"","_seopress_robots_index":""},"product_brand":[],"product_cat":[230],"product_tag":[222],"class_list":{"0":"post-50001","1":"product","2":"type-product","3":"status-publish","4":"has-post-thumbnail","6":"product_cat-arhiv","7":"product_tag-predprodaja","9":"entry","10":"has-media","12":"first","13":"instock","14":"virtual","15":"taxable","16":"product-type-simple","17":"has-product-nav","18":"col","19":"span_1_of_4","20":"owp-content-center","21":"item-entry","22":"owp-thumbs-layout-horizontal","23":"owp-btn-normal","24":"owp-tabs-layout-section","25":"has-no-thumbnails"},"publishpress_future_action":{"enabled":false,"date":"2026-04-26 11:32:37","action":"change-status","newStatus":"draft","terms":[],"taxonomy":"product_cat","extraData":[]},"publishpress_future_workflow_manual_trigger":{"enabledWorkflows":[]},"_links":{"self":[{"href":"https:\/\/www.orto-bar.com\/en\/wp-json\/wp\/v2\/product\/50001","targetHints":{"allow":["GET"]}}],"collection":[{"href":"https:\/\/www.orto-bar.com\/en\/wp-json\/wp\/v2\/product"}],"about":[{"href":"https:\/\/www.orto-bar.com\/en\/wp-json\/wp\/v2\/types\/product"}],"author":[{"embeddable":true,"href":"https:\/\/www.orto-bar.com\/en\/wp-json\/wp\/v2\/users\/11"}],"version-history":[{"count":0,"href":"https:\/\/www.orto-bar.com\/en\/wp-json\/wp\/v2\/product\/50001\/revisions"}],"wp:featuredmedia":[{"embeddable":true,"href":"https:\/\/www.orto-bar.com\/en\/wp-json\/wp\/v2\/media\/50003"}],"wp:attachment":[{"href":"https:\/\/www.orto-bar.com\/en\/wp-json\/wp\/v2\/media?parent=50001"}],"wp:term":[{"taxonomy":"product_brand","embeddable":true,"href":"https:\/\/www.orto-bar.com\/en\/wp-json\/wp\/v2\/product_brand?post=50001"},{"taxonomy":"product_cat","embeddable":true,"href":"https:\/\/www.orto-bar.com\/en\/wp-json\/wp\/v2\/product_cat?post=50001"},{"taxonomy":"product_tag","embeddable":true,"href":"https:\/\/www.orto-bar.com\/en\/wp-json\/wp\/v2\/product_tag?post=50001"}],"curies":[{"name":"wp","href":"https:\/\/api.w.org\/{rel}","templated":true}]}}