{"id":50198,"date":"2023-10-27T14:23:16","date_gmt":"2023-10-27T12:23:16","guid":{"rendered":"https:\/\/www.orto-bar.com\/?post_type=product&#038;p=50198"},"modified":"2023-11-06T13:03:03","modified_gmt":"2023-11-06T12:03:03","slug":"skgfest-2023","status":"publish","type":"product","link":"https:\/\/www.orto-bar.com\/en\/dogodki\/arhiv\/skgfest-2023\/","title":{"rendered":"\u0160kgfest 2023"},"content":{"rendered":"<div class=\"x11i5rnm xat24cr x1mh8g0r x1vvkbs xtlvy1s\">\n<p>\u0160kgfest 2023<\/p>\n<p>Spo\u0161tovanij!<\/p>\n<p>Se \u0161e spomnite va\u0161ega prvega? Bil je mladosten in neizdelan. Cel ve\u010der vas je zabaval nekje v Orto baru zgoraj in bili ste mozoljasti in nasekani. Ekstati\u010dno ste si \u017eeleli, da bi ta ve\u010der trajal ve\u010dno.<\/p>\n<p>No, evo-vam-ga-na, zdaj pa imate. Dvajset let po spo\u010detju se v Orto bar vra\u010da \u0160KGfest! V enaki maniri, z ve\u010dinoma enakimi bendi in vedno slab\u0161imi O\u017ebejevimi forami.<\/p>\n<p>Svoje zapra\u0161ene napeve vam bodo servirali Brez talenta, Pushluschtae in Skoraj tam. Iz povsem fri\u0161no pe\u010dene plate pa vam bodo v u\u0161esa zabasali svojo svirko Zadnji na spisku.<\/p>\n<p>Da se ne bo oder tresel samo od penzionistov, so organitatorji pobrskali po sve\u017eih izvr\u017ekih \u0160kofijske in na\u0161li Radio 16.<\/p>\n<p>Festival bo potekal v Orto baru v petek, 10. novembra 2023.<\/p>\n<p>Vstopnina je 10\u20ac za odrasle in 5\u20ac za \u0161tudente in dijake.<\/p>\n<p>Ko pokrijemo stro\u0161ke vstopnine gre vi\u0161ek denarjev za dobrodelne namene (bodisi poplave bodisi sklad \u0160KG bodisi Johnova alfa romeo 147)<\/p>\n<p>Vljudno vabljeni!<\/p>\n<\/div>","protected":false},"excerpt":{"rendered":"<p>\u0160kgfest 2023 Spo\u0161tovanij! Se \u0161e spomnite va\u0161ega prvega? Bil je mladosten in neizdelan. Cel ve\u010der vas je zabaval nekje v Orto baru zgoraj in bili ste mozoljasti in nasekani. Ekstati\u010dno ste si \u017eeleli, da bi ta ve\u010der trajal ve\u010dno. No, evo-vam-ga-na, zdaj pa imate. Dvajset let po spo\u010detju se v Orto bar vra\u010da \u0160KGfest! V [&hellip;]<\/p>","protected":false},"author":11,"featured_media":50199,"template":"","meta":{"_seopress_robots_primary_cat":"none","_seopress_titles_title":"","_seopress_titles_desc":"","_seopress_robots_index":""},"product_brand":[],"product_cat":[230],"product_tag":[222],"class_list":{"0":"post-50198","1":"product","2":"type-product","3":"status-publish","4":"has-post-thumbnail","6":"product_cat-arhiv","7":"product_tag-predprodaja","9":"entry","10":"has-media","12":"first","13":"instock","14":"virtual","15":"taxable","16":"product-type-simple","17":"has-product-nav","18":"col","19":"span_1_of_4","20":"owp-content-center","21":"item-entry","22":"owp-thumbs-layout-horizontal","23":"owp-btn-normal","24":"owp-tabs-layout-section","25":"has-no-thumbnails"},"publishpress_future_action":{"enabled":false,"date":"2026-05-09 06:24:18","action":"change-status","newStatus":"draft","terms":[],"taxonomy":"product_cat","extraData":[]},"publishpress_future_workflow_manual_trigger":{"enabledWorkflows":[]},"_links":{"self":[{"href":"https:\/\/www.orto-bar.com\/en\/wp-json\/wp\/v2\/product\/50198","targetHints":{"allow":["GET"]}}],"collection":[{"href":"https:\/\/www.orto-bar.com\/en\/wp-json\/wp\/v2\/product"}],"about":[{"href":"https:\/\/www.orto-bar.com\/en\/wp-json\/wp\/v2\/types\/product"}],"author":[{"embeddable":true,"href":"https:\/\/www.orto-bar.com\/en\/wp-json\/wp\/v2\/users\/11"}],"version-history":[{"count":0,"href":"https:\/\/www.orto-bar.com\/en\/wp-json\/wp\/v2\/product\/50198\/revisions"}],"wp:featuredmedia":[{"embeddable":true,"href":"https:\/\/www.orto-bar.com\/en\/wp-json\/wp\/v2\/media\/50199"}],"wp:attachment":[{"href":"https:\/\/www.orto-bar.com\/en\/wp-json\/wp\/v2\/media?parent=50198"}],"wp:term":[{"taxonomy":"product_brand","embeddable":true,"href":"https:\/\/www.orto-bar.com\/en\/wp-json\/wp\/v2\/product_brand?post=50198"},{"taxonomy":"product_cat","embeddable":true,"href":"https:\/\/www.orto-bar.com\/en\/wp-json\/wp\/v2\/product_cat?post=50198"},{"taxonomy":"product_tag","embeddable":true,"href":"https:\/\/www.orto-bar.com\/en\/wp-json\/wp\/v2\/product_tag?post=50198"}],"curies":[{"name":"wp","href":"https:\/\/api.w.org\/{rel}","templated":true}]}}