{"id":50402,"date":"2023-10-29T14:58:59","date_gmt":"2023-10-29T13:58:59","guid":{"rendered":"https:\/\/www.orto-bar.com\/?post_type=product&#038;p=50402"},"modified":"2023-11-24T15:23:48","modified_gmt":"2023-11-24T14:23:48","slug":"gatsby-urban-pulz","status":"publish","type":"product","link":"https:\/\/www.orto-bar.com\/en\/dogodki\/arhiv\/gatsby-urban-pulz\/","title":{"rendered":"Gatsby. &#038; Urban Pulz"},"content":{"rendered":"<div class=\"xdj266r x11i5rnm xat24cr x1mh8g0r x1vvkbs\">\ud835\udde9\ud835\uddee\ud835\uddef\ud835\uddf9\ud835\uddf7\ud835\uddf2\ud835\uddfb\ud835\uddf6 \ud835\uddfb\ud835\uddee \ud835\uddf1\ud835\ude03\ud835\uddfc\ud835\uddf7\ud835\uddfb\ud835\uddfc \ud835\uddf1\ud835\uddfc\ud835\ude07\ud835\uddfc \ud835\uddf6\ud835\uddfb\ud835\uddf1\ud835\uddf6\ud835\uddf2 \ud835\uddff\ud835\uddfc\ud835\uddf0\ud835\uddf8\ud835\uddee!\u00a0<span class=\"x3nfvp2 x1j61x8r x1fcty0u xdj266r xhhsvwb xat24cr xgzva0m xxymvpz xlup9mm x1kky2od\"><img decoding=\"async\" class=\"xz74otr\" src=\"https:\/\/static.xx.fbcdn.net\/images\/emoji.php\/v9\/t96\/1\/16\/1f37b.png\" alt=\"\ud83c\udf7b\" width=\"16\" height=\"16\" \/><\/span><\/div>\n<div class=\"x11i5rnm xat24cr x1mh8g0r x1vvkbs xtlvy1s\">Na glasbeni oder v Ortu se vra\u010dajo energi\u010dni URBAN PULZ, doletela pa nas bo tudi prav posebna \u010dast &#8211; predstavila se nam bo sve\u017ee nastala zasedba GATSBY.\u00a0<span class=\"x3nfvp2 x1j61x8r x1fcty0u xdj266r xhhsvwb xat24cr xgzva0m xxymvpz xlup9mm x1kky2od\"><img decoding=\"async\" class=\"xz74otr\" src=\"https:\/\/static.xx.fbcdn.net\/images\/emoji.php\/v9\/t50\/1\/16\/1f525.png\" alt=\"\ud83d\udd25\" width=\"16\" height=\"16\" \/><\/span><\/div>\n<div class=\"x11i5rnm xat24cr x1mh8g0r x1vvkbs xtlvy1s\">Vstopnice kmalu v prodaji.<br \/>\npredprodaja &#8211; 8,00 EUR<br \/>\nna dan dogodka &#8211; 10,00 EUR<\/div>\n<div class=\"x11i5rnm xat24cr x1mh8g0r x1vvkbs xtlvy1s\">________________________________________<\/div>\n<div class=\"x11i5rnm xat24cr x1mh8g0r x1vvkbs xtlvy1s\">Indie-rockerji \ud835\uddda\ud835\uddd4\ud835\udde7\ud835\udde6\ud835\uddd5\ud835\uddec. s koncertom v Orto Baru napovedujejo udaren za\u010detek koncertiranja! Sve\u017ea pet\u010dlanska zasedba z okolice Ljubljane, ki jo vodi karizmati\u010den frontman \u017dan K. Perjet, dopolnjujejo pa jo kitarista Klemen Mlinar ter Mark \u017dakelj, basist Nejc Klun ter bobnar in producent Bla\u017e Horvat, \u017ee premore kopico odrskih izku\u0161enj doma in v tujini. Predvsem pa na na\u0161e odre prina\u0161a nekaj ve\u010d kot zgolj glasbo. Z Gatsby se v Orto za en ve\u010der vra\u010dajo rjove\u010da 20ta, z ameri\u0161ko naglimi vzponi in brutalnimi padci, ki jih bomo skupaj prekleli, se jim smejali in na nanje nazdravili. Za fene: The Killers, Joy Division, Arcade Fire.<br \/>\n________________________________________<\/div>\n<div class=\"x11i5rnm xat24cr x1mh8g0r x1vvkbs xtlvy1s\">\ud835\udde8\ud835\udde5\ud835\uddd5\ud835\uddd4\ud835\udde1 \ud835\udde3\ud835\udde8\ud835\udddf\ud835\udded so za\u010deli delovati leta 2016 z \u017eeljo, da na glasbeno sceno prinesejo nekaj novega. Svojo navdu\u0161enost nad angloameri\u0161kim \u00bbsoundom\u00ab so pribli\u017eali slovenskim poslu\u0161alcem in razbili zati\u0161je rock scene.<\/div>\n<div class=\"x11i5rnm xat24cr x1mh8g0r x1vvkbs xtlvy1s\">Alan, Toni, Matic in Robi imajo dolgo kilometrino v \u0161tevilnih rock in punk skupinah pred Urban Pulzom. Nekateri izmed njih so Don Mentoni Band, Elektrika, Prisluhnimo Ti\u0161ini, Mamayev Kurgan, Epidemija in \u0161tevilni drugi.<\/div>\n<div class=\"x11i5rnm xat24cr x1mh8g0r x1vvkbs xtlvy1s\">Z nastopi na festivalih in v rock klubih ter na Radiu Val 202 in spletnih portalih predstavili so prvi album \u201cAmazing Day\u201d, novembra 2018, s katerih so najbolj uspe\u0161ni singli \u201cAmazing day\u201d, \u201cBetter days\u201d in \u201cAgain\u201d. Album podpisujejo kot avtorji glasbe Alan in Toni, besedila Alan, producentsko pa Zvone Kukec. Trenutno pa fantje delajo na novem materialu z nekoliko bolj zrelim zvokom, na prepoznavni energi\u010dni podlagi v Urban Pulz stilu.<\/div>","protected":false},"excerpt":{"rendered":"<p>\ud835\udde9\ud835\uddee\ud835\uddef\ud835\uddf9\ud835\uddf7\ud835\uddf2\ud835\uddfb\ud835\uddf6 \ud835\uddfb\ud835\uddee \ud835\uddf1\ud835\ude03\ud835\uddfc\ud835\uddf7\ud835\uddfb\ud835\uddfc \ud835\uddf1\ud835\uddfc\ud835\ude07\ud835\uddfc \ud835\uddf6\ud835\uddfb\ud835\uddf1\ud835\uddf6\ud835\uddf2 \ud835\uddff\ud835\uddfc\ud835\uddf0\ud835\uddf8\ud835\uddee!\u00a0 Na glasbeni oder v Ortu se vra\u010dajo energi\u010dni URBAN PULZ, doletela pa nas bo tudi prav posebna \u010dast &#8211; predstavila se nam bo sve\u017ee nastala zasedba GATSBY.\u00a0 Vstopnice kmalu v prodaji. predprodaja &#8211; 8,00 EUR na dan dogodka &#8211; 10,00 EUR ________________________________________ Indie-rockerji \ud835\uddda\ud835\uddd4\ud835\udde7\ud835\udde6\ud835\uddd5\ud835\uddec. s koncertom v Orto Baru [&hellip;]<\/p>","protected":false},"author":11,"featured_media":50403,"template":"","meta":{"_seopress_robots_primary_cat":"none","_seopress_titles_title":"","_seopress_titles_desc":"","_seopress_robots_index":""},"product_brand":[],"product_cat":[230],"product_tag":[222],"class_list":{"0":"post-50402","1":"product","2":"type-product","3":"status-publish","4":"has-post-thumbnail","6":"product_cat-arhiv","7":"product_tag-predprodaja","9":"entry","10":"has-media","12":"first","13":"instock","14":"virtual","15":"taxable","16":"product-type-simple","17":"has-product-nav","18":"col","19":"span_1_of_4","20":"owp-content-center","21":"item-entry","22":"owp-thumbs-layout-horizontal","23":"owp-btn-normal","24":"owp-tabs-layout-section","25":"has-no-thumbnails"},"publishpress_future_action":{"enabled":false,"date":"2026-05-09 07:32:34","action":"change-status","newStatus":"draft","terms":[],"taxonomy":"product_cat","extraData":[]},"publishpress_future_workflow_manual_trigger":{"enabledWorkflows":[]},"_links":{"self":[{"href":"https:\/\/www.orto-bar.com\/en\/wp-json\/wp\/v2\/product\/50402","targetHints":{"allow":["GET"]}}],"collection":[{"href":"https:\/\/www.orto-bar.com\/en\/wp-json\/wp\/v2\/product"}],"about":[{"href":"https:\/\/www.orto-bar.com\/en\/wp-json\/wp\/v2\/types\/product"}],"author":[{"embeddable":true,"href":"https:\/\/www.orto-bar.com\/en\/wp-json\/wp\/v2\/users\/11"}],"version-history":[{"count":0,"href":"https:\/\/www.orto-bar.com\/en\/wp-json\/wp\/v2\/product\/50402\/revisions"}],"wp:featuredmedia":[{"embeddable":true,"href":"https:\/\/www.orto-bar.com\/en\/wp-json\/wp\/v2\/media\/50403"}],"wp:attachment":[{"href":"https:\/\/www.orto-bar.com\/en\/wp-json\/wp\/v2\/media?parent=50402"}],"wp:term":[{"taxonomy":"product_brand","embeddable":true,"href":"https:\/\/www.orto-bar.com\/en\/wp-json\/wp\/v2\/product_brand?post=50402"},{"taxonomy":"product_cat","embeddable":true,"href":"https:\/\/www.orto-bar.com\/en\/wp-json\/wp\/v2\/product_cat?post=50402"},{"taxonomy":"product_tag","embeddable":true,"href":"https:\/\/www.orto-bar.com\/en\/wp-json\/wp\/v2\/product_tag?post=50402"}],"curies":[{"name":"wp","href":"https:\/\/api.w.org\/{rel}","templated":true}]}}