{"id":50518,"date":"2023-10-30T11:28:19","date_gmt":"2023-10-30T10:28:19","guid":{"rendered":"https:\/\/www.orto-bar.com\/?post_type=product&#038;p=50518"},"modified":"2023-10-31T00:00:34","modified_gmt":"2023-10-30T23:00:34","slug":"samar","status":"publish","type":"product","link":"https:\/\/www.orto-bar.com\/en\/dogodki\/arhiv\/samar\/","title":{"rendered":"SAMAR"},"content":{"rendered":"<p>Grega Samar je avtor glasbe, pevec in kitarist skupine. Po letih ustvarjanja v njegovem glasbenem studiu je ustvaril za ve\u010d plo\u0161\u010d pesmi.<\/p>\n<p>Z \u017eeljo, da bi pesmi za\u017eivele tudi na glasbenih odrih, je ob sebi zbral dobre glasbenike, ki so hkrati tudi njegovi dobri prijatelji.<\/p>\n<p>S skupino so pesmi za\u017eivele na novo. Glasba je zelo raznolika in mo\u010dno kitarsko obarvana.<\/p>\n<p>&nbsp;<\/p>\n<p><strong>V Orto baru bodo premierno predstavili prvi videospot za pesem KAM GRE TA SVET.<\/strong><\/p>\n<p>&nbsp;<\/p>\n<p>Vabljeni na blues &amp; rock ve\u010der s skupino <strong>SAMAR<\/strong>.<\/p>\n<p>Se vidimo v <strong>\u010detrtek, 14. decembra ob 20h<\/strong>, v <strong>Orto baru<\/strong>.<\/p>\n<p>&nbsp;<\/p>\n<p>Z vami bodo:<\/p>\n<p>&nbsp;<\/p>\n<p><strong>Grega Samar<\/strong> &#8211; vokal in kitara<br \/>\n<strong>Matja\u017e Marin<\/strong> &#8211; kitara (Requiem, Sausages, River)<br \/>\n<strong>Matic Ajdi\u010d <\/strong>&#8211; bas kitara (C4, Sandiego, Billysi)<br \/>\n<strong>Janez Spruk<\/strong> &#8211; bobni (Kalaia, Billysi, Interferenzza)<\/p>","protected":false},"excerpt":{"rendered":"<p>Grega Samar je avtor glasbe, pevec in kitarist skupine. Po letih ustvarjanja v njegovem glasbenem studiu je ustvaril za ve\u010d plo\u0161\u010d pesmi. Z \u017eeljo, da bi pesmi za\u017eivele tudi na glasbenih odrih, je ob sebi zbral dobre glasbenike, ki so hkrati tudi njegovi dobri prijatelji. S skupino so pesmi za\u017eivele na novo. Glasba je zelo [&hellip;]<\/p>","protected":false},"author":11,"featured_media":50522,"template":"","meta":{"_seopress_robots_primary_cat":"none","_seopress_titles_title":"","_seopress_titles_desc":"","_seopress_robots_index":""},"product_brand":[],"product_cat":[230],"product_tag":[222],"class_list":{"0":"post-50518","1":"product","2":"type-product","3":"status-publish","4":"has-post-thumbnail","6":"product_cat-arhiv","7":"product_tag-predprodaja","9":"entry","10":"has-media","12":"first","13":"instock","14":"virtual","15":"taxable","16":"product-type-simple","17":"has-product-nav","18":"col","19":"span_1_of_4","20":"owp-content-center","21":"item-entry","22":"owp-thumbs-layout-horizontal","23":"owp-btn-normal","24":"owp-tabs-layout-section","25":"has-no-thumbnails"},"publishpress_future_action":{"enabled":false,"date":"2026-05-09 08:52:19","action":"change-status","newStatus":"draft","terms":[],"taxonomy":"product_cat","extraData":[]},"publishpress_future_workflow_manual_trigger":{"enabledWorkflows":[]},"_links":{"self":[{"href":"https:\/\/www.orto-bar.com\/en\/wp-json\/wp\/v2\/product\/50518","targetHints":{"allow":["GET"]}}],"collection":[{"href":"https:\/\/www.orto-bar.com\/en\/wp-json\/wp\/v2\/product"}],"about":[{"href":"https:\/\/www.orto-bar.com\/en\/wp-json\/wp\/v2\/types\/product"}],"author":[{"embeddable":true,"href":"https:\/\/www.orto-bar.com\/en\/wp-json\/wp\/v2\/users\/11"}],"version-history":[{"count":0,"href":"https:\/\/www.orto-bar.com\/en\/wp-json\/wp\/v2\/product\/50518\/revisions"}],"wp:featuredmedia":[{"embeddable":true,"href":"https:\/\/www.orto-bar.com\/en\/wp-json\/wp\/v2\/media\/50522"}],"wp:attachment":[{"href":"https:\/\/www.orto-bar.com\/en\/wp-json\/wp\/v2\/media?parent=50518"}],"wp:term":[{"taxonomy":"product_brand","embeddable":true,"href":"https:\/\/www.orto-bar.com\/en\/wp-json\/wp\/v2\/product_brand?post=50518"},{"taxonomy":"product_cat","embeddable":true,"href":"https:\/\/www.orto-bar.com\/en\/wp-json\/wp\/v2\/product_cat?post=50518"},{"taxonomy":"product_tag","embeddable":true,"href":"https:\/\/www.orto-bar.com\/en\/wp-json\/wp\/v2\/product_tag?post=50518"}],"curies":[{"name":"wp","href":"https:\/\/api.w.org\/{rel}","templated":true}]}}