{"id":51134,"date":"2023-11-02T18:13:25","date_gmt":"2023-11-02T17:13:25","guid":{"rendered":"https:\/\/www.orto-bar.com\/?post_type=product&#038;p=51134"},"modified":"2024-09-30T10:47:02","modified_gmt":"2024-09-30T08:47:02","slug":"knights-of-cydonia-muse-tribute-show","status":"publish","type":"product","link":"https:\/\/www.orto-bar.com\/en\/dogodki\/arhiv\/knights-of-cydonia-muse-tribute-show\/","title":{"rendered":"Knights of Cydonia-MUSE the tribute show"},"content":{"rendered":"<p>Knights of Cydonia-MUSE tribute show so prvi Muse tribute band, ki \u017ee od leta 2006 uporabljajo enake in\u0161trumente , postavitev in vizualije kot Muse. Odigrali vam bodo vse najve\u010dje hite skupine. <strong>Ljubitelji Muse tega koncerta ne smete zamuditi!<\/strong><\/p>\n<p>&nbsp;<\/p>\n<p>&nbsp;<\/p>\n<p><strong>Since 2006 the reference for Muse in Italy.<\/strong>\u00a0First band to make use of the same instruments used by the original line-up and to offer a realistic Muse-alike show, most of the time with visuals synchronized with the show, using video material from the various world tours to create the best experience possible today.<\/p>\n<p>The band offers\u00a0<strong>all the best hits of the British trio<\/strong>, from the beginning to the present day,\u00a0<strong>all strictly live<\/strong>\u00a0with an eye to the live versions where Muse are known to give their best.<\/p>\n<p>With\u00a0<strong>18 years of activity<\/strong>\u00a0and several hundreds of concerts KNIGHTS OF CYDONIA is the longest running tribute in Italy; an intense and adrenaline show to be seen.<\/p>\n<p>&nbsp;<\/p>\n<p>&nbsp;<\/p>\n<p><strong>Promo video: <\/strong><a href=\"https:\/\/youtu.be\/3vBm5YTS54g?si=URoxJrguv3mkpwFP\">https:\/\/youtu.be\/3vBm5YTS54g?si=URoxJrguv3mkpwFP<\/a><\/p>\n<p><strong>\u00a0<\/strong><\/p>\n<p>&nbsp;<\/p>\n<p><strong>Social and Website:<\/strong><\/p>\n<p>&nbsp;<\/p>\n<p>Facebook: <a href=\"https:\/\/www.facebook.com\/KOCtribute\/\">https:\/\/www.facebook.com\/KOCtribute\/<\/a><\/p>\n<p>Instagram: <a href=\"https:\/\/www.instagram.com\/themusetribute\/\">https:\/\/www.instagram.com\/themusetribute\/<\/a><\/p>\n<p>Youtube: <a href=\"https:\/\/www.youtube.com\/@musetribute\">https:\/\/www.youtube.com\/@musetribute<\/a><\/p>\n<p>Website: <a href=\"http:\/\/www.themusetribute.com\">http:\/\/www.themusetribute.com<\/a><\/p>","protected":false},"excerpt":{"rendered":"<p>Knights of Cydonia-MUSE tribute show so prvi Muse tribute band, ki \u017ee od leta 2006 uporabljajo enake in\u0161trumente , postavitev in vizualije kot Muse. Odigrali vam bodo vse najve\u010dje hite skupine. Ljubitelji Muse tega koncerta ne smete zamuditi! &nbsp; &nbsp; Since 2006 the reference for Muse in Italy.\u00a0First band to make use of the same [&hellip;]<\/p>","protected":false},"author":11,"featured_media":51136,"template":"","meta":{"_seopress_robots_primary_cat":"none","_seopress_titles_title":"","_seopress_titles_desc":"","_seopress_robots_index":""},"product_brand":[],"product_cat":[230],"product_tag":[222],"class_list":{"0":"post-51134","1":"product","2":"type-product","3":"status-publish","4":"has-post-thumbnail","6":"product_cat-arhiv","7":"product_tag-predprodaja","9":"entry","10":"has-media","12":"first","13":"instock","14":"virtual","15":"taxable","16":"product-type-simple","17":"has-product-nav","18":"col","19":"span_1_of_4","20":"owp-content-center","21":"item-entry","22":"owp-thumbs-layout-horizontal","23":"owp-btn-normal","24":"owp-tabs-layout-section"},"publishpress_future_action":{"enabled":false,"date":"2026-05-09 14:05:25","action":"change-status","newStatus":"draft","terms":[],"taxonomy":"product_cat","extraData":[]},"publishpress_future_workflow_manual_trigger":{"enabledWorkflows":[]},"_links":{"self":[{"href":"https:\/\/www.orto-bar.com\/en\/wp-json\/wp\/v2\/product\/51134","targetHints":{"allow":["GET"]}}],"collection":[{"href":"https:\/\/www.orto-bar.com\/en\/wp-json\/wp\/v2\/product"}],"about":[{"href":"https:\/\/www.orto-bar.com\/en\/wp-json\/wp\/v2\/types\/product"}],"author":[{"embeddable":true,"href":"https:\/\/www.orto-bar.com\/en\/wp-json\/wp\/v2\/users\/11"}],"version-history":[{"count":0,"href":"https:\/\/www.orto-bar.com\/en\/wp-json\/wp\/v2\/product\/51134\/revisions"}],"wp:featuredmedia":[{"embeddable":true,"href":"https:\/\/www.orto-bar.com\/en\/wp-json\/wp\/v2\/media\/51136"}],"wp:attachment":[{"href":"https:\/\/www.orto-bar.com\/en\/wp-json\/wp\/v2\/media?parent=51134"}],"wp:term":[{"taxonomy":"product_brand","embeddable":true,"href":"https:\/\/www.orto-bar.com\/en\/wp-json\/wp\/v2\/product_brand?post=51134"},{"taxonomy":"product_cat","embeddable":true,"href":"https:\/\/www.orto-bar.com\/en\/wp-json\/wp\/v2\/product_cat?post=51134"},{"taxonomy":"product_tag","embeddable":true,"href":"https:\/\/www.orto-bar.com\/en\/wp-json\/wp\/v2\/product_tag?post=51134"}],"curies":[{"name":"wp","href":"https:\/\/api.w.org\/{rel}","templated":true}]}}