{"id":51426,"date":"2023-11-06T17:44:47","date_gmt":"2023-11-06T16:44:47","guid":{"rendered":"https:\/\/www.orto-bar.com\/?post_type=product&#038;p=51426"},"modified":"2023-11-10T15:36:58","modified_gmt":"2023-11-10T14:36:58","slug":"uradni-siddharta-after-party","status":"publish","type":"product","link":"https:\/\/www.orto-bar.com\/en\/dogodki\/arhiv\/uradni-siddharta-after-party\/","title":{"rendered":"Uradni SIDDHARTA After Party !!"},"content":{"rendered":"<p><strong>Po koncertu SIDDHARTE v razprodani Areni Sto\u017eice, vabljeni na dru\u017eenje in nadaljevanje \u017eura v stilu koncerta naprej.DJ se \u017ee ogreva!! Tudi Siddharta bo v Ortu!<\/strong><\/p>\n<p><b>VSTOPNINA 10 \u20ac NA NA\u0160I BLAGAJNI NA DAN DOGODKA!<\/b><\/p>\n<p><strong>\u0160TEVILO OBISKOVALCEV JE OMEJENO, PRIPORO\u010cAMO PRAVO\u010cASEN PRIHOD!<\/strong><\/p>\n<p>&nbsp;<\/p>","protected":false},"excerpt":{"rendered":"<p>Po koncertu SIDDHARTE v razprodani Areni Sto\u017eice, vabljeni na dru\u017eenje in nadaljevanje \u017eura v stilu koncerta naprej.DJ se \u017ee ogreva!! Tudi Siddharta bo v Ortu! VSTOPNINA 10 \u20ac NA NA\u0160I BLAGAJNI NA DAN DOGODKA! \u0160TEVILO OBISKOVALCEV JE OMEJENO, PRIPORO\u010cAMO PRAVO\u010cASEN PRIHOD! &nbsp;<\/p>","protected":false},"author":11,"featured_media":51837,"template":"","meta":{"_seopress_robots_primary_cat":"none","_seopress_titles_title":"","_seopress_titles_desc":"","_seopress_robots_index":""},"product_brand":[],"product_cat":[230],"product_tag":[222],"class_list":{"0":"post-51426","1":"product","2":"type-product","3":"status-publish","4":"has-post-thumbnail","6":"product_cat-arhiv","7":"product_tag-predprodaja","9":"entry","10":"has-media","12":"first","13":"onbackorder","14":"virtual","15":"taxable","16":"product-type-simple","17":"has-product-nav","18":"col","19":"span_1_of_4","20":"owp-content-center","21":"item-entry","22":"owp-thumbs-layout-horizontal","23":"owp-btn-normal","24":"owp-tabs-layout-section","25":"has-no-thumbnails"},"publishpress_future_action":{"enabled":false,"date":"2026-05-09 06:22:09","action":"change-status","newStatus":"draft","terms":[],"taxonomy":"product_cat","extraData":[]},"publishpress_future_workflow_manual_trigger":{"enabledWorkflows":[]},"_links":{"self":[{"href":"https:\/\/www.orto-bar.com\/en\/wp-json\/wp\/v2\/product\/51426","targetHints":{"allow":["GET"]}}],"collection":[{"href":"https:\/\/www.orto-bar.com\/en\/wp-json\/wp\/v2\/product"}],"about":[{"href":"https:\/\/www.orto-bar.com\/en\/wp-json\/wp\/v2\/types\/product"}],"author":[{"embeddable":true,"href":"https:\/\/www.orto-bar.com\/en\/wp-json\/wp\/v2\/users\/11"}],"version-history":[{"count":0,"href":"https:\/\/www.orto-bar.com\/en\/wp-json\/wp\/v2\/product\/51426\/revisions"}],"wp:featuredmedia":[{"embeddable":true,"href":"https:\/\/www.orto-bar.com\/en\/wp-json\/wp\/v2\/media\/51837"}],"wp:attachment":[{"href":"https:\/\/www.orto-bar.com\/en\/wp-json\/wp\/v2\/media?parent=51426"}],"wp:term":[{"taxonomy":"product_brand","embeddable":true,"href":"https:\/\/www.orto-bar.com\/en\/wp-json\/wp\/v2\/product_brand?post=51426"},{"taxonomy":"product_cat","embeddable":true,"href":"https:\/\/www.orto-bar.com\/en\/wp-json\/wp\/v2\/product_cat?post=51426"},{"taxonomy":"product_tag","embeddable":true,"href":"https:\/\/www.orto-bar.com\/en\/wp-json\/wp\/v2\/product_tag?post=51426"}],"curies":[{"name":"wp","href":"https:\/\/api.w.org\/{rel}","templated":true}]}}