{"id":51505,"date":"2023-11-07T13:59:06","date_gmt":"2023-11-07T12:59:06","guid":{"rendered":"https:\/\/www.orto-bar.com\/?post_type=product&#038;p=51505"},"modified":"2023-12-08T18:33:39","modified_gmt":"2023-12-08T17:33:39","slug":"eurosmith-prvi-evropski-aerosmith-tribute-band","status":"publish","type":"product","link":"https:\/\/www.orto-bar.com\/en\/dogodki\/arhiv\/eurosmith-prvi-evropski-aerosmith-tribute-band\/","title":{"rendered":"Eurosmith-prvi evropski Aerosmith tribute band"},"content":{"rendered":"<p>&nbsp;<\/p>\n<p>Eurosmith je prvi evropski Aerosmith Tribute Band, ustanovljen leta 1997. Skupina, ki jo vodi ambiciozen in odlo\u010den duh, poustvarja zvok novih in starih himn skupine Aerosmith, s \u010dimer daje veselje \u0161tevilnim zagrizenim obo\u017eevalcem vrhunske kakovosti te ameri\u0161ke skupine.<\/p>\n<p>&nbsp;<\/p>\n<p>Eurosmith\u00a0 The First European Aerosmith Tribute Band Since 1997 (IT)<br \/>\nThe first European band who in 1997 had the idea to found a tribute to<br \/>\nthe greatest American Rock band ever Aerosmith. The band headed by an<br \/>\nambitious and determined spirit, recreates the sound of the new and<br \/>\nold Aerosmith anthems, giving life to a following of top quality<br \/>\ndie-hard Aerosmith fans.<\/p>\n<p><a href=\"http:\/\/www.eurosmith.net\">www.eurosmith.net<\/a><br \/>\n<a href=\"https:\/\/www.facebook.com\/Eurosmith.Aerosmith.Tribute.Band\">https:\/\/www.facebook.com\/Eurosmith.Aerosmith.Tribute.Band<\/a><br \/>\nYouTube Channel: <a href=\"https:\/\/www.youtube.com\/@eurosmithofficialeurosmith5891\">https:\/\/www.youtube.com\/@eurosmithofficialeurosmith5891<\/a><\/p>","protected":false},"excerpt":{"rendered":"<p>&nbsp; Eurosmith je prvi evropski Aerosmith Tribute Band, ustanovljen leta 1997. Skupina, ki jo vodi ambiciozen in odlo\u010den duh, poustvarja zvok novih in starih himn skupine Aerosmith, s \u010dimer daje veselje \u0161tevilnim zagrizenim obo\u017eevalcem vrhunske kakovosti te ameri\u0161ke skupine. &nbsp; Eurosmith\u00a0 The First European Aerosmith Tribute Band Since 1997 (IT) The first European band who [&hellip;]<\/p>","protected":false},"author":11,"featured_media":51508,"template":"","meta":{"_seopress_robots_primary_cat":"none","_seopress_titles_title":"","_seopress_titles_desc":"","_seopress_robots_index":""},"product_brand":[],"product_cat":[230],"product_tag":[222],"class_list":{"0":"post-51505","1":"product","2":"type-product","3":"status-publish","4":"has-post-thumbnail","6":"product_cat-arhiv","7":"product_tag-predprodaja","9":"entry","10":"has-media","12":"first","13":"instock","14":"virtual","15":"taxable","16":"product-type-simple","17":"has-product-nav","18":"col","19":"span_1_of_4","20":"owp-content-center","21":"item-entry","22":"owp-thumbs-layout-horizontal","23":"owp-btn-normal","24":"owp-tabs-layout-section","25":"has-no-thumbnails"},"publishpress_future_action":{"enabled":false,"date":"2026-05-09 09:00:41","action":"change-status","newStatus":"draft","terms":[],"taxonomy":"product_cat","extraData":[]},"publishpress_future_workflow_manual_trigger":{"enabledWorkflows":[]},"_links":{"self":[{"href":"https:\/\/www.orto-bar.com\/en\/wp-json\/wp\/v2\/product\/51505","targetHints":{"allow":["GET"]}}],"collection":[{"href":"https:\/\/www.orto-bar.com\/en\/wp-json\/wp\/v2\/product"}],"about":[{"href":"https:\/\/www.orto-bar.com\/en\/wp-json\/wp\/v2\/types\/product"}],"author":[{"embeddable":true,"href":"https:\/\/www.orto-bar.com\/en\/wp-json\/wp\/v2\/users\/11"}],"version-history":[{"count":0,"href":"https:\/\/www.orto-bar.com\/en\/wp-json\/wp\/v2\/product\/51505\/revisions"}],"wp:featuredmedia":[{"embeddable":true,"href":"https:\/\/www.orto-bar.com\/en\/wp-json\/wp\/v2\/media\/51508"}],"wp:attachment":[{"href":"https:\/\/www.orto-bar.com\/en\/wp-json\/wp\/v2\/media?parent=51505"}],"wp:term":[{"taxonomy":"product_brand","embeddable":true,"href":"https:\/\/www.orto-bar.com\/en\/wp-json\/wp\/v2\/product_brand?post=51505"},{"taxonomy":"product_cat","embeddable":true,"href":"https:\/\/www.orto-bar.com\/en\/wp-json\/wp\/v2\/product_cat?post=51505"},{"taxonomy":"product_tag","embeddable":true,"href":"https:\/\/www.orto-bar.com\/en\/wp-json\/wp\/v2\/product_tag?post=51505"}],"curies":[{"name":"wp","href":"https:\/\/api.w.org\/{rel}","templated":true}]}}